{"id":33244,"date":"2023-03-31T19:17:32","date_gmt":"2023-03-31T17:17:32","guid":{"rendered":"https:\/\/amy.com.pl\/?post_type=product&#038;p=33244"},"modified":"2023-08-26T14:53:21","modified_gmt":"2023-08-26T12:53:21","slug":"posciel-do-kosza-mojzesza-nature-cotton-by-amy","status":"publish","type":"product","link":"https:\/\/amy.com.pl\/zh-hans\/produkt\/posciel-do-kosza-mojzesza-nature-cotton-by-amy\/","title":{"rendered":"Po\u015bciel do kosza Moj\u017cesza Nature Cotton by Amy"},"content":{"rendered":"<h1>Po\u015bciel do kosza Moj\u017cesza Nature Cotton by Amy<\/h1>\n<p>Naturalna i delikatna po\u015bciel do kosza Moj\u017cesza z kolekcji Nature Cotton by Amy to gwarancja spokojnego i bezpiecznego snu Twojego Maluszka. Po\u015bciel zapewnia optymaln\u0105 temperatur\u0119 cia\u0142a o ka\u017cdej porze roku. Pi\u0119kne kolory ozdobi\u0105 pok\u00f3j ma\u0142ego marzyciela, kt\u00f3ry lubi \u201ebuja\u0107 w ob\u0142okach\u201d i wprowadz\u0105 go w bajkowy \u015bwiat. Produkt uszyli\u015bmy z najwy\u017csz\u0105 dok\u0142adno\u015bci\u0105 i dba\u0142o\u015bci\u0105 o ka\u017cdy detal.<\/p>\n<h2>Tkanina bawe\u0142niana<\/h2>\n<p>Wybrali\u015bmy najwy\u017cszej jako\u015bci bawe\u0142n\u0119, kt\u00f3ra:<\/p>\n<ul>\n<li>\u00a0jest niezwykle mi\u0119kka i delikatna<\/li>\n<li>cudowanie otula podczas snu<\/li>\n<li>jest bezpieczna dla wra\u017cliwej sk\u00f3ry Maluszka<\/li>\n<li>jest bardzo wytrzyma\u0142a, w rezultacie wielokrotnie prana nie zmienia koloru i kszta\u0142tu<\/li>\n<\/ul>\n<h2><strong>Wype\u0142nienie BabySoft<\/strong><\/h2>\n<p>Wype\u0142nienie\u00a0 to antyalergiczny poliester BabySoft, czyli gwarancja odpowiedniej grubo\u015bci i mi\u0119kko\u015bci,\u00a0 w rezultacie daj\u0105ca pewno\u015b\u0107, \u017ce dziecko nie zmarznie i si\u0119 nie przegrzeje. Odpowiednio dobrali\u015bmy struktur\u0119 w\u0142\u00f3kien, poniewa\u017c jest ona idealna dla wra\u017cliwej sk\u00f3ry Maluszka.<\/p>\n<p>Kupuj\u0105c ten komplet otrzymasz w zestawie: poszewki z wype\u0142nieniami 75\u00d775, 35x40cm,os\u0142on\u0119 brzeg\u00f3w kosza, baldachim, materacyk. Poszewki wykonano z najwy\u017cszej jako\u015bci tkanin 100% bawe\u0142nianych. Wype\u0142nienie to 100% antyalergiczny poliester BabySoft\u00ae.Baldachim wykonano z bawe\u0142ny 100%<\/p>\n","protected":false},"excerpt":{"rendered":"<p>Naturalna i delikatna po\u015bciel do kosza Moj\u017cesza z kolekcji Nature Cotton by Amy to gwarancja spokojnego i bezpiecznego snu Twojego Maluszka. Po\u015bciel zapewnia optymaln\u0105 temperatur\u0119 cia\u0142a o ka\u017cdej porze roku. Pi\u0119kne kolory ozdobi\u0105 pok\u00f3j ma\u0142ego marzyciela, kt\u00f3ry lubi \u201ebuja\u0107 w ob\u0142okach\u201d i wprowadz\u0105 go w bajkowy \u015bwiat. Produkt uszyli\u015bmy z najwy\u017csz\u0105 dok\u0142adno\u015bci\u0105 i dba\u0142o\u015bci\u0105 o ka\u017cdy detal.<\/p>\n","protected":false},"featured_media":33341,"template":"","meta":{"_kad_post_transparent":"default","_kad_post_title":"","_kad_post_layout":"default","_kad_post_sidebar_id":"","_kad_post_content_style":"default","_kad_post_vertical_padding":"default","_kad_post_feature":"","_kad_post_feature_position":"","_kad_post_header":false,"_kad_post_footer":false,"_links_to":"","_links_to_target":""},"product_cat":[261,296],"product_tag":[],"yoast_head":"<!-- This site is optimized with the Yoast SEO Premium plugin v20.7 (Yoast SEO v20.7) - https:\/\/yoast.com\/wordpress\/plugins\/seo\/ -->\n<title>Po\u015bciel do kosza Moj\u017cesza Nature Cotton by Amy<\/title>\n<meta name=\"description\" content=\"Naturalna i delikatna po\u015bciel do kosza Moj\u017cesza z kolekcji Nature Cotton by Amy to gwarancja spokojnego i bezpiecznego snu Twojego Maluszka.\" \/>\n<meta name=\"robots\" content=\"index, follow, max-snippet:-1, max-image-preview:large, max-video-preview:-1\" \/>\n<link rel=\"canonical\" href=\"https:\/\/amy.com.pl\/produkt\/posciel-do-kosza-mojzesza-nature-cotton-by-amy\/\" \/>\n<meta property=\"og:locale\" content=\"zh_CN\" \/>\n<meta property=\"og:type\" content=\"article\" \/>\n<meta property=\"og:title\" content=\"Po\u015bciel do kosza Moj\u017cesza Nature Cotton by Amy\" \/>\n<meta property=\"og:description\" content=\"Naturalna i delikatna po\u015bciel do kosza Moj\u017cesza z kolekcji Nature Cotton by Amy to gwarancja spokojnego i bezpiecznego snu Twojego Maluszka.\" \/>\n<meta property=\"og:url\" content=\"https:\/\/amy.com.pl\/produkt\/posciel-do-kosza-mojzesza-nature-cotton-by-amy\/\" \/>\n<meta property=\"og:site_name\" content=\"AMY\" \/>\n<meta property=\"article:publisher\" content=\"https:\/\/www.facebook.com\/poscielAMY\" \/>\n<meta property=\"article:modified_time\" content=\"2023-08-26T12:53:21+00:00\" \/>\n<meta property=\"og:image\" content=\"https:\/\/amy.com.pl\/wp-content\/uploads\/2023\/03\/AMY_kosz_sissi_nat_mk_TRADYCJA_D61_alt4.jpg\" \/>\n\t<meta property=\"og:image:width\" content=\"1500\" \/>\n\t<meta property=\"og:image:height\" content=\"2094\" \/>\n\t<meta property=\"og:image:type\" content=\"image\/jpeg\" \/>\n<meta name=\"twitter:card\" content=\"summary_large_image\" \/>\n<script type=\"application\/ld+json\" class=\"yoast-schema-graph\">{\"@context\":\"https:\/\/schema.org\",\"@graph\":[{\"@type\":\"WebPage\",\"@id\":\"https:\/\/amy.com.pl\/produkt\/posciel-do-kosza-mojzesza-nature-cotton-by-amy\/\",\"url\":\"https:\/\/amy.com.pl\/produkt\/posciel-do-kosza-mojzesza-nature-cotton-by-amy\/\",\"name\":\"Po\u015bciel do kosza Moj\u017cesza Nature Cotton by Amy\",\"isPartOf\":{\"@id\":\"https:\/\/amy.com.pl\/en\/#website\"},\"datePublished\":\"2023-03-31T17:17:32+00:00\",\"dateModified\":\"2023-08-26T12:53:21+00:00\",\"description\":\"Naturalna i delikatna po\u015bciel do kosza Moj\u017cesza z kolekcji Nature Cotton by Amy to gwarancja spokojnego i bezpiecznego snu Twojego Maluszka.\",\"breadcrumb\":{\"@id\":\"https:\/\/amy.com.pl\/produkt\/posciel-do-kosza-mojzesza-nature-cotton-by-amy\/#breadcrumb\"},\"inLanguage\":\"zh-CN\",\"potentialAction\":[{\"@type\":\"ReadAction\",\"target\":[\"https:\/\/amy.com.pl\/produkt\/posciel-do-kosza-mojzesza-nature-cotton-by-amy\/\"]}]},{\"@type\":\"BreadcrumbList\",\"@id\":\"https:\/\/amy.com.pl\/produkt\/posciel-do-kosza-mojzesza-nature-cotton-by-amy\/#breadcrumb\",\"itemListElement\":[{\"@type\":\"ListItem\",\"position\":1,\"name\":\"Strona g\u0142\u00f3wna\",\"item\":\"https:\/\/amy.com.pl\/zh-hans\/\"},{\"@type\":\"ListItem\",\"position\":2,\"name\":\"\u4ea7\u54c1\",\"item\":\"https:\/\/amy.com.pl\/zh-hans\/shop-zh\/\"},{\"@type\":\"ListItem\",\"position\":3,\"name\":\"Po\u015bciel do kosza Moj\u017cesza Nature Cotton by Amy\"}]},{\"@type\":\"WebSite\",\"@id\":\"https:\/\/amy.com.pl\/en\/#website\",\"url\":\"https:\/\/amy.com.pl\/en\/\",\"name\":\"AMY\",\"description\":\"\u6211\u5011\u7528\u611b\u64c1\u62b1\",\"publisher\":{\"@id\":\"https:\/\/amy.com.pl\/en\/#organization\"},\"potentialAction\":[{\"@type\":\"SearchAction\",\"target\":{\"@type\":\"EntryPoint\",\"urlTemplate\":\"https:\/\/amy.com.pl\/en\/?s={search_term_string}\"},\"query-input\":\"required name=search_term_string\"}],\"inLanguage\":\"zh-CN\"},{\"@type\":\"Organization\",\"@id\":\"https:\/\/amy.com.pl\/en\/#organization\",\"name\":\"Amy Sp. z o.o. Sp.K.\",\"url\":\"https:\/\/amy.com.pl\/en\/\",\"logo\":{\"@type\":\"ImageObject\",\"inLanguage\":\"zh-CN\",\"@id\":\"https:\/\/amy.com.pl\/en\/#\/schema\/logo\/image\/\",\"url\":\"https:\/\/amy.com.pl\/wp-content\/uploads\/2021\/09\/amy_logo.webp\",\"contentUrl\":\"https:\/\/amy.com.pl\/wp-content\/uploads\/2021\/09\/amy_logo.webp\",\"width\":130,\"height\":56,\"caption\":\"Amy Sp. z o.o. Sp.K.\"},\"image\":{\"@id\":\"https:\/\/amy.com.pl\/en\/#\/schema\/logo\/image\/\"},\"sameAs\":[\"https:\/\/www.facebook.com\/poscielAMY\",\"https:\/\/www.instagram.com\/amy_baby_bedding\/\",\"https:\/\/pl.pinterest.com\/poscielAMY\/\",\"https:\/\/www.youtube.com\/channel\/UC66RGd_7QHa8wV3rbkpjqrQ\"]}]}<\/script>\n<meta property=\"og:availability\" content=\"instock\" \/>\n<meta property=\"product:availability\" content=\"instock\" \/>\n<meta property=\"product:condition\" content=\"new\" \/>\n<!-- \/ Yoast SEO Premium plugin. -->","yoast_head_json":{"title":"Po\u015bciel do kosza Moj\u017cesza Nature Cotton by Amy","description":"Naturalna i delikatna po\u015bciel do kosza Moj\u017cesza z kolekcji Nature Cotton by Amy to gwarancja spokojnego i bezpiecznego snu Twojego Maluszka.","robots":{"index":"index","follow":"follow","max-snippet":"max-snippet:-1","max-image-preview":"max-image-preview:large","max-video-preview":"max-video-preview:-1"},"canonical":"https:\/\/amy.com.pl\/produkt\/posciel-do-kosza-mojzesza-nature-cotton-by-amy\/","og_locale":"zh_CN","og_type":"article","og_title":"Po\u015bciel do kosza Moj\u017cesza Nature Cotton by Amy","og_description":"Naturalna i delikatna po\u015bciel do kosza Moj\u017cesza z kolekcji Nature Cotton by Amy to gwarancja spokojnego i bezpiecznego snu Twojego Maluszka.","og_url":"https:\/\/amy.com.pl\/produkt\/posciel-do-kosza-mojzesza-nature-cotton-by-amy\/","og_site_name":"AMY","article_publisher":"https:\/\/www.facebook.com\/poscielAMY","article_modified_time":"2023-08-26T12:53:21+00:00","og_image":[{"width":1500,"height":2094,"url":"https:\/\/amy.com.pl\/wp-content\/uploads\/2023\/03\/AMY_kosz_sissi_nat_mk_TRADYCJA_D61_alt4.jpg","type":"image\/jpeg"}],"twitter_card":"summary_large_image","schema":{"@context":"https:\/\/schema.org","@graph":[{"@type":"WebPage","@id":"https:\/\/amy.com.pl\/produkt\/posciel-do-kosza-mojzesza-nature-cotton-by-amy\/","url":"https:\/\/amy.com.pl\/produkt\/posciel-do-kosza-mojzesza-nature-cotton-by-amy\/","name":"Po\u015bciel do kosza Moj\u017cesza Nature Cotton by Amy","isPartOf":{"@id":"https:\/\/amy.com.pl\/en\/#website"},"datePublished":"2023-03-31T17:17:32+00:00","dateModified":"2023-08-26T12:53:21+00:00","description":"Naturalna i delikatna po\u015bciel do kosza Moj\u017cesza z kolekcji Nature Cotton by Amy to gwarancja spokojnego i bezpiecznego snu Twojego Maluszka.","breadcrumb":{"@id":"https:\/\/amy.com.pl\/produkt\/posciel-do-kosza-mojzesza-nature-cotton-by-amy\/#breadcrumb"},"inLanguage":"zh-CN","potentialAction":[{"@type":"ReadAction","target":["https:\/\/amy.com.pl\/produkt\/posciel-do-kosza-mojzesza-nature-cotton-by-amy\/"]}]},{"@type":"BreadcrumbList","@id":"https:\/\/amy.com.pl\/produkt\/posciel-do-kosza-mojzesza-nature-cotton-by-amy\/#breadcrumb","itemListElement":[{"@type":"ListItem","position":1,"name":"Strona g\u0142\u00f3wna","item":"https:\/\/amy.com.pl\/zh-hans\/"},{"@type":"ListItem","position":2,"name":"\u4ea7\u54c1","item":"https:\/\/amy.com.pl\/zh-hans\/shop-zh\/"},{"@type":"ListItem","position":3,"name":"Po\u015bciel do kosza Moj\u017cesza Nature Cotton by Amy"}]},{"@type":"WebSite","@id":"https:\/\/amy.com.pl\/en\/#website","url":"https:\/\/amy.com.pl\/en\/","name":"AMY","description":"\u6211\u5011\u7528\u611b\u64c1\u62b1","publisher":{"@id":"https:\/\/amy.com.pl\/en\/#organization"},"potentialAction":[{"@type":"SearchAction","target":{"@type":"EntryPoint","urlTemplate":"https:\/\/amy.com.pl\/en\/?s={search_term_string}"},"query-input":"required name=search_term_string"}],"inLanguage":"zh-CN"},{"@type":"Organization","@id":"https:\/\/amy.com.pl\/en\/#organization","name":"Amy Sp. z o.o. Sp.K.","url":"https:\/\/amy.com.pl\/en\/","logo":{"@type":"ImageObject","inLanguage":"zh-CN","@id":"https:\/\/amy.com.pl\/en\/#\/schema\/logo\/image\/","url":"https:\/\/amy.com.pl\/wp-content\/uploads\/2021\/09\/amy_logo.webp","contentUrl":"https:\/\/amy.com.pl\/wp-content\/uploads\/2021\/09\/amy_logo.webp","width":130,"height":56,"caption":"Amy Sp. z o.o. Sp.K."},"image":{"@id":"https:\/\/amy.com.pl\/en\/#\/schema\/logo\/image\/"},"sameAs":["https:\/\/www.facebook.com\/poscielAMY","https:\/\/www.instagram.com\/amy_baby_bedding\/","https:\/\/pl.pinterest.com\/poscielAMY\/","https:\/\/www.youtube.com\/channel\/UC66RGd_7QHa8wV3rbkpjqrQ"]}]},"og_availability":"instock","product_availability":"instock","product_condition":"new"},"_links":{"self":[{"href":"https:\/\/amy.com.pl\/zh-hans\/wp-json\/wp\/v2\/product\/33244"}],"collection":[{"href":"https:\/\/amy.com.pl\/zh-hans\/wp-json\/wp\/v2\/product"}],"about":[{"href":"https:\/\/amy.com.pl\/zh-hans\/wp-json\/wp\/v2\/types\/product"}],"wp:featuredmedia":[{"embeddable":true,"href":"https:\/\/amy.com.pl\/zh-hans\/wp-json\/wp\/v2\/media\/33341"}],"wp:attachment":[{"href":"https:\/\/amy.com.pl\/zh-hans\/wp-json\/wp\/v2\/media?parent=33244"}],"wp:term":[{"taxonomy":"product_cat","embeddable":true,"href":"https:\/\/amy.com.pl\/zh-hans\/wp-json\/wp\/v2\/product_cat?post=33244"},{"taxonomy":"product_tag","embeddable":true,"href":"https:\/\/amy.com.pl\/zh-hans\/wp-json\/wp\/v2\/product_tag?post=33244"}],"curies":[{"name":"wp","href":"https:\/\/api.w.org\/{rel}","templated":true}]}}