{"id":32861,"date":"2023-03-22T17:15:19","date_gmt":"2023-03-22T16:15:19","guid":{"rendered":"https:\/\/amy.com.pl\/?post_type=product&#038;p=32861"},"modified":"2023-08-26T15:02:41","modified_gmt":"2023-08-26T13:02:41","slug":"ochraniacz-na-szczebelki-satyna-welwet","status":"publish","type":"product","link":"https:\/\/amy.com.pl\/zh-hans\/produkt\/ochraniacz-na-szczebelki-satyna-welwet\/","title":{"rendered":"Ochraniacz na szczebelki Satyna &#8211; Welwet"},"content":{"rendered":"<h1>Ochraniacz na szczebelki Satyna &#8211; Welwet<\/h1>\n<p><strong>Ochraniacz na szczebelki Satyna &#8211; Welwet<\/strong> uszyli\u015bmy z najwy\u017csz\u0105 staranno\u015bci\u0105, zwracaj\u0105c uwag\u0119 na detale, dlatego jest tak pi\u0119kny i funkcjonalny, a w zestawie z po\u015bciel\u0105 do \u0142\u00f3\u017ceczka tworzy duet idealny. Podczas snu Twoje Male\u0144stwo odpoczywa, regeneruje si\u0119 i rozwija. Zdrowy i komfortowy sen to podstawa radosnych dni. Dzi\u0119ki ochraniaczowi Tw\u00f3j Maluszek b\u0119dzie bezpieczny, nie urazi si\u0119 o szczebelki, wstanie wyspany i zadowolony.<\/p>\n<p>Wybrali\u015bmy najlepszej jako\u015bci tkaniny, dlatego produkt jest niezwykle mi\u0119kki i delikatny. Ochraniacz towarzyszy Twojemu Maluszkowi od pierwszych dni \u017cycia. Wiemy, \u017ce najbezpieczniej czu\u0142 si\u0119 w brzuszku Mamy, dlatego nasze produkty tworzymy w taki spos\u00f3b, \u017ceby ich mi\u0119kko\u015b\u0107 i delikatno\u015b\u0107 przypomina\u0142y mu o tym, co najlepsze.<\/p>\n<h2><strong>Satyna bawe\u0142niana<\/strong><\/h2>\n<p>Wybrali\u015bmy najwy\u017cszej jako\u015bci satyn\u0119 bawe\u0142nian\u0105, kt\u00f3ra ma wa\u017cne w\u0142a\u015bciwo\u015bci:<\/p>\n<ul>\n<li>jest oddychaj\u0105ca i przepuszcza wilgo\u0107<\/li>\n<li>pozwala zachowa\u0107 komfort podczas snu<\/li>\n<li>jest naturalna, mi\u0119kka i hipoalergiczna<\/li>\n<li>jest \u0142atwiejsza do prania i piel\u0119gnacji ni\u017c inne tkaniny<\/li>\n<li>chroni przed gor\u0105cem latem i zimnem zim\u0105<\/li>\n<\/ul>\n<h2><strong>Tkanina welwet<\/strong><\/h2>\n<p>Tkanina welwet jest wyj\u0105tkowa poniewa\u017c:<\/p>\n<ul>\n<li>jest mi\u0119kka i ma luksusowy wygl\u0105d<\/li>\n<li>jest mocna i odporna na zu\u017cycie,<\/li>\n<li>jest nie\u0142atwa do wyblakni\u0119cia i<\/li>\n<li>ma wyj\u0105tkow\u0105 elastyczno\u015b\u0107<\/li>\n<\/ul>\n<h2><strong>Wype\u0142nienie BabySoft<\/strong><\/h2>\n<p><strong>Ochraniacz na szczebelki Satyna &#8211; Welwet\u00a0<\/strong> wype\u0142niony jest ocieplin\u0105 silikonow\u0105 BabySoft, kt\u00f3ra jest gwarancj\u0105 odpowiedniej grubo\u015bci i mi\u0119kko\u015bci. Odpowiednio dobrana struktura w\u0142\u00f3kien sprawia, \u017ce jest idealna dla wra\u017cliwej sk\u00f3ry Maluszka.<\/p>\n<p>Produkt sprawdzi si\u0119 jako wyj\u0105tkowy prezent dla wyj\u0105tkowego Maluszka.<\/p>\n","protected":false},"excerpt":{"rendered":"<p><strong>Ochraniacz na szczebelki Satyna &#8211; Welwet<\/strong> sprawdzi si\u0119 jako wyj\u0105tkowy prezent dla wyj\u0105tkowego Maluszka. Kupuj\u0105c ten produkt otrzymasz 2-stronny ochraniacz o wymiarach 180x35cm.<\/p>\n","protected":false},"featured_media":32858,"template":"","meta":{"_kad_post_transparent":"default","_kad_post_title":"","_kad_post_layout":"default","_kad_post_sidebar_id":"","_kad_post_content_style":"default","_kad_post_vertical_padding":"default","_kad_post_feature":"","_kad_post_feature_position":"","_kad_post_header":false,"_kad_post_footer":false,"_links_to":"","_links_to_target":""},"product_cat":[261,1007,1039],"product_tag":[],"yoast_head":"<!-- This site is optimized with the Yoast SEO Premium plugin v20.7 (Yoast SEO v20.7) - https:\/\/yoast.com\/wordpress\/plugins\/seo\/ -->\n<title>Ochraniacz na szczebelki Satyna - Welwet - AMY<\/title>\n<meta name=\"description\" content=\"Ochraniacz na szczebelki Satyna - Welwet uszyli\u015bmy z najwy\u017csz\u0105 staranno\u015bci\u0105, zwracaj\u0105c uwag\u0119 na detale, dlatego jest tak pi\u0119kny i funkcjonalny\" \/>\n<meta name=\"robots\" content=\"index, follow, max-snippet:-1, max-image-preview:large, max-video-preview:-1\" \/>\n<link rel=\"canonical\" href=\"https:\/\/amy.com.pl\/produkt\/ochraniacz-na-szczebelki-satyna-welwet\/\" \/>\n<meta property=\"og:locale\" content=\"zh_CN\" \/>\n<meta property=\"og:type\" content=\"article\" \/>\n<meta property=\"og:title\" content=\"Ochraniacz na szczebelki Satyna - Welwet\" \/>\n<meta property=\"og:description\" content=\"Ochraniacz na szczebelki Satyna - Welwet uszyli\u015bmy z najwy\u017csz\u0105 staranno\u015bci\u0105, zwracaj\u0105c uwag\u0119 na detale, dlatego jest tak pi\u0119kny i funkcjonalny\" \/>\n<meta property=\"og:url\" content=\"https:\/\/amy.com.pl\/produkt\/ochraniacz-na-szczebelki-satyna-welwet\/\" \/>\n<meta property=\"og:site_name\" content=\"AMY\" \/>\n<meta property=\"article:publisher\" content=\"https:\/\/www.facebook.com\/poscielAMY\" \/>\n<meta property=\"article:modified_time\" content=\"2023-08-26T13:02:41+00:00\" \/>\n<meta property=\"og:image\" content=\"https:\/\/amy.com.pl\/wp-content\/uploads\/2023\/03\/AMY_ochr_180_SATYNA_WELWET_Lisek-i-Sowa_V3_alt4.jpg\" \/>\n\t<meta property=\"og:image:width\" content=\"1500\" \/>\n\t<meta property=\"og:image:height\" content=\"822\" \/>\n\t<meta property=\"og:image:type\" content=\"image\/jpeg\" \/>\n<meta name=\"twitter:card\" content=\"summary_large_image\" \/>\n<script type=\"application\/ld+json\" class=\"yoast-schema-graph\">{\"@context\":\"https:\/\/schema.org\",\"@graph\":[{\"@type\":\"WebPage\",\"@id\":\"https:\/\/amy.com.pl\/produkt\/ochraniacz-na-szczebelki-satyna-welwet\/\",\"url\":\"https:\/\/amy.com.pl\/produkt\/ochraniacz-na-szczebelki-satyna-welwet\/\",\"name\":\"Ochraniacz na szczebelki Satyna - Welwet - AMY\",\"isPartOf\":{\"@id\":\"https:\/\/amy.com.pl\/en\/#website\"},\"datePublished\":\"2023-03-22T16:15:19+00:00\",\"dateModified\":\"2023-08-26T13:02:41+00:00\",\"description\":\"Ochraniacz na szczebelki Satyna - Welwet uszyli\u015bmy z najwy\u017csz\u0105 staranno\u015bci\u0105, zwracaj\u0105c uwag\u0119 na detale, dlatego jest tak pi\u0119kny i funkcjonalny\",\"breadcrumb\":{\"@id\":\"https:\/\/amy.com.pl\/produkt\/ochraniacz-na-szczebelki-satyna-welwet\/#breadcrumb\"},\"inLanguage\":\"zh-CN\",\"potentialAction\":[{\"@type\":\"ReadAction\",\"target\":[\"https:\/\/amy.com.pl\/produkt\/ochraniacz-na-szczebelki-satyna-welwet\/\"]}]},{\"@type\":\"BreadcrumbList\",\"@id\":\"https:\/\/amy.com.pl\/produkt\/ochraniacz-na-szczebelki-satyna-welwet\/#breadcrumb\",\"itemListElement\":[{\"@type\":\"ListItem\",\"position\":1,\"name\":\"Strona g\u0142\u00f3wna\",\"item\":\"https:\/\/amy.com.pl\/zh-hans\/\"},{\"@type\":\"ListItem\",\"position\":2,\"name\":\"\u4ea7\u54c1\",\"item\":\"https:\/\/amy.com.pl\/zh-hans\/shop-zh\/\"},{\"@type\":\"ListItem\",\"position\":3,\"name\":\"Ochraniacz na szczebelki Satyna &#8211; Welwet\"}]},{\"@type\":\"WebSite\",\"@id\":\"https:\/\/amy.com.pl\/en\/#website\",\"url\":\"https:\/\/amy.com.pl\/en\/\",\"name\":\"AMY\",\"description\":\"\u6211\u5011\u7528\u611b\u64c1\u62b1\",\"publisher\":{\"@id\":\"https:\/\/amy.com.pl\/en\/#organization\"},\"potentialAction\":[{\"@type\":\"SearchAction\",\"target\":{\"@type\":\"EntryPoint\",\"urlTemplate\":\"https:\/\/amy.com.pl\/en\/?s={search_term_string}\"},\"query-input\":\"required name=search_term_string\"}],\"inLanguage\":\"zh-CN\"},{\"@type\":\"Organization\",\"@id\":\"https:\/\/amy.com.pl\/en\/#organization\",\"name\":\"Amy Sp. z o.o. Sp.K.\",\"url\":\"https:\/\/amy.com.pl\/en\/\",\"logo\":{\"@type\":\"ImageObject\",\"inLanguage\":\"zh-CN\",\"@id\":\"https:\/\/amy.com.pl\/en\/#\/schema\/logo\/image\/\",\"url\":\"https:\/\/amy.com.pl\/wp-content\/uploads\/2021\/09\/amy_logo.webp\",\"contentUrl\":\"https:\/\/amy.com.pl\/wp-content\/uploads\/2021\/09\/amy_logo.webp\",\"width\":130,\"height\":56,\"caption\":\"Amy Sp. z o.o. Sp.K.\"},\"image\":{\"@id\":\"https:\/\/amy.com.pl\/en\/#\/schema\/logo\/image\/\"},\"sameAs\":[\"https:\/\/www.facebook.com\/poscielAMY\",\"https:\/\/www.instagram.com\/amy_baby_bedding\/\",\"https:\/\/pl.pinterest.com\/poscielAMY\/\",\"https:\/\/www.youtube.com\/channel\/UC66RGd_7QHa8wV3rbkpjqrQ\"]}]}<\/script>\n<meta property=\"og:availability\" content=\"instock\" \/>\n<meta property=\"product:availability\" content=\"instock\" \/>\n<meta property=\"product:condition\" content=\"new\" \/>\n<!-- \/ Yoast SEO Premium plugin. -->","yoast_head_json":{"title":"Ochraniacz na szczebelki Satyna - Welwet - AMY","description":"Ochraniacz na szczebelki Satyna - Welwet uszyli\u015bmy z najwy\u017csz\u0105 staranno\u015bci\u0105, zwracaj\u0105c uwag\u0119 na detale, dlatego jest tak pi\u0119kny i funkcjonalny","robots":{"index":"index","follow":"follow","max-snippet":"max-snippet:-1","max-image-preview":"max-image-preview:large","max-video-preview":"max-video-preview:-1"},"canonical":"https:\/\/amy.com.pl\/produkt\/ochraniacz-na-szczebelki-satyna-welwet\/","og_locale":"zh_CN","og_type":"article","og_title":"Ochraniacz na szczebelki Satyna - Welwet","og_description":"Ochraniacz na szczebelki Satyna - Welwet uszyli\u015bmy z najwy\u017csz\u0105 staranno\u015bci\u0105, zwracaj\u0105c uwag\u0119 na detale, dlatego jest tak pi\u0119kny i funkcjonalny","og_url":"https:\/\/amy.com.pl\/produkt\/ochraniacz-na-szczebelki-satyna-welwet\/","og_site_name":"AMY","article_publisher":"https:\/\/www.facebook.com\/poscielAMY","article_modified_time":"2023-08-26T13:02:41+00:00","og_image":[{"width":1500,"height":822,"url":"https:\/\/amy.com.pl\/wp-content\/uploads\/2023\/03\/AMY_ochr_180_SATYNA_WELWET_Lisek-i-Sowa_V3_alt4.jpg","type":"image\/jpeg"}],"twitter_card":"summary_large_image","schema":{"@context":"https:\/\/schema.org","@graph":[{"@type":"WebPage","@id":"https:\/\/amy.com.pl\/produkt\/ochraniacz-na-szczebelki-satyna-welwet\/","url":"https:\/\/amy.com.pl\/produkt\/ochraniacz-na-szczebelki-satyna-welwet\/","name":"Ochraniacz na szczebelki Satyna - Welwet - AMY","isPartOf":{"@id":"https:\/\/amy.com.pl\/en\/#website"},"datePublished":"2023-03-22T16:15:19+00:00","dateModified":"2023-08-26T13:02:41+00:00","description":"Ochraniacz na szczebelki Satyna - Welwet uszyli\u015bmy z najwy\u017csz\u0105 staranno\u015bci\u0105, zwracaj\u0105c uwag\u0119 na detale, dlatego jest tak pi\u0119kny i funkcjonalny","breadcrumb":{"@id":"https:\/\/amy.com.pl\/produkt\/ochraniacz-na-szczebelki-satyna-welwet\/#breadcrumb"},"inLanguage":"zh-CN","potentialAction":[{"@type":"ReadAction","target":["https:\/\/amy.com.pl\/produkt\/ochraniacz-na-szczebelki-satyna-welwet\/"]}]},{"@type":"BreadcrumbList","@id":"https:\/\/amy.com.pl\/produkt\/ochraniacz-na-szczebelki-satyna-welwet\/#breadcrumb","itemListElement":[{"@type":"ListItem","position":1,"name":"Strona g\u0142\u00f3wna","item":"https:\/\/amy.com.pl\/zh-hans\/"},{"@type":"ListItem","position":2,"name":"\u4ea7\u54c1","item":"https:\/\/amy.com.pl\/zh-hans\/shop-zh\/"},{"@type":"ListItem","position":3,"name":"Ochraniacz na szczebelki Satyna &#8211; Welwet"}]},{"@type":"WebSite","@id":"https:\/\/amy.com.pl\/en\/#website","url":"https:\/\/amy.com.pl\/en\/","name":"AMY","description":"\u6211\u5011\u7528\u611b\u64c1\u62b1","publisher":{"@id":"https:\/\/amy.com.pl\/en\/#organization"},"potentialAction":[{"@type":"SearchAction","target":{"@type":"EntryPoint","urlTemplate":"https:\/\/amy.com.pl\/en\/?s={search_term_string}"},"query-input":"required name=search_term_string"}],"inLanguage":"zh-CN"},{"@type":"Organization","@id":"https:\/\/amy.com.pl\/en\/#organization","name":"Amy Sp. z o.o. Sp.K.","url":"https:\/\/amy.com.pl\/en\/","logo":{"@type":"ImageObject","inLanguage":"zh-CN","@id":"https:\/\/amy.com.pl\/en\/#\/schema\/logo\/image\/","url":"https:\/\/amy.com.pl\/wp-content\/uploads\/2021\/09\/amy_logo.webp","contentUrl":"https:\/\/amy.com.pl\/wp-content\/uploads\/2021\/09\/amy_logo.webp","width":130,"height":56,"caption":"Amy Sp. z o.o. Sp.K."},"image":{"@id":"https:\/\/amy.com.pl\/en\/#\/schema\/logo\/image\/"},"sameAs":["https:\/\/www.facebook.com\/poscielAMY","https:\/\/www.instagram.com\/amy_baby_bedding\/","https:\/\/pl.pinterest.com\/poscielAMY\/","https:\/\/www.youtube.com\/channel\/UC66RGd_7QHa8wV3rbkpjqrQ"]}]},"og_availability":"instock","product_availability":"instock","product_condition":"new"},"_links":{"self":[{"href":"https:\/\/amy.com.pl\/zh-hans\/wp-json\/wp\/v2\/product\/32861"}],"collection":[{"href":"https:\/\/amy.com.pl\/zh-hans\/wp-json\/wp\/v2\/product"}],"about":[{"href":"https:\/\/amy.com.pl\/zh-hans\/wp-json\/wp\/v2\/types\/product"}],"wp:featuredmedia":[{"embeddable":true,"href":"https:\/\/amy.com.pl\/zh-hans\/wp-json\/wp\/v2\/media\/32858"}],"wp:attachment":[{"href":"https:\/\/amy.com.pl\/zh-hans\/wp-json\/wp\/v2\/media?parent=32861"}],"wp:term":[{"taxonomy":"product_cat","embeddable":true,"href":"https:\/\/amy.com.pl\/zh-hans\/wp-json\/wp\/v2\/product_cat?post=32861"},{"taxonomy":"product_tag","embeddable":true,"href":"https:\/\/amy.com.pl\/zh-hans\/wp-json\/wp\/v2\/product_tag?post=32861"}],"curies":[{"name":"wp","href":"https:\/\/api.w.org\/{rel}","templated":true}]}}