{"id":32660,"date":"2023-03-20T19:26:16","date_gmt":"2023-03-20T18:26:16","guid":{"rendered":"https:\/\/amy.com.pl\/?post_type=product&#038;p=32660"},"modified":"2023-08-26T15:02:41","modified_gmt":"2023-08-26T13:02:41","slug":"spiworek-do-spania-z-nogawkami-2-5-tog-nature-cotton-by-amy","status":"publish","type":"product","link":"https:\/\/amy.com.pl\/zh-hans\/produkt\/spiworek-do-spania-z-nogawkami-2-5-tog-nature-cotton-by-amy\/","title":{"rendered":"\u015apiworek do spania z nogawkami 2.5 TOG Nature Cotton by Amy"},"content":{"rendered":"<h1><strong>\u015apiworek do spania z nogawkami 2.5 TOG<\/strong><\/h1>\n<p>&nbsp;<\/p>\n<p>&nbsp;<\/p>\n<p><strong>\u015apiworek do spania bawe\u0142niany z kolekcji Nature Cotton by Amy<\/strong> to gwarancja spokojnego i bezpiecznego snu Twojego Maluszka. Jest niezwykle lekki, delikatny i mi\u0119ciutki, w rezultacie otula sk\u00f3r\u0119 dziecka, zapewniaj\u0105c optymaln\u0105 temperatur\u0119 cia\u0142a o ka\u017cdej porze roku. \u015apiworek ma 2,5 TOG \u2013 jest zatem doskona\u0142y na jesie\u0144, zim\u0119 oraz wiosn\u0119. Idealnie sprawdzi si\u0119 podczas kr\u00f3tkiej drzemki na \u015bwie\u017cym powietrzu, a tak\u017ce podczas d\u0142ugiego snu po wieczornej k\u0105pieli.<\/p>\n<p>&nbsp;<\/p>\n<h4><strong>Tkanina bawe\u0142niana<\/strong><\/h4>\n<p>&nbsp;<\/p>\n<p>Wybrali\u015bmy najwy\u017cszej jako\u015bci tkanin\u0119 bawe\u0142nian\u0105, kt\u00f3ra ma wa\u017cne w\u0142a\u015bciwo\u015bci:<\/p>\n<ul>\n<li>jest oddychaj\u0105ca i przepuszcza wilgo\u0107<\/li>\n<li>pozwala zachowa\u0107 komfort podczas snu<\/li>\n<li>jest naturalna, mi\u0119kka i hipoalergiczna<\/li>\n<li>jest \u0142atwiejsza do prania i piel\u0119gnacji ni\u017c inne tkaniny<\/li>\n<li>chroni przed gor\u0105cem latem i zimnem zim\u0105<\/li>\n<\/ul>\n<p>&nbsp;<\/p>\n<h4><strong>Wype\u0142nienie BabySoft<\/strong><\/h4>\n<p>&nbsp;<\/p>\n<p>\u015apiworek do spania bawe\u0142niany wype\u0142niony jest ocieplin\u0105 silikonow\u0105 BabySoft, kt\u00f3ra jest gwarancj\u0105 odpowiedniej grubo\u015bci i mi\u0119kko\u015bci, w rezultacie daje pewno\u015b\u0107, \u017ce dziecko nie zmarznie i si\u0119 nie przegrzeje. Odpowiednio dobrana struktura w\u0142\u00f3kien sprawia, \u017ce jest idealna dla wra\u017cliwej sk\u00f3ry Maluszka. \u015apiworek mo\u017cna u\u017cywa\u0107 przez ca\u0142y rok, maj\u0105c pewno\u015b\u0107, \u017ce dziecko b\u0119dzie mia\u0142o zapewniony komfort oraz spokojny sen.<\/p>\n<p>Produkt sprawdzi si\u0119 jako wyj\u0105tkowy prezent dla wyj\u0105tkowego Maluszka<\/p>\n<div style=\"width: 1080px;\" class=\"wp-video\"><!--[if lt IE 9]><script>document.createElement('video');<\/script><![endif]-->\n<video class=\"wp-video-shortcode\" id=\"video-32660-1\" width=\"1080\" height=\"1920\" loop=\"1\" autoplay=\"1\" preload=\"metadata\" controls=\"controls\"><source type=\"video\/mp4\" src=\"https:\/\/amy.com.pl\/wp-content\/uploads\/2023\/05\/Amy-spiworek-z-nogawkami.mp4?_=1\" \/><a href=\"https:\/\/amy.com.pl\/wp-content\/uploads\/2023\/05\/Amy-spiworek-z-nogawkami.mp4\">https:\/\/amy.com.pl\/wp-content\/uploads\/2023\/05\/Amy-spiworek-z-nogawkami.mp4<\/a><\/video><\/div>\n","protected":false},"excerpt":{"rendered":"<p><strong>\u015apiworek do spania z nogawkami z kolekcji Nature Cotton by Amy<\/strong>\u00a0cudownie otula sk\u00f3r\u0119 dziecka, zapewniaj\u0105c optymaln\u0105 temperatur\u0119 cia\u0142a o ka\u017cdej porze roku.<\/p>\n","protected":false},"featured_media":32541,"template":"","meta":{"_kad_post_transparent":"default","_kad_post_title":"","_kad_post_layout":"default","_kad_post_sidebar_id":"","_kad_post_content_style":"default","_kad_post_vertical_padding":"default","_kad_post_feature":"","_kad_post_feature_position":"","_kad_post_header":false,"_kad_post_footer":false,"_links_to":"","_links_to_target":""},"product_cat":[261,1030,1031],"product_tag":[],"yoast_head":"<!-- This site is optimized with the Yoast SEO Premium plugin v20.7 (Yoast SEO v20.7) - https:\/\/yoast.com\/wordpress\/plugins\/seo\/ -->\n<title>\u015apiworek do spania z nogawkami 2.5 TOG Nature Cotton by Amy<\/title>\n<meta name=\"description\" content=\"\u015apiworek do spania z nogawkami AMY jest niezwykle delikatny i mi\u0119kki, otula sk\u00f3r\u0119 dziecka, zapewniaj\u0105c optymaln\u0105 temperatur\u0119 cia\u0142a o ka\u017cdej porze roku.\" \/>\n<meta name=\"robots\" content=\"index, follow, max-snippet:-1, max-image-preview:large, max-video-preview:-1\" \/>\n<link rel=\"canonical\" href=\"https:\/\/amy.com.pl\/produkt\/spiworek-do-spania-z-nogawkami-2-5-tog-nature-cotton-by-amy\/\" \/>\n<meta property=\"og:locale\" content=\"zh_CN\" \/>\n<meta property=\"og:type\" content=\"article\" \/>\n<meta property=\"og:title\" content=\"\u015apiworek do spania z nogawkami 2.5 TOG Nature Cotton by Amy\" \/>\n<meta property=\"og:description\" content=\"\u015apiworek do spania z nogawkami AMY jest niezwykle delikatny i mi\u0119kki, otula sk\u00f3r\u0119 dziecka, zapewniaj\u0105c optymaln\u0105 temperatur\u0119 cia\u0142a o ka\u017cdej porze roku.\" \/>\n<meta property=\"og:url\" content=\"https:\/\/amy.com.pl\/produkt\/spiworek-do-spania-z-nogawkami-2-5-tog-nature-cotton-by-amy\/\" \/>\n<meta property=\"og:site_name\" content=\"AMY\" \/>\n<meta property=\"article:publisher\" content=\"https:\/\/www.facebook.com\/poscielAMY\" \/>\n<meta property=\"article:modified_time\" content=\"2023-08-26T13:02:41+00:00\" \/>\n<meta property=\"og:image\" content=\"https:\/\/amy.com.pl\/wp-content\/uploads\/2023\/03\/AMY_spiw_nog_M_D120_TRADYCJA_22.jpg\" \/>\n\t<meta property=\"og:image:width\" content=\"1500\" \/>\n\t<meta property=\"og:image:height\" content=\"2141\" \/>\n\t<meta property=\"og:image:type\" content=\"image\/jpeg\" \/>\n<meta name=\"twitter:card\" content=\"summary_large_image\" \/>\n<script type=\"application\/ld+json\" class=\"yoast-schema-graph\">{\"@context\":\"https:\/\/schema.org\",\"@graph\":[{\"@type\":\"WebPage\",\"@id\":\"https:\/\/amy.com.pl\/produkt\/spiworek-do-spania-z-nogawkami-2-5-tog-nature-cotton-by-amy\/\",\"url\":\"https:\/\/amy.com.pl\/produkt\/spiworek-do-spania-z-nogawkami-2-5-tog-nature-cotton-by-amy\/\",\"name\":\"\u015apiworek do spania z nogawkami 2.5 TOG Nature Cotton by Amy\",\"isPartOf\":{\"@id\":\"https:\/\/amy.com.pl\/en\/#website\"},\"datePublished\":\"2023-03-20T18:26:16+00:00\",\"dateModified\":\"2023-08-26T13:02:41+00:00\",\"description\":\"\u015apiworek do spania z nogawkami AMY jest niezwykle delikatny i mi\u0119kki, otula sk\u00f3r\u0119 dziecka, zapewniaj\u0105c optymaln\u0105 temperatur\u0119 cia\u0142a o ka\u017cdej porze roku.\",\"breadcrumb\":{\"@id\":\"https:\/\/amy.com.pl\/produkt\/spiworek-do-spania-z-nogawkami-2-5-tog-nature-cotton-by-amy\/#breadcrumb\"},\"inLanguage\":\"zh-CN\",\"potentialAction\":[{\"@type\":\"ReadAction\",\"target\":[\"https:\/\/amy.com.pl\/produkt\/spiworek-do-spania-z-nogawkami-2-5-tog-nature-cotton-by-amy\/\"]}]},{\"@type\":\"BreadcrumbList\",\"@id\":\"https:\/\/amy.com.pl\/produkt\/spiworek-do-spania-z-nogawkami-2-5-tog-nature-cotton-by-amy\/#breadcrumb\",\"itemListElement\":[{\"@type\":\"ListItem\",\"position\":1,\"name\":\"Strona g\u0142\u00f3wna\",\"item\":\"https:\/\/amy.com.pl\/zh-hans\/\"},{\"@type\":\"ListItem\",\"position\":2,\"name\":\"\u4ea7\u54c1\",\"item\":\"https:\/\/amy.com.pl\/zh-hans\/shop-zh\/\"},{\"@type\":\"ListItem\",\"position\":3,\"name\":\"\u015apiworek do spania z nogawkami 2.5 TOG Nature Cotton by Amy\"}]},{\"@type\":\"WebSite\",\"@id\":\"https:\/\/amy.com.pl\/en\/#website\",\"url\":\"https:\/\/amy.com.pl\/en\/\",\"name\":\"AMY\",\"description\":\"\u6211\u5011\u7528\u611b\u64c1\u62b1\",\"publisher\":{\"@id\":\"https:\/\/amy.com.pl\/en\/#organization\"},\"potentialAction\":[{\"@type\":\"SearchAction\",\"target\":{\"@type\":\"EntryPoint\",\"urlTemplate\":\"https:\/\/amy.com.pl\/en\/?s={search_term_string}\"},\"query-input\":\"required name=search_term_string\"}],\"inLanguage\":\"zh-CN\"},{\"@type\":\"Organization\",\"@id\":\"https:\/\/amy.com.pl\/en\/#organization\",\"name\":\"Amy Sp. z o.o. Sp.K.\",\"url\":\"https:\/\/amy.com.pl\/en\/\",\"logo\":{\"@type\":\"ImageObject\",\"inLanguage\":\"zh-CN\",\"@id\":\"https:\/\/amy.com.pl\/en\/#\/schema\/logo\/image\/\",\"url\":\"https:\/\/amy.com.pl\/wp-content\/uploads\/2021\/09\/amy_logo.webp\",\"contentUrl\":\"https:\/\/amy.com.pl\/wp-content\/uploads\/2021\/09\/amy_logo.webp\",\"width\":130,\"height\":56,\"caption\":\"Amy Sp. z o.o. Sp.K.\"},\"image\":{\"@id\":\"https:\/\/amy.com.pl\/en\/#\/schema\/logo\/image\/\"},\"sameAs\":[\"https:\/\/www.facebook.com\/poscielAMY\",\"https:\/\/www.instagram.com\/amy_baby_bedding\/\",\"https:\/\/pl.pinterest.com\/poscielAMY\/\",\"https:\/\/www.youtube.com\/channel\/UC66RGd_7QHa8wV3rbkpjqrQ\"]}]}<\/script>\n<meta property=\"og:availability\" content=\"instock\" \/>\n<meta property=\"product:availability\" content=\"instock\" \/>\n<meta property=\"product:condition\" content=\"new\" \/>\n<!-- \/ Yoast SEO Premium plugin. -->","yoast_head_json":{"title":"\u015apiworek do spania z nogawkami 2.5 TOG Nature Cotton by Amy","description":"\u015apiworek do spania z nogawkami AMY jest niezwykle delikatny i mi\u0119kki, otula sk\u00f3r\u0119 dziecka, zapewniaj\u0105c optymaln\u0105 temperatur\u0119 cia\u0142a o ka\u017cdej porze roku.","robots":{"index":"index","follow":"follow","max-snippet":"max-snippet:-1","max-image-preview":"max-image-preview:large","max-video-preview":"max-video-preview:-1"},"canonical":"https:\/\/amy.com.pl\/produkt\/spiworek-do-spania-z-nogawkami-2-5-tog-nature-cotton-by-amy\/","og_locale":"zh_CN","og_type":"article","og_title":"\u015apiworek do spania z nogawkami 2.5 TOG Nature Cotton by Amy","og_description":"\u015apiworek do spania z nogawkami AMY jest niezwykle delikatny i mi\u0119kki, otula sk\u00f3r\u0119 dziecka, zapewniaj\u0105c optymaln\u0105 temperatur\u0119 cia\u0142a o ka\u017cdej porze roku.","og_url":"https:\/\/amy.com.pl\/produkt\/spiworek-do-spania-z-nogawkami-2-5-tog-nature-cotton-by-amy\/","og_site_name":"AMY","article_publisher":"https:\/\/www.facebook.com\/poscielAMY","article_modified_time":"2023-08-26T13:02:41+00:00","og_image":[{"width":1500,"height":2141,"url":"https:\/\/amy.com.pl\/wp-content\/uploads\/2023\/03\/AMY_spiw_nog_M_D120_TRADYCJA_22.jpg","type":"image\/jpeg"}],"twitter_card":"summary_large_image","schema":{"@context":"https:\/\/schema.org","@graph":[{"@type":"WebPage","@id":"https:\/\/amy.com.pl\/produkt\/spiworek-do-spania-z-nogawkami-2-5-tog-nature-cotton-by-amy\/","url":"https:\/\/amy.com.pl\/produkt\/spiworek-do-spania-z-nogawkami-2-5-tog-nature-cotton-by-amy\/","name":"\u015apiworek do spania z nogawkami 2.5 TOG Nature Cotton by Amy","isPartOf":{"@id":"https:\/\/amy.com.pl\/en\/#website"},"datePublished":"2023-03-20T18:26:16+00:00","dateModified":"2023-08-26T13:02:41+00:00","description":"\u015apiworek do spania z nogawkami AMY jest niezwykle delikatny i mi\u0119kki, otula sk\u00f3r\u0119 dziecka, zapewniaj\u0105c optymaln\u0105 temperatur\u0119 cia\u0142a o ka\u017cdej porze roku.","breadcrumb":{"@id":"https:\/\/amy.com.pl\/produkt\/spiworek-do-spania-z-nogawkami-2-5-tog-nature-cotton-by-amy\/#breadcrumb"},"inLanguage":"zh-CN","potentialAction":[{"@type":"ReadAction","target":["https:\/\/amy.com.pl\/produkt\/spiworek-do-spania-z-nogawkami-2-5-tog-nature-cotton-by-amy\/"]}]},{"@type":"BreadcrumbList","@id":"https:\/\/amy.com.pl\/produkt\/spiworek-do-spania-z-nogawkami-2-5-tog-nature-cotton-by-amy\/#breadcrumb","itemListElement":[{"@type":"ListItem","position":1,"name":"Strona g\u0142\u00f3wna","item":"https:\/\/amy.com.pl\/zh-hans\/"},{"@type":"ListItem","position":2,"name":"\u4ea7\u54c1","item":"https:\/\/amy.com.pl\/zh-hans\/shop-zh\/"},{"@type":"ListItem","position":3,"name":"\u015apiworek do spania z nogawkami 2.5 TOG Nature Cotton by Amy"}]},{"@type":"WebSite","@id":"https:\/\/amy.com.pl\/en\/#website","url":"https:\/\/amy.com.pl\/en\/","name":"AMY","description":"\u6211\u5011\u7528\u611b\u64c1\u62b1","publisher":{"@id":"https:\/\/amy.com.pl\/en\/#organization"},"potentialAction":[{"@type":"SearchAction","target":{"@type":"EntryPoint","urlTemplate":"https:\/\/amy.com.pl\/en\/?s={search_term_string}"},"query-input":"required name=search_term_string"}],"inLanguage":"zh-CN"},{"@type":"Organization","@id":"https:\/\/amy.com.pl\/en\/#organization","name":"Amy Sp. z o.o. Sp.K.","url":"https:\/\/amy.com.pl\/en\/","logo":{"@type":"ImageObject","inLanguage":"zh-CN","@id":"https:\/\/amy.com.pl\/en\/#\/schema\/logo\/image\/","url":"https:\/\/amy.com.pl\/wp-content\/uploads\/2021\/09\/amy_logo.webp","contentUrl":"https:\/\/amy.com.pl\/wp-content\/uploads\/2021\/09\/amy_logo.webp","width":130,"height":56,"caption":"Amy Sp. z o.o. Sp.K."},"image":{"@id":"https:\/\/amy.com.pl\/en\/#\/schema\/logo\/image\/"},"sameAs":["https:\/\/www.facebook.com\/poscielAMY","https:\/\/www.instagram.com\/amy_baby_bedding\/","https:\/\/pl.pinterest.com\/poscielAMY\/","https:\/\/www.youtube.com\/channel\/UC66RGd_7QHa8wV3rbkpjqrQ"]}]},"og_availability":"instock","product_availability":"instock","product_condition":"new"},"_links":{"self":[{"href":"https:\/\/amy.com.pl\/zh-hans\/wp-json\/wp\/v2\/product\/32660"}],"collection":[{"href":"https:\/\/amy.com.pl\/zh-hans\/wp-json\/wp\/v2\/product"}],"about":[{"href":"https:\/\/amy.com.pl\/zh-hans\/wp-json\/wp\/v2\/types\/product"}],"wp:featuredmedia":[{"embeddable":true,"href":"https:\/\/amy.com.pl\/zh-hans\/wp-json\/wp\/v2\/media\/32541"}],"wp:attachment":[{"href":"https:\/\/amy.com.pl\/zh-hans\/wp-json\/wp\/v2\/media?parent=32660"}],"wp:term":[{"taxonomy":"product_cat","embeddable":true,"href":"https:\/\/amy.com.pl\/zh-hans\/wp-json\/wp\/v2\/product_cat?post=32660"},{"taxonomy":"product_tag","embeddable":true,"href":"https:\/\/amy.com.pl\/zh-hans\/wp-json\/wp\/v2\/product_tag?post=32660"}],"curies":[{"name":"wp","href":"https:\/\/api.w.org\/{rel}","templated":true}]}}