{"id":32559,"date":"2023-03-20T18:02:01","date_gmt":"2023-03-20T17:02:01","guid":{"rendered":"https:\/\/amy.com.pl\/?post_type=product&#038;p=32559"},"modified":"2023-08-26T15:02:32","modified_gmt":"2023-08-26T13:02:32","slug":"otulacz-do-spania-1-0-tog-bambusowy","status":"publish","type":"product","link":"https:\/\/amy.com.pl\/zh-hans\/produkt\/otulacz-do-spania-1-0-tog-bambusowy\/","title":{"rendered":"Otulacz do spania 1.0 TOG bambusowy"},"content":{"rendered":"<h1><strong>Otulacz do spania 1.0 TOG bambusowy<\/strong><\/h1>\n<p><strong>Otulacz do spania bambusowy ciep\u0142y z kolekcji Nature Bamboo by Amy<\/strong> to gwarancja spokojnego i bezpiecznego snu Twojego Maluszka.<\/p>\n<p>Otulacz jest:<\/p>\n<ul>\n<li>niezwykle delikatny<\/li>\n<li>wyj\u0105tkowo mi\u0119ciutki i lekki<\/li>\n<li>otula delikatn\u0105 sk\u00f3r\u0119 dziecka<\/li>\n<li>zapewnia optymaln\u0105 temperatur\u0119 cia\u0142a<\/li>\n<\/ul>\n<p>Otulacz sprawdzi si\u0119 idealnie podczas kr\u00f3tkiej drzemki na \u015bwie\u017cym powietrzu, a tak\u017ce podczas d\u0142ugiego snu po wieczornej k\u0105pieli. Bambusowy otulacz oddycha i nie powoduje podra\u017cnie\u0144 wra\u017cliwej sk\u00f3ry dziecka, dlatego jest niezb\u0119dnym elementem ka\u017cdej wyprawki. Otulacz do spania bambusowy ma 1,0 TOG \u2013 jest zatem doskona\u0142y na lato. Mo\u017cna go u\u017cywa\u0107 maj\u0105c pewno\u015b\u0107, \u017ce dziecko b\u0119dzie mia\u0142o zapewniony komfort oraz spokojny sen.<\/p>\n<h4><strong>Tkanina bambusowa<\/strong><\/h4>\n<p>Wybrali\u015bmy najwy\u017cszej jako\u015bci tkanin\u0119 bambusow\u0105, kt\u00f3ra ma wa\u017cne w\u0142a\u015bciwo\u015bci:<\/p>\n<ul>\n<li>jest delikatna i mi\u0119kka jak jedwab<\/li>\n<li>jest hipoalergiczna, idealna dla wra\u017cliwej sk\u00f3ry Maluszka<\/li>\n<li>jest antybakteryjna i przeciwgrzybicza<\/li>\n<li>neutralizuje nieprzyjemne zapachy<\/li>\n<li>doskonale absorbuje wilgo\u0107<\/li>\n<li>chroni przed szkodliwymi promieniami UV<\/li>\n<\/ul>\n<h4><strong>Gratis!<\/strong><\/h4>\n<p>&nbsp;<\/p>\n<p>Kupuj\u0105c nasz otulacz do spania bambusowy otrzymasz GRATIS plecaczek, do kt\u00f3rego dziecko b\u0119dzie mog\u0142o schowa\u0107 buciki do przedszkola, zabawki na wycieczk\u0119 czy zestaw ulubionych grabek i \u0142opatek do piaskownicy lub na pla\u017c\u0119. Plecaczek jest lekki i por\u0119czny, a do tego wykonany z najwy\u017cszej jako\u015bci tkaniny CV bambus 100%, wi\u0119c nie b\u0119dzie przegrzewa\u0142 plec\u00f3w dziecka nawet w cieplejsze dni.<br \/>\nProdukt sprawdzi si\u0119 jako wyj\u0105tkowy prezent dla wyj\u0105tkowego Maluszka.<\/p>\n<div style=\"width: 1144px;\" class=\"wp-video\"><!--[if lt IE 9]><script>document.createElement('video');<\/script><![endif]-->\n<video class=\"wp-video-shortcode\" id=\"video-32559-1\" width=\"1144\" height=\"644\" loop=\"1\" preload=\"auto\" controls=\"controls\"><source type=\"video\/mp4\" src=\"https:\/\/amy.com.pl\/wp-content\/uploads\/2022\/02\/Amy-Nature-Bamboo-chmurkowe-podroze-lesne-skarby-wesoly-kosmos_HD.mp4?_=1\" \/><a href=\"https:\/\/amy.com.pl\/wp-content\/uploads\/2022\/02\/Amy-Nature-Bamboo-chmurkowe-podroze-lesne-skarby-wesoly-kosmos_HD.mp4\">https:\/\/amy.com.pl\/wp-content\/uploads\/2022\/02\/Amy-Nature-Bamboo-chmurkowe-podroze-lesne-skarby-wesoly-kosmos_HD.mp4<\/a><\/video><\/div>\n","protected":false},"excerpt":{"rendered":"<p><strong>Otulacz do spania marki AMY<\/strong> zosta\u0142 uszyty z najwy\u017cszej jako\u015bci tkaniny bambusowej, kt\u00f3ra jest delikatna i przyjazna dla sk\u00f3ry niemowlaka.<\/p>\n","protected":false},"featured_media":30251,"template":"","meta":{"_kad_post_transparent":"default","_kad_post_title":"","_kad_post_layout":"default","_kad_post_sidebar_id":"","_kad_post_content_style":"default","_kad_post_vertical_padding":"default","_kad_post_feature":"","_kad_post_feature_position":"","_kad_post_header":false,"_kad_post_footer":false,"_links_to":"","_links_to_target":""},"product_cat":[1115,108,61,1027,1024],"product_tag":[],"yoast_head":"<!-- This site is optimized with the Yoast SEO Premium plugin v20.7 (Yoast SEO v20.7) - https:\/\/yoast.com\/wordpress\/plugins\/seo\/ -->\n<title>Otulacz do spania 1.0 TOG bambusowy AMY<\/title>\n<meta name=\"description\" content=\"Otulacz do spania bambusowy marki AMY zosta\u0142 uszyty z najwy\u017cszej jako\u015bci tkaniny bambusowej. To gwarancja spokojnego snu Twojego Maluszka.\u00a0\" \/>\n<meta name=\"robots\" content=\"index, follow, max-snippet:-1, max-image-preview:large, max-video-preview:-1\" \/>\n<link rel=\"canonical\" href=\"https:\/\/amy.com.pl\/produkt\/otulacz-do-spania-1-0-tog-bambusowy\/\" \/>\n<meta property=\"og:locale\" content=\"zh_CN\" \/>\n<meta property=\"og:type\" content=\"article\" \/>\n<meta property=\"og:title\" content=\"Otulacz do spania 1.0 TOG bambusowy\" \/>\n<meta property=\"og:description\" content=\"Otulacz do spania bambusowy marki AMY zosta\u0142 uszyty z najwy\u017cszej jako\u015bci tkaniny bambusowej. To gwarancja spokojnego snu Twojego Maluszka.\u00a0\" \/>\n<meta property=\"og:url\" content=\"https:\/\/amy.com.pl\/produkt\/otulacz-do-spania-1-0-tog-bambusowy\/\" \/>\n<meta property=\"og:site_name\" content=\"AMY\" \/>\n<meta property=\"article:publisher\" content=\"https:\/\/www.facebook.com\/poscielAMY\" \/>\n<meta property=\"article:modified_time\" content=\"2023-08-26T13:02:32+00:00\" \/>\n<meta property=\"og:image\" content=\"https:\/\/amy.com.pl\/wp-content\/uploads\/2022\/11\/Otulacz_bamboo_miniatura_jpg.jpg\" \/>\n\t<meta property=\"og:image:width\" content=\"1500\" \/>\n\t<meta property=\"og:image:height\" content=\"1161\" \/>\n\t<meta property=\"og:image:type\" content=\"image\/jpeg\" \/>\n<meta name=\"twitter:card\" content=\"summary_large_image\" \/>\n<script type=\"application\/ld+json\" class=\"yoast-schema-graph\">{\"@context\":\"https:\/\/schema.org\",\"@graph\":[{\"@type\":\"WebPage\",\"@id\":\"https:\/\/amy.com.pl\/produkt\/otulacz-do-spania-1-0-tog-bambusowy\/\",\"url\":\"https:\/\/amy.com.pl\/produkt\/otulacz-do-spania-1-0-tog-bambusowy\/\",\"name\":\"Otulacz do spania 1.0 TOG bambusowy AMY\",\"isPartOf\":{\"@id\":\"https:\/\/amy.com.pl\/en\/#website\"},\"datePublished\":\"2023-03-20T17:02:01+00:00\",\"dateModified\":\"2023-08-26T13:02:32+00:00\",\"description\":\"Otulacz do spania bambusowy marki AMY zosta\u0142 uszyty z najwy\u017cszej jako\u015bci tkaniny bambusowej. To gwarancja spokojnego snu Twojego Maluszka.\u00a0\",\"breadcrumb\":{\"@id\":\"https:\/\/amy.com.pl\/produkt\/otulacz-do-spania-1-0-tog-bambusowy\/#breadcrumb\"},\"inLanguage\":\"zh-CN\",\"potentialAction\":[{\"@type\":\"ReadAction\",\"target\":[\"https:\/\/amy.com.pl\/produkt\/otulacz-do-spania-1-0-tog-bambusowy\/\"]}]},{\"@type\":\"BreadcrumbList\",\"@id\":\"https:\/\/amy.com.pl\/produkt\/otulacz-do-spania-1-0-tog-bambusowy\/#breadcrumb\",\"itemListElement\":[{\"@type\":\"ListItem\",\"position\":1,\"name\":\"Strona g\u0142\u00f3wna\",\"item\":\"https:\/\/amy.com.pl\/zh-hans\/\"},{\"@type\":\"ListItem\",\"position\":2,\"name\":\"\u4ea7\u54c1\",\"item\":\"https:\/\/amy.com.pl\/zh-hans\/shop-zh\/\"},{\"@type\":\"ListItem\",\"position\":3,\"name\":\"Otulacz do spania 1.0 TOG bambusowy\"}]},{\"@type\":\"WebSite\",\"@id\":\"https:\/\/amy.com.pl\/en\/#website\",\"url\":\"https:\/\/amy.com.pl\/en\/\",\"name\":\"AMY\",\"description\":\"\u6211\u5011\u7528\u611b\u64c1\u62b1\",\"publisher\":{\"@id\":\"https:\/\/amy.com.pl\/en\/#organization\"},\"potentialAction\":[{\"@type\":\"SearchAction\",\"target\":{\"@type\":\"EntryPoint\",\"urlTemplate\":\"https:\/\/amy.com.pl\/en\/?s={search_term_string}\"},\"query-input\":\"required name=search_term_string\"}],\"inLanguage\":\"zh-CN\"},{\"@type\":\"Organization\",\"@id\":\"https:\/\/amy.com.pl\/en\/#organization\",\"name\":\"Amy Sp. z o.o. Sp.K.\",\"url\":\"https:\/\/amy.com.pl\/en\/\",\"logo\":{\"@type\":\"ImageObject\",\"inLanguage\":\"zh-CN\",\"@id\":\"https:\/\/amy.com.pl\/en\/#\/schema\/logo\/image\/\",\"url\":\"https:\/\/amy.com.pl\/wp-content\/uploads\/2021\/09\/amy_logo.webp\",\"contentUrl\":\"https:\/\/amy.com.pl\/wp-content\/uploads\/2021\/09\/amy_logo.webp\",\"width\":130,\"height\":56,\"caption\":\"Amy Sp. z o.o. Sp.K.\"},\"image\":{\"@id\":\"https:\/\/amy.com.pl\/en\/#\/schema\/logo\/image\/\"},\"sameAs\":[\"https:\/\/www.facebook.com\/poscielAMY\",\"https:\/\/www.instagram.com\/amy_baby_bedding\/\",\"https:\/\/pl.pinterest.com\/poscielAMY\/\",\"https:\/\/www.youtube.com\/channel\/UC66RGd_7QHa8wV3rbkpjqrQ\"]}]}<\/script>\n<meta property=\"og:availability\" content=\"instock\" \/>\n<meta property=\"product:availability\" content=\"instock\" \/>\n<meta property=\"product:condition\" content=\"new\" \/>\n<!-- \/ Yoast SEO Premium plugin. -->","yoast_head_json":{"title":"Otulacz do spania 1.0 TOG bambusowy AMY","description":"Otulacz do spania bambusowy marki AMY zosta\u0142 uszyty z najwy\u017cszej jako\u015bci tkaniny bambusowej. To gwarancja spokojnego snu Twojego Maluszka.\u00a0","robots":{"index":"index","follow":"follow","max-snippet":"max-snippet:-1","max-image-preview":"max-image-preview:large","max-video-preview":"max-video-preview:-1"},"canonical":"https:\/\/amy.com.pl\/produkt\/otulacz-do-spania-1-0-tog-bambusowy\/","og_locale":"zh_CN","og_type":"article","og_title":"Otulacz do spania 1.0 TOG bambusowy","og_description":"Otulacz do spania bambusowy marki AMY zosta\u0142 uszyty z najwy\u017cszej jako\u015bci tkaniny bambusowej. To gwarancja spokojnego snu Twojego Maluszka.\u00a0","og_url":"https:\/\/amy.com.pl\/produkt\/otulacz-do-spania-1-0-tog-bambusowy\/","og_site_name":"AMY","article_publisher":"https:\/\/www.facebook.com\/poscielAMY","article_modified_time":"2023-08-26T13:02:32+00:00","og_image":[{"width":1500,"height":1161,"url":"https:\/\/amy.com.pl\/wp-content\/uploads\/2022\/11\/Otulacz_bamboo_miniatura_jpg.jpg","type":"image\/jpeg"}],"twitter_card":"summary_large_image","schema":{"@context":"https:\/\/schema.org","@graph":[{"@type":"WebPage","@id":"https:\/\/amy.com.pl\/produkt\/otulacz-do-spania-1-0-tog-bambusowy\/","url":"https:\/\/amy.com.pl\/produkt\/otulacz-do-spania-1-0-tog-bambusowy\/","name":"Otulacz do spania 1.0 TOG bambusowy AMY","isPartOf":{"@id":"https:\/\/amy.com.pl\/en\/#website"},"datePublished":"2023-03-20T17:02:01+00:00","dateModified":"2023-08-26T13:02:32+00:00","description":"Otulacz do spania bambusowy marki AMY zosta\u0142 uszyty z najwy\u017cszej jako\u015bci tkaniny bambusowej. To gwarancja spokojnego snu Twojego Maluszka.\u00a0","breadcrumb":{"@id":"https:\/\/amy.com.pl\/produkt\/otulacz-do-spania-1-0-tog-bambusowy\/#breadcrumb"},"inLanguage":"zh-CN","potentialAction":[{"@type":"ReadAction","target":["https:\/\/amy.com.pl\/produkt\/otulacz-do-spania-1-0-tog-bambusowy\/"]}]},{"@type":"BreadcrumbList","@id":"https:\/\/amy.com.pl\/produkt\/otulacz-do-spania-1-0-tog-bambusowy\/#breadcrumb","itemListElement":[{"@type":"ListItem","position":1,"name":"Strona g\u0142\u00f3wna","item":"https:\/\/amy.com.pl\/zh-hans\/"},{"@type":"ListItem","position":2,"name":"\u4ea7\u54c1","item":"https:\/\/amy.com.pl\/zh-hans\/shop-zh\/"},{"@type":"ListItem","position":3,"name":"Otulacz do spania 1.0 TOG bambusowy"}]},{"@type":"WebSite","@id":"https:\/\/amy.com.pl\/en\/#website","url":"https:\/\/amy.com.pl\/en\/","name":"AMY","description":"\u6211\u5011\u7528\u611b\u64c1\u62b1","publisher":{"@id":"https:\/\/amy.com.pl\/en\/#organization"},"potentialAction":[{"@type":"SearchAction","target":{"@type":"EntryPoint","urlTemplate":"https:\/\/amy.com.pl\/en\/?s={search_term_string}"},"query-input":"required name=search_term_string"}],"inLanguage":"zh-CN"},{"@type":"Organization","@id":"https:\/\/amy.com.pl\/en\/#organization","name":"Amy Sp. z o.o. Sp.K.","url":"https:\/\/amy.com.pl\/en\/","logo":{"@type":"ImageObject","inLanguage":"zh-CN","@id":"https:\/\/amy.com.pl\/en\/#\/schema\/logo\/image\/","url":"https:\/\/amy.com.pl\/wp-content\/uploads\/2021\/09\/amy_logo.webp","contentUrl":"https:\/\/amy.com.pl\/wp-content\/uploads\/2021\/09\/amy_logo.webp","width":130,"height":56,"caption":"Amy Sp. z o.o. Sp.K."},"image":{"@id":"https:\/\/amy.com.pl\/en\/#\/schema\/logo\/image\/"},"sameAs":["https:\/\/www.facebook.com\/poscielAMY","https:\/\/www.instagram.com\/amy_baby_bedding\/","https:\/\/pl.pinterest.com\/poscielAMY\/","https:\/\/www.youtube.com\/channel\/UC66RGd_7QHa8wV3rbkpjqrQ"]}]},"og_availability":"instock","product_availability":"instock","product_condition":"new"},"_links":{"self":[{"href":"https:\/\/amy.com.pl\/zh-hans\/wp-json\/wp\/v2\/product\/32559"}],"collection":[{"href":"https:\/\/amy.com.pl\/zh-hans\/wp-json\/wp\/v2\/product"}],"about":[{"href":"https:\/\/amy.com.pl\/zh-hans\/wp-json\/wp\/v2\/types\/product"}],"wp:featuredmedia":[{"embeddable":true,"href":"https:\/\/amy.com.pl\/zh-hans\/wp-json\/wp\/v2\/media\/30251"}],"wp:attachment":[{"href":"https:\/\/amy.com.pl\/zh-hans\/wp-json\/wp\/v2\/media?parent=32559"}],"wp:term":[{"taxonomy":"product_cat","embeddable":true,"href":"https:\/\/amy.com.pl\/zh-hans\/wp-json\/wp\/v2\/product_cat?post=32559"},{"taxonomy":"product_tag","embeddable":true,"href":"https:\/\/amy.com.pl\/zh-hans\/wp-json\/wp\/v2\/product_tag?post=32559"}],"curies":[{"name":"wp","href":"https:\/\/api.w.org\/{rel}","templated":true}]}}