{"id":32113,"date":"2023-03-11T19:01:16","date_gmt":"2023-03-11T18:01:16","guid":{"rendered":"https:\/\/amy.com.pl\/?post_type=product&#038;p=32113"},"modified":"2023-08-26T15:02:30","modified_gmt":"2023-08-26T13:02:30","slug":"poduszka-z-wypelnieniem-bawelniana","status":"publish","type":"product","link":"https:\/\/amy.com.pl\/zh-hans\/produkt\/poduszka-z-wypelnieniem-bawelniana\/","title":{"rendered":"Poduszka z wype\u0142nieniem bawe\u0142niana"},"content":{"rendered":"<h1><strong>Poduszka bawe\u0142niana<\/strong><\/h1>\n<p>Poduszka bawe\u0142niana z kolekcji Nature Cotton by Amy to gwarancja spokojnego i bezpiecznego snu Twojego maluszka. Poduszka jest delikatna, lekka i mi\u0119ciutka. Sprawdzi si\u0119 idealnie w \u0142\u00f3\u017ceczku, podczas spacer\u00f3w w w\u00f3zku i podr\u00f3\u017cy w foteliku samochodowym. Poduszka b\u0119dzie tak\u017ce doskona\u0142ym dope\u0142nieniem do namiotu tipi lub wisz\u0105cego baldachimu, dziecko mo\u017ce na niej odpocz\u0105\u0107 lub wykorzysta\u0107 do weso\u0142ych zabaw. Zosta\u0142a uszyta z naturalnej tkaniny, jak\u0105 jest bawe\u0142na , kt\u00f3ra doskonale absorbuje wilgo\u0107, dlatego g\u0142\u00f3wka dziecka nie b\u0119dzie si\u0119 poci\u0107. Bawe\u0142niana poduszka tworzy zgrany duet z innymi produktami z tej kolekcji.<\/p>\n<h2><strong>Tkanina bawe\u0142niana<\/strong><\/h2>\n<p>Wybrali\u015bmy najwy\u017cszej jako\u015bci bawe\u0142n\u0119 , kt\u00f3ra:<\/p>\n<ul>\n<li>\u00a0jest niezwykle mi\u0119kka i delikatna<\/li>\n<li>cudowanie otula podczas snu<\/li>\n<li>jest bezpieczna dla wra\u017cliwej sk\u00f3ry Maluszka<\/li>\n<li>jest bardzo wytrzyma\u0142a, w rezultacie wielokrotnie prana nie zmienia koloru i kszta\u0142tu<\/li>\n<\/ul>\n<h2><strong>Wype\u0142nienie BabySoft<\/strong><\/h2>\n<p>Wype\u0142nienie poduszki to ocieplina silikonowana BabySoft, czyli gwarancja odpowiedniej grubo\u015bci i mi\u0119kko\u015bci, daj\u0105ca pewno\u015b\u0107, \u017ce dziecko nie zmarznie i si\u0119 nie przegrzeje. Odpowiednio dobrana struktura w\u0142\u00f3kien sprawia, \u017ce jest idealna dla wra\u017cliwej sk\u00f3ry maluszka.<br \/>\nNasza bawe\u0142niana poduszka b\u0119dzie Wam towarzyszy\u0107 od pierwszych chwil \u017cycia, a\u017c do wieku przedszkolnego.<br \/>\nProdukt sprawdzi si\u0119 jako wyj\u0105tkowy prezent dla wyj\u0105tkowego Maluszka.<\/p>\n","protected":false},"excerpt":{"rendered":"<p><strong>Bawe\u0142niana poduszka marki AMY<\/strong>\u00a0to gwarancja spokojnego i bezpiecznego snu Twojego Maluszka. Kolorowe i urocze motywy wprowadzaj\u0105 niemowlaka w bajkowy \u015bwiat.<\/p>\n","protected":false},"featured_media":32086,"template":"","meta":{"_kad_post_transparent":"default","_kad_post_title":"","_kad_post_layout":"default","_kad_post_sidebar_id":"","_kad_post_content_style":"default","_kad_post_vertical_padding":"default","_kad_post_feature":"","_kad_post_feature_position":"","_kad_post_header":false,"_kad_post_footer":false,"_links_to":"","_links_to_target":""},"product_cat":[261,61,250],"product_tag":[],"yoast_head":"<!-- This site is optimized with the Yoast SEO Premium plugin v20.7 (Yoast SEO v20.7) - https:\/\/yoast.com\/wordpress\/plugins\/seo\/ -->\n<title>Poduszka z wype\u0142nieniem bawe\u0142niana - AMY<\/title>\n<meta name=\"description\" content=\"Bawe\u0142niana poduszka marki AMY\u00a0to gwarancja spokojnego i bezpiecznego snu Twojego Maluszka. Kolorowe i urocze motywy wprowadzaj\u0105 niemowlaka w bajkowy \u015bwiat.\" \/>\n<meta name=\"robots\" content=\"index, follow, max-snippet:-1, max-image-preview:large, max-video-preview:-1\" \/>\n<link rel=\"canonical\" href=\"https:\/\/amy.com.pl\/produkt\/poduszka-z-wypelnieniem-bawelniana\/\" \/>\n<meta property=\"og:locale\" content=\"zh_CN\" \/>\n<meta property=\"og:type\" content=\"article\" \/>\n<meta property=\"og:title\" content=\"Poduszka z wype\u0142nieniem bawe\u0142niana\" \/>\n<meta property=\"og:description\" content=\"Bawe\u0142niana poduszka marki AMY\u00a0to gwarancja spokojnego i bezpiecznego snu Twojego Maluszka. Kolorowe i urocze motywy wprowadzaj\u0105 niemowlaka w bajkowy \u015bwiat.\" \/>\n<meta property=\"og:url\" content=\"https:\/\/amy.com.pl\/produkt\/poduszka-z-wypelnieniem-bawelniana\/\" \/>\n<meta property=\"og:site_name\" content=\"AMY\" \/>\n<meta property=\"article:publisher\" content=\"https:\/\/www.facebook.com\/poscielAMY\" \/>\n<meta property=\"article:modified_time\" content=\"2023-08-26T13:02:30+00:00\" \/>\n<meta property=\"og:image\" content=\"https:\/\/amy.com.pl\/wp-content\/uploads\/2023\/03\/AMY_pod_60_40_TRADYCJA_22_D119.jpg\" \/>\n\t<meta property=\"og:image:width\" content=\"1500\" \/>\n\t<meta property=\"og:image:height\" content=\"1012\" \/>\n\t<meta property=\"og:image:type\" content=\"image\/jpeg\" \/>\n<meta name=\"twitter:card\" content=\"summary_large_image\" \/>\n<script type=\"application\/ld+json\" class=\"yoast-schema-graph\">{\"@context\":\"https:\/\/schema.org\",\"@graph\":[{\"@type\":\"WebPage\",\"@id\":\"https:\/\/amy.com.pl\/produkt\/poduszka-z-wypelnieniem-bawelniana\/\",\"url\":\"https:\/\/amy.com.pl\/produkt\/poduszka-z-wypelnieniem-bawelniana\/\",\"name\":\"Poduszka z wype\u0142nieniem bawe\u0142niana - AMY\",\"isPartOf\":{\"@id\":\"https:\/\/amy.com.pl\/en\/#website\"},\"datePublished\":\"2023-03-11T18:01:16+00:00\",\"dateModified\":\"2023-08-26T13:02:30+00:00\",\"description\":\"Bawe\u0142niana poduszka marki AMY\u00a0to gwarancja spokojnego i bezpiecznego snu Twojego Maluszka. Kolorowe i urocze motywy wprowadzaj\u0105 niemowlaka w bajkowy \u015bwiat.\",\"breadcrumb\":{\"@id\":\"https:\/\/amy.com.pl\/produkt\/poduszka-z-wypelnieniem-bawelniana\/#breadcrumb\"},\"inLanguage\":\"zh-CN\",\"potentialAction\":[{\"@type\":\"ReadAction\",\"target\":[\"https:\/\/amy.com.pl\/produkt\/poduszka-z-wypelnieniem-bawelniana\/\"]}]},{\"@type\":\"BreadcrumbList\",\"@id\":\"https:\/\/amy.com.pl\/produkt\/poduszka-z-wypelnieniem-bawelniana\/#breadcrumb\",\"itemListElement\":[{\"@type\":\"ListItem\",\"position\":1,\"name\":\"Strona g\u0142\u00f3wna\",\"item\":\"https:\/\/amy.com.pl\/zh-hans\/\"},{\"@type\":\"ListItem\",\"position\":2,\"name\":\"\u4ea7\u54c1\",\"item\":\"https:\/\/amy.com.pl\/zh-hans\/shop-zh\/\"},{\"@type\":\"ListItem\",\"position\":3,\"name\":\"Poduszka z wype\u0142nieniem bawe\u0142niana\"}]},{\"@type\":\"WebSite\",\"@id\":\"https:\/\/amy.com.pl\/en\/#website\",\"url\":\"https:\/\/amy.com.pl\/en\/\",\"name\":\"AMY\",\"description\":\"\u6211\u5011\u7528\u611b\u64c1\u62b1\",\"publisher\":{\"@id\":\"https:\/\/amy.com.pl\/en\/#organization\"},\"potentialAction\":[{\"@type\":\"SearchAction\",\"target\":{\"@type\":\"EntryPoint\",\"urlTemplate\":\"https:\/\/amy.com.pl\/en\/?s={search_term_string}\"},\"query-input\":\"required name=search_term_string\"}],\"inLanguage\":\"zh-CN\"},{\"@type\":\"Organization\",\"@id\":\"https:\/\/amy.com.pl\/en\/#organization\",\"name\":\"Amy Sp. z o.o. Sp.K.\",\"url\":\"https:\/\/amy.com.pl\/en\/\",\"logo\":{\"@type\":\"ImageObject\",\"inLanguage\":\"zh-CN\",\"@id\":\"https:\/\/amy.com.pl\/en\/#\/schema\/logo\/image\/\",\"url\":\"https:\/\/amy.com.pl\/wp-content\/uploads\/2021\/09\/amy_logo.webp\",\"contentUrl\":\"https:\/\/amy.com.pl\/wp-content\/uploads\/2021\/09\/amy_logo.webp\",\"width\":130,\"height\":56,\"caption\":\"Amy Sp. z o.o. Sp.K.\"},\"image\":{\"@id\":\"https:\/\/amy.com.pl\/en\/#\/schema\/logo\/image\/\"},\"sameAs\":[\"https:\/\/www.facebook.com\/poscielAMY\",\"https:\/\/www.instagram.com\/amy_baby_bedding\/\",\"https:\/\/pl.pinterest.com\/poscielAMY\/\",\"https:\/\/www.youtube.com\/channel\/UC66RGd_7QHa8wV3rbkpjqrQ\"]}]}<\/script>\n<meta property=\"og:availability\" content=\"instock\" \/>\n<meta property=\"product:availability\" content=\"instock\" \/>\n<meta property=\"product:condition\" content=\"new\" \/>\n<!-- \/ Yoast SEO Premium plugin. -->","yoast_head_json":{"title":"Poduszka z wype\u0142nieniem bawe\u0142niana - AMY","description":"Bawe\u0142niana poduszka marki AMY\u00a0to gwarancja spokojnego i bezpiecznego snu Twojego Maluszka. Kolorowe i urocze motywy wprowadzaj\u0105 niemowlaka w bajkowy \u015bwiat.","robots":{"index":"index","follow":"follow","max-snippet":"max-snippet:-1","max-image-preview":"max-image-preview:large","max-video-preview":"max-video-preview:-1"},"canonical":"https:\/\/amy.com.pl\/produkt\/poduszka-z-wypelnieniem-bawelniana\/","og_locale":"zh_CN","og_type":"article","og_title":"Poduszka z wype\u0142nieniem bawe\u0142niana","og_description":"Bawe\u0142niana poduszka marki AMY\u00a0to gwarancja spokojnego i bezpiecznego snu Twojego Maluszka. Kolorowe i urocze motywy wprowadzaj\u0105 niemowlaka w bajkowy \u015bwiat.","og_url":"https:\/\/amy.com.pl\/produkt\/poduszka-z-wypelnieniem-bawelniana\/","og_site_name":"AMY","article_publisher":"https:\/\/www.facebook.com\/poscielAMY","article_modified_time":"2023-08-26T13:02:30+00:00","og_image":[{"width":1500,"height":1012,"url":"https:\/\/amy.com.pl\/wp-content\/uploads\/2023\/03\/AMY_pod_60_40_TRADYCJA_22_D119.jpg","type":"image\/jpeg"}],"twitter_card":"summary_large_image","schema":{"@context":"https:\/\/schema.org","@graph":[{"@type":"WebPage","@id":"https:\/\/amy.com.pl\/produkt\/poduszka-z-wypelnieniem-bawelniana\/","url":"https:\/\/amy.com.pl\/produkt\/poduszka-z-wypelnieniem-bawelniana\/","name":"Poduszka z wype\u0142nieniem bawe\u0142niana - AMY","isPartOf":{"@id":"https:\/\/amy.com.pl\/en\/#website"},"datePublished":"2023-03-11T18:01:16+00:00","dateModified":"2023-08-26T13:02:30+00:00","description":"Bawe\u0142niana poduszka marki AMY\u00a0to gwarancja spokojnego i bezpiecznego snu Twojego Maluszka. Kolorowe i urocze motywy wprowadzaj\u0105 niemowlaka w bajkowy \u015bwiat.","breadcrumb":{"@id":"https:\/\/amy.com.pl\/produkt\/poduszka-z-wypelnieniem-bawelniana\/#breadcrumb"},"inLanguage":"zh-CN","potentialAction":[{"@type":"ReadAction","target":["https:\/\/amy.com.pl\/produkt\/poduszka-z-wypelnieniem-bawelniana\/"]}]},{"@type":"BreadcrumbList","@id":"https:\/\/amy.com.pl\/produkt\/poduszka-z-wypelnieniem-bawelniana\/#breadcrumb","itemListElement":[{"@type":"ListItem","position":1,"name":"Strona g\u0142\u00f3wna","item":"https:\/\/amy.com.pl\/zh-hans\/"},{"@type":"ListItem","position":2,"name":"\u4ea7\u54c1","item":"https:\/\/amy.com.pl\/zh-hans\/shop-zh\/"},{"@type":"ListItem","position":3,"name":"Poduszka z wype\u0142nieniem bawe\u0142niana"}]},{"@type":"WebSite","@id":"https:\/\/amy.com.pl\/en\/#website","url":"https:\/\/amy.com.pl\/en\/","name":"AMY","description":"\u6211\u5011\u7528\u611b\u64c1\u62b1","publisher":{"@id":"https:\/\/amy.com.pl\/en\/#organization"},"potentialAction":[{"@type":"SearchAction","target":{"@type":"EntryPoint","urlTemplate":"https:\/\/amy.com.pl\/en\/?s={search_term_string}"},"query-input":"required name=search_term_string"}],"inLanguage":"zh-CN"},{"@type":"Organization","@id":"https:\/\/amy.com.pl\/en\/#organization","name":"Amy Sp. z o.o. Sp.K.","url":"https:\/\/amy.com.pl\/en\/","logo":{"@type":"ImageObject","inLanguage":"zh-CN","@id":"https:\/\/amy.com.pl\/en\/#\/schema\/logo\/image\/","url":"https:\/\/amy.com.pl\/wp-content\/uploads\/2021\/09\/amy_logo.webp","contentUrl":"https:\/\/amy.com.pl\/wp-content\/uploads\/2021\/09\/amy_logo.webp","width":130,"height":56,"caption":"Amy Sp. z o.o. Sp.K."},"image":{"@id":"https:\/\/amy.com.pl\/en\/#\/schema\/logo\/image\/"},"sameAs":["https:\/\/www.facebook.com\/poscielAMY","https:\/\/www.instagram.com\/amy_baby_bedding\/","https:\/\/pl.pinterest.com\/poscielAMY\/","https:\/\/www.youtube.com\/channel\/UC66RGd_7QHa8wV3rbkpjqrQ"]}]},"og_availability":"instock","product_availability":"instock","product_condition":"new"},"_links":{"self":[{"href":"https:\/\/amy.com.pl\/zh-hans\/wp-json\/wp\/v2\/product\/32113"}],"collection":[{"href":"https:\/\/amy.com.pl\/zh-hans\/wp-json\/wp\/v2\/product"}],"about":[{"href":"https:\/\/amy.com.pl\/zh-hans\/wp-json\/wp\/v2\/types\/product"}],"wp:featuredmedia":[{"embeddable":true,"href":"https:\/\/amy.com.pl\/zh-hans\/wp-json\/wp\/v2\/media\/32086"}],"wp:attachment":[{"href":"https:\/\/amy.com.pl\/zh-hans\/wp-json\/wp\/v2\/media?parent=32113"}],"wp:term":[{"taxonomy":"product_cat","embeddable":true,"href":"https:\/\/amy.com.pl\/zh-hans\/wp-json\/wp\/v2\/product_cat?post=32113"},{"taxonomy":"product_tag","embeddable":true,"href":"https:\/\/amy.com.pl\/zh-hans\/wp-json\/wp\/v2\/product_tag?post=32113"}],"curies":[{"name":"wp","href":"https:\/\/api.w.org\/{rel}","templated":true}]}}