{"id":32005,"date":"2023-03-10T18:14:17","date_gmt":"2023-03-10T17:14:17","guid":{"rendered":"https:\/\/amy.com.pl\/?post_type=product&#038;p=32005"},"modified":"2023-06-26T10:29:16","modified_gmt":"2023-06-26T08:29:16","slug":"mata-dziecieca-lisc","status":"publish","type":"product","link":"https:\/\/amy.com.pl\/zh-hans\/produkt\/mata-dziecieca-lisc\/","title":{"rendered":"Mata dzieci\u0119ca li\u015b\u0107"},"content":{"rendered":"<h1>Mata dzieci\u0119ca li\u015b\u0107 AMY to mata do wsp\u00f3lnej zabawy.<\/h1>\n<p>Mata li\u015b\u0107 Amy jest wykonana ze 100% bawe\u0142ny. Posiada antyalergiczne wype\u0142nienie BabySoft\u00ae. Idealnie sprawdzi si\u0119 do wsp\u00f3lnej zabawy, \u0107wicze\u0144 oraz odpoczynku. Wykorzystanie maty dzieci\u0119cej jest tak naprawd\u0119 nieograniczone. Unikalny wygl\u0105d sprawia, \u017ce jest ona pi\u0119kn\u0105 ozdob\u0105. Mata ociepla ka\u017cdy dzieci\u0119cy pok\u00f3j i wpasuje si\u0119 estetycznie w ka\u017cde wn\u0119trze. Wyj\u0105tkow\u0105 zalet\u0105 maty jest r\u00f3wnie\u017c jej uniwersalno\u015b\u0107, u\u017cytkujemy j\u0105 przez wiele etap\u00f3w \u017cycia dziecka jako:<\/p>\n<ul>\n<li><strong>mat\u0119 do raczkowania,<\/strong><\/li>\n<li><strong>dywanik do zabaw czy<\/strong><\/li>\n<li><strong>ozdobn\u0105 mat\u0119 pod\u0142ogowa w pokoju przedszkolaka.<\/strong><\/li>\n<\/ul>\n<p>Mata dzieci\u0119ca li\u015b\u0107 bawe\u0142niana AMY jest bardzo lekka i mo\u017cna j\u0105 z\u0142o\u017cy\u0107 do ma\u0142ego rozmiaru. Spokojnie zabierzemy j\u0105 ze sob\u0105 na wyjazd z dzieckiem.<br \/>\nKa\u017cd\u0105 mat\u0119 wykonujemy r\u0119cznie, dlatego te\u017c spos\u00f3b pikowania mo\u017ce r\u00f3\u017cni\u0107 si\u0119 nieznacznie od tego przedstawionego na zdj\u0119ciu<br \/>\nMat\u0119 pierzemy w pralce w temperaturze 40 stopni. Mata dzieci\u0119ca li\u015b\u0107 bawe\u0142niana AMY jest \u015bwietnym rozwi\u0105zaniem dla dzieci, kt\u00f3re maj\u0105 uczulenie na kurz i nie mog\u0105 w swoim pokoju mie\u0107 standardowego dywanu lub wyk\u0142adziny.<\/p>\n","protected":false},"excerpt":{"rendered":"<p>Mata dzieci\u0119ca li\u015b\u0107 AMY to mata do wsp\u00f3lnej zabawy. Mat&#8230;<\/p>\n","protected":false},"featured_media":28525,"template":"","meta":{"_kad_post_transparent":"default","_kad_post_title":"","_kad_post_layout":"default","_kad_post_sidebar_id":"","_kad_post_content_style":"default","_kad_post_vertical_padding":"default","_kad_post_feature":"","_kad_post_feature_position":"","_kad_post_header":false,"_kad_post_footer":false,"_links_to":"","_links_to_target":""},"product_cat":[261,733],"product_tag":[],"yoast_head":"<!-- This site is optimized with the Yoast SEO Premium plugin v20.7 (Yoast SEO v20.7) - https:\/\/yoast.com\/wordpress\/plugins\/seo\/ -->\n<title>Mata dzieci\u0119ca li\u015b\u0107 - AMY<\/title>\n<meta name=\"robots\" content=\"index, follow, max-snippet:-1, max-image-preview:large, max-video-preview:-1\" \/>\n<link rel=\"canonical\" href=\"https:\/\/amy.com.pl\/produkt\/mata-dziecieca-lisc\/\" \/>\n<meta property=\"og:locale\" content=\"zh_CN\" \/>\n<meta property=\"og:type\" content=\"article\" \/>\n<meta property=\"og:title\" content=\"Mata dzieci\u0119ca li\u015b\u0107\" \/>\n<meta property=\"og:description\" content=\"Mata dzieci\u0119ca li\u015b\u0107 AMY to mata do wsp\u00f3lnej zabawy. Mat...\" \/>\n<meta property=\"og:url\" content=\"https:\/\/amy.com.pl\/produkt\/mata-dziecieca-lisc\/\" \/>\n<meta property=\"og:site_name\" content=\"AMY\" \/>\n<meta property=\"article:publisher\" content=\"https:\/\/www.facebook.com\/poscielAMY\" \/>\n<meta property=\"article:modified_time\" content=\"2023-06-26T08:29:16+00:00\" \/>\n<meta property=\"og:image\" content=\"https:\/\/amy.com.pl\/wp-content\/uploads\/2022\/06\/AMY_dyw_lisc_150_105_BARWA_EX_U36.webp\" \/>\n\t<meta property=\"og:image:width\" content=\"1500\" \/>\n\t<meta property=\"og:image:height\" content=\"1233\" \/>\n\t<meta property=\"og:image:type\" content=\"image\/webp\" \/>\n<meta name=\"twitter:card\" content=\"summary_large_image\" \/>\n<script type=\"application\/ld+json\" class=\"yoast-schema-graph\">{\"@context\":\"https:\/\/schema.org\",\"@graph\":[{\"@type\":\"WebPage\",\"@id\":\"https:\/\/amy.com.pl\/produkt\/mata-dziecieca-lisc\/\",\"url\":\"https:\/\/amy.com.pl\/produkt\/mata-dziecieca-lisc\/\",\"name\":\"Mata dzieci\u0119ca li\u015b\u0107 - AMY\",\"isPartOf\":{\"@id\":\"https:\/\/amy.com.pl\/en\/#website\"},\"datePublished\":\"2023-03-10T17:14:17+00:00\",\"dateModified\":\"2023-06-26T08:29:16+00:00\",\"breadcrumb\":{\"@id\":\"https:\/\/amy.com.pl\/produkt\/mata-dziecieca-lisc\/#breadcrumb\"},\"inLanguage\":\"zh-CN\",\"potentialAction\":[{\"@type\":\"ReadAction\",\"target\":[\"https:\/\/amy.com.pl\/produkt\/mata-dziecieca-lisc\/\"]}]},{\"@type\":\"BreadcrumbList\",\"@id\":\"https:\/\/amy.com.pl\/produkt\/mata-dziecieca-lisc\/#breadcrumb\",\"itemListElement\":[{\"@type\":\"ListItem\",\"position\":1,\"name\":\"Strona g\u0142\u00f3wna\",\"item\":\"https:\/\/amy.com.pl\/zh-hans\/\"},{\"@type\":\"ListItem\",\"position\":2,\"name\":\"\u4ea7\u54c1\",\"item\":\"https:\/\/amy.com.pl\/zh-hans\/shop-zh\/\"},{\"@type\":\"ListItem\",\"position\":3,\"name\":\"Mata dzieci\u0119ca li\u015b\u0107\"}]},{\"@type\":\"WebSite\",\"@id\":\"https:\/\/amy.com.pl\/en\/#website\",\"url\":\"https:\/\/amy.com.pl\/en\/\",\"name\":\"AMY\",\"description\":\"\u6211\u5011\u7528\u611b\u64c1\u62b1\",\"publisher\":{\"@id\":\"https:\/\/amy.com.pl\/en\/#organization\"},\"potentialAction\":[{\"@type\":\"SearchAction\",\"target\":{\"@type\":\"EntryPoint\",\"urlTemplate\":\"https:\/\/amy.com.pl\/en\/?s={search_term_string}\"},\"query-input\":\"required name=search_term_string\"}],\"inLanguage\":\"zh-CN\"},{\"@type\":\"Organization\",\"@id\":\"https:\/\/amy.com.pl\/en\/#organization\",\"name\":\"Amy Sp. z o.o. Sp.K.\",\"url\":\"https:\/\/amy.com.pl\/en\/\",\"logo\":{\"@type\":\"ImageObject\",\"inLanguage\":\"zh-CN\",\"@id\":\"https:\/\/amy.com.pl\/en\/#\/schema\/logo\/image\/\",\"url\":\"https:\/\/amy.com.pl\/wp-content\/uploads\/2021\/09\/amy_logo.webp\",\"contentUrl\":\"https:\/\/amy.com.pl\/wp-content\/uploads\/2021\/09\/amy_logo.webp\",\"width\":130,\"height\":56,\"caption\":\"Amy Sp. z o.o. Sp.K.\"},\"image\":{\"@id\":\"https:\/\/amy.com.pl\/en\/#\/schema\/logo\/image\/\"},\"sameAs\":[\"https:\/\/www.facebook.com\/poscielAMY\",\"https:\/\/www.instagram.com\/amy_baby_bedding\/\",\"https:\/\/pl.pinterest.com\/poscielAMY\/\",\"https:\/\/www.youtube.com\/channel\/UC66RGd_7QHa8wV3rbkpjqrQ\"]}]}<\/script>\n<meta property=\"og:availability\" content=\"instock\" \/>\n<meta property=\"product:availability\" content=\"instock\" \/>\n<meta property=\"product:retailer_item_id\" content=\"89981\" \/>\n<meta property=\"product:condition\" content=\"new\" \/>\n<!-- \/ Yoast SEO Premium plugin. -->","yoast_head_json":{"title":"Mata dzieci\u0119ca li\u015b\u0107 - AMY","robots":{"index":"index","follow":"follow","max-snippet":"max-snippet:-1","max-image-preview":"max-image-preview:large","max-video-preview":"max-video-preview:-1"},"canonical":"https:\/\/amy.com.pl\/produkt\/mata-dziecieca-lisc\/","og_locale":"zh_CN","og_type":"article","og_title":"Mata dzieci\u0119ca li\u015b\u0107","og_description":"Mata dzieci\u0119ca li\u015b\u0107 AMY to mata do wsp\u00f3lnej zabawy. Mat...","og_url":"https:\/\/amy.com.pl\/produkt\/mata-dziecieca-lisc\/","og_site_name":"AMY","article_publisher":"https:\/\/www.facebook.com\/poscielAMY","article_modified_time":"2023-06-26T08:29:16+00:00","og_image":[{"width":1500,"height":1233,"url":"https:\/\/amy.com.pl\/wp-content\/uploads\/2022\/06\/AMY_dyw_lisc_150_105_BARWA_EX_U36.webp","type":"image\/webp"}],"twitter_card":"summary_large_image","schema":{"@context":"https:\/\/schema.org","@graph":[{"@type":"WebPage","@id":"https:\/\/amy.com.pl\/produkt\/mata-dziecieca-lisc\/","url":"https:\/\/amy.com.pl\/produkt\/mata-dziecieca-lisc\/","name":"Mata dzieci\u0119ca li\u015b\u0107 - AMY","isPartOf":{"@id":"https:\/\/amy.com.pl\/en\/#website"},"datePublished":"2023-03-10T17:14:17+00:00","dateModified":"2023-06-26T08:29:16+00:00","breadcrumb":{"@id":"https:\/\/amy.com.pl\/produkt\/mata-dziecieca-lisc\/#breadcrumb"},"inLanguage":"zh-CN","potentialAction":[{"@type":"ReadAction","target":["https:\/\/amy.com.pl\/produkt\/mata-dziecieca-lisc\/"]}]},{"@type":"BreadcrumbList","@id":"https:\/\/amy.com.pl\/produkt\/mata-dziecieca-lisc\/#breadcrumb","itemListElement":[{"@type":"ListItem","position":1,"name":"Strona g\u0142\u00f3wna","item":"https:\/\/amy.com.pl\/zh-hans\/"},{"@type":"ListItem","position":2,"name":"\u4ea7\u54c1","item":"https:\/\/amy.com.pl\/zh-hans\/shop-zh\/"},{"@type":"ListItem","position":3,"name":"Mata dzieci\u0119ca li\u015b\u0107"}]},{"@type":"WebSite","@id":"https:\/\/amy.com.pl\/en\/#website","url":"https:\/\/amy.com.pl\/en\/","name":"AMY","description":"\u6211\u5011\u7528\u611b\u64c1\u62b1","publisher":{"@id":"https:\/\/amy.com.pl\/en\/#organization"},"potentialAction":[{"@type":"SearchAction","target":{"@type":"EntryPoint","urlTemplate":"https:\/\/amy.com.pl\/en\/?s={search_term_string}"},"query-input":"required name=search_term_string"}],"inLanguage":"zh-CN"},{"@type":"Organization","@id":"https:\/\/amy.com.pl\/en\/#organization","name":"Amy Sp. z o.o. Sp.K.","url":"https:\/\/amy.com.pl\/en\/","logo":{"@type":"ImageObject","inLanguage":"zh-CN","@id":"https:\/\/amy.com.pl\/en\/#\/schema\/logo\/image\/","url":"https:\/\/amy.com.pl\/wp-content\/uploads\/2021\/09\/amy_logo.webp","contentUrl":"https:\/\/amy.com.pl\/wp-content\/uploads\/2021\/09\/amy_logo.webp","width":130,"height":56,"caption":"Amy Sp. z o.o. Sp.K."},"image":{"@id":"https:\/\/amy.com.pl\/en\/#\/schema\/logo\/image\/"},"sameAs":["https:\/\/www.facebook.com\/poscielAMY","https:\/\/www.instagram.com\/amy_baby_bedding\/","https:\/\/pl.pinterest.com\/poscielAMY\/","https:\/\/www.youtube.com\/channel\/UC66RGd_7QHa8wV3rbkpjqrQ"]}]},"og_availability":"instock","product_availability":"instock","product_retailer_item_id":"89981","product_condition":"new"},"_links":{"self":[{"href":"https:\/\/amy.com.pl\/zh-hans\/wp-json\/wp\/v2\/product\/32005"}],"collection":[{"href":"https:\/\/amy.com.pl\/zh-hans\/wp-json\/wp\/v2\/product"}],"about":[{"href":"https:\/\/amy.com.pl\/zh-hans\/wp-json\/wp\/v2\/types\/product"}],"wp:featuredmedia":[{"embeddable":true,"href":"https:\/\/amy.com.pl\/zh-hans\/wp-json\/wp\/v2\/media\/28525"}],"wp:attachment":[{"href":"https:\/\/amy.com.pl\/zh-hans\/wp-json\/wp\/v2\/media?parent=32005"}],"wp:term":[{"taxonomy":"product_cat","embeddable":true,"href":"https:\/\/amy.com.pl\/zh-hans\/wp-json\/wp\/v2\/product_cat?post=32005"},{"taxonomy":"product_tag","embeddable":true,"href":"https:\/\/amy.com.pl\/zh-hans\/wp-json\/wp\/v2\/product_tag?post=32005"}],"curies":[{"name":"wp","href":"https:\/\/api.w.org\/{rel}","templated":true}]}}