{"id":31923,"date":"2023-03-10T12:36:59","date_gmt":"2023-03-10T11:36:59","guid":{"rendered":"https:\/\/amy.com.pl\/?post_type=product&#038;p=31923"},"modified":"2023-08-26T15:08:42","modified_gmt":"2023-08-26T13:08:42","slug":"kokon-niemowlecy-bawelniany-dwustronny-xxl","status":"publish","type":"product","link":"https:\/\/amy.com.pl\/zh-hans\/produkt\/kokon-niemowlecy-bawelniany-dwustronny-xxl\/","title":{"rendered":"Kokon niemowl\u0119cy bawe\u0142niany dwustronny XXL"},"content":{"rendered":"<h1><strong>Kokon niemowl\u0119cy bawe\u0142niany dwustronny XXL<\/strong><\/h1>\n<p><strong>Kokon niemowl\u0119cy bawe\u0142niany dwustronny XXL<\/strong>\u00a0z kolekcji Nature Cotton by Amy to gwarancja spokojnego i bezpiecznego snu Twojego maluszka. Mi\u0119ciutki i delikatny kokon mo\u017cna wykorzystywa\u0107 na wiele sposob\u00f3w, kt\u00f3re podpowiada wyobra\u017ania. Doskonale si\u0119 sprawdza w niemowl\u0119cym \u0142\u00f3\u017ceczku i w \u0142\u00f3\u017cku rodzic\u00f3w. Siedz\u0105cym Maluszkom towarzyszy podczas zabaw na pod\u0142odze, a starszaki wykorzystuj\u0105 go na r\u00f3\u017cne sposoby w trakcie kreatywnych szale\u0144stw. Kiedy wyjedziecie na wakacje nasz kokon sprawdzi si\u0119 jako turystyczne \u0142\u00f3\u017ceczko i mata do przewijania.<\/p>\n<h2><strong>Tkanina bawe\u0142niana<\/strong><\/h2>\n<p>Wybrali\u015bmy najwy\u017cszej jako\u015bci bawe\u0142n\u0119, kt\u00f3ra:<\/p>\n<ul>\n<li>\u00a0jest niezwykle mi\u0119kka i delikatna<\/li>\n<li>cudowanie otula podczas snu<\/li>\n<li>jest bezpieczna dla wra\u017cliwej sk\u00f3ry Maluszka<\/li>\n<li>jest bardzo wytrzyma\u0142a, w rezultacie wielokrotnie prana nie zmienia koloru i kszta\u0142tu<\/li>\n<\/ul>\n<h2><strong>Wype\u0142nienie BabySoft<\/strong><\/h2>\n<p>Wype\u0142nienie kokonu to ocieplina silikonowana BabySoft, czyli gwarancja odpowiedniej grubo\u015bci i mi\u0119kko\u015bci, daj\u0105ca pewno\u015b\u0107, \u017ce dziecko nie zmarznie i si\u0119 nie przegrzeje. Odpowiednio dobrana struktura w\u0142\u00f3kien sprawia, \u017ce jest idealna dla wra\u017cliwej sk\u00f3ry maluszka.<\/p>\n","protected":false},"excerpt":{"rendered":"<p><strong>Kokon niemowl\u0119cy bawe\u0142niany dwustronny XXL AMY<\/strong>\u00a0to gwarancja spokojnego i bezpiecznego snu Twojego Maluszka. Mi\u0119ciutki i delikatny kokon mo\u017cna wykorzystywa\u0107 na wiele sposob\u00f3w, kt\u00f3re podpowiada wyobra\u017ania. Doskonale sprawdza si\u0119 w niemowl\u0119cym \u0142\u00f3\u017ceczku i w \u0142\u00f3\u017cku rodzic\u00f3w. Siedz\u0105cym Maluszkom towarzyszy podczas zabaw na pod\u0142odze, a starszaki wykorzystuj\u0105 go na r\u00f3\u017cne sposoby w trakcie kreatywnych szale\u0144stw. Kiedy wyjedziecie na wakacje nasz kokon sprawdzi si\u0119 jako turystyczne \u0142\u00f3\u017ceczko i mata do przewijania.<\/p>\n","protected":false},"featured_media":31913,"template":"","meta":{"_kad_post_transparent":"default","_kad_post_title":"","_kad_post_layout":"default","_kad_post_sidebar_id":"","_kad_post_content_style":"default","_kad_post_vertical_padding":"default","_kad_post_feature":"","_kad_post_feature_position":"","_kad_post_header":false,"_kad_post_footer":false,"_links_to":"","_links_to_target":""},"product_cat":[660,261,61],"product_tag":[],"yoast_head":"<!-- This site is optimized with the Yoast SEO Premium plugin v20.7 (Yoast SEO v20.7) - https:\/\/yoast.com\/wordpress\/plugins\/seo\/ -->\n<title>Kokon niemowl\u0119cy bawe\u0142niany dwustronny XXL<\/title>\n<meta name=\"description\" content=\"Kokon niemowl\u0119cy bawe\u0142niany dwustronny to gwarancja spokojnego i bezpiecznego snu Twojego Maluszka. Doskonale sprawdza si\u0119 w \u0142\u00f3\u017ceczku i w \u0142\u00f3\u017cku rodzic\u00f3w,\" \/>\n<meta name=\"robots\" content=\"index, follow, max-snippet:-1, max-image-preview:large, max-video-preview:-1\" \/>\n<link rel=\"canonical\" href=\"https:\/\/amy.com.pl\/produkt\/kokon-niemowlecy-bawelniany-dwustronny-xxl\/\" \/>\n<meta property=\"og:locale\" content=\"zh_CN\" \/>\n<meta property=\"og:type\" content=\"article\" \/>\n<meta property=\"og:title\" content=\"Kokon niemowl\u0119cy bawe\u0142niany dwustronny XXL\" \/>\n<meta property=\"og:description\" content=\"Kokon niemowl\u0119cy bawe\u0142niany dwustronny to gwarancja spokojnego i bezpiecznego snu Twojego Maluszka. Doskonale sprawdza si\u0119 w \u0142\u00f3\u017ceczku i w \u0142\u00f3\u017cku rodzic\u00f3w,\" \/>\n<meta property=\"og:url\" content=\"https:\/\/amy.com.pl\/produkt\/kokon-niemowlecy-bawelniany-dwustronny-xxl\/\" \/>\n<meta property=\"og:site_name\" content=\"AMY\" \/>\n<meta property=\"article:publisher\" content=\"https:\/\/www.facebook.com\/poscielAMY\" \/>\n<meta property=\"article:modified_time\" content=\"2023-08-26T13:08:42+00:00\" \/>\n<meta property=\"og:image\" content=\"https:\/\/amy.com.pl\/wp-content\/uploads\/2023\/03\/AMY_kokon_swd_osl_50_90_SARNA-OLIWKA-D119_SD1.jpg\" \/>\n\t<meta property=\"og:image:width\" content=\"1500\" \/>\n\t<meta property=\"og:image:height\" content=\"2126\" \/>\n\t<meta property=\"og:image:type\" content=\"image\/jpeg\" \/>\n<meta name=\"twitter:card\" content=\"summary_large_image\" \/>\n<script type=\"application\/ld+json\" class=\"yoast-schema-graph\">{\"@context\":\"https:\/\/schema.org\",\"@graph\":[{\"@type\":\"WebPage\",\"@id\":\"https:\/\/amy.com.pl\/produkt\/kokon-niemowlecy-bawelniany-dwustronny-xxl\/\",\"url\":\"https:\/\/amy.com.pl\/produkt\/kokon-niemowlecy-bawelniany-dwustronny-xxl\/\",\"name\":\"Kokon niemowl\u0119cy bawe\u0142niany dwustronny XXL\",\"isPartOf\":{\"@id\":\"https:\/\/amy.com.pl\/en\/#website\"},\"datePublished\":\"2023-03-10T11:36:59+00:00\",\"dateModified\":\"2023-08-26T13:08:42+00:00\",\"description\":\"Kokon niemowl\u0119cy bawe\u0142niany dwustronny to gwarancja spokojnego i bezpiecznego snu Twojego Maluszka. Doskonale sprawdza si\u0119 w \u0142\u00f3\u017ceczku i w \u0142\u00f3\u017cku rodzic\u00f3w,\",\"breadcrumb\":{\"@id\":\"https:\/\/amy.com.pl\/produkt\/kokon-niemowlecy-bawelniany-dwustronny-xxl\/#breadcrumb\"},\"inLanguage\":\"zh-CN\",\"potentialAction\":[{\"@type\":\"ReadAction\",\"target\":[\"https:\/\/amy.com.pl\/produkt\/kokon-niemowlecy-bawelniany-dwustronny-xxl\/\"]}]},{\"@type\":\"BreadcrumbList\",\"@id\":\"https:\/\/amy.com.pl\/produkt\/kokon-niemowlecy-bawelniany-dwustronny-xxl\/#breadcrumb\",\"itemListElement\":[{\"@type\":\"ListItem\",\"position\":1,\"name\":\"Strona g\u0142\u00f3wna\",\"item\":\"https:\/\/amy.com.pl\/zh-hans\/\"},{\"@type\":\"ListItem\",\"position\":2,\"name\":\"\u4ea7\u54c1\",\"item\":\"https:\/\/amy.com.pl\/zh-hans\/shop-zh\/\"},{\"@type\":\"ListItem\",\"position\":3,\"name\":\"Kokon niemowl\u0119cy bawe\u0142niany dwustronny XXL\"}]},{\"@type\":\"WebSite\",\"@id\":\"https:\/\/amy.com.pl\/en\/#website\",\"url\":\"https:\/\/amy.com.pl\/en\/\",\"name\":\"AMY\",\"description\":\"\u6211\u5011\u7528\u611b\u64c1\u62b1\",\"publisher\":{\"@id\":\"https:\/\/amy.com.pl\/en\/#organization\"},\"potentialAction\":[{\"@type\":\"SearchAction\",\"target\":{\"@type\":\"EntryPoint\",\"urlTemplate\":\"https:\/\/amy.com.pl\/en\/?s={search_term_string}\"},\"query-input\":\"required name=search_term_string\"}],\"inLanguage\":\"zh-CN\"},{\"@type\":\"Organization\",\"@id\":\"https:\/\/amy.com.pl\/en\/#organization\",\"name\":\"Amy Sp. z o.o. Sp.K.\",\"url\":\"https:\/\/amy.com.pl\/en\/\",\"logo\":{\"@type\":\"ImageObject\",\"inLanguage\":\"zh-CN\",\"@id\":\"https:\/\/amy.com.pl\/en\/#\/schema\/logo\/image\/\",\"url\":\"https:\/\/amy.com.pl\/wp-content\/uploads\/2021\/09\/amy_logo.webp\",\"contentUrl\":\"https:\/\/amy.com.pl\/wp-content\/uploads\/2021\/09\/amy_logo.webp\",\"width\":130,\"height\":56,\"caption\":\"Amy Sp. z o.o. Sp.K.\"},\"image\":{\"@id\":\"https:\/\/amy.com.pl\/en\/#\/schema\/logo\/image\/\"},\"sameAs\":[\"https:\/\/www.facebook.com\/poscielAMY\",\"https:\/\/www.instagram.com\/amy_baby_bedding\/\",\"https:\/\/pl.pinterest.com\/poscielAMY\/\",\"https:\/\/www.youtube.com\/channel\/UC66RGd_7QHa8wV3rbkpjqrQ\"]}]}<\/script>\n<meta property=\"og:availability\" content=\"instock\" \/>\n<meta property=\"product:availability\" content=\"instock\" \/>\n<meta property=\"product:condition\" content=\"new\" \/>\n<!-- \/ Yoast SEO Premium plugin. -->","yoast_head_json":{"title":"Kokon niemowl\u0119cy bawe\u0142niany dwustronny XXL","description":"Kokon niemowl\u0119cy bawe\u0142niany dwustronny to gwarancja spokojnego i bezpiecznego snu Twojego Maluszka. Doskonale sprawdza si\u0119 w \u0142\u00f3\u017ceczku i w \u0142\u00f3\u017cku rodzic\u00f3w,","robots":{"index":"index","follow":"follow","max-snippet":"max-snippet:-1","max-image-preview":"max-image-preview:large","max-video-preview":"max-video-preview:-1"},"canonical":"https:\/\/amy.com.pl\/produkt\/kokon-niemowlecy-bawelniany-dwustronny-xxl\/","og_locale":"zh_CN","og_type":"article","og_title":"Kokon niemowl\u0119cy bawe\u0142niany dwustronny XXL","og_description":"Kokon niemowl\u0119cy bawe\u0142niany dwustronny to gwarancja spokojnego i bezpiecznego snu Twojego Maluszka. Doskonale sprawdza si\u0119 w \u0142\u00f3\u017ceczku i w \u0142\u00f3\u017cku rodzic\u00f3w,","og_url":"https:\/\/amy.com.pl\/produkt\/kokon-niemowlecy-bawelniany-dwustronny-xxl\/","og_site_name":"AMY","article_publisher":"https:\/\/www.facebook.com\/poscielAMY","article_modified_time":"2023-08-26T13:08:42+00:00","og_image":[{"width":1500,"height":2126,"url":"https:\/\/amy.com.pl\/wp-content\/uploads\/2023\/03\/AMY_kokon_swd_osl_50_90_SARNA-OLIWKA-D119_SD1.jpg","type":"image\/jpeg"}],"twitter_card":"summary_large_image","schema":{"@context":"https:\/\/schema.org","@graph":[{"@type":"WebPage","@id":"https:\/\/amy.com.pl\/produkt\/kokon-niemowlecy-bawelniany-dwustronny-xxl\/","url":"https:\/\/amy.com.pl\/produkt\/kokon-niemowlecy-bawelniany-dwustronny-xxl\/","name":"Kokon niemowl\u0119cy bawe\u0142niany dwustronny XXL","isPartOf":{"@id":"https:\/\/amy.com.pl\/en\/#website"},"datePublished":"2023-03-10T11:36:59+00:00","dateModified":"2023-08-26T13:08:42+00:00","description":"Kokon niemowl\u0119cy bawe\u0142niany dwustronny to gwarancja spokojnego i bezpiecznego snu Twojego Maluszka. Doskonale sprawdza si\u0119 w \u0142\u00f3\u017ceczku i w \u0142\u00f3\u017cku rodzic\u00f3w,","breadcrumb":{"@id":"https:\/\/amy.com.pl\/produkt\/kokon-niemowlecy-bawelniany-dwustronny-xxl\/#breadcrumb"},"inLanguage":"zh-CN","potentialAction":[{"@type":"ReadAction","target":["https:\/\/amy.com.pl\/produkt\/kokon-niemowlecy-bawelniany-dwustronny-xxl\/"]}]},{"@type":"BreadcrumbList","@id":"https:\/\/amy.com.pl\/produkt\/kokon-niemowlecy-bawelniany-dwustronny-xxl\/#breadcrumb","itemListElement":[{"@type":"ListItem","position":1,"name":"Strona g\u0142\u00f3wna","item":"https:\/\/amy.com.pl\/zh-hans\/"},{"@type":"ListItem","position":2,"name":"\u4ea7\u54c1","item":"https:\/\/amy.com.pl\/zh-hans\/shop-zh\/"},{"@type":"ListItem","position":3,"name":"Kokon niemowl\u0119cy bawe\u0142niany dwustronny XXL"}]},{"@type":"WebSite","@id":"https:\/\/amy.com.pl\/en\/#website","url":"https:\/\/amy.com.pl\/en\/","name":"AMY","description":"\u6211\u5011\u7528\u611b\u64c1\u62b1","publisher":{"@id":"https:\/\/amy.com.pl\/en\/#organization"},"potentialAction":[{"@type":"SearchAction","target":{"@type":"EntryPoint","urlTemplate":"https:\/\/amy.com.pl\/en\/?s={search_term_string}"},"query-input":"required name=search_term_string"}],"inLanguage":"zh-CN"},{"@type":"Organization","@id":"https:\/\/amy.com.pl\/en\/#organization","name":"Amy Sp. z o.o. Sp.K.","url":"https:\/\/amy.com.pl\/en\/","logo":{"@type":"ImageObject","inLanguage":"zh-CN","@id":"https:\/\/amy.com.pl\/en\/#\/schema\/logo\/image\/","url":"https:\/\/amy.com.pl\/wp-content\/uploads\/2021\/09\/amy_logo.webp","contentUrl":"https:\/\/amy.com.pl\/wp-content\/uploads\/2021\/09\/amy_logo.webp","width":130,"height":56,"caption":"Amy Sp. z o.o. Sp.K."},"image":{"@id":"https:\/\/amy.com.pl\/en\/#\/schema\/logo\/image\/"},"sameAs":["https:\/\/www.facebook.com\/poscielAMY","https:\/\/www.instagram.com\/amy_baby_bedding\/","https:\/\/pl.pinterest.com\/poscielAMY\/","https:\/\/www.youtube.com\/channel\/UC66RGd_7QHa8wV3rbkpjqrQ"]}]},"og_availability":"instock","product_availability":"instock","product_condition":"new"},"_links":{"self":[{"href":"https:\/\/amy.com.pl\/zh-hans\/wp-json\/wp\/v2\/product\/31923"}],"collection":[{"href":"https:\/\/amy.com.pl\/zh-hans\/wp-json\/wp\/v2\/product"}],"about":[{"href":"https:\/\/amy.com.pl\/zh-hans\/wp-json\/wp\/v2\/types\/product"}],"wp:featuredmedia":[{"embeddable":true,"href":"https:\/\/amy.com.pl\/zh-hans\/wp-json\/wp\/v2\/media\/31913"}],"wp:attachment":[{"href":"https:\/\/amy.com.pl\/zh-hans\/wp-json\/wp\/v2\/media?parent=31923"}],"wp:term":[{"taxonomy":"product_cat","embeddable":true,"href":"https:\/\/amy.com.pl\/zh-hans\/wp-json\/wp\/v2\/product_cat?post=31923"},{"taxonomy":"product_tag","embeddable":true,"href":"https:\/\/amy.com.pl\/zh-hans\/wp-json\/wp\/v2\/product_tag?post=31923"}],"curies":[{"name":"wp","href":"https:\/\/api.w.org\/{rel}","templated":true}]}}