{"id":31644,"date":"2023-03-09T12:33:13","date_gmt":"2023-03-09T11:33:13","guid":{"rendered":"https:\/\/amy.com.pl\/?post_type=product&#038;p=31644"},"modified":"2023-08-26T15:08:32","modified_gmt":"2023-08-26T13:08:32","slug":"rozek-niemowlecy-bawelniany-z-usztywnieniem","status":"publish","type":"product","link":"https:\/\/amy.com.pl\/zh-hans\/produkt\/rozek-niemowlecy-bawelniany-z-usztywnieniem\/","title":{"rendered":"Ro\u017cek niemowl\u0119cy bawe\u0142niany z usztywnieniem"},"content":{"rendered":"<h1><strong>Ro\u017cek niemowl\u0119cy bawe\u0142niany AMY z usztywnieniem<\/strong><\/h1>\n<p>&nbsp;<\/p>\n<p>&nbsp;<\/p>\n<p><strong>Ro\u017cek niemowl\u0119cy bawe\u0142niany z usztywnieniem marki AMY z\u00a0 kolekcji Nature Cotton by Amy<\/strong> to gwarancja spokojnego i bezpiecznego snu Twojego Maluszka. Ro\u017cek jest delikatny i mi\u0119ciutki, otula sk\u00f3r\u0119 dziecka. Zapewnia optymaln\u0105 temperatur\u0119 cia\u0142a o ka\u017cdej porze roku. Wiemy, \u017ce Maluszek najlepiej czu\u0142 si\u0119 w brzuszku mamy, dlatego nasz wyj\u0105tkowy ro\u017cek marki AMY przypomina mu o tym, co najlepsze. Kolorowe i urocze motywy wprowadzaj\u0105 niemowlaka w bajkowy \u015bwiat.<\/p>\n<p>&nbsp;<\/p>\n<h4>Tkanina bawe\u0142niana<\/h4>\n<p>&nbsp;<\/p>\n<p>Wybrali\u015bmy najwy\u017cszej jako\u015bci bawe\u0142n\u0119, kt\u00f3ra:<\/p>\n<ul>\n<li>\u00a0jest niezwykle mi\u0119kka i delikatna<\/li>\n<li>cudowanie otula podczas snu<\/li>\n<li>jest bezpieczna dla wra\u017cliwej sk\u00f3ry Maluszka<\/li>\n<li>jest bardzo wytrzyma\u0142a, w rezultacie wielokrotnie prana nie zmienia koloru i kszta\u0142tu<\/li>\n<\/ul>\n<p>&nbsp;<\/p>\n<h4><strong>Wype\u0142nienie BabySoft<\/strong><\/h4>\n<p>&nbsp;<\/p>\n<p>Wype\u0142nienie\u00a0 to antyalergiczny poliester BabySoft, czyli gwarancja odpowiedniej grubo\u015bci i mi\u0119kko\u015bci,\u00a0 w rezultacie daj\u0105ca pewno\u015b\u0107, \u017ce dziecko nie zmarznie i si\u0119 nie przegrzeje. Odpowiednio dobrali\u015bmy struktur\u0119 w\u0142\u00f3kien, poniewa\u017c jest ona idealna dla wra\u017cliwej sk\u00f3ry Maluszka.<\/p>\n<h4><strong>Usztywnienie kokosowe\u00a0<\/strong><\/h4>\n<p>Kokosowy wk\u0142ad wyprodukowali\u015bmy z naturalnych w\u0142\u00f3kien ze skorupy kokosa. Jest zdrowy dla delikatnego kr\u0119gos\u0142upa niemowlaka, w rezultacie g\u0142\u00f3wka dziecka si\u0119 nie zapada i Maluszek \u015bpi lub odpoczywa w odpowiedniej pozycji. Becik posiada specjaln\u0105 kiesze\u0144, z kt\u00f3rej bez problemu mo\u017cna wyci\u0105gn\u0105\u0107 kokosowy wk\u0142ad w celu wyczyszczenia.<\/p>\n<p>Nasz ro\u017cek niemowl\u0119cy bawe\u0142niany b\u0119dzie Wam towarzyszy\u0107 od pierwszych chwil \u017cycia, a\u017c do wieku przedszkolnego. Kiedy Maluszek uro\u015bnie mo\u017cna go wykorzysta\u0107 jako ko\u0142derk\u0119 do w\u00f3zka lub mat\u0119 do zabawy. Produkt sprawdzi si\u0119 jako wyj\u0105tkowy prezent dla wyj\u0105tkowego Maluszka. Kupuj\u0105c ten komplet otrzymasz w zestawie: becik-ro\u017cek 78x78cm. Poszewki wykonali\u015bmy z najwy\u017cszej jako\u015bci tkaniny w 100% bawe\u0142nianej. Wype\u0142nienie to 100% antyalergiczny poliester BabySoft\u00ae.<\/p>\n","protected":false},"excerpt":{"rendered":"<p><strong>Ro\u017cek niemowl\u0119cy z usztywnieniem marki AMY<\/strong> to gwarancja spokojnego i bezpiecznego snu Twojego Maluszka. Kolorowe i urocze motywy wprowadzaj\u0105 niemowlaka w bajkowy \u015bwiat.<\/p>\n","protected":false},"featured_media":30616,"template":"","meta":{"_kad_post_transparent":"default","_kad_post_title":"","_kad_post_layout":"default","_kad_post_sidebar_id":"","_kad_post_content_style":"default","_kad_post_vertical_padding":"default","_kad_post_feature":"","_kad_post_feature_position":"","_kad_post_header":false,"_kad_post_footer":false,"_links_to":"","_links_to_target":""},"product_cat":[284,261,61],"product_tag":[],"yoast_head":"<!-- This site is optimized with the Yoast SEO Premium plugin v20.7 (Yoast SEO v20.7) - https:\/\/yoast.com\/wordpress\/plugins\/seo\/ -->\n<title>Ro\u017cek niemowl\u0119cy bawe\u0142niany z usztywnieniem - AMY<\/title>\n<meta name=\"description\" content=\"Ro\u017cek niemowl\u0119cy bawe\u0142niany z usztywnieniem marki AMY jest mi\u0119ciutki, otula sk\u00f3r\u0119 dziecka. Zapewnia optymaln\u0105 temperatur\u0119 cia\u0142a o ka\u017cdej porze roku.\" \/>\n<meta name=\"robots\" content=\"index, follow, max-snippet:-1, max-image-preview:large, max-video-preview:-1\" \/>\n<link rel=\"canonical\" href=\"https:\/\/amy.com.pl\/produkt\/rozek-niemowlecy-bawelniany-z-usztywnieniem\/\" \/>\n<meta property=\"og:locale\" content=\"zh_CN\" \/>\n<meta property=\"og:type\" content=\"article\" \/>\n<meta property=\"og:title\" content=\"Ro\u017cek niemowl\u0119cy bawe\u0142niany z usztywnieniem\" \/>\n<meta property=\"og:description\" content=\"Ro\u017cek niemowl\u0119cy bawe\u0142niany z usztywnieniem marki AMY jest mi\u0119ciutki, otula sk\u00f3r\u0119 dziecka. Zapewnia optymaln\u0105 temperatur\u0119 cia\u0142a o ka\u017cdej porze roku.\" \/>\n<meta property=\"og:url\" content=\"https:\/\/amy.com.pl\/produkt\/rozek-niemowlecy-bawelniany-z-usztywnieniem\/\" \/>\n<meta property=\"og:site_name\" content=\"AMY\" \/>\n<meta property=\"article:publisher\" content=\"https:\/\/www.facebook.com\/poscielAMY\" \/>\n<meta property=\"article:modified_time\" content=\"2023-08-26T13:08:32+00:00\" \/>\n<meta property=\"og:image\" content=\"https:\/\/amy.com.pl\/wp-content\/uploads\/2022\/11\/Rozek_niemowlecy_tradycja22_miniatura.jpg\" \/>\n\t<meta property=\"og:image:width\" content=\"1500\" \/>\n\t<meta property=\"og:image:height\" content=\"2066\" \/>\n\t<meta property=\"og:image:type\" content=\"image\/jpeg\" \/>\n<meta name=\"twitter:card\" content=\"summary_large_image\" \/>\n<script type=\"application\/ld+json\" class=\"yoast-schema-graph\">{\"@context\":\"https:\/\/schema.org\",\"@graph\":[{\"@type\":\"WebPage\",\"@id\":\"https:\/\/amy.com.pl\/produkt\/rozek-niemowlecy-bawelniany-z-usztywnieniem\/\",\"url\":\"https:\/\/amy.com.pl\/produkt\/rozek-niemowlecy-bawelniany-z-usztywnieniem\/\",\"name\":\"Ro\u017cek niemowl\u0119cy bawe\u0142niany z usztywnieniem - AMY\",\"isPartOf\":{\"@id\":\"https:\/\/amy.com.pl\/en\/#website\"},\"datePublished\":\"2023-03-09T11:33:13+00:00\",\"dateModified\":\"2023-08-26T13:08:32+00:00\",\"description\":\"Ro\u017cek niemowl\u0119cy bawe\u0142niany z usztywnieniem marki AMY jest mi\u0119ciutki, otula sk\u00f3r\u0119 dziecka. Zapewnia optymaln\u0105 temperatur\u0119 cia\u0142a o ka\u017cdej porze roku.\",\"breadcrumb\":{\"@id\":\"https:\/\/amy.com.pl\/produkt\/rozek-niemowlecy-bawelniany-z-usztywnieniem\/#breadcrumb\"},\"inLanguage\":\"zh-CN\",\"potentialAction\":[{\"@type\":\"ReadAction\",\"target\":[\"https:\/\/amy.com.pl\/produkt\/rozek-niemowlecy-bawelniany-z-usztywnieniem\/\"]}]},{\"@type\":\"BreadcrumbList\",\"@id\":\"https:\/\/amy.com.pl\/produkt\/rozek-niemowlecy-bawelniany-z-usztywnieniem\/#breadcrumb\",\"itemListElement\":[{\"@type\":\"ListItem\",\"position\":1,\"name\":\"Strona g\u0142\u00f3wna\",\"item\":\"https:\/\/amy.com.pl\/zh-hans\/\"},{\"@type\":\"ListItem\",\"position\":2,\"name\":\"\u4ea7\u54c1\",\"item\":\"https:\/\/amy.com.pl\/zh-hans\/shop-zh\/\"},{\"@type\":\"ListItem\",\"position\":3,\"name\":\"Ro\u017cek niemowl\u0119cy bawe\u0142niany z usztywnieniem\"}]},{\"@type\":\"WebSite\",\"@id\":\"https:\/\/amy.com.pl\/en\/#website\",\"url\":\"https:\/\/amy.com.pl\/en\/\",\"name\":\"AMY\",\"description\":\"\u6211\u5011\u7528\u611b\u64c1\u62b1\",\"publisher\":{\"@id\":\"https:\/\/amy.com.pl\/en\/#organization\"},\"potentialAction\":[{\"@type\":\"SearchAction\",\"target\":{\"@type\":\"EntryPoint\",\"urlTemplate\":\"https:\/\/amy.com.pl\/en\/?s={search_term_string}\"},\"query-input\":\"required name=search_term_string\"}],\"inLanguage\":\"zh-CN\"},{\"@type\":\"Organization\",\"@id\":\"https:\/\/amy.com.pl\/en\/#organization\",\"name\":\"Amy Sp. z o.o. Sp.K.\",\"url\":\"https:\/\/amy.com.pl\/en\/\",\"logo\":{\"@type\":\"ImageObject\",\"inLanguage\":\"zh-CN\",\"@id\":\"https:\/\/amy.com.pl\/en\/#\/schema\/logo\/image\/\",\"url\":\"https:\/\/amy.com.pl\/wp-content\/uploads\/2021\/09\/amy_logo.webp\",\"contentUrl\":\"https:\/\/amy.com.pl\/wp-content\/uploads\/2021\/09\/amy_logo.webp\",\"width\":130,\"height\":56,\"caption\":\"Amy Sp. z o.o. Sp.K.\"},\"image\":{\"@id\":\"https:\/\/amy.com.pl\/en\/#\/schema\/logo\/image\/\"},\"sameAs\":[\"https:\/\/www.facebook.com\/poscielAMY\",\"https:\/\/www.instagram.com\/amy_baby_bedding\/\",\"https:\/\/pl.pinterest.com\/poscielAMY\/\",\"https:\/\/www.youtube.com\/channel\/UC66RGd_7QHa8wV3rbkpjqrQ\"]}]}<\/script>\n<meta property=\"og:availability\" content=\"instock\" \/>\n<meta property=\"product:availability\" content=\"instock\" \/>\n<meta property=\"product:condition\" content=\"new\" \/>\n<!-- \/ Yoast SEO Premium plugin. -->","yoast_head_json":{"title":"Ro\u017cek niemowl\u0119cy bawe\u0142niany z usztywnieniem - AMY","description":"Ro\u017cek niemowl\u0119cy bawe\u0142niany z usztywnieniem marki AMY jest mi\u0119ciutki, otula sk\u00f3r\u0119 dziecka. Zapewnia optymaln\u0105 temperatur\u0119 cia\u0142a o ka\u017cdej porze roku.","robots":{"index":"index","follow":"follow","max-snippet":"max-snippet:-1","max-image-preview":"max-image-preview:large","max-video-preview":"max-video-preview:-1"},"canonical":"https:\/\/amy.com.pl\/produkt\/rozek-niemowlecy-bawelniany-z-usztywnieniem\/","og_locale":"zh_CN","og_type":"article","og_title":"Ro\u017cek niemowl\u0119cy bawe\u0142niany z usztywnieniem","og_description":"Ro\u017cek niemowl\u0119cy bawe\u0142niany z usztywnieniem marki AMY jest mi\u0119ciutki, otula sk\u00f3r\u0119 dziecka. Zapewnia optymaln\u0105 temperatur\u0119 cia\u0142a o ka\u017cdej porze roku.","og_url":"https:\/\/amy.com.pl\/produkt\/rozek-niemowlecy-bawelniany-z-usztywnieniem\/","og_site_name":"AMY","article_publisher":"https:\/\/www.facebook.com\/poscielAMY","article_modified_time":"2023-08-26T13:08:32+00:00","og_image":[{"width":1500,"height":2066,"url":"https:\/\/amy.com.pl\/wp-content\/uploads\/2022\/11\/Rozek_niemowlecy_tradycja22_miniatura.jpg","type":"image\/jpeg"}],"twitter_card":"summary_large_image","schema":{"@context":"https:\/\/schema.org","@graph":[{"@type":"WebPage","@id":"https:\/\/amy.com.pl\/produkt\/rozek-niemowlecy-bawelniany-z-usztywnieniem\/","url":"https:\/\/amy.com.pl\/produkt\/rozek-niemowlecy-bawelniany-z-usztywnieniem\/","name":"Ro\u017cek niemowl\u0119cy bawe\u0142niany z usztywnieniem - AMY","isPartOf":{"@id":"https:\/\/amy.com.pl\/en\/#website"},"datePublished":"2023-03-09T11:33:13+00:00","dateModified":"2023-08-26T13:08:32+00:00","description":"Ro\u017cek niemowl\u0119cy bawe\u0142niany z usztywnieniem marki AMY jest mi\u0119ciutki, otula sk\u00f3r\u0119 dziecka. Zapewnia optymaln\u0105 temperatur\u0119 cia\u0142a o ka\u017cdej porze roku.","breadcrumb":{"@id":"https:\/\/amy.com.pl\/produkt\/rozek-niemowlecy-bawelniany-z-usztywnieniem\/#breadcrumb"},"inLanguage":"zh-CN","potentialAction":[{"@type":"ReadAction","target":["https:\/\/amy.com.pl\/produkt\/rozek-niemowlecy-bawelniany-z-usztywnieniem\/"]}]},{"@type":"BreadcrumbList","@id":"https:\/\/amy.com.pl\/produkt\/rozek-niemowlecy-bawelniany-z-usztywnieniem\/#breadcrumb","itemListElement":[{"@type":"ListItem","position":1,"name":"Strona g\u0142\u00f3wna","item":"https:\/\/amy.com.pl\/zh-hans\/"},{"@type":"ListItem","position":2,"name":"\u4ea7\u54c1","item":"https:\/\/amy.com.pl\/zh-hans\/shop-zh\/"},{"@type":"ListItem","position":3,"name":"Ro\u017cek niemowl\u0119cy bawe\u0142niany z usztywnieniem"}]},{"@type":"WebSite","@id":"https:\/\/amy.com.pl\/en\/#website","url":"https:\/\/amy.com.pl\/en\/","name":"AMY","description":"\u6211\u5011\u7528\u611b\u64c1\u62b1","publisher":{"@id":"https:\/\/amy.com.pl\/en\/#organization"},"potentialAction":[{"@type":"SearchAction","target":{"@type":"EntryPoint","urlTemplate":"https:\/\/amy.com.pl\/en\/?s={search_term_string}"},"query-input":"required name=search_term_string"}],"inLanguage":"zh-CN"},{"@type":"Organization","@id":"https:\/\/amy.com.pl\/en\/#organization","name":"Amy Sp. z o.o. Sp.K.","url":"https:\/\/amy.com.pl\/en\/","logo":{"@type":"ImageObject","inLanguage":"zh-CN","@id":"https:\/\/amy.com.pl\/en\/#\/schema\/logo\/image\/","url":"https:\/\/amy.com.pl\/wp-content\/uploads\/2021\/09\/amy_logo.webp","contentUrl":"https:\/\/amy.com.pl\/wp-content\/uploads\/2021\/09\/amy_logo.webp","width":130,"height":56,"caption":"Amy Sp. z o.o. Sp.K."},"image":{"@id":"https:\/\/amy.com.pl\/en\/#\/schema\/logo\/image\/"},"sameAs":["https:\/\/www.facebook.com\/poscielAMY","https:\/\/www.instagram.com\/amy_baby_bedding\/","https:\/\/pl.pinterest.com\/poscielAMY\/","https:\/\/www.youtube.com\/channel\/UC66RGd_7QHa8wV3rbkpjqrQ"]}]},"og_availability":"instock","product_availability":"instock","product_condition":"new"},"_links":{"self":[{"href":"https:\/\/amy.com.pl\/zh-hans\/wp-json\/wp\/v2\/product\/31644"}],"collection":[{"href":"https:\/\/amy.com.pl\/zh-hans\/wp-json\/wp\/v2\/product"}],"about":[{"href":"https:\/\/amy.com.pl\/zh-hans\/wp-json\/wp\/v2\/types\/product"}],"wp:featuredmedia":[{"embeddable":true,"href":"https:\/\/amy.com.pl\/zh-hans\/wp-json\/wp\/v2\/media\/30616"}],"wp:attachment":[{"href":"https:\/\/amy.com.pl\/zh-hans\/wp-json\/wp\/v2\/media?parent=31644"}],"wp:term":[{"taxonomy":"product_cat","embeddable":true,"href":"https:\/\/amy.com.pl\/zh-hans\/wp-json\/wp\/v2\/product_cat?post=31644"},{"taxonomy":"product_tag","embeddable":true,"href":"https:\/\/amy.com.pl\/zh-hans\/wp-json\/wp\/v2\/product_tag?post=31644"}],"curies":[{"name":"wp","href":"https:\/\/api.w.org\/{rel}","templated":true}]}}