{"id":30259,"date":"2022-11-30T14:12:15","date_gmt":"2022-11-30T13:12:15","guid":{"rendered":"https:\/\/amy.com.pl\/?post_type=product&#038;p=30259"},"modified":"2023-08-26T15:08:22","modified_gmt":"2023-08-26T13:08:22","slug":"poduszka-do-karmienia-jednobarwna-z-poszewka-bawelniana","status":"publish","type":"product","link":"https:\/\/amy.com.pl\/zh-hans\/produkt\/poduszka-do-karmienia-jednobarwna-z-poszewka-bawelniana\/","title":{"rendered":"Poduszka ci\u0105\u017cowa do spania jednobarwna z poszewk\u0105 bawe\u0142nian\u0105"},"content":{"rendered":"<h1><strong>Poduszka ci\u0105\u017cowa do spania<\/strong><\/h1>\n<p>&nbsp;<\/p>\n<p><strong>Poduszka ci\u0105\u017cowa do spania marki AMY<\/strong> towarzyszy mamom, kiedy Maluszek jest jeszcze w brzuszku. Dzi\u0119ki niej mo\u017cna przyj\u0105\u0107 wygodn\u0105 pozycj\u0119 podczas le\u017cenia i siedzenia, podpieraj\u0105c nogi lub brzuszek. Kiedy Maluszek pojawi si\u0119 na \u015bwiecie poduszka jest niezast\u0105pionym kompanem podczas karmienia piersi\u0105 i butelk\u0105. Jest du\u017ca, mi\u0119ciutka, zapewnia stabilne podparcie. Dzi\u0119ki temu gwarantuje Maluszkowi wygod\u0119 i bezpiecze\u0144stwo, a mamie spok\u00f3j i komfort.<\/p>\n<p>&nbsp;<\/p>\n<p>&nbsp;<\/p>\n<h4><strong>Tkanina Bawe\u0142niana<\/strong><\/h4>\n<p>&nbsp;<\/p>\n<p>Wybrali\u015bmy najwy\u017cszej jako\u015bci tkanin\u0119 bawe\u0142nian\u0105, kt\u00f3ra:<\/p>\n<ul>\n<li>jest oddychaj\u0105ca i przepuszcza wilgo\u0107<\/li>\n<li>pozwala zachowa\u0107 komfort podczas snu<\/li>\n<li>jest naturalna, mi\u0119kka i hipoalergiczna<\/li>\n<li>jest \u0142atwiejsza do prania i piel\u0119gnacji ni\u017c inne tkaniny<\/li>\n<li>chroni przed gor\u0105cem latem i zimnem zim\u0105<\/li>\n<\/ul>\n<p>&nbsp;<\/p>\n<h4><strong>Wype\u0142nienie BabySoft<\/strong><\/h4>\n<p>&nbsp;<\/p>\n<p>Wype\u0142nienie poduszki do karmienia niemowlaka to ocieplina silikonowana BabySoft, czyli gwarancja odpowiedniej grubo\u015bci i mi\u0119kko\u015bci, daj\u0105ca pewno\u015b\u0107, \u017ce dziecko nie zmarznie i si\u0119 nie przegrzeje. Odpowiednio dobrana struktura w\u0142\u00f3kien sprawia, \u017ce jest idealna dla wra\u017cliwej sk\u00f3ry Maluszka.<\/p>\n<p>&nbsp;<\/p>\n<p>Kupuj\u0105c ten produkt otrzymasz w zestawie: poduszk\u0119 ci\u0105\u017cow\u0105 do spania. Poszewki wykonano z najwy\u017cszej jako\u015bci tkanin w 100% bawe\u0142nianych. Wype\u0142nienie to 100% antyalergiczny poliester BabySoft\u00ae. Nasza poduszka do spania b\u0119dzie Wam towarzyszy\u0107 od pierwszych chwil \u017cycia, a\u017c do wieku przedszkolnego. Produkt sprawdzi si\u0119 jako wyj\u0105tkowy prezent dla wyj\u0105tkowego Maluszka.<\/p>\n","protected":false},"excerpt":{"rendered":"<p><strong>Poduszka do karmienia marki AMY<\/strong> jest du\u017ca, mi\u0119ciutka, zapewnia stabilne podparcie. Dzi\u0119ki temu gwarantuje Maluszkowi wygod\u0119 i bezpiecze\u0144stwo, a mamie spok\u00f3j i komfort.<\/p>\n","protected":false},"featured_media":30419,"template":"","meta":{"_kad_post_transparent":"default","_kad_post_title":"","_kad_post_layout":"default","_kad_post_sidebar_id":"","_kad_post_content_style":"default","_kad_post_vertical_padding":"default","_kad_post_feature":"","_kad_post_feature_position":"","_kad_post_header":false,"_kad_post_footer":false,"_links_to":"","_links_to_target":""},"product_cat":[261,61,677],"product_tag":[],"yoast_head":"<!-- This site is optimized with the Yoast SEO Premium plugin v20.7 (Yoast SEO v20.7) - https:\/\/yoast.com\/wordpress\/plugins\/seo\/ -->\n<title>Poduszka ci\u0105\u017cowa do spania - AMY<\/title>\n<meta name=\"description\" content=\"Poduszka ci\u0105\u017cowa do spania AMY jest niezast\u0105pionym kompanem podczas snu, karmienia piersi\u0105 i butelk\u0105. Gwarantuje Mamie i Maluszkowi wygod\u0119 i bezpiecze\u0144stwo.\" \/>\n<meta name=\"robots\" content=\"index, follow, max-snippet:-1, max-image-preview:large, max-video-preview:-1\" \/>\n<link rel=\"canonical\" href=\"https:\/\/amy.com.pl\/produkt\/poduszka-do-karmienia-jednobarwna-z-poszewka-bawelniana\/\" \/>\n<meta property=\"og:locale\" content=\"zh_CN\" \/>\n<meta property=\"og:type\" content=\"article\" \/>\n<meta property=\"og:title\" content=\"Poduszka ci\u0105\u017cowa do spania jednobarwna z poszewk\u0105 bawe\u0142nian\u0105\" \/>\n<meta property=\"og:description\" content=\"Poduszka ci\u0105\u017cowa do spania AMY jest niezast\u0105pionym kompanem podczas snu, karmienia piersi\u0105 i butelk\u0105. Gwarantuje Mamie i Maluszkowi wygod\u0119 i bezpiecze\u0144stwo.\" \/>\n<meta property=\"og:url\" content=\"https:\/\/amy.com.pl\/produkt\/poduszka-do-karmienia-jednobarwna-z-poszewka-bawelniana\/\" \/>\n<meta property=\"og:site_name\" content=\"AMY\" \/>\n<meta property=\"article:publisher\" content=\"https:\/\/www.facebook.com\/poscielAMY\" \/>\n<meta property=\"article:modified_time\" content=\"2023-08-26T13:08:22+00:00\" \/>\n<meta property=\"og:image\" content=\"https:\/\/amy.com.pl\/wp-content\/uploads\/2022\/11\/Poduszka-do-karmienia-barwa-miniatura-1.jpg\" \/>\n\t<meta property=\"og:image:width\" content=\"1500\" \/>\n\t<meta property=\"og:image:height\" content=\"1356\" \/>\n\t<meta property=\"og:image:type\" content=\"image\/jpeg\" \/>\n<meta name=\"twitter:card\" content=\"summary_large_image\" \/>\n<script type=\"application\/ld+json\" class=\"yoast-schema-graph\">{\"@context\":\"https:\/\/schema.org\",\"@graph\":[{\"@type\":\"WebPage\",\"@id\":\"https:\/\/amy.com.pl\/produkt\/poduszka-do-karmienia-jednobarwna-z-poszewka-bawelniana\/\",\"url\":\"https:\/\/amy.com.pl\/produkt\/poduszka-do-karmienia-jednobarwna-z-poszewka-bawelniana\/\",\"name\":\"Poduszka ci\u0105\u017cowa do spania - AMY\",\"isPartOf\":{\"@id\":\"https:\/\/amy.com.pl\/en\/#website\"},\"datePublished\":\"2022-11-30T13:12:15+00:00\",\"dateModified\":\"2023-08-26T13:08:22+00:00\",\"description\":\"Poduszka ci\u0105\u017cowa do spania AMY jest niezast\u0105pionym kompanem podczas snu, karmienia piersi\u0105 i butelk\u0105. Gwarantuje Mamie i Maluszkowi wygod\u0119 i bezpiecze\u0144stwo.\",\"breadcrumb\":{\"@id\":\"https:\/\/amy.com.pl\/produkt\/poduszka-do-karmienia-jednobarwna-z-poszewka-bawelniana\/#breadcrumb\"},\"inLanguage\":\"zh-CN\",\"potentialAction\":[{\"@type\":\"ReadAction\",\"target\":[\"https:\/\/amy.com.pl\/produkt\/poduszka-do-karmienia-jednobarwna-z-poszewka-bawelniana\/\"]}]},{\"@type\":\"BreadcrumbList\",\"@id\":\"https:\/\/amy.com.pl\/produkt\/poduszka-do-karmienia-jednobarwna-z-poszewka-bawelniana\/#breadcrumb\",\"itemListElement\":[{\"@type\":\"ListItem\",\"position\":1,\"name\":\"Strona g\u0142\u00f3wna\",\"item\":\"https:\/\/amy.com.pl\/zh-hans\/\"},{\"@type\":\"ListItem\",\"position\":2,\"name\":\"\u4ea7\u54c1\",\"item\":\"https:\/\/amy.com.pl\/zh-hans\/shop-zh\/\"},{\"@type\":\"ListItem\",\"position\":3,\"name\":\"Poduszka ci\u0105\u017cowa do spania jednobarwna z poszewk\u0105 bawe\u0142nian\u0105\"}]},{\"@type\":\"WebSite\",\"@id\":\"https:\/\/amy.com.pl\/en\/#website\",\"url\":\"https:\/\/amy.com.pl\/en\/\",\"name\":\"AMY\",\"description\":\"\u6211\u5011\u7528\u611b\u64c1\u62b1\",\"publisher\":{\"@id\":\"https:\/\/amy.com.pl\/en\/#organization\"},\"potentialAction\":[{\"@type\":\"SearchAction\",\"target\":{\"@type\":\"EntryPoint\",\"urlTemplate\":\"https:\/\/amy.com.pl\/en\/?s={search_term_string}\"},\"query-input\":\"required name=search_term_string\"}],\"inLanguage\":\"zh-CN\"},{\"@type\":\"Organization\",\"@id\":\"https:\/\/amy.com.pl\/en\/#organization\",\"name\":\"Amy Sp. z o.o. Sp.K.\",\"url\":\"https:\/\/amy.com.pl\/en\/\",\"logo\":{\"@type\":\"ImageObject\",\"inLanguage\":\"zh-CN\",\"@id\":\"https:\/\/amy.com.pl\/en\/#\/schema\/logo\/image\/\",\"url\":\"https:\/\/amy.com.pl\/wp-content\/uploads\/2021\/09\/amy_logo.webp\",\"contentUrl\":\"https:\/\/amy.com.pl\/wp-content\/uploads\/2021\/09\/amy_logo.webp\",\"width\":130,\"height\":56,\"caption\":\"Amy Sp. z o.o. Sp.K.\"},\"image\":{\"@id\":\"https:\/\/amy.com.pl\/en\/#\/schema\/logo\/image\/\"},\"sameAs\":[\"https:\/\/www.facebook.com\/poscielAMY\",\"https:\/\/www.instagram.com\/amy_baby_bedding\/\",\"https:\/\/pl.pinterest.com\/poscielAMY\/\",\"https:\/\/www.youtube.com\/channel\/UC66RGd_7QHa8wV3rbkpjqrQ\"]}]}<\/script>\n<meta property=\"og:availability\" content=\"instock\" \/>\n<meta property=\"product:availability\" content=\"instock\" \/>\n<meta property=\"product:condition\" content=\"new\" \/>\n<!-- \/ Yoast SEO Premium plugin. -->","yoast_head_json":{"title":"Poduszka ci\u0105\u017cowa do spania - AMY","description":"Poduszka ci\u0105\u017cowa do spania AMY jest niezast\u0105pionym kompanem podczas snu, karmienia piersi\u0105 i butelk\u0105. Gwarantuje Mamie i Maluszkowi wygod\u0119 i bezpiecze\u0144stwo.","robots":{"index":"index","follow":"follow","max-snippet":"max-snippet:-1","max-image-preview":"max-image-preview:large","max-video-preview":"max-video-preview:-1"},"canonical":"https:\/\/amy.com.pl\/produkt\/poduszka-do-karmienia-jednobarwna-z-poszewka-bawelniana\/","og_locale":"zh_CN","og_type":"article","og_title":"Poduszka ci\u0105\u017cowa do spania jednobarwna z poszewk\u0105 bawe\u0142nian\u0105","og_description":"Poduszka ci\u0105\u017cowa do spania AMY jest niezast\u0105pionym kompanem podczas snu, karmienia piersi\u0105 i butelk\u0105. Gwarantuje Mamie i Maluszkowi wygod\u0119 i bezpiecze\u0144stwo.","og_url":"https:\/\/amy.com.pl\/produkt\/poduszka-do-karmienia-jednobarwna-z-poszewka-bawelniana\/","og_site_name":"AMY","article_publisher":"https:\/\/www.facebook.com\/poscielAMY","article_modified_time":"2023-08-26T13:08:22+00:00","og_image":[{"width":1500,"height":1356,"url":"https:\/\/amy.com.pl\/wp-content\/uploads\/2022\/11\/Poduszka-do-karmienia-barwa-miniatura-1.jpg","type":"image\/jpeg"}],"twitter_card":"summary_large_image","schema":{"@context":"https:\/\/schema.org","@graph":[{"@type":"WebPage","@id":"https:\/\/amy.com.pl\/produkt\/poduszka-do-karmienia-jednobarwna-z-poszewka-bawelniana\/","url":"https:\/\/amy.com.pl\/produkt\/poduszka-do-karmienia-jednobarwna-z-poszewka-bawelniana\/","name":"Poduszka ci\u0105\u017cowa do spania - AMY","isPartOf":{"@id":"https:\/\/amy.com.pl\/en\/#website"},"datePublished":"2022-11-30T13:12:15+00:00","dateModified":"2023-08-26T13:08:22+00:00","description":"Poduszka ci\u0105\u017cowa do spania AMY jest niezast\u0105pionym kompanem podczas snu, karmienia piersi\u0105 i butelk\u0105. Gwarantuje Mamie i Maluszkowi wygod\u0119 i bezpiecze\u0144stwo.","breadcrumb":{"@id":"https:\/\/amy.com.pl\/produkt\/poduszka-do-karmienia-jednobarwna-z-poszewka-bawelniana\/#breadcrumb"},"inLanguage":"zh-CN","potentialAction":[{"@type":"ReadAction","target":["https:\/\/amy.com.pl\/produkt\/poduszka-do-karmienia-jednobarwna-z-poszewka-bawelniana\/"]}]},{"@type":"BreadcrumbList","@id":"https:\/\/amy.com.pl\/produkt\/poduszka-do-karmienia-jednobarwna-z-poszewka-bawelniana\/#breadcrumb","itemListElement":[{"@type":"ListItem","position":1,"name":"Strona g\u0142\u00f3wna","item":"https:\/\/amy.com.pl\/zh-hans\/"},{"@type":"ListItem","position":2,"name":"\u4ea7\u54c1","item":"https:\/\/amy.com.pl\/zh-hans\/shop-zh\/"},{"@type":"ListItem","position":3,"name":"Poduszka ci\u0105\u017cowa do spania jednobarwna z poszewk\u0105 bawe\u0142nian\u0105"}]},{"@type":"WebSite","@id":"https:\/\/amy.com.pl\/en\/#website","url":"https:\/\/amy.com.pl\/en\/","name":"AMY","description":"\u6211\u5011\u7528\u611b\u64c1\u62b1","publisher":{"@id":"https:\/\/amy.com.pl\/en\/#organization"},"potentialAction":[{"@type":"SearchAction","target":{"@type":"EntryPoint","urlTemplate":"https:\/\/amy.com.pl\/en\/?s={search_term_string}"},"query-input":"required name=search_term_string"}],"inLanguage":"zh-CN"},{"@type":"Organization","@id":"https:\/\/amy.com.pl\/en\/#organization","name":"Amy Sp. z o.o. Sp.K.","url":"https:\/\/amy.com.pl\/en\/","logo":{"@type":"ImageObject","inLanguage":"zh-CN","@id":"https:\/\/amy.com.pl\/en\/#\/schema\/logo\/image\/","url":"https:\/\/amy.com.pl\/wp-content\/uploads\/2021\/09\/amy_logo.webp","contentUrl":"https:\/\/amy.com.pl\/wp-content\/uploads\/2021\/09\/amy_logo.webp","width":130,"height":56,"caption":"Amy Sp. z o.o. Sp.K."},"image":{"@id":"https:\/\/amy.com.pl\/en\/#\/schema\/logo\/image\/"},"sameAs":["https:\/\/www.facebook.com\/poscielAMY","https:\/\/www.instagram.com\/amy_baby_bedding\/","https:\/\/pl.pinterest.com\/poscielAMY\/","https:\/\/www.youtube.com\/channel\/UC66RGd_7QHa8wV3rbkpjqrQ"]}]},"og_availability":"instock","product_availability":"instock","product_condition":"new"},"_links":{"self":[{"href":"https:\/\/amy.com.pl\/zh-hans\/wp-json\/wp\/v2\/product\/30259"}],"collection":[{"href":"https:\/\/amy.com.pl\/zh-hans\/wp-json\/wp\/v2\/product"}],"about":[{"href":"https:\/\/amy.com.pl\/zh-hans\/wp-json\/wp\/v2\/types\/product"}],"wp:featuredmedia":[{"embeddable":true,"href":"https:\/\/amy.com.pl\/zh-hans\/wp-json\/wp\/v2\/media\/30419"}],"wp:attachment":[{"href":"https:\/\/amy.com.pl\/zh-hans\/wp-json\/wp\/v2\/media?parent=30259"}],"wp:term":[{"taxonomy":"product_cat","embeddable":true,"href":"https:\/\/amy.com.pl\/zh-hans\/wp-json\/wp\/v2\/product_cat?post=30259"},{"taxonomy":"product_tag","embeddable":true,"href":"https:\/\/amy.com.pl\/zh-hans\/wp-json\/wp\/v2\/product_tag?post=30259"}],"curies":[{"name":"wp","href":"https:\/\/api.w.org\/{rel}","templated":true}]}}