{"id":29804,"date":"2022-11-08T12:13:38","date_gmt":"2022-11-08T11:13:38","guid":{"rendered":"https:\/\/amy.com.pl\/?post_type=product&#038;p=29804"},"modified":"2023-08-26T15:08:21","modified_gmt":"2023-08-26T13:08:21","slug":"spiworek-do-spania-bambusowy-cieply-nature-bamboo-by-amy","status":"publish","type":"product","link":"https:\/\/amy.com.pl\/zh-hans\/produkt\/spiworek-do-spania-bambusowy-cieply-nature-bamboo-by-amy\/","title":{"rendered":"\u015apiworek do spania bambusowy ciep\u0142y Nature Bamboo by Amy"},"content":{"rendered":"<h1><strong>\u015apiworek do spania bambusowy<\/strong><\/h1>\n<p>&nbsp;<\/p>\n<p><strong>\u015apiworek do spania bambusowy z kolekcji Nature Bamboo by Amy<\/strong> to gwarancja spokojnego i bezpiecznego snu Twojego Maluszka. Jest niezwykle lekki, delikatny i mi\u0119ciutki, w rezultacie otula sk\u00f3r\u0119 dziecka, zapewniaj\u0105c optymaln\u0105 temperatur\u0119 cia\u0142a o ka\u017cdej porze roku. \u015apiworek\u00a0 do spania bambusowy ma 2,5 TOG \u2013 jest zatem doskona\u0142y na jesie\u0144, zim\u0119 oraz wiosn\u0119. Idealnie sprawdzi si\u0119 podczas kr\u00f3tkiej drzemki na \u015bwie\u017cym powietrzu, a tak\u017ce podczas d\u0142ugiego snu po wieczornej k\u0105pieli.<\/p>\n<p>&nbsp;<\/p>\n<h4><strong>Kolekcja<\/strong><\/h4>\n<p>&nbsp;<\/p>\n<p>Oferujemy niezwyk\u0142\u0105 kolekcj\u0119 z serii Bajkowe Przygody inspirowan\u0105 ma\u0142ymi odkrywcami \u015bwiata, kt\u00f3rymi s\u0105 wszystkie dzieci. Uroczy, kolorowy wz\u00f3r wprowadza do pokoiku dziecka radosny klimat. Od pierwszych dni \u017cycia maluszek b\u0119dzie otoczony naturaln\u0105 tkanin\u0105 ukazuj\u0105c\u0105 bajkowy, kolorowy \u015bwiat.<\/p>\n<p>&nbsp;<\/p>\n<h4><strong>Tkanina bambusowa<\/strong><\/h4>\n<p>&nbsp;<\/p>\n<p>Wybrali\u015bmy najwy\u017cszej jako\u015bci bambus, kt\u00f3ry ma wa\u017cne w\u0142a\u015bciwo\u015bci:<\/p>\n<ul>\n<li>przede wszystkim jest delikatny i mi\u0119kki jak jedwab<\/li>\n<li>jest hipoalergiczny, idealny dla wra\u017cliwej sk\u00f3ry Maluszka<\/li>\n<li>jest antybakteryjny i przeciwgrzybiczny<\/li>\n<li>neutralizuje nieprzyjemne zapachy<\/li>\n<li>doskonale absorbuje wilgo\u0107<\/li>\n<li>chroni przed szkodliwymi promieniami UV<\/li>\n<\/ul>\n<p>&nbsp;<\/p>\n<h4><strong>Wype\u0142nienie BabySoft<\/strong><\/h4>\n<p>&nbsp;<\/p>\n<p>Wype\u0142nienie \u015bpiworka to ocieplina silikonowa BabySoft, czyli gwarancja odpowiedniej grubo\u015bci i mi\u0119kko\u015bci, w rezultacie daj\u0105ca pewno\u015b\u0107, \u017ce dziecko nie zmarznie i si\u0119 nie przegrzeje. Odpowiednio dobrana struktura w\u0142\u00f3kien sprawia, \u017ce jest idealna dla wra\u017cliwej sk\u00f3ry maluszka. \u015apiworek do spania bambusowy mo\u017cna u\u017cywa\u0107 przez ca\u0142y rok, maj\u0105c pewno\u015b\u0107, \u017ce dziecko b\u0119dzie mia\u0142o zapewniony komfort oraz spokojny sen.<\/p>\n<p>&nbsp;<\/p>\n<h4><strong>Gratis!<\/strong><\/h4>\n<p>&nbsp;<\/p>\n<p>Kupuj\u0105c nasz \u015bpiworek do spania bambusowy otrzymasz GRATIS plecaczek, do kt\u00f3rego dziecko b\u0119dzie mog\u0142o schowa\u0107 buciki do przedszkola, zabawki na wycieczk\u0119 czy zestaw ulubionych grabek i \u0142opatek do piaskownicy lub na pla\u017c\u0119. Plecaczek jest lekki i por\u0119czny, a do tego wykonany z najwy\u017cszej jako\u015bci tkaniny CV bambus 100%, wi\u0119c nie b\u0119dzie przegrzewa\u0142 plec\u00f3w dziecka nawet w cieplejsze dni.<br \/>\nProdukt sprawdzi si\u0119 jako wyj\u0105tkowy prezent dla wyj\u0105tkowego Maluszka.<\/p>\n<div style=\"width: 1144px;\" class=\"wp-video\"><!--[if lt IE 9]><script>document.createElement('video');<\/script><![endif]-->\n<video class=\"wp-video-shortcode\" id=\"video-29804-1\" width=\"1144\" height=\"644\" loop=\"1\" preload=\"auto\" controls=\"controls\"><source type=\"video\/mp4\" src=\"https:\/\/amy.com.pl\/wp-content\/uploads\/2022\/02\/Amy-Nature-Bamboo-chmurkowe-podroze-lesne-skarby-wesoly-kosmos_HD.mp4?_=1\" \/><a href=\"https:\/\/amy.com.pl\/wp-content\/uploads\/2022\/02\/Amy-Nature-Bamboo-chmurkowe-podroze-lesne-skarby-wesoly-kosmos_HD.mp4\">https:\/\/amy.com.pl\/wp-content\/uploads\/2022\/02\/Amy-Nature-Bamboo-chmurkowe-podroze-lesne-skarby-wesoly-kosmos_HD.mp4<\/a><\/video><\/div>\n","protected":false},"excerpt":{"rendered":"<p><strong>\u015apiworek do spania bambusowy marki AMY\u00a0<\/strong>to gwarancja spokojnego i bezpiecznego snu Twojego Maluszka. Idealnie sprawdzi si\u0119 podczas kr\u00f3tkiej drzemki na \u015bwie\u017cym powietrzu, a tak\u017ce podczas d\u0142ugiego snu po wieczornej k\u0105pieli.<\/p>\n","protected":false},"featured_media":30012,"template":"","meta":{"_kad_post_transparent":"default","_kad_post_title":"","_kad_post_layout":"default","_kad_post_sidebar_id":"","_kad_post_content_style":"default","_kad_post_vertical_padding":"default","_kad_post_feature":"","_kad_post_feature_position":"","_kad_post_header":false,"_kad_post_footer":false,"_links_to":"","_links_to_target":""},"product_cat":[1115,108,107,61,103],"product_tag":[],"yoast_head":"<!-- This site is optimized with the Yoast SEO Premium plugin v20.7 (Yoast SEO v20.7) - https:\/\/yoast.com\/wordpress\/plugins\/seo\/ -->\n<title>\u015apiworek do spania bambusowy - AMY<\/title>\n<meta name=\"description\" content=\"\u015apiworek do spania bambusowy marki AMY jest niezwykle delikatny i mi\u0119kki, otula sk\u00f3r\u0119 dziecka, zapewniaj\u0105c optymaln\u0105 temperatur\u0119 cia\u0142a o ka\u017cdej porze roku.\" \/>\n<meta name=\"robots\" content=\"index, follow, max-snippet:-1, max-image-preview:large, max-video-preview:-1\" \/>\n<link rel=\"canonical\" href=\"https:\/\/amy.com.pl\/produkt\/spiworek-do-spania-bambusowy-cieply-nature-bamboo-by-amy\/\" \/>\n<meta property=\"og:locale\" content=\"zh_CN\" \/>\n<meta property=\"og:type\" content=\"article\" \/>\n<meta property=\"og:title\" content=\"\u015apiworek do spania bambusowy ciep\u0142y Nature Bamboo by Amy\" \/>\n<meta property=\"og:description\" content=\"\u015apiworek do spania bambusowy marki AMY jest niezwykle delikatny i mi\u0119kki, otula sk\u00f3r\u0119 dziecka, zapewniaj\u0105c optymaln\u0105 temperatur\u0119 cia\u0142a o ka\u017cdej porze roku.\" \/>\n<meta property=\"og:url\" content=\"https:\/\/amy.com.pl\/produkt\/spiworek-do-spania-bambusowy-cieply-nature-bamboo-by-amy\/\" \/>\n<meta property=\"og:site_name\" content=\"AMY\" \/>\n<meta property=\"article:publisher\" content=\"https:\/\/www.facebook.com\/poscielAMY\" \/>\n<meta property=\"article:modified_time\" content=\"2023-08-26T13:08:21+00:00\" \/>\n<meta property=\"og:image\" content=\"https:\/\/amy.com.pl\/wp-content\/uploads\/2022\/11\/Spiworek-miniatura-1-805x1024.png\" \/>\n\t<meta property=\"og:image:width\" content=\"805\" \/>\n\t<meta property=\"og:image:height\" content=\"1024\" \/>\n\t<meta property=\"og:image:type\" content=\"image\/png\" \/>\n<meta name=\"twitter:card\" content=\"summary_large_image\" \/>\n<script type=\"application\/ld+json\" class=\"yoast-schema-graph\">{\"@context\":\"https:\/\/schema.org\",\"@graph\":[{\"@type\":\"WebPage\",\"@id\":\"https:\/\/amy.com.pl\/produkt\/spiworek-do-spania-bambusowy-cieply-nature-bamboo-by-amy\/\",\"url\":\"https:\/\/amy.com.pl\/produkt\/spiworek-do-spania-bambusowy-cieply-nature-bamboo-by-amy\/\",\"name\":\"\u015apiworek do spania bambusowy - AMY\",\"isPartOf\":{\"@id\":\"https:\/\/amy.com.pl\/en\/#website\"},\"datePublished\":\"2022-11-08T11:13:38+00:00\",\"dateModified\":\"2023-08-26T13:08:21+00:00\",\"description\":\"\u015apiworek do spania bambusowy marki AMY jest niezwykle delikatny i mi\u0119kki, otula sk\u00f3r\u0119 dziecka, zapewniaj\u0105c optymaln\u0105 temperatur\u0119 cia\u0142a o ka\u017cdej porze roku.\",\"breadcrumb\":{\"@id\":\"https:\/\/amy.com.pl\/produkt\/spiworek-do-spania-bambusowy-cieply-nature-bamboo-by-amy\/#breadcrumb\"},\"inLanguage\":\"zh-CN\",\"potentialAction\":[{\"@type\":\"ReadAction\",\"target\":[\"https:\/\/amy.com.pl\/produkt\/spiworek-do-spania-bambusowy-cieply-nature-bamboo-by-amy\/\"]}]},{\"@type\":\"BreadcrumbList\",\"@id\":\"https:\/\/amy.com.pl\/produkt\/spiworek-do-spania-bambusowy-cieply-nature-bamboo-by-amy\/#breadcrumb\",\"itemListElement\":[{\"@type\":\"ListItem\",\"position\":1,\"name\":\"Strona g\u0142\u00f3wna\",\"item\":\"https:\/\/amy.com.pl\/zh-hans\/\"},{\"@type\":\"ListItem\",\"position\":2,\"name\":\"\u4ea7\u54c1\",\"item\":\"https:\/\/amy.com.pl\/zh-hans\/shop-zh\/\"},{\"@type\":\"ListItem\",\"position\":3,\"name\":\"\u015apiworek do spania bambusowy ciep\u0142y Nature Bamboo by Amy\"}]},{\"@type\":\"WebSite\",\"@id\":\"https:\/\/amy.com.pl\/en\/#website\",\"url\":\"https:\/\/amy.com.pl\/en\/\",\"name\":\"AMY\",\"description\":\"\u6211\u5011\u7528\u611b\u64c1\u62b1\",\"publisher\":{\"@id\":\"https:\/\/amy.com.pl\/en\/#organization\"},\"potentialAction\":[{\"@type\":\"SearchAction\",\"target\":{\"@type\":\"EntryPoint\",\"urlTemplate\":\"https:\/\/amy.com.pl\/en\/?s={search_term_string}\"},\"query-input\":\"required name=search_term_string\"}],\"inLanguage\":\"zh-CN\"},{\"@type\":\"Organization\",\"@id\":\"https:\/\/amy.com.pl\/en\/#organization\",\"name\":\"Amy Sp. z o.o. Sp.K.\",\"url\":\"https:\/\/amy.com.pl\/en\/\",\"logo\":{\"@type\":\"ImageObject\",\"inLanguage\":\"zh-CN\",\"@id\":\"https:\/\/amy.com.pl\/en\/#\/schema\/logo\/image\/\",\"url\":\"https:\/\/amy.com.pl\/wp-content\/uploads\/2021\/09\/amy_logo.webp\",\"contentUrl\":\"https:\/\/amy.com.pl\/wp-content\/uploads\/2021\/09\/amy_logo.webp\",\"width\":130,\"height\":56,\"caption\":\"Amy Sp. z o.o. Sp.K.\"},\"image\":{\"@id\":\"https:\/\/amy.com.pl\/en\/#\/schema\/logo\/image\/\"},\"sameAs\":[\"https:\/\/www.facebook.com\/poscielAMY\",\"https:\/\/www.instagram.com\/amy_baby_bedding\/\",\"https:\/\/pl.pinterest.com\/poscielAMY\/\",\"https:\/\/www.youtube.com\/channel\/UC66RGd_7QHa8wV3rbkpjqrQ\"]}]}<\/script>\n<meta property=\"og:availability\" content=\"instock\" \/>\n<meta property=\"product:availability\" content=\"instock\" \/>\n<meta property=\"product:condition\" content=\"new\" \/>\n<!-- \/ Yoast SEO Premium plugin. -->","yoast_head_json":{"title":"\u015apiworek do spania bambusowy - AMY","description":"\u015apiworek do spania bambusowy marki AMY jest niezwykle delikatny i mi\u0119kki, otula sk\u00f3r\u0119 dziecka, zapewniaj\u0105c optymaln\u0105 temperatur\u0119 cia\u0142a o ka\u017cdej porze roku.","robots":{"index":"index","follow":"follow","max-snippet":"max-snippet:-1","max-image-preview":"max-image-preview:large","max-video-preview":"max-video-preview:-1"},"canonical":"https:\/\/amy.com.pl\/produkt\/spiworek-do-spania-bambusowy-cieply-nature-bamboo-by-amy\/","og_locale":"zh_CN","og_type":"article","og_title":"\u015apiworek do spania bambusowy ciep\u0142y Nature Bamboo by Amy","og_description":"\u015apiworek do spania bambusowy marki AMY jest niezwykle delikatny i mi\u0119kki, otula sk\u00f3r\u0119 dziecka, zapewniaj\u0105c optymaln\u0105 temperatur\u0119 cia\u0142a o ka\u017cdej porze roku.","og_url":"https:\/\/amy.com.pl\/produkt\/spiworek-do-spania-bambusowy-cieply-nature-bamboo-by-amy\/","og_site_name":"AMY","article_publisher":"https:\/\/www.facebook.com\/poscielAMY","article_modified_time":"2023-08-26T13:08:21+00:00","og_image":[{"width":805,"height":1024,"url":"https:\/\/amy.com.pl\/wp-content\/uploads\/2022\/11\/Spiworek-miniatura-1-805x1024.png","type":"image\/png"}],"twitter_card":"summary_large_image","schema":{"@context":"https:\/\/schema.org","@graph":[{"@type":"WebPage","@id":"https:\/\/amy.com.pl\/produkt\/spiworek-do-spania-bambusowy-cieply-nature-bamboo-by-amy\/","url":"https:\/\/amy.com.pl\/produkt\/spiworek-do-spania-bambusowy-cieply-nature-bamboo-by-amy\/","name":"\u015apiworek do spania bambusowy - AMY","isPartOf":{"@id":"https:\/\/amy.com.pl\/en\/#website"},"datePublished":"2022-11-08T11:13:38+00:00","dateModified":"2023-08-26T13:08:21+00:00","description":"\u015apiworek do spania bambusowy marki AMY jest niezwykle delikatny i mi\u0119kki, otula sk\u00f3r\u0119 dziecka, zapewniaj\u0105c optymaln\u0105 temperatur\u0119 cia\u0142a o ka\u017cdej porze roku.","breadcrumb":{"@id":"https:\/\/amy.com.pl\/produkt\/spiworek-do-spania-bambusowy-cieply-nature-bamboo-by-amy\/#breadcrumb"},"inLanguage":"zh-CN","potentialAction":[{"@type":"ReadAction","target":["https:\/\/amy.com.pl\/produkt\/spiworek-do-spania-bambusowy-cieply-nature-bamboo-by-amy\/"]}]},{"@type":"BreadcrumbList","@id":"https:\/\/amy.com.pl\/produkt\/spiworek-do-spania-bambusowy-cieply-nature-bamboo-by-amy\/#breadcrumb","itemListElement":[{"@type":"ListItem","position":1,"name":"Strona g\u0142\u00f3wna","item":"https:\/\/amy.com.pl\/zh-hans\/"},{"@type":"ListItem","position":2,"name":"\u4ea7\u54c1","item":"https:\/\/amy.com.pl\/zh-hans\/shop-zh\/"},{"@type":"ListItem","position":3,"name":"\u015apiworek do spania bambusowy ciep\u0142y Nature Bamboo by Amy"}]},{"@type":"WebSite","@id":"https:\/\/amy.com.pl\/en\/#website","url":"https:\/\/amy.com.pl\/en\/","name":"AMY","description":"\u6211\u5011\u7528\u611b\u64c1\u62b1","publisher":{"@id":"https:\/\/amy.com.pl\/en\/#organization"},"potentialAction":[{"@type":"SearchAction","target":{"@type":"EntryPoint","urlTemplate":"https:\/\/amy.com.pl\/en\/?s={search_term_string}"},"query-input":"required name=search_term_string"}],"inLanguage":"zh-CN"},{"@type":"Organization","@id":"https:\/\/amy.com.pl\/en\/#organization","name":"Amy Sp. z o.o. Sp.K.","url":"https:\/\/amy.com.pl\/en\/","logo":{"@type":"ImageObject","inLanguage":"zh-CN","@id":"https:\/\/amy.com.pl\/en\/#\/schema\/logo\/image\/","url":"https:\/\/amy.com.pl\/wp-content\/uploads\/2021\/09\/amy_logo.webp","contentUrl":"https:\/\/amy.com.pl\/wp-content\/uploads\/2021\/09\/amy_logo.webp","width":130,"height":56,"caption":"Amy Sp. z o.o. Sp.K."},"image":{"@id":"https:\/\/amy.com.pl\/en\/#\/schema\/logo\/image\/"},"sameAs":["https:\/\/www.facebook.com\/poscielAMY","https:\/\/www.instagram.com\/amy_baby_bedding\/","https:\/\/pl.pinterest.com\/poscielAMY\/","https:\/\/www.youtube.com\/channel\/UC66RGd_7QHa8wV3rbkpjqrQ"]}]},"og_availability":"instock","product_availability":"instock","product_condition":"new"},"_links":{"self":[{"href":"https:\/\/amy.com.pl\/zh-hans\/wp-json\/wp\/v2\/product\/29804"}],"collection":[{"href":"https:\/\/amy.com.pl\/zh-hans\/wp-json\/wp\/v2\/product"}],"about":[{"href":"https:\/\/amy.com.pl\/zh-hans\/wp-json\/wp\/v2\/types\/product"}],"wp:featuredmedia":[{"embeddable":true,"href":"https:\/\/amy.com.pl\/zh-hans\/wp-json\/wp\/v2\/media\/30012"}],"wp:attachment":[{"href":"https:\/\/amy.com.pl\/zh-hans\/wp-json\/wp\/v2\/media?parent=29804"}],"wp:term":[{"taxonomy":"product_cat","embeddable":true,"href":"https:\/\/amy.com.pl\/zh-hans\/wp-json\/wp\/v2\/product_cat?post=29804"},{"taxonomy":"product_tag","embeddable":true,"href":"https:\/\/amy.com.pl\/zh-hans\/wp-json\/wp\/v2\/product_tag?post=29804"}],"curies":[{"name":"wp","href":"https:\/\/api.w.org\/{rel}","templated":true}]}}