{"id":29754,"date":"2022-11-07T14:41:34","date_gmt":"2022-11-07T13:41:34","guid":{"rendered":"https:\/\/amy.com.pl\/?post_type=product&#038;p=29754"},"modified":"2023-08-26T15:08:20","modified_gmt":"2023-08-26T13:08:20","slug":"otulacz-do-spania-bawelniany-cieply","status":"publish","type":"product","link":"https:\/\/amy.com.pl\/zh-hans\/produkt\/otulacz-do-spania-bawelniany-cieply\/","title":{"rendered":"Otulacz do spania 2.5 TOG bawe\u0142niany"},"content":{"rendered":"<h1><strong>Otulacz do spania 2.5 TOG bawe\u0142niany<\/strong><\/h1>\n<p>&nbsp;<\/p>\n<p><strong>Otulacz do spania bawe\u0142niany ciep\u0142y z kolekcji Nature Cotton by Amy<\/strong> to gwarancja spokojnego i bezpiecznego snu Twojego Maluszka.<\/p>\n<p>&nbsp;<\/p>\n<p>Otulacz jest:<\/p>\n<ul>\n<li>niezwykle delikatny<\/li>\n<li>wyj\u0105tkowo mi\u0119ciutki i lekki<\/li>\n<li>otula delikatn\u0105 sk\u00f3r\u0119 dziecka<\/li>\n<li>zapewnia optymaln\u0105 temperatur\u0119 cia\u0142a o ka\u017cdej porze roku<\/li>\n<\/ul>\n<p>&nbsp;<\/p>\n<p>Otulacz\u00a0sprawdzi si\u0119 idealnie podczas kr\u00f3tkiej drzemki na \u015bwie\u017cym powietrzu, a tak\u017ce podczas d\u0142ugiego snu po wieczornej k\u0105pieli. Bawe\u0142niany otulacz oddycha i nie powoduje podra\u017cnie\u0144 wra\u017cliwej sk\u00f3ry dziecka, dlatego jest niezb\u0119dnym elementem ka\u017cdej wyprawki. Otulacz do spania bawe\u0142niany ciep\u0142y ma 2,5 TOG \u2013 jest zatem doskona\u0142y na jesie\u0144, zim\u0119 oraz wiosn\u0119. Mo\u017cna go u\u017cywa\u0107 przez ca\u0142y rok, maj\u0105c pewno\u015b\u0107, \u017ce dziecko b\u0119dzie mia\u0142o zapewniony komfort oraz spokojny sen.<\/p>\n<p>&nbsp;<\/p>\n<h4><strong>Tkanina Bawe\u0142niana<\/strong><\/h4>\n<p>&nbsp;<\/p>\n<p>Wybrali\u015bmy najwy\u017cszej jako\u015bci tkanin\u0119 bawe\u0142nian\u0105, kt\u00f3ra:<\/p>\n<ul>\n<li>jest oddychaj\u0105ca i przepuszcza wilgo\u0107<\/li>\n<li>pozwala zachowa\u0107 komfort podczas snu<\/li>\n<li>jest naturalna, mi\u0119kka i hipoalergiczna<\/li>\n<li>jest \u0142atwiejsza do prania i piel\u0119gnacji ni\u017c inne tkaniny<\/li>\n<li>chroni przed gor\u0105cem latem i zimnem zim\u0105<\/li>\n<\/ul>\n<p>&nbsp;<\/p>\n<h4><strong>Wype\u0142nienie BabySoft<\/strong><\/h4>\n<p>&nbsp;<\/p>\n<p>Wype\u0142nienie otulacza to ocieplina silikonowa BabySoft, czyli gwarancja odpowiedniej grubo\u015bci i mi\u0119kko\u015bci, daj\u0105ca pewno\u015b\u0107, \u017ce dziecko nie zmarznie i si\u0119 nie przegrzeje. Odpowiednio dobrana struktura w\u0142\u00f3kien sprawia, \u017ce jest idealna dla wra\u017cliwej sk\u00f3ry Maluszka. W naszej ofercie\u00a0 mo\u017cna znale\u017a\u0107 wiele interesuj\u0105cych kolorystyk, kt\u00f3re z pewno\u015bci\u0105 sprawdz\u0105 si\u0119 zar\u00f3wno dla dziewczynek, jak i ch\u0142opc\u00f3w.<\/p>\n","protected":false},"excerpt":{"rendered":"<p><strong>Otulacz do spania marki AMY<\/strong> zosta\u0142 uszyty z najwy\u017cszej jako\u015bci tkaniny bawe\u0142nianej, kt\u00f3ra jest delikatna i przyjazna dla sk\u00f3ry niemowlaka.<\/p>\n","protected":false},"featured_media":29690,"template":"","meta":{"_kad_post_transparent":"default","_kad_post_title":"","_kad_post_layout":"default","_kad_post_sidebar_id":"","_kad_post_content_style":"default","_kad_post_vertical_padding":"default","_kad_post_feature":"","_kad_post_feature_position":"","_kad_post_header":false,"_kad_post_footer":false,"_links_to":"","_links_to_target":""},"product_cat":[261,61,853],"product_tag":[],"yoast_head":"<!-- This site is optimized with the Yoast SEO Premium plugin v20.7 (Yoast SEO v20.7) - https:\/\/yoast.com\/wordpress\/plugins\/seo\/ -->\n<title>Otulacz do spania 2.5 TOG bawe\u0142niany AMY<\/title>\n<meta name=\"description\" content=\"Otulacz do spania bawe\u0142niany ciep\u0142y marki AMY zosta\u0142 uszyty z najwy\u017cszej jako\u015bci tkaniny bawe\u0142nianej. To gwarancja spokojnego snu Twojego Maluszka.\u00a0\" \/>\n<meta name=\"robots\" content=\"index, follow, max-snippet:-1, max-image-preview:large, max-video-preview:-1\" \/>\n<link rel=\"canonical\" href=\"https:\/\/amy.com.pl\/produkt\/otulacz-do-spania-bawelniany-cieply\/\" \/>\n<meta property=\"og:locale\" content=\"zh_CN\" \/>\n<meta property=\"og:type\" content=\"article\" \/>\n<meta property=\"og:title\" content=\"Otulacz do spania 2.5 TOG bawe\u0142niany\" \/>\n<meta property=\"og:description\" content=\"Otulacz do spania bawe\u0142niany ciep\u0142y marki AMY zosta\u0142 uszyty z najwy\u017cszej jako\u015bci tkaniny bawe\u0142nianej. To gwarancja spokojnego snu Twojego Maluszka.\u00a0\" \/>\n<meta property=\"og:url\" content=\"https:\/\/amy.com.pl\/produkt\/otulacz-do-spania-bawelniany-cieply\/\" \/>\n<meta property=\"og:site_name\" content=\"AMY\" \/>\n<meta property=\"article:publisher\" content=\"https:\/\/www.facebook.com\/poscielAMY\" \/>\n<meta property=\"article:modified_time\" content=\"2023-08-26T13:08:20+00:00\" \/>\n<meta property=\"og:image\" content=\"https:\/\/amy.com.pl\/wp-content\/uploads\/2022\/11\/Otulacz_miniatura.png\" \/>\n\t<meta property=\"og:image:width\" content=\"1500\" \/>\n\t<meta property=\"og:image:height\" content=\"1049\" \/>\n\t<meta property=\"og:image:type\" content=\"image\/png\" \/>\n<meta name=\"twitter:card\" content=\"summary_large_image\" \/>\n<script type=\"application\/ld+json\" class=\"yoast-schema-graph\">{\"@context\":\"https:\/\/schema.org\",\"@graph\":[{\"@type\":\"WebPage\",\"@id\":\"https:\/\/amy.com.pl\/produkt\/otulacz-do-spania-bawelniany-cieply\/\",\"url\":\"https:\/\/amy.com.pl\/produkt\/otulacz-do-spania-bawelniany-cieply\/\",\"name\":\"Otulacz do spania 2.5 TOG bawe\u0142niany AMY\",\"isPartOf\":{\"@id\":\"https:\/\/amy.com.pl\/en\/#website\"},\"datePublished\":\"2022-11-07T13:41:34+00:00\",\"dateModified\":\"2023-08-26T13:08:20+00:00\",\"description\":\"Otulacz do spania bawe\u0142niany ciep\u0142y marki AMY zosta\u0142 uszyty z najwy\u017cszej jako\u015bci tkaniny bawe\u0142nianej. To gwarancja spokojnego snu Twojego Maluszka.\u00a0\",\"breadcrumb\":{\"@id\":\"https:\/\/amy.com.pl\/produkt\/otulacz-do-spania-bawelniany-cieply\/#breadcrumb\"},\"inLanguage\":\"zh-CN\",\"potentialAction\":[{\"@type\":\"ReadAction\",\"target\":[\"https:\/\/amy.com.pl\/produkt\/otulacz-do-spania-bawelniany-cieply\/\"]}]},{\"@type\":\"BreadcrumbList\",\"@id\":\"https:\/\/amy.com.pl\/produkt\/otulacz-do-spania-bawelniany-cieply\/#breadcrumb\",\"itemListElement\":[{\"@type\":\"ListItem\",\"position\":1,\"name\":\"Strona g\u0142\u00f3wna\",\"item\":\"https:\/\/amy.com.pl\/zh-hans\/\"},{\"@type\":\"ListItem\",\"position\":2,\"name\":\"\u4ea7\u54c1\",\"item\":\"https:\/\/amy.com.pl\/zh-hans\/shop-zh\/\"},{\"@type\":\"ListItem\",\"position\":3,\"name\":\"Otulacz do spania 2.5 TOG bawe\u0142niany\"}]},{\"@type\":\"WebSite\",\"@id\":\"https:\/\/amy.com.pl\/en\/#website\",\"url\":\"https:\/\/amy.com.pl\/en\/\",\"name\":\"AMY\",\"description\":\"\u6211\u5011\u7528\u611b\u64c1\u62b1\",\"publisher\":{\"@id\":\"https:\/\/amy.com.pl\/en\/#organization\"},\"potentialAction\":[{\"@type\":\"SearchAction\",\"target\":{\"@type\":\"EntryPoint\",\"urlTemplate\":\"https:\/\/amy.com.pl\/en\/?s={search_term_string}\"},\"query-input\":\"required name=search_term_string\"}],\"inLanguage\":\"zh-CN\"},{\"@type\":\"Organization\",\"@id\":\"https:\/\/amy.com.pl\/en\/#organization\",\"name\":\"Amy Sp. z o.o. Sp.K.\",\"url\":\"https:\/\/amy.com.pl\/en\/\",\"logo\":{\"@type\":\"ImageObject\",\"inLanguage\":\"zh-CN\",\"@id\":\"https:\/\/amy.com.pl\/en\/#\/schema\/logo\/image\/\",\"url\":\"https:\/\/amy.com.pl\/wp-content\/uploads\/2021\/09\/amy_logo.webp\",\"contentUrl\":\"https:\/\/amy.com.pl\/wp-content\/uploads\/2021\/09\/amy_logo.webp\",\"width\":130,\"height\":56,\"caption\":\"Amy Sp. z o.o. Sp.K.\"},\"image\":{\"@id\":\"https:\/\/amy.com.pl\/en\/#\/schema\/logo\/image\/\"},\"sameAs\":[\"https:\/\/www.facebook.com\/poscielAMY\",\"https:\/\/www.instagram.com\/amy_baby_bedding\/\",\"https:\/\/pl.pinterest.com\/poscielAMY\/\",\"https:\/\/www.youtube.com\/channel\/UC66RGd_7QHa8wV3rbkpjqrQ\"]}]}<\/script>\n<meta property=\"og:availability\" content=\"instock\" \/>\n<meta property=\"product:availability\" content=\"instock\" \/>\n<meta property=\"product:condition\" content=\"new\" \/>\n<!-- \/ Yoast SEO Premium plugin. -->","yoast_head_json":{"title":"Otulacz do spania 2.5 TOG bawe\u0142niany AMY","description":"Otulacz do spania bawe\u0142niany ciep\u0142y marki AMY zosta\u0142 uszyty z najwy\u017cszej jako\u015bci tkaniny bawe\u0142nianej. To gwarancja spokojnego snu Twojego Maluszka.\u00a0","robots":{"index":"index","follow":"follow","max-snippet":"max-snippet:-1","max-image-preview":"max-image-preview:large","max-video-preview":"max-video-preview:-1"},"canonical":"https:\/\/amy.com.pl\/produkt\/otulacz-do-spania-bawelniany-cieply\/","og_locale":"zh_CN","og_type":"article","og_title":"Otulacz do spania 2.5 TOG bawe\u0142niany","og_description":"Otulacz do spania bawe\u0142niany ciep\u0142y marki AMY zosta\u0142 uszyty z najwy\u017cszej jako\u015bci tkaniny bawe\u0142nianej. To gwarancja spokojnego snu Twojego Maluszka.\u00a0","og_url":"https:\/\/amy.com.pl\/produkt\/otulacz-do-spania-bawelniany-cieply\/","og_site_name":"AMY","article_publisher":"https:\/\/www.facebook.com\/poscielAMY","article_modified_time":"2023-08-26T13:08:20+00:00","og_image":[{"width":1500,"height":1049,"url":"https:\/\/amy.com.pl\/wp-content\/uploads\/2022\/11\/Otulacz_miniatura.png","type":"image\/png"}],"twitter_card":"summary_large_image","schema":{"@context":"https:\/\/schema.org","@graph":[{"@type":"WebPage","@id":"https:\/\/amy.com.pl\/produkt\/otulacz-do-spania-bawelniany-cieply\/","url":"https:\/\/amy.com.pl\/produkt\/otulacz-do-spania-bawelniany-cieply\/","name":"Otulacz do spania 2.5 TOG bawe\u0142niany AMY","isPartOf":{"@id":"https:\/\/amy.com.pl\/en\/#website"},"datePublished":"2022-11-07T13:41:34+00:00","dateModified":"2023-08-26T13:08:20+00:00","description":"Otulacz do spania bawe\u0142niany ciep\u0142y marki AMY zosta\u0142 uszyty z najwy\u017cszej jako\u015bci tkaniny bawe\u0142nianej. To gwarancja spokojnego snu Twojego Maluszka.\u00a0","breadcrumb":{"@id":"https:\/\/amy.com.pl\/produkt\/otulacz-do-spania-bawelniany-cieply\/#breadcrumb"},"inLanguage":"zh-CN","potentialAction":[{"@type":"ReadAction","target":["https:\/\/amy.com.pl\/produkt\/otulacz-do-spania-bawelniany-cieply\/"]}]},{"@type":"BreadcrumbList","@id":"https:\/\/amy.com.pl\/produkt\/otulacz-do-spania-bawelniany-cieply\/#breadcrumb","itemListElement":[{"@type":"ListItem","position":1,"name":"Strona g\u0142\u00f3wna","item":"https:\/\/amy.com.pl\/zh-hans\/"},{"@type":"ListItem","position":2,"name":"\u4ea7\u54c1","item":"https:\/\/amy.com.pl\/zh-hans\/shop-zh\/"},{"@type":"ListItem","position":3,"name":"Otulacz do spania 2.5 TOG bawe\u0142niany"}]},{"@type":"WebSite","@id":"https:\/\/amy.com.pl\/en\/#website","url":"https:\/\/amy.com.pl\/en\/","name":"AMY","description":"\u6211\u5011\u7528\u611b\u64c1\u62b1","publisher":{"@id":"https:\/\/amy.com.pl\/en\/#organization"},"potentialAction":[{"@type":"SearchAction","target":{"@type":"EntryPoint","urlTemplate":"https:\/\/amy.com.pl\/en\/?s={search_term_string}"},"query-input":"required name=search_term_string"}],"inLanguage":"zh-CN"},{"@type":"Organization","@id":"https:\/\/amy.com.pl\/en\/#organization","name":"Amy Sp. z o.o. Sp.K.","url":"https:\/\/amy.com.pl\/en\/","logo":{"@type":"ImageObject","inLanguage":"zh-CN","@id":"https:\/\/amy.com.pl\/en\/#\/schema\/logo\/image\/","url":"https:\/\/amy.com.pl\/wp-content\/uploads\/2021\/09\/amy_logo.webp","contentUrl":"https:\/\/amy.com.pl\/wp-content\/uploads\/2021\/09\/amy_logo.webp","width":130,"height":56,"caption":"Amy Sp. z o.o. Sp.K."},"image":{"@id":"https:\/\/amy.com.pl\/en\/#\/schema\/logo\/image\/"},"sameAs":["https:\/\/www.facebook.com\/poscielAMY","https:\/\/www.instagram.com\/amy_baby_bedding\/","https:\/\/pl.pinterest.com\/poscielAMY\/","https:\/\/www.youtube.com\/channel\/UC66RGd_7QHa8wV3rbkpjqrQ"]}]},"og_availability":"instock","product_availability":"instock","product_condition":"new"},"_links":{"self":[{"href":"https:\/\/amy.com.pl\/zh-hans\/wp-json\/wp\/v2\/product\/29754"}],"collection":[{"href":"https:\/\/amy.com.pl\/zh-hans\/wp-json\/wp\/v2\/product"}],"about":[{"href":"https:\/\/amy.com.pl\/zh-hans\/wp-json\/wp\/v2\/types\/product"}],"wp:featuredmedia":[{"embeddable":true,"href":"https:\/\/amy.com.pl\/zh-hans\/wp-json\/wp\/v2\/media\/29690"}],"wp:attachment":[{"href":"https:\/\/amy.com.pl\/zh-hans\/wp-json\/wp\/v2\/media?parent=29754"}],"wp:term":[{"taxonomy":"product_cat","embeddable":true,"href":"https:\/\/amy.com.pl\/zh-hans\/wp-json\/wp\/v2\/product_cat?post=29754"},{"taxonomy":"product_tag","embeddable":true,"href":"https:\/\/amy.com.pl\/zh-hans\/wp-json\/wp\/v2\/product_tag?post=29754"}],"curies":[{"name":"wp","href":"https:\/\/api.w.org\/{rel}","templated":true}]}}