{"id":29534,"date":"2022-10-10T11:33:02","date_gmt":"2022-10-10T09:33:02","guid":{"rendered":"https:\/\/amy.com.pl\/?post_type=product&#038;p=29534"},"modified":"2023-06-28T10:46:48","modified_gmt":"2023-06-28T08:46:48","slug":"posciel-do-lozeczka-3-elementowa-amy-leon","status":"publish","type":"product","link":"https:\/\/amy.com.pl\/zh-hans\/produkt\/posciel-do-lozeczka-3-elementowa-amy-leon\/","title":{"rendered":"Po\u015bciel do \u0142\u00f3\u017ceczka 3-elementowa Amy SARENKA"},"content":{"rendered":"<p>Naturalna i delikatna po\u015bciel do \u0142\u00f3\u017ceczka 3-elementowa z kolekcji SARENKA to gwarancja spokojnego i bezpiecznego snu Twojego Maluszka. Po\u015bciel zapewnia optymaln\u0105 temperatur\u0119 cia\u0142a o ka\u017cdej porze roku. Delikatny motyw baletnicy nadaje jej subtelno\u015bci i elegancji. Pi\u0119kne kolory ozdobi\u0105 dzieci\u0119cy pok\u00f3j i wprowadz\u0105 Maluszka w bajkowy \u015bwiat. Produkt uszyli\u015bmy z najwy\u017csz\u0105 dok\u0142adno\u015bci\u0105 i dba\u0142o\u015bci\u0105 o ka\u017cdy detal. Ochraniacz pi\u0119knie si\u0119 komponuje z po\u015bciel\u0105 3-elementow\u0105, a wi\u0105zane do szczebelek \u0142\u00f3\u017ceczka kokardy nadaj\u0105 ca\u0142o\u015bci uroku.<br \/>Wybrali\u015bmy najwy\u017cszej jako\u015bci bawe\u0142n\u0119, dlatego po\u015bciel jest niezwykle mi\u0119kka i cudownie otula podczas popo\u0142udniowej drzemki i wieczornego snu. Naturalna tkanina jest bezpieczna dla wra\u017cliwej sk\u00f3ry dziecka. Warto r\u00f3wnie\u017c podkre\u015bli\u0107 jej wytrzyma\u0142o\u015b\u0107, wielokrotnie prana nie zmieni kszta\u0142tu i koloru. Nasza po\u015bciel b\u0119dzie Wam towarzyszy\u0107 od pierwszych chwil \u017cycia, a\u017c do wieku przedszkolnego.<br \/>Produkt sprawdzi si\u0119 jako wyj\u0105tkowy prezent dla wyj\u0105tkowego Maluszka.<\/p>\n","protected":false},"excerpt":{"rendered":"<p>Po\u015bciel do \u0142\u00f3\u017ceczka 3-elementowa SARENKA\u00a0 to doskona\u0142y wyb\u00f3r. Kupuj\u0105c ten komplet otrzymasz w zestawie: poszewki do \u0142\u00f3\u017ceczka na ko\u0142derk\u0119 i poduszk\u0119 [135\u00d7100, 60\u00d740 cm], ochraniacz do \u0142\u00f3\u017ceczka z wyjmowanym wk\u0142adem [155\u00d730 cm]. Poszewki wykonano z najwy\u017cszej jako\u015bci tkanin 100% bawe\u0142nianych. Wype\u0142nienie to 100% antyalergiczny poliester BabySoft\u00ae.<\/p>\n","protected":false},"featured_media":29535,"template":"","meta":{"_kad_post_transparent":"default","_kad_post_title":"","_kad_post_layout":"default","_kad_post_sidebar_id":"","_kad_post_content_style":"default","_kad_post_vertical_padding":"default","_kad_post_feature":"","_kad_post_feature_position":"","_kad_post_header":false,"_kad_post_footer":false,"_links_to":"","_links_to_target":""},"product_cat":[842,188],"product_tag":[],"yoast_head":"<!-- This site is optimized with the Yoast SEO Premium plugin v20.7 (Yoast SEO v20.7) - https:\/\/yoast.com\/wordpress\/plugins\/seo\/ -->\n<title>Po\u015bciel do \u0142\u00f3\u017ceczka 3-elementowa Amy SARENKA - AMY<\/title>\n<meta name=\"robots\" content=\"index, follow, max-snippet:-1, max-image-preview:large, max-video-preview:-1\" \/>\n<link rel=\"canonical\" href=\"https:\/\/amy.com.pl\/produkt\/posciel-do-lozeczka-3-elementowa-amy-leon\/\" \/>\n<meta property=\"og:locale\" content=\"zh_CN\" \/>\n<meta property=\"og:type\" content=\"article\" \/>\n<meta property=\"og:title\" content=\"Po\u015bciel do \u0142\u00f3\u017ceczka 3-elementowa Amy SARENKA\" \/>\n<meta property=\"og:description\" content=\"Po\u015bciel do \u0142\u00f3\u017ceczka 3-elementowa SARENKA\u00a0 to doskona\u0142y wyb\u00f3r. Kupuj\u0105c ten komplet otrzymasz w zestawie: poszewki do \u0142\u00f3\u017ceczka na ko\u0142derk\u0119 i poduszk\u0119 [135\u00d7100, 60\u00d740 cm], ochraniacz do \u0142\u00f3\u017ceczka z wyjmowanym wk\u0142adem [155\u00d730 cm]. Poszewki wykonano z najwy\u017cszej jako\u015bci tkanin 100% bawe\u0142nianych. Wype\u0142nienie to 100% antyalergiczny poliester BabySoft\u00ae.\" \/>\n<meta property=\"og:url\" content=\"https:\/\/amy.com.pl\/produkt\/posciel-do-lozeczka-3-elementowa-amy-leon\/\" \/>\n<meta property=\"og:site_name\" content=\"AMY\" \/>\n<meta property=\"article:publisher\" content=\"https:\/\/www.facebook.com\/poscielAMY\" \/>\n<meta property=\"article:modified_time\" content=\"2023-06-28T08:46:48+00:00\" \/>\n<meta property=\"og:image\" content=\"https:\/\/amy.com.pl\/wp-content\/uploads\/2022\/10\/AMY_k3_LEON_DUZA-1024x693.png\" \/>\n\t<meta property=\"og:image:width\" content=\"1024\" \/>\n\t<meta property=\"og:image:height\" content=\"693\" \/>\n\t<meta property=\"og:image:type\" content=\"image\/png\" \/>\n<meta name=\"twitter:card\" content=\"summary_large_image\" \/>\n<script type=\"application\/ld+json\" class=\"yoast-schema-graph\">{\"@context\":\"https:\/\/schema.org\",\"@graph\":[{\"@type\":\"WebPage\",\"@id\":\"https:\/\/amy.com.pl\/produkt\/posciel-do-lozeczka-3-elementowa-amy-leon\/\",\"url\":\"https:\/\/amy.com.pl\/produkt\/posciel-do-lozeczka-3-elementowa-amy-leon\/\",\"name\":\"Po\u015bciel do \u0142\u00f3\u017ceczka 3-elementowa Amy SARENKA - AMY\",\"isPartOf\":{\"@id\":\"https:\/\/amy.com.pl\/en\/#website\"},\"datePublished\":\"2022-10-10T09:33:02+00:00\",\"dateModified\":\"2023-06-28T08:46:48+00:00\",\"breadcrumb\":{\"@id\":\"https:\/\/amy.com.pl\/produkt\/posciel-do-lozeczka-3-elementowa-amy-leon\/#breadcrumb\"},\"inLanguage\":\"zh-CN\",\"potentialAction\":[{\"@type\":\"ReadAction\",\"target\":[\"https:\/\/amy.com.pl\/produkt\/posciel-do-lozeczka-3-elementowa-amy-leon\/\"]}]},{\"@type\":\"BreadcrumbList\",\"@id\":\"https:\/\/amy.com.pl\/produkt\/posciel-do-lozeczka-3-elementowa-amy-leon\/#breadcrumb\",\"itemListElement\":[{\"@type\":\"ListItem\",\"position\":1,\"name\":\"Strona g\u0142\u00f3wna\",\"item\":\"https:\/\/amy.com.pl\/zh-hans\/\"},{\"@type\":\"ListItem\",\"position\":2,\"name\":\"\u4ea7\u54c1\",\"item\":\"https:\/\/amy.com.pl\/zh-hans\/shop-zh\/\"},{\"@type\":\"ListItem\",\"position\":3,\"name\":\"Po\u015bciel do \u0142\u00f3\u017ceczka 3-elementowa Amy SARENKA\"}]},{\"@type\":\"WebSite\",\"@id\":\"https:\/\/amy.com.pl\/en\/#website\",\"url\":\"https:\/\/amy.com.pl\/en\/\",\"name\":\"AMY\",\"description\":\"\u6211\u5011\u7528\u611b\u64c1\u62b1\",\"publisher\":{\"@id\":\"https:\/\/amy.com.pl\/en\/#organization\"},\"potentialAction\":[{\"@type\":\"SearchAction\",\"target\":{\"@type\":\"EntryPoint\",\"urlTemplate\":\"https:\/\/amy.com.pl\/en\/?s={search_term_string}\"},\"query-input\":\"required name=search_term_string\"}],\"inLanguage\":\"zh-CN\"},{\"@type\":\"Organization\",\"@id\":\"https:\/\/amy.com.pl\/en\/#organization\",\"name\":\"Amy Sp. z o.o. Sp.K.\",\"url\":\"https:\/\/amy.com.pl\/en\/\",\"logo\":{\"@type\":\"ImageObject\",\"inLanguage\":\"zh-CN\",\"@id\":\"https:\/\/amy.com.pl\/en\/#\/schema\/logo\/image\/\",\"url\":\"https:\/\/amy.com.pl\/wp-content\/uploads\/2021\/09\/amy_logo.webp\",\"contentUrl\":\"https:\/\/amy.com.pl\/wp-content\/uploads\/2021\/09\/amy_logo.webp\",\"width\":130,\"height\":56,\"caption\":\"Amy Sp. z o.o. Sp.K.\"},\"image\":{\"@id\":\"https:\/\/amy.com.pl\/en\/#\/schema\/logo\/image\/\"},\"sameAs\":[\"https:\/\/www.facebook.com\/poscielAMY\",\"https:\/\/www.instagram.com\/amy_baby_bedding\/\",\"https:\/\/pl.pinterest.com\/poscielAMY\/\",\"https:\/\/www.youtube.com\/channel\/UC66RGd_7QHa8wV3rbkpjqrQ\"]}]}<\/script>\n<meta property=\"product:price:amount\" content=\"59.00\" \/>\n<meta property=\"product:price:currency\" content=\"PLN\" \/>\n<meta property=\"og:availability\" content=\"instock\" \/>\n<meta property=\"product:availability\" content=\"instock\" \/>\n<meta property=\"product:retailer_item_id\" content=\"81296-1-1-1-1-1-1-1-1-1-1-1-1-1\" \/>\n<meta property=\"product:condition\" content=\"new\" \/>\n<!-- \/ Yoast SEO Premium plugin. -->","yoast_head_json":{"title":"Po\u015bciel do \u0142\u00f3\u017ceczka 3-elementowa Amy SARENKA - AMY","robots":{"index":"index","follow":"follow","max-snippet":"max-snippet:-1","max-image-preview":"max-image-preview:large","max-video-preview":"max-video-preview:-1"},"canonical":"https:\/\/amy.com.pl\/produkt\/posciel-do-lozeczka-3-elementowa-amy-leon\/","og_locale":"zh_CN","og_type":"article","og_title":"Po\u015bciel do \u0142\u00f3\u017ceczka 3-elementowa Amy SARENKA","og_description":"Po\u015bciel do \u0142\u00f3\u017ceczka 3-elementowa SARENKA\u00a0 to doskona\u0142y wyb\u00f3r. Kupuj\u0105c ten komplet otrzymasz w zestawie: poszewki do \u0142\u00f3\u017ceczka na ko\u0142derk\u0119 i poduszk\u0119 [135\u00d7100, 60\u00d740 cm], ochraniacz do \u0142\u00f3\u017ceczka z wyjmowanym wk\u0142adem [155\u00d730 cm]. Poszewki wykonano z najwy\u017cszej jako\u015bci tkanin 100% bawe\u0142nianych. Wype\u0142nienie to 100% antyalergiczny poliester BabySoft\u00ae.","og_url":"https:\/\/amy.com.pl\/produkt\/posciel-do-lozeczka-3-elementowa-amy-leon\/","og_site_name":"AMY","article_publisher":"https:\/\/www.facebook.com\/poscielAMY","article_modified_time":"2023-06-28T08:46:48+00:00","og_image":[{"width":1024,"height":693,"url":"https:\/\/amy.com.pl\/wp-content\/uploads\/2022\/10\/AMY_k3_LEON_DUZA-1024x693.png","type":"image\/png"}],"twitter_card":"summary_large_image","schema":{"@context":"https:\/\/schema.org","@graph":[{"@type":"WebPage","@id":"https:\/\/amy.com.pl\/produkt\/posciel-do-lozeczka-3-elementowa-amy-leon\/","url":"https:\/\/amy.com.pl\/produkt\/posciel-do-lozeczka-3-elementowa-amy-leon\/","name":"Po\u015bciel do \u0142\u00f3\u017ceczka 3-elementowa Amy SARENKA - AMY","isPartOf":{"@id":"https:\/\/amy.com.pl\/en\/#website"},"datePublished":"2022-10-10T09:33:02+00:00","dateModified":"2023-06-28T08:46:48+00:00","breadcrumb":{"@id":"https:\/\/amy.com.pl\/produkt\/posciel-do-lozeczka-3-elementowa-amy-leon\/#breadcrumb"},"inLanguage":"zh-CN","potentialAction":[{"@type":"ReadAction","target":["https:\/\/amy.com.pl\/produkt\/posciel-do-lozeczka-3-elementowa-amy-leon\/"]}]},{"@type":"BreadcrumbList","@id":"https:\/\/amy.com.pl\/produkt\/posciel-do-lozeczka-3-elementowa-amy-leon\/#breadcrumb","itemListElement":[{"@type":"ListItem","position":1,"name":"Strona g\u0142\u00f3wna","item":"https:\/\/amy.com.pl\/zh-hans\/"},{"@type":"ListItem","position":2,"name":"\u4ea7\u54c1","item":"https:\/\/amy.com.pl\/zh-hans\/shop-zh\/"},{"@type":"ListItem","position":3,"name":"Po\u015bciel do \u0142\u00f3\u017ceczka 3-elementowa Amy SARENKA"}]},{"@type":"WebSite","@id":"https:\/\/amy.com.pl\/en\/#website","url":"https:\/\/amy.com.pl\/en\/","name":"AMY","description":"\u6211\u5011\u7528\u611b\u64c1\u62b1","publisher":{"@id":"https:\/\/amy.com.pl\/en\/#organization"},"potentialAction":[{"@type":"SearchAction","target":{"@type":"EntryPoint","urlTemplate":"https:\/\/amy.com.pl\/en\/?s={search_term_string}"},"query-input":"required name=search_term_string"}],"inLanguage":"zh-CN"},{"@type":"Organization","@id":"https:\/\/amy.com.pl\/en\/#organization","name":"Amy Sp. z o.o. Sp.K.","url":"https:\/\/amy.com.pl\/en\/","logo":{"@type":"ImageObject","inLanguage":"zh-CN","@id":"https:\/\/amy.com.pl\/en\/#\/schema\/logo\/image\/","url":"https:\/\/amy.com.pl\/wp-content\/uploads\/2021\/09\/amy_logo.webp","contentUrl":"https:\/\/amy.com.pl\/wp-content\/uploads\/2021\/09\/amy_logo.webp","width":130,"height":56,"caption":"Amy Sp. z o.o. Sp.K."},"image":{"@id":"https:\/\/amy.com.pl\/en\/#\/schema\/logo\/image\/"},"sameAs":["https:\/\/www.facebook.com\/poscielAMY","https:\/\/www.instagram.com\/amy_baby_bedding\/","https:\/\/pl.pinterest.com\/poscielAMY\/","https:\/\/www.youtube.com\/channel\/UC66RGd_7QHa8wV3rbkpjqrQ"]}]},"product_price_amount":"59.00","product_price_currency":"PLN","og_availability":"instock","product_availability":"instock","product_retailer_item_id":"81296-1-1-1-1-1-1-1-1-1-1-1-1-1","product_condition":"new"},"_links":{"self":[{"href":"https:\/\/amy.com.pl\/zh-hans\/wp-json\/wp\/v2\/product\/29534"}],"collection":[{"href":"https:\/\/amy.com.pl\/zh-hans\/wp-json\/wp\/v2\/product"}],"about":[{"href":"https:\/\/amy.com.pl\/zh-hans\/wp-json\/wp\/v2\/types\/product"}],"wp:featuredmedia":[{"embeddable":true,"href":"https:\/\/amy.com.pl\/zh-hans\/wp-json\/wp\/v2\/media\/29535"}],"wp:attachment":[{"href":"https:\/\/amy.com.pl\/zh-hans\/wp-json\/wp\/v2\/media?parent=29534"}],"wp:term":[{"taxonomy":"product_cat","embeddable":true,"href":"https:\/\/amy.com.pl\/zh-hans\/wp-json\/wp\/v2\/product_cat?post=29534"},{"taxonomy":"product_tag","embeddable":true,"href":"https:\/\/amy.com.pl\/zh-hans\/wp-json\/wp\/v2\/product_tag?post=29534"}],"curies":[{"name":"wp","href":"https:\/\/api.w.org\/{rel}","templated":true}]}}