{"id":29352,"date":"2022-08-06T17:24:17","date_gmt":"2022-08-06T15:24:17","guid":{"rendered":"https:\/\/amy.com.pl\/produkt\/amy-kosz-mojzesza-sissi-z-posciela-heart-bear-niebieski\/"},"modified":"2023-06-26T10:25:15","modified_gmt":"2023-06-26T08:25:15","slug":"amy-kosz-mojzesza-sissi-z-posciela-heart-bear-niebieski","status":"publish","type":"product","link":"https:\/\/amy.com.pl\/zh-hans\/produkt\/amy-kosz-mojzesza-sissi-z-posciela-heart-bear-niebieski\/","title":{"rendered":"Amy Kosz Moj\u017cesza Sissi z po\u015bciel\u0105 Heart Bear Niebieski"},"content":{"rendered":"<h1><strong>Kosz Moj\u017cesza z po\u015bciel\u0105 dla niemowlaka<\/strong><\/h1>\n<p>&nbsp;<\/p>\n<p>&nbsp;<\/p>\n<p><strong>Kosz Moj\u017cesza z po\u015bciel\u0105 dla niemowlaka marki AMY<\/strong> jest idealnym wyborem je\u017celi chcecie otuli\u0107 swojego Maluszka mi\u0119kko\u015bci\u0105 i delikatno\u015bci\u0105 podczas snu, zapewni\u0107 mu komfort, bezpiecze\u0144stwo i mie\u0107 go w zasi\u0119gu swojego wzroku w ka\u017cdym miejscu w domu. Kosz Moj\u017cesza dost\u0119pny jest w wielu wariantach kolorystycznych zar\u00f3wno dla ch\u0142opc\u00f3w jak i dla dziewczynek. P\u0119knie komponuje si\u0119\u00a0 z innymi produktami z tej samej kolekcji.<\/p>\n<p>&nbsp;<\/p>\n<h4><strong>Tkanina bawe\u0142niana<\/strong><\/h4>\n<p>&nbsp;<\/p>\n<p>Do produkcji kosza Moj\u017cesza z po\u015bciel\u0105 dla niemowlaka wybrali\u015bmy najwy\u017cszej jako\u015bci bawe\u0142n\u0119, kt\u00f3ra:<\/p>\n<ul>\n<li>jest niezwykle mi\u0119kka i delikatna<\/li>\n<li>cudowanie otula podczas snu<\/li>\n<li>jest bezpieczna dla wra\u017cliwej sk\u00f3ry Maluszka<\/li>\n<li>jest bardzo wytrzyma\u0142a, w rezultacie wielokrotnie prana nie zmienia koloru i kszta\u0142tu<\/li>\n<\/ul>\n<p>&nbsp;<\/p>\n<p>Kupuj\u0105c ten komplet otrzymasz w zestawie: kosz wiklinowy, podwozie drewniane, materacyk, podpor\u0119 baldachimu, poszewki z wype\u0142nieniami 75&#215;75, 35x40cm, os\u0142on\u0119 brzeg\u00f3w kosza, baldachim. Produkt wykonano z najwy\u017cszej jako\u015bci tkanin w 100% bawe\u0142nianych. Wype\u0142nienie to 100% antyalergiczny poliester BabySoft\u00ae. Baldachim wykonano z g\u0119stego tiulu poliestrowego oraz najwy\u017cszej jako\u015bci bawe\u0142ny 100%. Kosz to r\u0119cznie wyplatana wiklina, podwozie wykonano z wyselekcjonowanego drewna sosnowego malowanego atestowanymi lakierami.<\/p>\n","protected":false},"excerpt":{"rendered":"<p><strong>Kosza Moj\u017cesza marki AMY<\/strong> to doskona\u0142y wyb\u00f3r dla os\u00f3b, kt\u00f3re chc\u0105 mie\u0107 Maluszka w zasi\u0119gu swojego wzroku w ka\u017cdym miejscu w domu.<\/p>\n","protected":false},"featured_media":29293,"template":"","meta":{"_kad_post_transparent":"default","_kad_post_title":"","_kad_post_layout":"default","_kad_post_sidebar_id":"","_kad_post_content_style":"default","_kad_post_vertical_padding":"default","_kad_post_feature":"","_kad_post_feature_position":"","_kad_post_header":false,"_kad_post_footer":false,"_links_to":"","_links_to_target":""},"product_cat":[261,107,295,294],"product_tag":[],"yoast_head":"<!-- This site is optimized with the Yoast SEO Premium plugin v20.7 (Yoast SEO v20.7) - https:\/\/yoast.com\/wordpress\/plugins\/seo\/ -->\n<title>Kosz Moj\u017cesza z po\u015bciel\u0105 dla niemowlaka - AMY<\/title>\n<meta name=\"description\" content=\"Kosz Moj\u017cesza z po\u015bciel\u0105 dla niemowlaka marki AMY otula Maluszka niezwyk\u0142\u0105 mi\u0119kko\u015bci\u0105 i delikatno\u015bci\u0105 podczas snu, zapewniaj\u0105c mu komfort i bezpiecze\u0144stwo.\" \/>\n<meta name=\"robots\" content=\"index, follow, max-snippet:-1, max-image-preview:large, max-video-preview:-1\" \/>\n<link rel=\"canonical\" href=\"https:\/\/amy.com.pl\/produkt\/amy-kosz-mojzesza-sissi-z-posciela-heart-bear-niebieski\/\" \/>\n<meta property=\"og:locale\" content=\"zh_CN\" \/>\n<meta property=\"og:type\" content=\"article\" \/>\n<meta property=\"og:title\" content=\"Amy Kosz Moj\u017cesza Sissi z po\u015bciel\u0105 Heart Bear Niebieski\" \/>\n<meta property=\"og:description\" content=\"Kosz Moj\u017cesza z po\u015bciel\u0105 dla niemowlaka marki AMY otula Maluszka niezwyk\u0142\u0105 mi\u0119kko\u015bci\u0105 i delikatno\u015bci\u0105 podczas snu, zapewniaj\u0105c mu komfort i bezpiecze\u0144stwo.\" \/>\n<meta property=\"og:url\" content=\"https:\/\/amy.com.pl\/produkt\/amy-kosz-mojzesza-sissi-z-posciela-heart-bear-niebieski\/\" \/>\n<meta property=\"og:site_name\" content=\"AMY\" \/>\n<meta property=\"article:publisher\" content=\"https:\/\/www.facebook.com\/poscielAMY\" \/>\n<meta property=\"article:modified_time\" content=\"2023-06-26T08:25:15+00:00\" \/>\n<meta property=\"og:image\" content=\"https:\/\/amy.com.pl\/wp-content\/uploads\/2022\/08\/AMY_kosz_sissi_bia_sk_HEART_BEAR_NIEB.jpg\" \/>\n\t<meta property=\"og:image:width\" content=\"1500\" \/>\n\t<meta property=\"og:image:height\" content=\"2326\" \/>\n\t<meta property=\"og:image:type\" content=\"image\/jpeg\" \/>\n<meta name=\"twitter:card\" content=\"summary_large_image\" \/>\n<script type=\"application\/ld+json\" class=\"yoast-schema-graph\">{\"@context\":\"https:\/\/schema.org\",\"@graph\":[{\"@type\":\"WebPage\",\"@id\":\"https:\/\/amy.com.pl\/produkt\/amy-kosz-mojzesza-sissi-z-posciela-heart-bear-niebieski\/\",\"url\":\"https:\/\/amy.com.pl\/produkt\/amy-kosz-mojzesza-sissi-z-posciela-heart-bear-niebieski\/\",\"name\":\"Kosz Moj\u017cesza z po\u015bciel\u0105 dla niemowlaka - AMY\",\"isPartOf\":{\"@id\":\"https:\/\/amy.com.pl\/en\/#website\"},\"datePublished\":\"2022-08-06T15:24:17+00:00\",\"dateModified\":\"2023-06-26T08:25:15+00:00\",\"description\":\"Kosz Moj\u017cesza z po\u015bciel\u0105 dla niemowlaka marki AMY otula Maluszka niezwyk\u0142\u0105 mi\u0119kko\u015bci\u0105 i delikatno\u015bci\u0105 podczas snu, zapewniaj\u0105c mu komfort i bezpiecze\u0144stwo.\",\"breadcrumb\":{\"@id\":\"https:\/\/amy.com.pl\/produkt\/amy-kosz-mojzesza-sissi-z-posciela-heart-bear-niebieski\/#breadcrumb\"},\"inLanguage\":\"zh-CN\",\"potentialAction\":[{\"@type\":\"ReadAction\",\"target\":[\"https:\/\/amy.com.pl\/produkt\/amy-kosz-mojzesza-sissi-z-posciela-heart-bear-niebieski\/\"]}]},{\"@type\":\"BreadcrumbList\",\"@id\":\"https:\/\/amy.com.pl\/produkt\/amy-kosz-mojzesza-sissi-z-posciela-heart-bear-niebieski\/#breadcrumb\",\"itemListElement\":[{\"@type\":\"ListItem\",\"position\":1,\"name\":\"Strona g\u0142\u00f3wna\",\"item\":\"https:\/\/amy.com.pl\/zh-hans\/\"},{\"@type\":\"ListItem\",\"position\":2,\"name\":\"\u4ea7\u54c1\",\"item\":\"https:\/\/amy.com.pl\/zh-hans\/shop-zh\/\"},{\"@type\":\"ListItem\",\"position\":3,\"name\":\"Amy Kosz Moj\u017cesza Sissi z po\u015bciel\u0105 Heart Bear Niebieski\"}]},{\"@type\":\"WebSite\",\"@id\":\"https:\/\/amy.com.pl\/en\/#website\",\"url\":\"https:\/\/amy.com.pl\/en\/\",\"name\":\"AMY\",\"description\":\"\u6211\u5011\u7528\u611b\u64c1\u62b1\",\"publisher\":{\"@id\":\"https:\/\/amy.com.pl\/en\/#organization\"},\"potentialAction\":[{\"@type\":\"SearchAction\",\"target\":{\"@type\":\"EntryPoint\",\"urlTemplate\":\"https:\/\/amy.com.pl\/en\/?s={search_term_string}\"},\"query-input\":\"required name=search_term_string\"}],\"inLanguage\":\"zh-CN\"},{\"@type\":\"Organization\",\"@id\":\"https:\/\/amy.com.pl\/en\/#organization\",\"name\":\"Amy Sp. z o.o. Sp.K.\",\"url\":\"https:\/\/amy.com.pl\/en\/\",\"logo\":{\"@type\":\"ImageObject\",\"inLanguage\":\"zh-CN\",\"@id\":\"https:\/\/amy.com.pl\/en\/#\/schema\/logo\/image\/\",\"url\":\"https:\/\/amy.com.pl\/wp-content\/uploads\/2021\/09\/amy_logo.webp\",\"contentUrl\":\"https:\/\/amy.com.pl\/wp-content\/uploads\/2021\/09\/amy_logo.webp\",\"width\":130,\"height\":56,\"caption\":\"Amy Sp. z o.o. Sp.K.\"},\"image\":{\"@id\":\"https:\/\/amy.com.pl\/en\/#\/schema\/logo\/image\/\"},\"sameAs\":[\"https:\/\/www.facebook.com\/poscielAMY\",\"https:\/\/www.instagram.com\/amy_baby_bedding\/\",\"https:\/\/pl.pinterest.com\/poscielAMY\/\",\"https:\/\/www.youtube.com\/channel\/UC66RGd_7QHa8wV3rbkpjqrQ\"]}]}<\/script>\n<meta property=\"product:price:amount\" content=\"877.00\" \/>\n<meta property=\"product:price:currency\" content=\"PLN\" \/>\n<meta property=\"og:availability\" content=\"instock\" \/>\n<meta property=\"product:availability\" content=\"instock\" \/>\n<meta property=\"product:retailer_item_id\" content=\"68842\" \/>\n<meta property=\"product:condition\" content=\"new\" \/>\n<!-- \/ Yoast SEO Premium plugin. -->","yoast_head_json":{"title":"Kosz Moj\u017cesza z po\u015bciel\u0105 dla niemowlaka - AMY","description":"Kosz Moj\u017cesza z po\u015bciel\u0105 dla niemowlaka marki AMY otula Maluszka niezwyk\u0142\u0105 mi\u0119kko\u015bci\u0105 i delikatno\u015bci\u0105 podczas snu, zapewniaj\u0105c mu komfort i bezpiecze\u0144stwo.","robots":{"index":"index","follow":"follow","max-snippet":"max-snippet:-1","max-image-preview":"max-image-preview:large","max-video-preview":"max-video-preview:-1"},"canonical":"https:\/\/amy.com.pl\/produkt\/amy-kosz-mojzesza-sissi-z-posciela-heart-bear-niebieski\/","og_locale":"zh_CN","og_type":"article","og_title":"Amy Kosz Moj\u017cesza Sissi z po\u015bciel\u0105 Heart Bear Niebieski","og_description":"Kosz Moj\u017cesza z po\u015bciel\u0105 dla niemowlaka marki AMY otula Maluszka niezwyk\u0142\u0105 mi\u0119kko\u015bci\u0105 i delikatno\u015bci\u0105 podczas snu, zapewniaj\u0105c mu komfort i bezpiecze\u0144stwo.","og_url":"https:\/\/amy.com.pl\/produkt\/amy-kosz-mojzesza-sissi-z-posciela-heart-bear-niebieski\/","og_site_name":"AMY","article_publisher":"https:\/\/www.facebook.com\/poscielAMY","article_modified_time":"2023-06-26T08:25:15+00:00","og_image":[{"width":1500,"height":2326,"url":"https:\/\/amy.com.pl\/wp-content\/uploads\/2022\/08\/AMY_kosz_sissi_bia_sk_HEART_BEAR_NIEB.jpg","type":"image\/jpeg"}],"twitter_card":"summary_large_image","schema":{"@context":"https:\/\/schema.org","@graph":[{"@type":"WebPage","@id":"https:\/\/amy.com.pl\/produkt\/amy-kosz-mojzesza-sissi-z-posciela-heart-bear-niebieski\/","url":"https:\/\/amy.com.pl\/produkt\/amy-kosz-mojzesza-sissi-z-posciela-heart-bear-niebieski\/","name":"Kosz Moj\u017cesza z po\u015bciel\u0105 dla niemowlaka - AMY","isPartOf":{"@id":"https:\/\/amy.com.pl\/en\/#website"},"datePublished":"2022-08-06T15:24:17+00:00","dateModified":"2023-06-26T08:25:15+00:00","description":"Kosz Moj\u017cesza z po\u015bciel\u0105 dla niemowlaka marki AMY otula Maluszka niezwyk\u0142\u0105 mi\u0119kko\u015bci\u0105 i delikatno\u015bci\u0105 podczas snu, zapewniaj\u0105c mu komfort i bezpiecze\u0144stwo.","breadcrumb":{"@id":"https:\/\/amy.com.pl\/produkt\/amy-kosz-mojzesza-sissi-z-posciela-heart-bear-niebieski\/#breadcrumb"},"inLanguage":"zh-CN","potentialAction":[{"@type":"ReadAction","target":["https:\/\/amy.com.pl\/produkt\/amy-kosz-mojzesza-sissi-z-posciela-heart-bear-niebieski\/"]}]},{"@type":"BreadcrumbList","@id":"https:\/\/amy.com.pl\/produkt\/amy-kosz-mojzesza-sissi-z-posciela-heart-bear-niebieski\/#breadcrumb","itemListElement":[{"@type":"ListItem","position":1,"name":"Strona g\u0142\u00f3wna","item":"https:\/\/amy.com.pl\/zh-hans\/"},{"@type":"ListItem","position":2,"name":"\u4ea7\u54c1","item":"https:\/\/amy.com.pl\/zh-hans\/shop-zh\/"},{"@type":"ListItem","position":3,"name":"Amy Kosz Moj\u017cesza Sissi z po\u015bciel\u0105 Heart Bear Niebieski"}]},{"@type":"WebSite","@id":"https:\/\/amy.com.pl\/en\/#website","url":"https:\/\/amy.com.pl\/en\/","name":"AMY","description":"\u6211\u5011\u7528\u611b\u64c1\u62b1","publisher":{"@id":"https:\/\/amy.com.pl\/en\/#organization"},"potentialAction":[{"@type":"SearchAction","target":{"@type":"EntryPoint","urlTemplate":"https:\/\/amy.com.pl\/en\/?s={search_term_string}"},"query-input":"required name=search_term_string"}],"inLanguage":"zh-CN"},{"@type":"Organization","@id":"https:\/\/amy.com.pl\/en\/#organization","name":"Amy Sp. z o.o. Sp.K.","url":"https:\/\/amy.com.pl\/en\/","logo":{"@type":"ImageObject","inLanguage":"zh-CN","@id":"https:\/\/amy.com.pl\/en\/#\/schema\/logo\/image\/","url":"https:\/\/amy.com.pl\/wp-content\/uploads\/2021\/09\/amy_logo.webp","contentUrl":"https:\/\/amy.com.pl\/wp-content\/uploads\/2021\/09\/amy_logo.webp","width":130,"height":56,"caption":"Amy Sp. z o.o. Sp.K."},"image":{"@id":"https:\/\/amy.com.pl\/en\/#\/schema\/logo\/image\/"},"sameAs":["https:\/\/www.facebook.com\/poscielAMY","https:\/\/www.instagram.com\/amy_baby_bedding\/","https:\/\/pl.pinterest.com\/poscielAMY\/","https:\/\/www.youtube.com\/channel\/UC66RGd_7QHa8wV3rbkpjqrQ"]}]},"product_price_amount":"877.00","product_price_currency":"PLN","og_availability":"instock","product_availability":"instock","product_retailer_item_id":"68842","product_condition":"new"},"_links":{"self":[{"href":"https:\/\/amy.com.pl\/zh-hans\/wp-json\/wp\/v2\/product\/29352"}],"collection":[{"href":"https:\/\/amy.com.pl\/zh-hans\/wp-json\/wp\/v2\/product"}],"about":[{"href":"https:\/\/amy.com.pl\/zh-hans\/wp-json\/wp\/v2\/types\/product"}],"wp:featuredmedia":[{"embeddable":true,"href":"https:\/\/amy.com.pl\/zh-hans\/wp-json\/wp\/v2\/media\/29293"}],"wp:attachment":[{"href":"https:\/\/amy.com.pl\/zh-hans\/wp-json\/wp\/v2\/media?parent=29352"}],"wp:term":[{"taxonomy":"product_cat","embeddable":true,"href":"https:\/\/amy.com.pl\/zh-hans\/wp-json\/wp\/v2\/product_cat?post=29352"},{"taxonomy":"product_tag","embeddable":true,"href":"https:\/\/amy.com.pl\/zh-hans\/wp-json\/wp\/v2\/product_tag?post=29352"}],"curies":[{"name":"wp","href":"https:\/\/api.w.org\/{rel}","templated":true}]}}