{"id":27569,"date":"2022-02-10T16:35:26","date_gmt":"2022-02-10T15:35:26","guid":{"rendered":"https:\/\/amy.com.pl\/produkt\/ochraniacz-warkocz-amy-bamboo-wesoly-kosmos\/"},"modified":"2023-06-26T10:30:35","modified_gmt":"2023-06-26T08:30:35","slug":"ochraniacz-warkocz-amy-bamboo-wesoly-kosmos","status":"publish","type":"product","link":"https:\/\/amy.com.pl\/zh-hans\/produkt\/ochraniacz-warkocz-amy-bamboo-wesoly-kosmos\/","title":{"rendered":"Ochraniacz-warkocz Amy Bamboo Weso\u0142y Kosmos"},"content":{"rendered":"<h1><strong>Bambusowy warkocz-ochraniacz<\/strong><\/h1>\n<p>Bambusowy warkocz-ochraniacz z kolekcji Nature Bamboo by Amy to produkt wyj\u0105tkowy. Mo\u017cna go wykorzystywa\u0107 na wiele sposob\u00f3w, kt\u00f3re podpowiada wyobra\u017ania. Doskonale si\u0119 sprawdza jako ochraniacz w \u0142\u00f3\u017ceczku i w \u0142\u00f3\u017cku rodzic\u00f3w. Siedz\u0105cym maluszkom towarzyszy podczas zabaw na pod\u0142odze, a starszaki wykorzystuj\u0105 go na r\u00f3\u017cne sposoby w trakcie kreatywnych szale\u0144stw. Nasz warkocz to gwarancja spokojnego snu i bezpiecznej zabawy.<\/p>\n<h2><strong>Kolekcja<\/strong><\/h2>\n<p>Ta niezwyk\u0142a kolekcja z serii Bajkowe Przygody jest inspirowana ma\u0142ymi odkrywcami \u015bwiata, kt\u00f3rymi s\u0105 wszystkie dzieci. Uroczy, kolorowy wz\u00f3r wprowadza do pokoiku dziecka radosny klimat. Od pierwszych dni \u017cycia maluszek b\u0119dzie otoczony naturaln\u0105 tkanin\u0105 ukazuj\u0105c\u0105 bajkowy, kolorowy \u015bwiat.<\/p>\n<h2><strong>Tkanina bambusowa<\/strong><\/h2>\n<p>Wybrali\u015bmy najwy\u017cszej jako\u015bci bambus, kt\u00f3ry ma wa\u017cne w\u0142a\u015bciwo\u015bci:<br \/>\n\u2022 jest delikatny i mi\u0119kki jak jedwab<br \/>\n\u2022 jest hipoalergiczny, idealny dla wra\u017cliwej sk\u00f3ry maluszka<br \/>\n\u2022 jest antybakteryjny i przeciwgrzybiczny<br \/>\n\u2022 neutralizuje nieprzyjemne zapachy<br \/>\n\u2022 doskonale absorbuje wilgo\u0107<br \/>\n\u2022 chroni przed szkodliwymi promieniami UV<\/p>\n<h2><strong>Wype\u0142nienie BabySoft<\/strong><\/h2>\n<p>Wype\u0142nienie warkocza to ocieplina silikonowana BabySoft, czyli gwarancja odpowiedniej grubo\u015bci i mi\u0119kko\u015bci, daj\u0105ca pewno\u015b\u0107, \u017ce dziecko nie zmarznie i si\u0119 nie przegrzeje. Odpowiednio dobrana struktura w\u0142\u00f3kien sprawia, \u017ce jest idealna dla wra\u017cliwej sk\u00f3ry maluszka.<\/p>\n<h2><strong>Gratis!<\/strong><\/h2>\n<p>Do naszego warkocza dodajemy GRATIS haftowan\u0105 torb\u0119 wielokrotnego u\u017cytku, wykonan\u0105 z bawe\u0142ny 100%. Mo\u017cna j\u0105 zabra\u0107 na zakupy, na pla\u017c\u0119 lub na spacer po parku. Jest ciekawym gad\u017cetem, kt\u00f3ry pasuje do r\u00f3\u017cnych stylizacji.<br \/>\nNasz bambusowy warkocz b\u0119dzie Wam towarzyszy\u0107 od pierwszych chwil \u017cycia, a\u017c do wieku szkolnego.<br \/>\nProdukt sprawdzi si\u0119 jako wyj\u0105tkowy prezent dla wyj\u0105tkowego Maluszka.<\/p>\n<div style=\"width: 1144px;\" class=\"wp-video\"><!--[if lt IE 9]><script>document.createElement('video');<\/script><![endif]-->\n<video class=\"wp-video-shortcode\" id=\"video-27569-1\" width=\"1144\" height=\"644\" loop=\"1\" preload=\"auto\" controls=\"controls\"><source type=\"video\/mp4\" src=\"https:\/\/amy.com.pl\/wp-content\/uploads\/2022\/02\/Amy-Nature-Bamboo-chmurkowe-podroze-lesne-skarby-wesoly-kosmos_HD.mp4?_=1\" \/><a href=\"https:\/\/amy.com.pl\/wp-content\/uploads\/2022\/02\/Amy-Nature-Bamboo-chmurkowe-podroze-lesne-skarby-wesoly-kosmos_HD.mp4\">https:\/\/amy.com.pl\/wp-content\/uploads\/2022\/02\/Amy-Nature-Bamboo-chmurkowe-podroze-lesne-skarby-wesoly-kosmos_HD.mp4<\/a><\/video><\/div>\n","protected":false},"excerpt":{"rendered":"<p>Bambusowy warkocz-ochraniacz Bambusowy warkocz-ochrania&#8230;<\/p>\n","protected":false},"featured_media":26714,"template":"","meta":{"_kad_post_transparent":"default","_kad_post_title":"","_kad_post_layout":"default","_kad_post_sidebar_id":"","_kad_post_content_style":"default","_kad_post_vertical_padding":"default","_kad_post_feature":"","_kad_post_feature_position":"","_kad_post_header":false,"_kad_post_footer":false,"_links_to":"","_links_to_target":""},"product_cat":[108,107,61,259],"product_tag":[],"yoast_head":"<!-- This site is optimized with the Yoast SEO Premium plugin v20.7 (Yoast SEO v20.7) - https:\/\/yoast.com\/wordpress\/plugins\/seo\/ -->\n<title>Bambusowy warkocz-ochraniacz Amy Bamboo to niezb\u0119dny element ka\u017cdej wyprawki<\/title>\n<meta name=\"description\" content=\"Bambusowy warkocz-ochraniacz szyjemy z naturalnych, najwy\u017cszej jako\u015bci tkanin 100% CV bambus. Dzi\u0119ki temu jest mi\u0119ciutki i nie przegrzewa, cudownie otula w dzie\u0144 i nocy.\" \/>\n<meta name=\"robots\" content=\"index, follow, max-snippet:-1, max-image-preview:large, max-video-preview:-1\" \/>\n<link rel=\"canonical\" href=\"https:\/\/amy.com.pl\/produkt\/ochraniacz-warkocz-amy-bamboo-wesoly-kosmos\/\" \/>\n<meta property=\"og:locale\" content=\"zh_CN\" \/>\n<meta property=\"og:type\" content=\"article\" \/>\n<meta property=\"og:title\" content=\"Ochraniacz-warkocz Amy Bamboo Weso\u0142y Kosmos\" \/>\n<meta property=\"og:description\" content=\"Bambusowy warkocz-ochraniacz szyjemy z naturalnych, najwy\u017cszej jako\u015bci tkanin 100% CV bambus. Dzi\u0119ki temu jest mi\u0119ciutki i nie przegrzewa, cudownie otula w dzie\u0144 i nocy.\" \/>\n<meta property=\"og:url\" content=\"https:\/\/amy.com.pl\/produkt\/ochraniacz-warkocz-amy-bamboo-wesoly-kosmos\/\" \/>\n<meta property=\"og:site_name\" content=\"AMY\" \/>\n<meta property=\"article:publisher\" content=\"https:\/\/www.facebook.com\/poscielAMY\" \/>\n<meta property=\"article:modified_time\" content=\"2023-06-26T08:30:35+00:00\" \/>\n<meta property=\"og:image\" content=\"https:\/\/amy.com.pl\/wp-content\/uploads\/2022\/02\/AMY_war_210_Nature_Bamboo_Wesoly_Kosmos.webp\" \/>\n\t<meta property=\"og:image:width\" content=\"1500\" \/>\n\t<meta property=\"og:image:height\" content=\"1355\" \/>\n\t<meta property=\"og:image:type\" content=\"image\/webp\" \/>\n<meta name=\"twitter:card\" content=\"summary_large_image\" \/>\n<script type=\"application\/ld+json\" class=\"yoast-schema-graph\">{\"@context\":\"https:\/\/schema.org\",\"@graph\":[{\"@type\":\"WebPage\",\"@id\":\"https:\/\/amy.com.pl\/produkt\/ochraniacz-warkocz-amy-bamboo-wesoly-kosmos\/\",\"url\":\"https:\/\/amy.com.pl\/produkt\/ochraniacz-warkocz-amy-bamboo-wesoly-kosmos\/\",\"name\":\"Bambusowy warkocz-ochraniacz Amy Bamboo to niezb\u0119dny element ka\u017cdej wyprawki\",\"isPartOf\":{\"@id\":\"https:\/\/amy.com.pl\/en\/#website\"},\"datePublished\":\"2022-02-10T15:35:26+00:00\",\"dateModified\":\"2023-06-26T08:30:35+00:00\",\"description\":\"Bambusowy warkocz-ochraniacz szyjemy z naturalnych, najwy\u017cszej jako\u015bci tkanin 100% CV bambus. Dzi\u0119ki temu jest mi\u0119ciutki i nie przegrzewa, cudownie otula w dzie\u0144 i nocy.\",\"breadcrumb\":{\"@id\":\"https:\/\/amy.com.pl\/produkt\/ochraniacz-warkocz-amy-bamboo-wesoly-kosmos\/#breadcrumb\"},\"inLanguage\":\"zh-CN\",\"potentialAction\":[{\"@type\":\"ReadAction\",\"target\":[\"https:\/\/amy.com.pl\/produkt\/ochraniacz-warkocz-amy-bamboo-wesoly-kosmos\/\"]}]},{\"@type\":\"BreadcrumbList\",\"@id\":\"https:\/\/amy.com.pl\/produkt\/ochraniacz-warkocz-amy-bamboo-wesoly-kosmos\/#breadcrumb\",\"itemListElement\":[{\"@type\":\"ListItem\",\"position\":1,\"name\":\"Strona g\u0142\u00f3wna\",\"item\":\"https:\/\/amy.com.pl\/zh-hans\/\"},{\"@type\":\"ListItem\",\"position\":2,\"name\":\"\u4ea7\u54c1\",\"item\":\"https:\/\/amy.com.pl\/zh-hans\/shop-zh\/\"},{\"@type\":\"ListItem\",\"position\":3,\"name\":\"Ochraniacz-warkocz Amy Bamboo Weso\u0142y Kosmos\"}]},{\"@type\":\"WebSite\",\"@id\":\"https:\/\/amy.com.pl\/en\/#website\",\"url\":\"https:\/\/amy.com.pl\/en\/\",\"name\":\"AMY\",\"description\":\"\u6211\u5011\u7528\u611b\u64c1\u62b1\",\"publisher\":{\"@id\":\"https:\/\/amy.com.pl\/en\/#organization\"},\"potentialAction\":[{\"@type\":\"SearchAction\",\"target\":{\"@type\":\"EntryPoint\",\"urlTemplate\":\"https:\/\/amy.com.pl\/en\/?s={search_term_string}\"},\"query-input\":\"required name=search_term_string\"}],\"inLanguage\":\"zh-CN\"},{\"@type\":\"Organization\",\"@id\":\"https:\/\/amy.com.pl\/en\/#organization\",\"name\":\"Amy Sp. z o.o. Sp.K.\",\"url\":\"https:\/\/amy.com.pl\/en\/\",\"logo\":{\"@type\":\"ImageObject\",\"inLanguage\":\"zh-CN\",\"@id\":\"https:\/\/amy.com.pl\/en\/#\/schema\/logo\/image\/\",\"url\":\"https:\/\/amy.com.pl\/wp-content\/uploads\/2021\/09\/amy_logo.webp\",\"contentUrl\":\"https:\/\/amy.com.pl\/wp-content\/uploads\/2021\/09\/amy_logo.webp\",\"width\":130,\"height\":56,\"caption\":\"Amy Sp. z o.o. Sp.K.\"},\"image\":{\"@id\":\"https:\/\/amy.com.pl\/en\/#\/schema\/logo\/image\/\"},\"sameAs\":[\"https:\/\/www.facebook.com\/poscielAMY\",\"https:\/\/www.instagram.com\/amy_baby_bedding\/\",\"https:\/\/pl.pinterest.com\/poscielAMY\/\",\"https:\/\/www.youtube.com\/channel\/UC66RGd_7QHa8wV3rbkpjqrQ\"]}]}<\/script>\n<meta property=\"og:availability\" content=\"out of stock\" \/>\n<meta property=\"product:availability\" content=\"out of stock\" \/>\n<meta property=\"product:retailer_item_id\" content=\"1853\" \/>\n<meta property=\"product:condition\" content=\"new\" \/>\n<!-- \/ Yoast SEO Premium plugin. -->","yoast_head_json":{"title":"Bambusowy warkocz-ochraniacz Amy Bamboo to niezb\u0119dny element ka\u017cdej wyprawki","description":"Bambusowy warkocz-ochraniacz szyjemy z naturalnych, najwy\u017cszej jako\u015bci tkanin 100% CV bambus. Dzi\u0119ki temu jest mi\u0119ciutki i nie przegrzewa, cudownie otula w dzie\u0144 i nocy.","robots":{"index":"index","follow":"follow","max-snippet":"max-snippet:-1","max-image-preview":"max-image-preview:large","max-video-preview":"max-video-preview:-1"},"canonical":"https:\/\/amy.com.pl\/produkt\/ochraniacz-warkocz-amy-bamboo-wesoly-kosmos\/","og_locale":"zh_CN","og_type":"article","og_title":"Ochraniacz-warkocz Amy Bamboo Weso\u0142y Kosmos","og_description":"Bambusowy warkocz-ochraniacz szyjemy z naturalnych, najwy\u017cszej jako\u015bci tkanin 100% CV bambus. Dzi\u0119ki temu jest mi\u0119ciutki i nie przegrzewa, cudownie otula w dzie\u0144 i nocy.","og_url":"https:\/\/amy.com.pl\/produkt\/ochraniacz-warkocz-amy-bamboo-wesoly-kosmos\/","og_site_name":"AMY","article_publisher":"https:\/\/www.facebook.com\/poscielAMY","article_modified_time":"2023-06-26T08:30:35+00:00","og_image":[{"width":1500,"height":1355,"url":"https:\/\/amy.com.pl\/wp-content\/uploads\/2022\/02\/AMY_war_210_Nature_Bamboo_Wesoly_Kosmos.webp","type":"image\/webp"}],"twitter_card":"summary_large_image","schema":{"@context":"https:\/\/schema.org","@graph":[{"@type":"WebPage","@id":"https:\/\/amy.com.pl\/produkt\/ochraniacz-warkocz-amy-bamboo-wesoly-kosmos\/","url":"https:\/\/amy.com.pl\/produkt\/ochraniacz-warkocz-amy-bamboo-wesoly-kosmos\/","name":"Bambusowy warkocz-ochraniacz Amy Bamboo to niezb\u0119dny element ka\u017cdej wyprawki","isPartOf":{"@id":"https:\/\/amy.com.pl\/en\/#website"},"datePublished":"2022-02-10T15:35:26+00:00","dateModified":"2023-06-26T08:30:35+00:00","description":"Bambusowy warkocz-ochraniacz szyjemy z naturalnych, najwy\u017cszej jako\u015bci tkanin 100% CV bambus. Dzi\u0119ki temu jest mi\u0119ciutki i nie przegrzewa, cudownie otula w dzie\u0144 i nocy.","breadcrumb":{"@id":"https:\/\/amy.com.pl\/produkt\/ochraniacz-warkocz-amy-bamboo-wesoly-kosmos\/#breadcrumb"},"inLanguage":"zh-CN","potentialAction":[{"@type":"ReadAction","target":["https:\/\/amy.com.pl\/produkt\/ochraniacz-warkocz-amy-bamboo-wesoly-kosmos\/"]}]},{"@type":"BreadcrumbList","@id":"https:\/\/amy.com.pl\/produkt\/ochraniacz-warkocz-amy-bamboo-wesoly-kosmos\/#breadcrumb","itemListElement":[{"@type":"ListItem","position":1,"name":"Strona g\u0142\u00f3wna","item":"https:\/\/amy.com.pl\/zh-hans\/"},{"@type":"ListItem","position":2,"name":"\u4ea7\u54c1","item":"https:\/\/amy.com.pl\/zh-hans\/shop-zh\/"},{"@type":"ListItem","position":3,"name":"Ochraniacz-warkocz Amy Bamboo Weso\u0142y Kosmos"}]},{"@type":"WebSite","@id":"https:\/\/amy.com.pl\/en\/#website","url":"https:\/\/amy.com.pl\/en\/","name":"AMY","description":"\u6211\u5011\u7528\u611b\u64c1\u62b1","publisher":{"@id":"https:\/\/amy.com.pl\/en\/#organization"},"potentialAction":[{"@type":"SearchAction","target":{"@type":"EntryPoint","urlTemplate":"https:\/\/amy.com.pl\/en\/?s={search_term_string}"},"query-input":"required name=search_term_string"}],"inLanguage":"zh-CN"},{"@type":"Organization","@id":"https:\/\/amy.com.pl\/en\/#organization","name":"Amy Sp. z o.o. Sp.K.","url":"https:\/\/amy.com.pl\/en\/","logo":{"@type":"ImageObject","inLanguage":"zh-CN","@id":"https:\/\/amy.com.pl\/en\/#\/schema\/logo\/image\/","url":"https:\/\/amy.com.pl\/wp-content\/uploads\/2021\/09\/amy_logo.webp","contentUrl":"https:\/\/amy.com.pl\/wp-content\/uploads\/2021\/09\/amy_logo.webp","width":130,"height":56,"caption":"Amy Sp. z o.o. Sp.K."},"image":{"@id":"https:\/\/amy.com.pl\/en\/#\/schema\/logo\/image\/"},"sameAs":["https:\/\/www.facebook.com\/poscielAMY","https:\/\/www.instagram.com\/amy_baby_bedding\/","https:\/\/pl.pinterest.com\/poscielAMY\/","https:\/\/www.youtube.com\/channel\/UC66RGd_7QHa8wV3rbkpjqrQ"]}]},"og_availability":"out of stock","product_availability":"out of stock","product_retailer_item_id":"1853","product_condition":"new"},"_links":{"self":[{"href":"https:\/\/amy.com.pl\/zh-hans\/wp-json\/wp\/v2\/product\/27569"}],"collection":[{"href":"https:\/\/amy.com.pl\/zh-hans\/wp-json\/wp\/v2\/product"}],"about":[{"href":"https:\/\/amy.com.pl\/zh-hans\/wp-json\/wp\/v2\/types\/product"}],"wp:featuredmedia":[{"embeddable":true,"href":"https:\/\/amy.com.pl\/zh-hans\/wp-json\/wp\/v2\/media\/26714"}],"wp:attachment":[{"href":"https:\/\/amy.com.pl\/zh-hans\/wp-json\/wp\/v2\/media?parent=27569"}],"wp:term":[{"taxonomy":"product_cat","embeddable":true,"href":"https:\/\/amy.com.pl\/zh-hans\/wp-json\/wp\/v2\/product_cat?post=27569"},{"taxonomy":"product_tag","embeddable":true,"href":"https:\/\/amy.com.pl\/zh-hans\/wp-json\/wp\/v2\/product_tag?post=27569"}],"curies":[{"name":"wp","href":"https:\/\/api.w.org\/{rel}","templated":true}]}}