{"id":27337,"date":"2022-02-10T16:09:36","date_gmt":"2022-02-10T15:09:36","guid":{"rendered":"https:\/\/amy.com.pl\/produkt\/kolderka-amy-bamboo-ptasi-gaj-wisniowy\/"},"modified":"2023-06-26T10:23:42","modified_gmt":"2023-06-26T08:23:42","slug":"kolderka-amy-bamboo-ptasi-gaj-wisniowy","status":"publish","type":"product","link":"https:\/\/amy.com.pl\/zh-hans\/produkt\/kolderka-amy-bamboo-ptasi-gaj-wisniowy\/","title":{"rendered":"Ko\u0142derka Amy Bamboo Ptasi Gaj Wi\u015bniowy"},"content":{"rendered":"<h1><strong>Ko\u0142derka dzieci\u0119ca bambusowa ciep\u0142a<\/strong><\/h1>\n<p>&nbsp;<\/p>\n<p><strong>Ko\u0142derka dzieci\u0119ca bambusowa ciep\u0142a z kolekcji Nature Bamboo by Amy<\/strong> to gwarancja spokojnego i bezpiecznego snu Twojego Maluszka. Jest lekka, delikatna i mi\u0119ciutka, otula sk\u00f3r\u0119 dziecka, zapewniaj\u0105c optymaln\u0105 temperatur\u0119 cia\u0142a o ka\u017cdej porze roku. Ko\u0142derka sprawdzi si\u0119 idealnie podczas kr\u00f3tkiej drzemki na \u015bwie\u017cym powietrzu, a tak\u017ce podczas d\u0142ugiego snu po wieczornej k\u0105pieli. Ko\u0142derk\u0119 mo\u017cna wykorzysta\u0107 w dzieci\u0119cym \u0142\u00f3\u017ceczku, na spacerze w w\u00f3zku, podczas podr\u00f3\u017cy w foteliku samochodowym.<\/p>\n<p>&nbsp;<\/p>\n<h4><strong>Kolekcja<\/strong><\/h4>\n<p>&nbsp;<\/p>\n<p>Ta niezwyk\u0142a kolekcja inspirowana otaczaj\u0105c\u0105 nas natur\u0105 powsta\u0142a we wsp\u00f3\u0142pracy z polsk\u0105 ilustratork\u0105 i projektantk\u0105 Ag\u0105 Kobyli\u0144sk\u0105. R\u0119cznie malowane wzory wprowadz\u0105 do pokoiku dziecka wyj\u0105tkowy klimat. Od pierwszych dni \u017cycia maluszek b\u0119dzie otoczony naturaln\u0105 tkanin\u0105 ukazuj\u0105c\u0105 cudown\u0105, polsk\u0105 przyrod\u0119.<\/p>\n<p>&nbsp;<\/p>\n<h4><strong>Tkanina bambusowa<\/strong><\/h4>\n<p>&nbsp;<\/p>\n<p>Do produkcji ko\u0142derki dzieci\u0119cej bambusowej ciep\u0142ej wybrali\u015bmy najwy\u017cszej jako\u015bci bambus, kt\u00f3ry ma wa\u017cne w\u0142a\u015bciwo\u015bci:<\/p>\n<ul>\n<li>przede wszystkim jest delikatny i mi\u0119kki jak jedwab<\/li>\n<li>jest hipoalergiczny, dlatego idealnie sprawdzi si\u0119 dla wra\u017cliwej sk\u00f3ry Maluszka<\/li>\n<li>jest antybakteryjny i przeciwgrzybiczny<\/li>\n<li>neutralizuje nieprzyjemne zapachy<\/li>\n<li>doskonale absorbuje wilgo\u0107<\/li>\n<li>chroni przed szkodliwymi promieniami UV<\/li>\n<\/ul>\n<p>&nbsp;<\/p>\n<h4><strong>Wype\u0142nienie BabySoft<\/strong><\/h4>\n<p>&nbsp;<\/p>\n<p>Wype\u0142nienie ko\u0142derki to ocieplina silikonowana BabySoft, czyli gwarancja odpowiedniej grubo\u015bci i mi\u0119kko\u015bci,\u00a0 w rezultacie daj\u0105ca pewno\u015b\u0107, \u017ce dziecko nie zmarznie i si\u0119 nie przegrzeje. Odpowiednio dobrali\u015bmy struktur\u0119 w\u0142\u00f3kien, poniewa\u017c jest ona idealna dla wra\u017cliwej sk\u00f3ry Maluszka.<\/p>\n<p>&nbsp;<\/p>\n<h4><strong>Gratis!<\/strong><\/h4>\n<p>&nbsp;<\/p>\n<p>Do naszej ko\u0142derki dodajemy GRATIS plecaczek, do kt\u00f3rego dziecko b\u0119dzie mog\u0142o schowa\u0107 buciki do przedszkola, zabawki na wycieczk\u0119 czy zestaw ulubionych grabek i \u0142opatek do piaskownicy lub na pla\u017c\u0119. Plecaczek jest lekki i por\u0119czny, a do tego wykonany ze 100% naturalnej bawe\u0142ny, wi\u0119c nie b\u0119dzie przegrzewa\u0142 plec\u00f3w dziecka nawet w cieplejsze dni.<br \/>\nNasza ko\u0142derka dzieci\u0119ca bambusowa ciep\u0142a b\u0119dzie Wam towarzyszy\u0107 od pierwszych chwil \u017cycia, a\u017c do wieku przedszkolnego.<\/p>\n<div style=\"width: 1144px;\" class=\"wp-video\"><!--[if lt IE 9]><script>document.createElement('video');<\/script><![endif]-->\n<video class=\"wp-video-shortcode\" id=\"video-27337-1\" width=\"1144\" height=\"644\" loop=\"1\" preload=\"auto\" controls=\"controls\"><source type=\"video\/mp4\" src=\"https:\/\/amy.com.pl\/wp-content\/uploads\/2022\/02\/Amy-Nature-Bamboo-ptasi-gaj-debowa-polanka_HD.mp4?_=1\" \/><a href=\"https:\/\/amy.com.pl\/wp-content\/uploads\/2022\/02\/Amy-Nature-Bamboo-ptasi-gaj-debowa-polanka_HD.mp4\">https:\/\/amy.com.pl\/wp-content\/uploads\/2022\/02\/Amy-Nature-Bamboo-ptasi-gaj-debowa-polanka_HD.mp4<\/a><\/video><\/div>\n","protected":false},"excerpt":{"rendered":"<p><strong>Ko\u0142derka dzieci\u0119ca bambusowa ciep\u0142a <\/strong><strong>marki AMY <\/strong>sprawdzi si\u0119 idealnie podczas kr\u00f3tkiej drzemki na \u015bwie\u017cym powietrzu, a tak\u017ce podczas d\u0142ugiego snu po wieczornej k\u0105pieli.<\/p>\n","protected":false},"featured_media":26312,"template":"","meta":{"_kad_post_transparent":"default","_kad_post_title":"","_kad_post_layout":"default","_kad_post_sidebar_id":"","_kad_post_content_style":"default","_kad_post_vertical_padding":"default","_kad_post_feature":"","_kad_post_feature_position":"","_kad_post_header":false,"_kad_post_footer":false,"_links_to":"","_links_to_target":""},"product_cat":[1115,108,107,79,61],"product_tag":[],"yoast_head":"<!-- This site is optimized with the Yoast SEO Premium plugin v20.7 (Yoast SEO v20.7) - https:\/\/yoast.com\/wordpress\/plugins\/seo\/ -->\n<title>Ko\u0142derka dzieci\u0119ca bambusowa ciep\u0142a - AMY<\/title>\n<meta name=\"description\" content=\"Ko\u0142derka dzieci\u0119ca bambusowa ciep\u0142a marki AMY otula delikatn\u0105 sk\u00f3r\u0119 dziecka, zapewniaj\u0105c optymaln\u0105 temperatur\u0119 cia\u0142a o ka\u017cdej porze roku.\" \/>\n<meta name=\"robots\" content=\"index, follow, max-snippet:-1, max-image-preview:large, max-video-preview:-1\" \/>\n<link rel=\"canonical\" href=\"https:\/\/amy.com.pl\/produkt\/kolderka-amy-bamboo-ptasi-gaj-wisniowy\/\" \/>\n<meta property=\"og:locale\" content=\"zh_CN\" \/>\n<meta property=\"og:type\" content=\"article\" \/>\n<meta property=\"og:title\" content=\"Ko\u0142derka Amy Bamboo Ptasi Gaj Wi\u015bniowy\" \/>\n<meta property=\"og:description\" content=\"Ko\u0142derka dzieci\u0119ca bambusowa ciep\u0142a marki AMY otula delikatn\u0105 sk\u00f3r\u0119 dziecka, zapewniaj\u0105c optymaln\u0105 temperatur\u0119 cia\u0142a o ka\u017cdej porze roku.\" \/>\n<meta property=\"og:url\" content=\"https:\/\/amy.com.pl\/produkt\/kolderka-amy-bamboo-ptasi-gaj-wisniowy\/\" \/>\n<meta property=\"og:site_name\" content=\"AMY\" \/>\n<meta property=\"article:publisher\" content=\"https:\/\/www.facebook.com\/poscielAMY\" \/>\n<meta property=\"article:modified_time\" content=\"2023-06-26T08:23:42+00:00\" \/>\n<meta property=\"og:image\" content=\"https:\/\/amy.com.pl\/wp-content\/uploads\/2022\/02\/AMY_kold_100_70_Nature_Bamboo_Ptasi_Gaj_Wisniowy.webp\" \/>\n\t<meta property=\"og:image:width\" content=\"1500\" \/>\n\t<meta property=\"og:image:height\" content=\"855\" \/>\n\t<meta property=\"og:image:type\" content=\"image\/webp\" \/>\n<meta name=\"twitter:card\" content=\"summary_large_image\" \/>\n<script type=\"application\/ld+json\" class=\"yoast-schema-graph\">{\"@context\":\"https:\/\/schema.org\",\"@graph\":[{\"@type\":\"WebPage\",\"@id\":\"https:\/\/amy.com.pl\/produkt\/kolderka-amy-bamboo-ptasi-gaj-wisniowy\/\",\"url\":\"https:\/\/amy.com.pl\/produkt\/kolderka-amy-bamboo-ptasi-gaj-wisniowy\/\",\"name\":\"Ko\u0142derka dzieci\u0119ca bambusowa ciep\u0142a - AMY\",\"isPartOf\":{\"@id\":\"https:\/\/amy.com.pl\/en\/#website\"},\"datePublished\":\"2022-02-10T15:09:36+00:00\",\"dateModified\":\"2023-06-26T08:23:42+00:00\",\"description\":\"Ko\u0142derka dzieci\u0119ca bambusowa ciep\u0142a marki AMY otula delikatn\u0105 sk\u00f3r\u0119 dziecka, zapewniaj\u0105c optymaln\u0105 temperatur\u0119 cia\u0142a o ka\u017cdej porze roku.\",\"breadcrumb\":{\"@id\":\"https:\/\/amy.com.pl\/produkt\/kolderka-amy-bamboo-ptasi-gaj-wisniowy\/#breadcrumb\"},\"inLanguage\":\"zh-CN\",\"potentialAction\":[{\"@type\":\"ReadAction\",\"target\":[\"https:\/\/amy.com.pl\/produkt\/kolderka-amy-bamboo-ptasi-gaj-wisniowy\/\"]}]},{\"@type\":\"BreadcrumbList\",\"@id\":\"https:\/\/amy.com.pl\/produkt\/kolderka-amy-bamboo-ptasi-gaj-wisniowy\/#breadcrumb\",\"itemListElement\":[{\"@type\":\"ListItem\",\"position\":1,\"name\":\"Strona g\u0142\u00f3wna\",\"item\":\"https:\/\/amy.com.pl\/zh-hans\/\"},{\"@type\":\"ListItem\",\"position\":2,\"name\":\"\u4ea7\u54c1\",\"item\":\"https:\/\/amy.com.pl\/zh-hans\/shop-zh\/\"},{\"@type\":\"ListItem\",\"position\":3,\"name\":\"Ko\u0142derka Amy Bamboo Ptasi Gaj Wi\u015bniowy\"}]},{\"@type\":\"WebSite\",\"@id\":\"https:\/\/amy.com.pl\/en\/#website\",\"url\":\"https:\/\/amy.com.pl\/en\/\",\"name\":\"AMY\",\"description\":\"\u6211\u5011\u7528\u611b\u64c1\u62b1\",\"publisher\":{\"@id\":\"https:\/\/amy.com.pl\/en\/#organization\"},\"potentialAction\":[{\"@type\":\"SearchAction\",\"target\":{\"@type\":\"EntryPoint\",\"urlTemplate\":\"https:\/\/amy.com.pl\/en\/?s={search_term_string}\"},\"query-input\":\"required name=search_term_string\"}],\"inLanguage\":\"zh-CN\"},{\"@type\":\"Organization\",\"@id\":\"https:\/\/amy.com.pl\/en\/#organization\",\"name\":\"Amy Sp. z o.o. Sp.K.\",\"url\":\"https:\/\/amy.com.pl\/en\/\",\"logo\":{\"@type\":\"ImageObject\",\"inLanguage\":\"zh-CN\",\"@id\":\"https:\/\/amy.com.pl\/en\/#\/schema\/logo\/image\/\",\"url\":\"https:\/\/amy.com.pl\/wp-content\/uploads\/2021\/09\/amy_logo.webp\",\"contentUrl\":\"https:\/\/amy.com.pl\/wp-content\/uploads\/2021\/09\/amy_logo.webp\",\"width\":130,\"height\":56,\"caption\":\"Amy Sp. z o.o. Sp.K.\"},\"image\":{\"@id\":\"https:\/\/amy.com.pl\/en\/#\/schema\/logo\/image\/\"},\"sameAs\":[\"https:\/\/www.facebook.com\/poscielAMY\",\"https:\/\/www.instagram.com\/amy_baby_bedding\/\",\"https:\/\/pl.pinterest.com\/poscielAMY\/\",\"https:\/\/www.youtube.com\/channel\/UC66RGd_7QHa8wV3rbkpjqrQ\"]}]}<\/script>\n<meta property=\"og:availability\" content=\"instock\" \/>\n<meta property=\"product:availability\" content=\"instock\" \/>\n<meta property=\"product:retailer_item_id\" content=\"1606\" \/>\n<meta property=\"product:condition\" content=\"new\" \/>\n<!-- \/ Yoast SEO Premium plugin. -->","yoast_head_json":{"title":"Ko\u0142derka dzieci\u0119ca bambusowa ciep\u0142a - AMY","description":"Ko\u0142derka dzieci\u0119ca bambusowa ciep\u0142a marki AMY otula delikatn\u0105 sk\u00f3r\u0119 dziecka, zapewniaj\u0105c optymaln\u0105 temperatur\u0119 cia\u0142a o ka\u017cdej porze roku.","robots":{"index":"index","follow":"follow","max-snippet":"max-snippet:-1","max-image-preview":"max-image-preview:large","max-video-preview":"max-video-preview:-1"},"canonical":"https:\/\/amy.com.pl\/produkt\/kolderka-amy-bamboo-ptasi-gaj-wisniowy\/","og_locale":"zh_CN","og_type":"article","og_title":"Ko\u0142derka Amy Bamboo Ptasi Gaj Wi\u015bniowy","og_description":"Ko\u0142derka dzieci\u0119ca bambusowa ciep\u0142a marki AMY otula delikatn\u0105 sk\u00f3r\u0119 dziecka, zapewniaj\u0105c optymaln\u0105 temperatur\u0119 cia\u0142a o ka\u017cdej porze roku.","og_url":"https:\/\/amy.com.pl\/produkt\/kolderka-amy-bamboo-ptasi-gaj-wisniowy\/","og_site_name":"AMY","article_publisher":"https:\/\/www.facebook.com\/poscielAMY","article_modified_time":"2023-06-26T08:23:42+00:00","og_image":[{"width":1500,"height":855,"url":"https:\/\/amy.com.pl\/wp-content\/uploads\/2022\/02\/AMY_kold_100_70_Nature_Bamboo_Ptasi_Gaj_Wisniowy.webp","type":"image\/webp"}],"twitter_card":"summary_large_image","schema":{"@context":"https:\/\/schema.org","@graph":[{"@type":"WebPage","@id":"https:\/\/amy.com.pl\/produkt\/kolderka-amy-bamboo-ptasi-gaj-wisniowy\/","url":"https:\/\/amy.com.pl\/produkt\/kolderka-amy-bamboo-ptasi-gaj-wisniowy\/","name":"Ko\u0142derka dzieci\u0119ca bambusowa ciep\u0142a - AMY","isPartOf":{"@id":"https:\/\/amy.com.pl\/en\/#website"},"datePublished":"2022-02-10T15:09:36+00:00","dateModified":"2023-06-26T08:23:42+00:00","description":"Ko\u0142derka dzieci\u0119ca bambusowa ciep\u0142a marki AMY otula delikatn\u0105 sk\u00f3r\u0119 dziecka, zapewniaj\u0105c optymaln\u0105 temperatur\u0119 cia\u0142a o ka\u017cdej porze roku.","breadcrumb":{"@id":"https:\/\/amy.com.pl\/produkt\/kolderka-amy-bamboo-ptasi-gaj-wisniowy\/#breadcrumb"},"inLanguage":"zh-CN","potentialAction":[{"@type":"ReadAction","target":["https:\/\/amy.com.pl\/produkt\/kolderka-amy-bamboo-ptasi-gaj-wisniowy\/"]}]},{"@type":"BreadcrumbList","@id":"https:\/\/amy.com.pl\/produkt\/kolderka-amy-bamboo-ptasi-gaj-wisniowy\/#breadcrumb","itemListElement":[{"@type":"ListItem","position":1,"name":"Strona g\u0142\u00f3wna","item":"https:\/\/amy.com.pl\/zh-hans\/"},{"@type":"ListItem","position":2,"name":"\u4ea7\u54c1","item":"https:\/\/amy.com.pl\/zh-hans\/shop-zh\/"},{"@type":"ListItem","position":3,"name":"Ko\u0142derka Amy Bamboo Ptasi Gaj Wi\u015bniowy"}]},{"@type":"WebSite","@id":"https:\/\/amy.com.pl\/en\/#website","url":"https:\/\/amy.com.pl\/en\/","name":"AMY","description":"\u6211\u5011\u7528\u611b\u64c1\u62b1","publisher":{"@id":"https:\/\/amy.com.pl\/en\/#organization"},"potentialAction":[{"@type":"SearchAction","target":{"@type":"EntryPoint","urlTemplate":"https:\/\/amy.com.pl\/en\/?s={search_term_string}"},"query-input":"required name=search_term_string"}],"inLanguage":"zh-CN"},{"@type":"Organization","@id":"https:\/\/amy.com.pl\/en\/#organization","name":"Amy Sp. z o.o. Sp.K.","url":"https:\/\/amy.com.pl\/en\/","logo":{"@type":"ImageObject","inLanguage":"zh-CN","@id":"https:\/\/amy.com.pl\/en\/#\/schema\/logo\/image\/","url":"https:\/\/amy.com.pl\/wp-content\/uploads\/2021\/09\/amy_logo.webp","contentUrl":"https:\/\/amy.com.pl\/wp-content\/uploads\/2021\/09\/amy_logo.webp","width":130,"height":56,"caption":"Amy Sp. z o.o. Sp.K."},"image":{"@id":"https:\/\/amy.com.pl\/en\/#\/schema\/logo\/image\/"},"sameAs":["https:\/\/www.facebook.com\/poscielAMY","https:\/\/www.instagram.com\/amy_baby_bedding\/","https:\/\/pl.pinterest.com\/poscielAMY\/","https:\/\/www.youtube.com\/channel\/UC66RGd_7QHa8wV3rbkpjqrQ"]}]},"og_availability":"instock","product_availability":"instock","product_retailer_item_id":"1606","product_condition":"new"},"_links":{"self":[{"href":"https:\/\/amy.com.pl\/zh-hans\/wp-json\/wp\/v2\/product\/27337"}],"collection":[{"href":"https:\/\/amy.com.pl\/zh-hans\/wp-json\/wp\/v2\/product"}],"about":[{"href":"https:\/\/amy.com.pl\/zh-hans\/wp-json\/wp\/v2\/types\/product"}],"wp:featuredmedia":[{"embeddable":true,"href":"https:\/\/amy.com.pl\/zh-hans\/wp-json\/wp\/v2\/media\/26312"}],"wp:attachment":[{"href":"https:\/\/amy.com.pl\/zh-hans\/wp-json\/wp\/v2\/media?parent=27337"}],"wp:term":[{"taxonomy":"product_cat","embeddable":true,"href":"https:\/\/amy.com.pl\/zh-hans\/wp-json\/wp\/v2\/product_cat?post=27337"},{"taxonomy":"product_tag","embeddable":true,"href":"https:\/\/amy.com.pl\/zh-hans\/wp-json\/wp\/v2\/product_tag?post=27337"}],"curies":[{"name":"wp","href":"https:\/\/api.w.org\/{rel}","templated":true}]}}