{"id":27315,"date":"2022-02-10T16:06:56","date_gmt":"2022-02-10T15:06:56","guid":{"rendered":"https:\/\/amy.com.pl\/produkt\/kokon-dla-niemowlaka-amy-bamboo-lesna-zabawa-szalwiowa\/"},"modified":"2023-06-26T10:22:18","modified_gmt":"2023-06-26T08:22:18","slug":"kokon-dla-niemowlaka-amy-bamboo-lesna-zabawa-szalwiowa","status":"publish","type":"product","link":"https:\/\/amy.com.pl\/zh-hans\/produkt\/kokon-dla-niemowlaka-amy-bamboo-lesna-zabawa-szalwiowa\/","title":{"rendered":"Kokon dla niemowlaka Amy Bamboo Le\u015bna Zabawa Sza\u0142wiowa"},"content":{"rendered":"<h1><strong>Kokon dla dziecka bambusowy<\/strong><\/h1>\n<p>&nbsp;<\/p>\n<p><strong>Kokon dla dziecka bambusowy z kolekcji Nature Bamboo by Amy<\/strong> to gwarancja spokojnego i bezpiecznego snu Twojego Maluszka. Mi\u0119ciutki i delikatny kokon mo\u017cna wykorzystywa\u0107 na wiele sposob\u00f3w, kt\u00f3re podpowiada wyobra\u017ania. Doskonale si\u0119 sprawdza w niemowl\u0119cym \u0142\u00f3\u017ceczku i w \u0142\u00f3\u017cku rodzic\u00f3w. Siedz\u0105cym Maluszkom b\u0119dzie towarzyszy\u0142 podczas zabaw. Kiedy wyjedziecie na wakacje nasz kokon idealnie sprawdzi si\u0119 jako turystyczne \u0142\u00f3\u017ceczko lub mata do przewijania.<\/p>\n<p>&nbsp;<\/p>\n<h4>Kolekcja<\/h4>\n<p>&nbsp;<\/p>\n<p>Ta niezwyk\u0142a kolekcja inspirowana otaczaj\u0105c\u0105 nas natur\u0105 powsta\u0142a we wsp\u00f3\u0142pracy z polsk\u0105 ilustratork\u0105 i projektantk\u0105 Ag\u0105 Kobyli\u0144sk\u0105. R\u0119cznie malowane wzory wprowadz\u0105 do pokoiku dziecka wyj\u0105tkowy klimat. Od pierwszych dni \u017cycia maluszek b\u0119dzie otoczony naturaln\u0105 tkanin\u0105 ukazuj\u0105c\u0105 cudown\u0105, polsk\u0105 przyrod\u0119.<\/p>\n<p>&nbsp;<\/p>\n<h4>Tkanina bambusowa<\/h4>\n<p>&nbsp;<\/p>\n<p>Wybrali\u015bmy najwy\u017cszej jako\u015bci bambus, kt\u00f3ry ma wa\u017cne w\u0142a\u015bciwo\u015bci:<\/p>\n<ul>\n<li>przede wszystkim jest delikatny i mi\u0119kki jak jedwab<\/li>\n<li>jest hipoalergiczny, dlatego idealnie sprawdzi si\u0119 dla wra\u017cliwej sk\u00f3ry Maluszka<\/li>\n<li>jest antybakteryjny i przeciwgrzybiczny<\/li>\n<li>neutralizuje nieprzyjemne zapachy<\/li>\n<li>doskonale absorbuje wilgo\u0107<\/li>\n<li>chroni przed szkodliwymi promieniami UV<\/li>\n<\/ul>\n<p>&nbsp;<\/p>\n<h4>Wype\u0142nienie BabySoft<\/h4>\n<p>&nbsp;<\/p>\n<p>Wype\u0142nienie kokonu to ocieplina silikonowana BabySoft, czyli gwarancja odpowiedniej grubo\u015bci i mi\u0119kko\u015bci,\u00a0 w rezultacie daj\u0105ca pewno\u015b\u0107, \u017ce dziecko nie zmarznie i si\u0119 nie przegrzeje. Odpowiednio dobrali\u015bmy struktur\u0119 w\u0142\u00f3kien, poniewa\u017c jest ona idealna dla wra\u017cliwej sk\u00f3ry Maluszka.<\/p>\n<p>&nbsp;<\/p>\n<h4>Gratis!<\/h4>\n<p>&nbsp;<\/p>\n<p>Kupuj\u0105c bambusowy kokon dla dziecka dodajemy GRATIS haftowan\u0105 torb\u0119 wielokrotnego u\u017cytku, wykonan\u0105 z bawe\u0142ny 100%.\u00a0 Jest bardzo pojemna, w rezultacie mo\u017cna zabra\u0107 j\u0105 na zakupy, na pla\u017c\u0119 lub na spacer po parku. Jest r\u00f3wnie\u017c niezwykle praktycznym dodatkiem, dlatego pasuje do wielu stylizacji.<br \/>\nNasz bambusowy kokon b\u0119dzie Wam towarzyszy\u0107 od pierwszych chwil \u017cycia, a\u017c do wieku szkolnego.<br \/>\nProdukt sprawdzi si\u0119 jako wyj\u0105tkowy prezent dla wyj\u0105tkowego Maluszka.<\/p>\n<p>Kupuj\u0105c ten komplet otrzymasz w zestawie: kokon niemowl\u0119cy o wielko\u015bci 45x70cm. Poszewki wykonano z najwy\u017cszej jako\u015bci tkanin 100% CV bambusowych. Wype\u0142nienie to 100% antyalergiczny poliester BabySoft\u00ae.<\/p>\n<div style=\"width: 1144px;\" class=\"wp-video\"><!--[if lt IE 9]><script>document.createElement('video');<\/script><![endif]-->\n<video class=\"wp-video-shortcode\" id=\"video-27315-1\" width=\"1144\" height=\"644\" loop=\"1\" preload=\"auto\" controls=\"controls\"><source type=\"video\/mp4\" src=\"https:\/\/amy.com.pl\/wp-content\/uploads\/2022\/02\/Amy-Nature-Bamboo-lesna-zabawa-debowa-polanka_HD.mp4?_=1\" \/><a href=\"https:\/\/amy.com.pl\/wp-content\/uploads\/2022\/02\/Amy-Nature-Bamboo-lesna-zabawa-debowa-polanka_HD.mp4\">https:\/\/amy.com.pl\/wp-content\/uploads\/2022\/02\/Amy-Nature-Bamboo-lesna-zabawa-debowa-polanka_HD.mp4<\/a><\/video><\/div>\n","protected":false},"excerpt":{"rendered":"<p><strong>Kokon dla dziecka &#8211; bambusowy<\/strong><strong>\u00a0z kolekcji Nature Bamboo by Amy<\/strong> to gwarancja spokojnego i bezpiecznego snu Twojego maluszka. Becik jest delikatny i mi\u0119ciutki, otula sk\u00f3r\u0119 dziecka, zapewniaj\u0105c optymaln\u0105 temperatur\u0119 cia\u0142a o ka\u017cdej porze roku.<\/p>\n","protected":false},"featured_media":26261,"template":"","meta":{"_kad_post_transparent":"default","_kad_post_title":"","_kad_post_layout":"default","_kad_post_sidebar_id":"","_kad_post_content_style":"default","_kad_post_vertical_padding":"default","_kad_post_feature":"","_kad_post_feature_position":"","_kad_post_header":false,"_kad_post_footer":false,"_links_to":"","_links_to_target":""},"product_cat":[660,108,107,61],"product_tag":[],"yoast_head":"<!-- This site is optimized with the Yoast SEO Premium plugin v20.7 (Yoast SEO v20.7) - https:\/\/yoast.com\/wordpress\/plugins\/seo\/ -->\n<title>Kokon dla dziecka bambusowy - AMY<\/title>\n<meta name=\"description\" content=\"Kokon dla dziecka bambusowy marki AMY zosta\u0142 uszyty z najwy\u017cszej jako\u015bci tkaniny bambusowej, kt\u00f3ra jest delikatna i przyjazna dla sk\u00f3ry niemowlaka.\" \/>\n<meta name=\"robots\" content=\"index, follow, max-snippet:-1, max-image-preview:large, max-video-preview:-1\" \/>\n<link rel=\"canonical\" href=\"https:\/\/amy.com.pl\/produkt\/kokon-dla-niemowlaka-amy-bamboo-lesna-zabawa-szalwiowa\/\" \/>\n<meta property=\"og:locale\" content=\"zh_CN\" \/>\n<meta property=\"og:type\" content=\"article\" \/>\n<meta property=\"og:title\" content=\"Kokon dla niemowlaka Amy Bamboo Le\u015bna Zabawa Sza\u0142wiowa\" \/>\n<meta property=\"og:description\" content=\"Kokon dla dziecka bambusowy marki AMY zosta\u0142 uszyty z najwy\u017cszej jako\u015bci tkaniny bambusowej, kt\u00f3ra jest delikatna i przyjazna dla sk\u00f3ry niemowlaka.\" \/>\n<meta property=\"og:url\" content=\"https:\/\/amy.com.pl\/produkt\/kokon-dla-niemowlaka-amy-bamboo-lesna-zabawa-szalwiowa\/\" \/>\n<meta property=\"og:site_name\" content=\"AMY\" \/>\n<meta property=\"article:publisher\" content=\"https:\/\/www.facebook.com\/poscielAMY\" \/>\n<meta property=\"article:modified_time\" content=\"2023-06-26T08:22:18+00:00\" \/>\n<meta property=\"og:image\" content=\"https:\/\/amy.com.pl\/wp-content\/uploads\/2022\/02\/AMY_kokon_osl_45_70_Nature_Bamboo_Lesna_Zabawa_Szalwiowa-622x1024.webp\" \/>\n\t<meta property=\"og:image:width\" content=\"622\" \/>\n\t<meta property=\"og:image:height\" content=\"1024\" \/>\n\t<meta property=\"og:image:type\" content=\"image\/webp\" \/>\n<meta name=\"twitter:card\" content=\"summary_large_image\" \/>\n<script type=\"application\/ld+json\" class=\"yoast-schema-graph\">{\"@context\":\"https:\/\/schema.org\",\"@graph\":[{\"@type\":\"WebPage\",\"@id\":\"https:\/\/amy.com.pl\/produkt\/kokon-dla-niemowlaka-amy-bamboo-lesna-zabawa-szalwiowa\/\",\"url\":\"https:\/\/amy.com.pl\/produkt\/kokon-dla-niemowlaka-amy-bamboo-lesna-zabawa-szalwiowa\/\",\"name\":\"Kokon dla dziecka bambusowy - AMY\",\"isPartOf\":{\"@id\":\"https:\/\/amy.com.pl\/en\/#website\"},\"datePublished\":\"2022-02-10T15:06:56+00:00\",\"dateModified\":\"2023-06-26T08:22:18+00:00\",\"description\":\"Kokon dla dziecka bambusowy marki AMY zosta\u0142 uszyty z najwy\u017cszej jako\u015bci tkaniny bambusowej, kt\u00f3ra jest delikatna i przyjazna dla sk\u00f3ry niemowlaka.\",\"breadcrumb\":{\"@id\":\"https:\/\/amy.com.pl\/produkt\/kokon-dla-niemowlaka-amy-bamboo-lesna-zabawa-szalwiowa\/#breadcrumb\"},\"inLanguage\":\"zh-CN\",\"potentialAction\":[{\"@type\":\"ReadAction\",\"target\":[\"https:\/\/amy.com.pl\/produkt\/kokon-dla-niemowlaka-amy-bamboo-lesna-zabawa-szalwiowa\/\"]}]},{\"@type\":\"BreadcrumbList\",\"@id\":\"https:\/\/amy.com.pl\/produkt\/kokon-dla-niemowlaka-amy-bamboo-lesna-zabawa-szalwiowa\/#breadcrumb\",\"itemListElement\":[{\"@type\":\"ListItem\",\"position\":1,\"name\":\"Strona g\u0142\u00f3wna\",\"item\":\"https:\/\/amy.com.pl\/zh-hans\/\"},{\"@type\":\"ListItem\",\"position\":2,\"name\":\"\u4ea7\u54c1\",\"item\":\"https:\/\/amy.com.pl\/zh-hans\/shop-zh\/\"},{\"@type\":\"ListItem\",\"position\":3,\"name\":\"Kokon dla niemowlaka Amy Bamboo Le\u015bna Zabawa Sza\u0142wiowa\"}]},{\"@type\":\"WebSite\",\"@id\":\"https:\/\/amy.com.pl\/en\/#website\",\"url\":\"https:\/\/amy.com.pl\/en\/\",\"name\":\"AMY\",\"description\":\"\u6211\u5011\u7528\u611b\u64c1\u62b1\",\"publisher\":{\"@id\":\"https:\/\/amy.com.pl\/en\/#organization\"},\"potentialAction\":[{\"@type\":\"SearchAction\",\"target\":{\"@type\":\"EntryPoint\",\"urlTemplate\":\"https:\/\/amy.com.pl\/en\/?s={search_term_string}\"},\"query-input\":\"required name=search_term_string\"}],\"inLanguage\":\"zh-CN\"},{\"@type\":\"Organization\",\"@id\":\"https:\/\/amy.com.pl\/en\/#organization\",\"name\":\"Amy Sp. z o.o. Sp.K.\",\"url\":\"https:\/\/amy.com.pl\/en\/\",\"logo\":{\"@type\":\"ImageObject\",\"inLanguage\":\"zh-CN\",\"@id\":\"https:\/\/amy.com.pl\/en\/#\/schema\/logo\/image\/\",\"url\":\"https:\/\/amy.com.pl\/wp-content\/uploads\/2021\/09\/amy_logo.webp\",\"contentUrl\":\"https:\/\/amy.com.pl\/wp-content\/uploads\/2021\/09\/amy_logo.webp\",\"width\":130,\"height\":56,\"caption\":\"Amy Sp. z o.o. Sp.K.\"},\"image\":{\"@id\":\"https:\/\/amy.com.pl\/en\/#\/schema\/logo\/image\/\"},\"sameAs\":[\"https:\/\/www.facebook.com\/poscielAMY\",\"https:\/\/www.instagram.com\/amy_baby_bedding\/\",\"https:\/\/pl.pinterest.com\/poscielAMY\/\",\"https:\/\/www.youtube.com\/channel\/UC66RGd_7QHa8wV3rbkpjqrQ\"]}]}<\/script>\n<meta property=\"product:price:amount\" content=\"348.00\" \/>\n<meta property=\"product:price:currency\" content=\"PLN\" \/>\n<meta property=\"og:availability\" content=\"instock\" \/>\n<meta property=\"product:availability\" content=\"instock\" \/>\n<meta property=\"product:retailer_item_id\" content=\"82749\" \/>\n<meta property=\"product:condition\" content=\"new\" \/>\n<!-- \/ Yoast SEO Premium plugin. -->","yoast_head_json":{"title":"Kokon dla dziecka bambusowy - AMY","description":"Kokon dla dziecka bambusowy marki AMY zosta\u0142 uszyty z najwy\u017cszej jako\u015bci tkaniny bambusowej, kt\u00f3ra jest delikatna i przyjazna dla sk\u00f3ry niemowlaka.","robots":{"index":"index","follow":"follow","max-snippet":"max-snippet:-1","max-image-preview":"max-image-preview:large","max-video-preview":"max-video-preview:-1"},"canonical":"https:\/\/amy.com.pl\/produkt\/kokon-dla-niemowlaka-amy-bamboo-lesna-zabawa-szalwiowa\/","og_locale":"zh_CN","og_type":"article","og_title":"Kokon dla niemowlaka Amy Bamboo Le\u015bna Zabawa Sza\u0142wiowa","og_description":"Kokon dla dziecka bambusowy marki AMY zosta\u0142 uszyty z najwy\u017cszej jako\u015bci tkaniny bambusowej, kt\u00f3ra jest delikatna i przyjazna dla sk\u00f3ry niemowlaka.","og_url":"https:\/\/amy.com.pl\/produkt\/kokon-dla-niemowlaka-amy-bamboo-lesna-zabawa-szalwiowa\/","og_site_name":"AMY","article_publisher":"https:\/\/www.facebook.com\/poscielAMY","article_modified_time":"2023-06-26T08:22:18+00:00","og_image":[{"width":622,"height":1024,"url":"https:\/\/amy.com.pl\/wp-content\/uploads\/2022\/02\/AMY_kokon_osl_45_70_Nature_Bamboo_Lesna_Zabawa_Szalwiowa-622x1024.webp","type":"image\/webp"}],"twitter_card":"summary_large_image","schema":{"@context":"https:\/\/schema.org","@graph":[{"@type":"WebPage","@id":"https:\/\/amy.com.pl\/produkt\/kokon-dla-niemowlaka-amy-bamboo-lesna-zabawa-szalwiowa\/","url":"https:\/\/amy.com.pl\/produkt\/kokon-dla-niemowlaka-amy-bamboo-lesna-zabawa-szalwiowa\/","name":"Kokon dla dziecka bambusowy - AMY","isPartOf":{"@id":"https:\/\/amy.com.pl\/en\/#website"},"datePublished":"2022-02-10T15:06:56+00:00","dateModified":"2023-06-26T08:22:18+00:00","description":"Kokon dla dziecka bambusowy marki AMY zosta\u0142 uszyty z najwy\u017cszej jako\u015bci tkaniny bambusowej, kt\u00f3ra jest delikatna i przyjazna dla sk\u00f3ry niemowlaka.","breadcrumb":{"@id":"https:\/\/amy.com.pl\/produkt\/kokon-dla-niemowlaka-amy-bamboo-lesna-zabawa-szalwiowa\/#breadcrumb"},"inLanguage":"zh-CN","potentialAction":[{"@type":"ReadAction","target":["https:\/\/amy.com.pl\/produkt\/kokon-dla-niemowlaka-amy-bamboo-lesna-zabawa-szalwiowa\/"]}]},{"@type":"BreadcrumbList","@id":"https:\/\/amy.com.pl\/produkt\/kokon-dla-niemowlaka-amy-bamboo-lesna-zabawa-szalwiowa\/#breadcrumb","itemListElement":[{"@type":"ListItem","position":1,"name":"Strona g\u0142\u00f3wna","item":"https:\/\/amy.com.pl\/zh-hans\/"},{"@type":"ListItem","position":2,"name":"\u4ea7\u54c1","item":"https:\/\/amy.com.pl\/zh-hans\/shop-zh\/"},{"@type":"ListItem","position":3,"name":"Kokon dla niemowlaka Amy Bamboo Le\u015bna Zabawa Sza\u0142wiowa"}]},{"@type":"WebSite","@id":"https:\/\/amy.com.pl\/en\/#website","url":"https:\/\/amy.com.pl\/en\/","name":"AMY","description":"\u6211\u5011\u7528\u611b\u64c1\u62b1","publisher":{"@id":"https:\/\/amy.com.pl\/en\/#organization"},"potentialAction":[{"@type":"SearchAction","target":{"@type":"EntryPoint","urlTemplate":"https:\/\/amy.com.pl\/en\/?s={search_term_string}"},"query-input":"required name=search_term_string"}],"inLanguage":"zh-CN"},{"@type":"Organization","@id":"https:\/\/amy.com.pl\/en\/#organization","name":"Amy Sp. z o.o. Sp.K.","url":"https:\/\/amy.com.pl\/en\/","logo":{"@type":"ImageObject","inLanguage":"zh-CN","@id":"https:\/\/amy.com.pl\/en\/#\/schema\/logo\/image\/","url":"https:\/\/amy.com.pl\/wp-content\/uploads\/2021\/09\/amy_logo.webp","contentUrl":"https:\/\/amy.com.pl\/wp-content\/uploads\/2021\/09\/amy_logo.webp","width":130,"height":56,"caption":"Amy Sp. z o.o. Sp.K."},"image":{"@id":"https:\/\/amy.com.pl\/en\/#\/schema\/logo\/image\/"},"sameAs":["https:\/\/www.facebook.com\/poscielAMY","https:\/\/www.instagram.com\/amy_baby_bedding\/","https:\/\/pl.pinterest.com\/poscielAMY\/","https:\/\/www.youtube.com\/channel\/UC66RGd_7QHa8wV3rbkpjqrQ"]}]},"product_price_amount":"348.00","product_price_currency":"PLN","og_availability":"instock","product_availability":"instock","product_retailer_item_id":"82749","product_condition":"new"},"_links":{"self":[{"href":"https:\/\/amy.com.pl\/zh-hans\/wp-json\/wp\/v2\/product\/27315"}],"collection":[{"href":"https:\/\/amy.com.pl\/zh-hans\/wp-json\/wp\/v2\/product"}],"about":[{"href":"https:\/\/amy.com.pl\/zh-hans\/wp-json\/wp\/v2\/types\/product"}],"wp:featuredmedia":[{"embeddable":true,"href":"https:\/\/amy.com.pl\/zh-hans\/wp-json\/wp\/v2\/media\/26261"}],"wp:attachment":[{"href":"https:\/\/amy.com.pl\/zh-hans\/wp-json\/wp\/v2\/media?parent=27315"}],"wp:term":[{"taxonomy":"product_cat","embeddable":true,"href":"https:\/\/amy.com.pl\/zh-hans\/wp-json\/wp\/v2\/product_cat?post=27315"},{"taxonomy":"product_tag","embeddable":true,"href":"https:\/\/amy.com.pl\/zh-hans\/wp-json\/wp\/v2\/product_tag?post=27315"}],"curies":[{"name":"wp","href":"https:\/\/api.w.org\/{rel}","templated":true}]}}