{"id":27216,"date":"2022-02-10T16:01:15","date_gmt":"2022-02-10T15:01:15","guid":{"rendered":"https:\/\/amy.com.pl\/produkt\/kocyk-dla-dziecka-bambusowy-amy-bamboo-dwustronny-letni-gaski-orzechowe\/"},"modified":"2023-06-26T10:20:31","modified_gmt":"2023-06-26T08:20:31","slug":"kocyk-dla-dziecka-bambusowy-amy-bamboo-dwustronny-letni-gaski-orzechowe","status":"publish","type":"product","link":"https:\/\/amy.com.pl\/zh-hans\/produkt\/kocyk-dla-dziecka-bambusowy-amy-bamboo-dwustronny-letni-gaski-orzechowe\/","title":{"rendered":"Kocyk dla dziecka bambusowy Amy Bamboo dwustronny letni G\u0105ski Orzechowe"},"content":{"rendered":"<h1><strong>Kocyk dla niemowlaka bambusowo &#8211; bawe\u0142niany<\/strong><\/h1>\n<p>&nbsp;<\/p>\n<p><strong>Kocyk dla niemowlaka bambusowo &#8211; bawe\u0142niany\u00a0 z kolekcji Nature Bamboo by Amy<\/strong> to gwarancja spokojnego i bezpiecznego snu Twojego Maluszka. Kocyk zapewnia optymaln\u0105 temperatur\u0119 cia\u0142a, dlatego sprawdzi si\u0119 na ka\u017cd\u0105 por\u0119 roku. Zar\u00f3wno w domowym zaciszu oraz na wsp\u00f3lnych spacerach. Pi\u0119kne kolory, od intensywnych jesiennych po pastelowe wiosenne, ozdobi\u0105 dzieci\u0119cy pok\u00f3j i wprowadz\u0105 Maluszka w bajkowy \u015bwiat. Warto zaznaczy\u0107, \u017ce produkt uszyli\u015bmy z najwy\u017csz\u0105 dok\u0142adno\u015bci\u0105 i dba\u0142o\u015bci\u0105 o ka\u017cdy detal.<\/p>\n<p>&nbsp;<\/p>\n<h4><strong>Kolekcja<\/strong><\/h4>\n<p>&nbsp;<\/p>\n<p>Ta niezwyk\u0142a kolekcja inspirowana otaczaj\u0105c\u0105 nas natur\u0105 powsta\u0142a we wsp\u00f3\u0142pracy z polsk\u0105 ilustratork\u0105 i projektantk\u0105 Ag\u0105 Kobyli\u0144sk\u0105. R\u0119cznie malowane wzory wprowadz\u0105 do pokoiku dziecka wyj\u0105tkowy klimat. Od pierwszych dni \u017cycia maluszek b\u0119dzie otoczony naturaln\u0105 tkanin\u0105 ukazuj\u0105c\u0105 cudown\u0105, polsk\u0105 przyrod\u0119.<\/p>\n<p>&nbsp;<\/p>\n<h4><strong>Tkanina bambusowa<\/strong><\/h4>\n<p>&nbsp;<\/p>\n<p>Wybrali\u015bmy najwy\u017cszej jako\u015bci bambus, kt\u00f3ry ma wa\u017cne w\u0142a\u015bciwo\u015bci:<\/p>\n<ul>\n<li>przede wszystkim jest delikatny i mi\u0119kki jak jedwab<\/li>\n<li>jest hipoalergiczny, dlatego idealnie sprawdzi si\u0119 dla wra\u017cliwej sk\u00f3ry Maluszka<\/li>\n<li>jest antybakteryjny i przeciwgrzybiczny<\/li>\n<li>neutralizuje nieprzyjemne zapachy<\/li>\n<li>doskonale absorbuje wilgo\u0107<\/li>\n<li>chroni przed szkodliwymi promieniami UV<\/li>\n<\/ul>\n<p>&nbsp;<\/p>\n<h4><strong>Dziergana dzianina bawe\u0142niana<\/strong><\/h4>\n<p>&nbsp;<\/p>\n<p>Kocyk dla niemowlaka bambusowo &#8211; bawe\u0142niany jest dwustronny, dlatego jest tak wyj\u0105tkowy. Druga strona kocyka to dziergana dzianina w 100% bawe\u0142niana, w rezultacie kocyk jest niezwykle delikatny i cudownie otula podczas popo\u0142udniowej drzemki i wieczornego snu.<\/p>\n<p>&nbsp;<\/p>\n<h4><strong>Gratis!<\/strong><\/h4>\n<p>&nbsp;<\/p>\n<p>Kupuj\u0105c kocyk otrzymasz GRATIS plecaczek, do kt\u00f3rego dziecko b\u0119dzie mog\u0142o schowa\u0107 buciki do przedszkola, zabawki na wycieczk\u0119 czy zestaw ulubionych grabek i \u0142opatek do piaskownicy lub na pla\u017c\u0119. Plecaczek jest lekki i por\u0119czny, a do tego uszyli\u015bmy go ze 100 % tkaniny CV bambus , wi\u0119c nie b\u0119dzie przegrzewa\u0142 plec\u00f3w dziecka nawet w cieplejsze dni.<\/p>\n<p>&nbsp;<\/p>\n<div style=\"width: 1144px;\" class=\"wp-video\"><!--[if lt IE 9]><script>document.createElement('video');<\/script><![endif]-->\n<video class=\"wp-video-shortcode\" id=\"video-27216-1\" width=\"1144\" height=\"644\" loop=\"1\" preload=\"auto\" controls=\"controls\"><source type=\"video\/mp4\" src=\"https:\/\/amy.com.pl\/wp-content\/uploads\/2021\/09\/Jesien_Spot02_Nature_2_owieczki-gaski.mp4?_=1\" \/><a href=\"https:\/\/amy.com.pl\/wp-content\/uploads\/2021\/09\/Jesien_Spot02_Nature_2_owieczki-gaski.mp4\">https:\/\/amy.com.pl\/wp-content\/uploads\/2021\/09\/Jesien_Spot02_Nature_2_owieczki-gaski.mp4<\/a><\/video><\/div>\n","protected":false},"excerpt":{"rendered":"<p><strong>Kocyk dla niemowlaka bambusowo &#8211; bawe\u0142niany marki AMY <\/strong>wyr\u00f3\u017cnia si\u0119 niezwyk\u0142\u0105 delikatno\u015bci\u0105 i mi\u0119kko\u015bci\u0105, kt\u00f3ra otula sk\u00f3r\u0119 Maluszka. Kocyk zapewnia optymaln\u0105 temperatur\u0119 cia\u0142a, dlatego sprawdzi si\u0119 na ka\u017cd\u0105 por\u0119 roku.<\/p>\n","protected":false},"featured_media":24819,"template":"","meta":{"_kad_post_transparent":"default","_kad_post_title":"","_kad_post_layout":"default","_kad_post_sidebar_id":"","_kad_post_content_style":"default","_kad_post_vertical_padding":"default","_kad_post_feature":"","_kad_post_feature_position":"","_kad_post_header":false,"_kad_post_footer":false,"_links_to":"","_links_to_target":""},"product_cat":[682,108,107],"product_tag":[],"yoast_head":"<!-- This site is optimized with the Yoast SEO Premium plugin v20.7 (Yoast SEO v20.7) - https:\/\/yoast.com\/wordpress\/plugins\/seo\/ -->\n<title>Kocyk dla niemowlaka bambusowo - bawe\u0142niany - AMY<\/title>\n<meta name=\"description\" content=\"Kocyk dla niemowlaka bambusowo-bawe\u0142niany marki AMY jest niezwykle delikatny. Zapewnia optymaln\u0105 temperatur\u0119 cia\u0142a, dlatego sprawdzi si\u0119 na ka\u017cd\u0105 por\u0119 roku.\u00a0\" \/>\n<meta name=\"robots\" content=\"index, follow, max-snippet:-1, max-image-preview:large, max-video-preview:-1\" \/>\n<link rel=\"canonical\" href=\"https:\/\/amy.com.pl\/produkt\/kocyk-dla-dziecka-bambusowy-amy-bamboo-dwustronny-letni-gaski-orzechowe\/\" \/>\n<meta property=\"og:locale\" content=\"zh_CN\" \/>\n<meta property=\"og:type\" content=\"article\" \/>\n<meta property=\"og:title\" content=\"Kocyk dla dziecka bambusowy Amy Bamboo dwustronny letni G\u0105ski Orzechowe\" \/>\n<meta property=\"og:description\" content=\"Kocyk dla niemowlaka bambusowo-bawe\u0142niany marki AMY jest niezwykle delikatny. Zapewnia optymaln\u0105 temperatur\u0119 cia\u0142a, dlatego sprawdzi si\u0119 na ka\u017cd\u0105 por\u0119 roku.\u00a0\" \/>\n<meta property=\"og:url\" content=\"https:\/\/amy.com.pl\/produkt\/kocyk-dla-dziecka-bambusowy-amy-bamboo-dwustronny-letni-gaski-orzechowe\/\" \/>\n<meta property=\"og:site_name\" content=\"AMY\" \/>\n<meta property=\"article:publisher\" content=\"https:\/\/www.facebook.com\/poscielAMY\" \/>\n<meta property=\"article:modified_time\" content=\"2023-06-26T08:20:31+00:00\" \/>\n<meta property=\"og:image\" content=\"https:\/\/amy.com.pl\/wp-content\/uploads\/2022\/01\/AMY_kocyk_swd_100_70_Nature_Bamboo_Gaski_Orzechowe-683x1024.webp\" \/>\n\t<meta property=\"og:image:width\" content=\"683\" \/>\n\t<meta property=\"og:image:height\" content=\"1024\" \/>\n\t<meta property=\"og:image:type\" content=\"image\/webp\" \/>\n<meta name=\"twitter:card\" content=\"summary_large_image\" \/>\n<script type=\"application\/ld+json\" class=\"yoast-schema-graph\">{\"@context\":\"https:\/\/schema.org\",\"@graph\":[{\"@type\":\"WebPage\",\"@id\":\"https:\/\/amy.com.pl\/produkt\/kocyk-dla-dziecka-bambusowy-amy-bamboo-dwustronny-letni-gaski-orzechowe\/\",\"url\":\"https:\/\/amy.com.pl\/produkt\/kocyk-dla-dziecka-bambusowy-amy-bamboo-dwustronny-letni-gaski-orzechowe\/\",\"name\":\"Kocyk dla niemowlaka bambusowo - bawe\u0142niany - AMY\",\"isPartOf\":{\"@id\":\"https:\/\/amy.com.pl\/en\/#website\"},\"datePublished\":\"2022-02-10T15:01:15+00:00\",\"dateModified\":\"2023-06-26T08:20:31+00:00\",\"description\":\"Kocyk dla niemowlaka bambusowo-bawe\u0142niany marki AMY jest niezwykle delikatny. Zapewnia optymaln\u0105 temperatur\u0119 cia\u0142a, dlatego sprawdzi si\u0119 na ka\u017cd\u0105 por\u0119 roku.\u00a0\",\"breadcrumb\":{\"@id\":\"https:\/\/amy.com.pl\/produkt\/kocyk-dla-dziecka-bambusowy-amy-bamboo-dwustronny-letni-gaski-orzechowe\/#breadcrumb\"},\"inLanguage\":\"zh-CN\",\"potentialAction\":[{\"@type\":\"ReadAction\",\"target\":[\"https:\/\/amy.com.pl\/produkt\/kocyk-dla-dziecka-bambusowy-amy-bamboo-dwustronny-letni-gaski-orzechowe\/\"]}]},{\"@type\":\"BreadcrumbList\",\"@id\":\"https:\/\/amy.com.pl\/produkt\/kocyk-dla-dziecka-bambusowy-amy-bamboo-dwustronny-letni-gaski-orzechowe\/#breadcrumb\",\"itemListElement\":[{\"@type\":\"ListItem\",\"position\":1,\"name\":\"Strona g\u0142\u00f3wna\",\"item\":\"https:\/\/amy.com.pl\/zh-hans\/\"},{\"@type\":\"ListItem\",\"position\":2,\"name\":\"\u4ea7\u54c1\",\"item\":\"https:\/\/amy.com.pl\/zh-hans\/shop-zh\/\"},{\"@type\":\"ListItem\",\"position\":3,\"name\":\"Kocyk dla dziecka bambusowy Amy Bamboo dwustronny letni G\u0105ski Orzechowe\"}]},{\"@type\":\"WebSite\",\"@id\":\"https:\/\/amy.com.pl\/en\/#website\",\"url\":\"https:\/\/amy.com.pl\/en\/\",\"name\":\"AMY\",\"description\":\"\u6211\u5011\u7528\u611b\u64c1\u62b1\",\"publisher\":{\"@id\":\"https:\/\/amy.com.pl\/en\/#organization\"},\"potentialAction\":[{\"@type\":\"SearchAction\",\"target\":{\"@type\":\"EntryPoint\",\"urlTemplate\":\"https:\/\/amy.com.pl\/en\/?s={search_term_string}\"},\"query-input\":\"required name=search_term_string\"}],\"inLanguage\":\"zh-CN\"},{\"@type\":\"Organization\",\"@id\":\"https:\/\/amy.com.pl\/en\/#organization\",\"name\":\"Amy Sp. z o.o. Sp.K.\",\"url\":\"https:\/\/amy.com.pl\/en\/\",\"logo\":{\"@type\":\"ImageObject\",\"inLanguage\":\"zh-CN\",\"@id\":\"https:\/\/amy.com.pl\/en\/#\/schema\/logo\/image\/\",\"url\":\"https:\/\/amy.com.pl\/wp-content\/uploads\/2021\/09\/amy_logo.webp\",\"contentUrl\":\"https:\/\/amy.com.pl\/wp-content\/uploads\/2021\/09\/amy_logo.webp\",\"width\":130,\"height\":56,\"caption\":\"Amy Sp. z o.o. Sp.K.\"},\"image\":{\"@id\":\"https:\/\/amy.com.pl\/en\/#\/schema\/logo\/image\/\"},\"sameAs\":[\"https:\/\/www.facebook.com\/poscielAMY\",\"https:\/\/www.instagram.com\/amy_baby_bedding\/\",\"https:\/\/pl.pinterest.com\/poscielAMY\/\",\"https:\/\/www.youtube.com\/channel\/UC66RGd_7QHa8wV3rbkpjqrQ\"]}]}<\/script>\n<meta property=\"og:availability\" content=\"instock\" \/>\n<meta property=\"product:availability\" content=\"instock\" \/>\n<meta property=\"product:retailer_item_id\" content=\"1490\" \/>\n<meta property=\"product:condition\" content=\"new\" \/>\n<!-- \/ Yoast SEO Premium plugin. -->","yoast_head_json":{"title":"Kocyk dla niemowlaka bambusowo - bawe\u0142niany - AMY","description":"Kocyk dla niemowlaka bambusowo-bawe\u0142niany marki AMY jest niezwykle delikatny. Zapewnia optymaln\u0105 temperatur\u0119 cia\u0142a, dlatego sprawdzi si\u0119 na ka\u017cd\u0105 por\u0119 roku.\u00a0","robots":{"index":"index","follow":"follow","max-snippet":"max-snippet:-1","max-image-preview":"max-image-preview:large","max-video-preview":"max-video-preview:-1"},"canonical":"https:\/\/amy.com.pl\/produkt\/kocyk-dla-dziecka-bambusowy-amy-bamboo-dwustronny-letni-gaski-orzechowe\/","og_locale":"zh_CN","og_type":"article","og_title":"Kocyk dla dziecka bambusowy Amy Bamboo dwustronny letni G\u0105ski Orzechowe","og_description":"Kocyk dla niemowlaka bambusowo-bawe\u0142niany marki AMY jest niezwykle delikatny. Zapewnia optymaln\u0105 temperatur\u0119 cia\u0142a, dlatego sprawdzi si\u0119 na ka\u017cd\u0105 por\u0119 roku.\u00a0","og_url":"https:\/\/amy.com.pl\/produkt\/kocyk-dla-dziecka-bambusowy-amy-bamboo-dwustronny-letni-gaski-orzechowe\/","og_site_name":"AMY","article_publisher":"https:\/\/www.facebook.com\/poscielAMY","article_modified_time":"2023-06-26T08:20:31+00:00","og_image":[{"width":683,"height":1024,"url":"https:\/\/amy.com.pl\/wp-content\/uploads\/2022\/01\/AMY_kocyk_swd_100_70_Nature_Bamboo_Gaski_Orzechowe-683x1024.webp","type":"image\/webp"}],"twitter_card":"summary_large_image","schema":{"@context":"https:\/\/schema.org","@graph":[{"@type":"WebPage","@id":"https:\/\/amy.com.pl\/produkt\/kocyk-dla-dziecka-bambusowy-amy-bamboo-dwustronny-letni-gaski-orzechowe\/","url":"https:\/\/amy.com.pl\/produkt\/kocyk-dla-dziecka-bambusowy-amy-bamboo-dwustronny-letni-gaski-orzechowe\/","name":"Kocyk dla niemowlaka bambusowo - bawe\u0142niany - AMY","isPartOf":{"@id":"https:\/\/amy.com.pl\/en\/#website"},"datePublished":"2022-02-10T15:01:15+00:00","dateModified":"2023-06-26T08:20:31+00:00","description":"Kocyk dla niemowlaka bambusowo-bawe\u0142niany marki AMY jest niezwykle delikatny. Zapewnia optymaln\u0105 temperatur\u0119 cia\u0142a, dlatego sprawdzi si\u0119 na ka\u017cd\u0105 por\u0119 roku.\u00a0","breadcrumb":{"@id":"https:\/\/amy.com.pl\/produkt\/kocyk-dla-dziecka-bambusowy-amy-bamboo-dwustronny-letni-gaski-orzechowe\/#breadcrumb"},"inLanguage":"zh-CN","potentialAction":[{"@type":"ReadAction","target":["https:\/\/amy.com.pl\/produkt\/kocyk-dla-dziecka-bambusowy-amy-bamboo-dwustronny-letni-gaski-orzechowe\/"]}]},{"@type":"BreadcrumbList","@id":"https:\/\/amy.com.pl\/produkt\/kocyk-dla-dziecka-bambusowy-amy-bamboo-dwustronny-letni-gaski-orzechowe\/#breadcrumb","itemListElement":[{"@type":"ListItem","position":1,"name":"Strona g\u0142\u00f3wna","item":"https:\/\/amy.com.pl\/zh-hans\/"},{"@type":"ListItem","position":2,"name":"\u4ea7\u54c1","item":"https:\/\/amy.com.pl\/zh-hans\/shop-zh\/"},{"@type":"ListItem","position":3,"name":"Kocyk dla dziecka bambusowy Amy Bamboo dwustronny letni G\u0105ski Orzechowe"}]},{"@type":"WebSite","@id":"https:\/\/amy.com.pl\/en\/#website","url":"https:\/\/amy.com.pl\/en\/","name":"AMY","description":"\u6211\u5011\u7528\u611b\u64c1\u62b1","publisher":{"@id":"https:\/\/amy.com.pl\/en\/#organization"},"potentialAction":[{"@type":"SearchAction","target":{"@type":"EntryPoint","urlTemplate":"https:\/\/amy.com.pl\/en\/?s={search_term_string}"},"query-input":"required name=search_term_string"}],"inLanguage":"zh-CN"},{"@type":"Organization","@id":"https:\/\/amy.com.pl\/en\/#organization","name":"Amy Sp. z o.o. Sp.K.","url":"https:\/\/amy.com.pl\/en\/","logo":{"@type":"ImageObject","inLanguage":"zh-CN","@id":"https:\/\/amy.com.pl\/en\/#\/schema\/logo\/image\/","url":"https:\/\/amy.com.pl\/wp-content\/uploads\/2021\/09\/amy_logo.webp","contentUrl":"https:\/\/amy.com.pl\/wp-content\/uploads\/2021\/09\/amy_logo.webp","width":130,"height":56,"caption":"Amy Sp. z o.o. Sp.K."},"image":{"@id":"https:\/\/amy.com.pl\/en\/#\/schema\/logo\/image\/"},"sameAs":["https:\/\/www.facebook.com\/poscielAMY","https:\/\/www.instagram.com\/amy_baby_bedding\/","https:\/\/pl.pinterest.com\/poscielAMY\/","https:\/\/www.youtube.com\/channel\/UC66RGd_7QHa8wV3rbkpjqrQ"]}]},"og_availability":"instock","product_availability":"instock","product_retailer_item_id":"1490","product_condition":"new"},"_links":{"self":[{"href":"https:\/\/amy.com.pl\/zh-hans\/wp-json\/wp\/v2\/product\/27216"}],"collection":[{"href":"https:\/\/amy.com.pl\/zh-hans\/wp-json\/wp\/v2\/product"}],"about":[{"href":"https:\/\/amy.com.pl\/zh-hans\/wp-json\/wp\/v2\/types\/product"}],"wp:featuredmedia":[{"embeddable":true,"href":"https:\/\/amy.com.pl\/zh-hans\/wp-json\/wp\/v2\/media\/24819"}],"wp:attachment":[{"href":"https:\/\/amy.com.pl\/zh-hans\/wp-json\/wp\/v2\/media?parent=27216"}],"wp:term":[{"taxonomy":"product_cat","embeddable":true,"href":"https:\/\/amy.com.pl\/zh-hans\/wp-json\/wp\/v2\/product_cat?post=27216"},{"taxonomy":"product_tag","embeddable":true,"href":"https:\/\/amy.com.pl\/zh-hans\/wp-json\/wp\/v2\/product_tag?post=27216"}],"curies":[{"name":"wp","href":"https:\/\/api.w.org\/{rel}","templated":true}]}}