{"id":26844,"date":"2022-02-08T14:20:49","date_gmt":"2022-02-08T13:20:49","guid":{"rendered":"https:\/\/amy.com.pl\/produkt\/poduszka-motylek-amy-bamboo-chmurkowe-podroze\/"},"modified":"2023-06-26T10:39:39","modified_gmt":"2023-06-26T08:39:39","slug":"poduszka-motylek-amy-bamboo-chmurkowe-podroze","status":"publish","type":"product","link":"https:\/\/amy.com.pl\/zh-hans\/produkt\/poduszka-motylek-amy-bamboo-chmurkowe-podroze\/","title":{"rendered":"Poduszka-motylek Amy Bamboo Chmurkowe Podr\u00f3\u017ce"},"content":{"rendered":"<h1><strong>Poduszka motylek bambusowa<\/strong><\/h1>\n<p>Bambusowa poduszka Motylek z kolekcji Nature Bamboo by Amy to gwarancja spokojnego i bezpiecznego snu Twojego maluszka. Poduszka Motylek zosta\u0142a wyprofilowana w taki spos\u00f3b, aby odpowiednio przytrzymywa\u0107 ma\u0142\u0105 g\u0142\u00f3wk\u0119 dziecka podczas wstrz\u0105s\u00f3w. Poduszka sprawdzi si\u0119 idealnie w trakcie podr\u00f3\u017cy dziecka w foteliku samochodowym i podczas spacer\u00f3w w w\u00f3zku. Maluszek nie odczuje nier\u00f3wno\u015bci na drodze, dzi\u0119ki temu b\u0119dzie m\u00f3g\u0142 spa\u0107 w pe\u0142ni komfortowo. Motylek to produkt, kt\u00f3ry mo\u017cna wykorzysta\u0107 podczas zmiany pieluszki na przewijaku. G\u0142\u00f3wka dziecka b\u0119dzie u\u0142o\u017cona wygodnie i bezpiecznie. Poduszka Motylek tworzy zgrany duet z innymi produktami z tej kolekcji.<\/p>\n<h2><strong>Kolekcja<\/strong><\/h2>\n<p>Ta niezwyk\u0142a kolekcja z serii Bajkowe Przygody jest inspirowana ma\u0142ymi odkrywcami \u015bwiata, kt\u00f3rymi s\u0105 wszystkie dzieci. Uroczy, kolorowy wz\u00f3r wprowadza do pokoiku dziecka radosny klimat. Od pierwszych dni \u017cycia maluszek b\u0119dzie otoczony naturaln\u0105 tkanin\u0105 ukazuj\u0105c\u0105 bajkowy, kolorowy \u015bwiat.<\/p>\n<h2><strong>Tkanina bambusowa<\/strong><\/h2>\n<p>Wybrali\u015bmy najwy\u017cszej jako\u015bci bambus, kt\u00f3ry ma wa\u017cne w\u0142a\u015bciwo\u015bci:<br \/>\n\u2022 jest delikatny i mi\u0119kki jak jedwab<br \/>\n\u2022 jest hipoalergiczny, idealny dla wra\u017cliwej sk\u00f3ry maluszka<br \/>\n\u2022 jest antybakteryjny i przeciwgrzybiczny<br \/>\n\u2022 neutralizuje nieprzyjemne zapachy<br \/>\n\u2022 doskonale absorbuje wilgo\u0107<br \/>\n\u2022 chroni przed szkodliwymi promieniami UV<\/p>\n<h2><strong>Wype\u0142nienie BabySoft<\/strong><\/h2>\n<p>Wype\u0142nienie poduszki to ocieplina silikonowana BabySoft, czyli gwarancja odpowiedniej grubo\u015bci i mi\u0119kko\u015bci, daj\u0105ca pewno\u015b\u0107, \u017ce dziecko nie zmarznie i si\u0119 nie przegrzeje. Odpowiednio dobrana struktura w\u0142\u00f3kien sprawia, \u017ce jest idealna dla wra\u017cliwej sk\u00f3ry maluszka.<br \/>\nNasza bambusowa poduszka Motylek ko\u0142derka b\u0119dzie Wam towarzyszy\u0107 od pierwszych chwil \u017cycia, a\u017c do wieku przedszkolnego.<br \/>\nProdukt sprawdzi si\u0119 jako wyj\u0105tkowy prezent dla wyj\u0105tkowego Maluszka.<\/p>\n<p>Kupuj\u0105c ten produkt otrzymasz: poduszk\u0119 Motylek 33&#215;25 cm z kolekcji Nature Bamboo by Amy.<br \/>\nProdukt wykonano z najwy\u017cszej jako\u015bci tkaniny CV bambus 100%, wype\u0142nienie to ocieplina silikonowana BabySoft \u2013 poliester 100%<\/p>\n<div style=\"width: 1144px;\" class=\"wp-video\"><!--[if lt IE 9]><script>document.createElement('video');<\/script><![endif]-->\n<video class=\"wp-video-shortcode\" id=\"video-26844-1\" width=\"1144\" height=\"644\" loop=\"1\" preload=\"auto\" controls=\"controls\"><source type=\"video\/mp4\" src=\"https:\/\/amy.com.pl\/wp-content\/uploads\/2022\/02\/Amy-Nature-Bamboo-chmurkowe-podroze-lesne-skarby-wesoly-kosmos_HD.mp4?_=1\" \/><a href=\"https:\/\/amy.com.pl\/wp-content\/uploads\/2022\/02\/Amy-Nature-Bamboo-chmurkowe-podroze-lesne-skarby-wesoly-kosmos_HD.mp4\">https:\/\/amy.com.pl\/wp-content\/uploads\/2022\/02\/Amy-Nature-Bamboo-chmurkowe-podroze-lesne-skarby-wesoly-kosmos_HD.mp4<\/a><\/video><\/div>\n","protected":false},"excerpt":{"rendered":"<p>Poduszka motylek bambusowa Bambusowa poduszka Motylek z&#8230;<\/p>\n","protected":false},"featured_media":26318,"template":"","meta":{"_kad_post_transparent":"default","_kad_post_title":"","_kad_post_layout":"default","_kad_post_sidebar_id":"","_kad_post_content_style":"default","_kad_post_vertical_padding":"default","_kad_post_feature":"","_kad_post_feature_position":"","_kad_post_header":false,"_kad_post_footer":false,"_links_to":"","_links_to_target":""},"product_cat":[108,107,61,106],"product_tag":[],"yoast_head":"<!-- This site is optimized with the Yoast SEO Premium plugin v20.7 (Yoast SEO v20.7) - https:\/\/yoast.com\/wordpress\/plugins\/seo\/ -->\n<title>Poduszka-motylek Amy Bamboo to niezb\u0119dny element ka\u017cdej wyprawki<\/title>\n<meta name=\"description\" content=\"Poduszka-motylek Amy Bamboo jest uszyta z naturalnych, najwy\u017cszej jako\u015bci tkanin 100% CV bambus. Dzi\u0119ki temu jest mi\u0119ciutka i bezpieczna.\" \/>\n<meta name=\"robots\" content=\"index, follow, max-snippet:-1, max-image-preview:large, max-video-preview:-1\" \/>\n<link rel=\"canonical\" href=\"https:\/\/amy.com.pl\/produkt\/poduszka-motylek-amy-bamboo-chmurkowe-podroze\/\" \/>\n<meta property=\"og:locale\" content=\"zh_CN\" \/>\n<meta property=\"og:type\" content=\"article\" \/>\n<meta property=\"og:title\" content=\"Poduszka-motylek Amy Bamboo Chmurkowe Podr\u00f3\u017ce\" \/>\n<meta property=\"og:description\" content=\"Poduszka-motylek Amy Bamboo jest uszyta z naturalnych, najwy\u017cszej jako\u015bci tkanin 100% CV bambus. Dzi\u0119ki temu jest mi\u0119ciutka i bezpieczna.\" \/>\n<meta property=\"og:url\" content=\"https:\/\/amy.com.pl\/produkt\/poduszka-motylek-amy-bamboo-chmurkowe-podroze\/\" \/>\n<meta property=\"og:site_name\" content=\"AMY\" \/>\n<meta property=\"article:publisher\" content=\"https:\/\/www.facebook.com\/poscielAMY\" \/>\n<meta property=\"article:modified_time\" content=\"2023-06-26T08:39:39+00:00\" \/>\n<meta property=\"og:image\" content=\"https:\/\/amy.com.pl\/wp-content\/uploads\/2022\/02\/AMY_motyl_woz_Nature_Bamboo_Chmurkowe_Podroze.webp\" \/>\n\t<meta property=\"og:image:width\" content=\"1500\" \/>\n\t<meta property=\"og:image:height\" content=\"1137\" \/>\n\t<meta property=\"og:image:type\" content=\"image\/webp\" \/>\n<meta name=\"twitter:card\" content=\"summary_large_image\" \/>\n<script type=\"application\/ld+json\" class=\"yoast-schema-graph\">{\"@context\":\"https:\/\/schema.org\",\"@graph\":[{\"@type\":\"WebPage\",\"@id\":\"https:\/\/amy.com.pl\/produkt\/poduszka-motylek-amy-bamboo-chmurkowe-podroze\/\",\"url\":\"https:\/\/amy.com.pl\/produkt\/poduszka-motylek-amy-bamboo-chmurkowe-podroze\/\",\"name\":\"Poduszka-motylek Amy Bamboo to niezb\u0119dny element ka\u017cdej wyprawki\",\"isPartOf\":{\"@id\":\"https:\/\/amy.com.pl\/en\/#website\"},\"datePublished\":\"2022-02-08T13:20:49+00:00\",\"dateModified\":\"2023-06-26T08:39:39+00:00\",\"description\":\"Poduszka-motylek Amy Bamboo jest uszyta z naturalnych, najwy\u017cszej jako\u015bci tkanin 100% CV bambus. Dzi\u0119ki temu jest mi\u0119ciutka i bezpieczna.\",\"breadcrumb\":{\"@id\":\"https:\/\/amy.com.pl\/produkt\/poduszka-motylek-amy-bamboo-chmurkowe-podroze\/#breadcrumb\"},\"inLanguage\":\"zh-CN\",\"potentialAction\":[{\"@type\":\"ReadAction\",\"target\":[\"https:\/\/amy.com.pl\/produkt\/poduszka-motylek-amy-bamboo-chmurkowe-podroze\/\"]}]},{\"@type\":\"BreadcrumbList\",\"@id\":\"https:\/\/amy.com.pl\/produkt\/poduszka-motylek-amy-bamboo-chmurkowe-podroze\/#breadcrumb\",\"itemListElement\":[{\"@type\":\"ListItem\",\"position\":1,\"name\":\"Strona g\u0142\u00f3wna\",\"item\":\"https:\/\/amy.com.pl\/zh-hans\/\"},{\"@type\":\"ListItem\",\"position\":2,\"name\":\"\u4ea7\u54c1\",\"item\":\"https:\/\/amy.com.pl\/zh-hans\/shop-zh\/\"},{\"@type\":\"ListItem\",\"position\":3,\"name\":\"Poduszka-motylek Amy Bamboo Chmurkowe Podr\u00f3\u017ce\"}]},{\"@type\":\"WebSite\",\"@id\":\"https:\/\/amy.com.pl\/en\/#website\",\"url\":\"https:\/\/amy.com.pl\/en\/\",\"name\":\"AMY\",\"description\":\"\u6211\u5011\u7528\u611b\u64c1\u62b1\",\"publisher\":{\"@id\":\"https:\/\/amy.com.pl\/en\/#organization\"},\"potentialAction\":[{\"@type\":\"SearchAction\",\"target\":{\"@type\":\"EntryPoint\",\"urlTemplate\":\"https:\/\/amy.com.pl\/en\/?s={search_term_string}\"},\"query-input\":\"required name=search_term_string\"}],\"inLanguage\":\"zh-CN\"},{\"@type\":\"Organization\",\"@id\":\"https:\/\/amy.com.pl\/en\/#organization\",\"name\":\"Amy Sp. z o.o. Sp.K.\",\"url\":\"https:\/\/amy.com.pl\/en\/\",\"logo\":{\"@type\":\"ImageObject\",\"inLanguage\":\"zh-CN\",\"@id\":\"https:\/\/amy.com.pl\/en\/#\/schema\/logo\/image\/\",\"url\":\"https:\/\/amy.com.pl\/wp-content\/uploads\/2021\/09\/amy_logo.webp\",\"contentUrl\":\"https:\/\/amy.com.pl\/wp-content\/uploads\/2021\/09\/amy_logo.webp\",\"width\":130,\"height\":56,\"caption\":\"Amy Sp. z o.o. Sp.K.\"},\"image\":{\"@id\":\"https:\/\/amy.com.pl\/en\/#\/schema\/logo\/image\/\"},\"sameAs\":[\"https:\/\/www.facebook.com\/poscielAMY\",\"https:\/\/www.instagram.com\/amy_baby_bedding\/\",\"https:\/\/pl.pinterest.com\/poscielAMY\/\",\"https:\/\/www.youtube.com\/channel\/UC66RGd_7QHa8wV3rbkpjqrQ\"]}]}<\/script>\n<meta property=\"product:price:amount\" content=\"74.00\" \/>\n<meta property=\"product:price:currency\" content=\"PLN\" \/>\n<meta property=\"og:availability\" content=\"instock\" \/>\n<meta property=\"product:availability\" content=\"instock\" \/>\n<meta property=\"product:retailer_item_id\" content=\"82842\" \/>\n<meta property=\"product:condition\" content=\"new\" \/>\n<!-- \/ Yoast SEO Premium plugin. -->","yoast_head_json":{"title":"Poduszka-motylek Amy Bamboo to niezb\u0119dny element ka\u017cdej wyprawki","description":"Poduszka-motylek Amy Bamboo jest uszyta z naturalnych, najwy\u017cszej jako\u015bci tkanin 100% CV bambus. Dzi\u0119ki temu jest mi\u0119ciutka i bezpieczna.","robots":{"index":"index","follow":"follow","max-snippet":"max-snippet:-1","max-image-preview":"max-image-preview:large","max-video-preview":"max-video-preview:-1"},"canonical":"https:\/\/amy.com.pl\/produkt\/poduszka-motylek-amy-bamboo-chmurkowe-podroze\/","og_locale":"zh_CN","og_type":"article","og_title":"Poduszka-motylek Amy Bamboo Chmurkowe Podr\u00f3\u017ce","og_description":"Poduszka-motylek Amy Bamboo jest uszyta z naturalnych, najwy\u017cszej jako\u015bci tkanin 100% CV bambus. Dzi\u0119ki temu jest mi\u0119ciutka i bezpieczna.","og_url":"https:\/\/amy.com.pl\/produkt\/poduszka-motylek-amy-bamboo-chmurkowe-podroze\/","og_site_name":"AMY","article_publisher":"https:\/\/www.facebook.com\/poscielAMY","article_modified_time":"2023-06-26T08:39:39+00:00","og_image":[{"width":1500,"height":1137,"url":"https:\/\/amy.com.pl\/wp-content\/uploads\/2022\/02\/AMY_motyl_woz_Nature_Bamboo_Chmurkowe_Podroze.webp","type":"image\/webp"}],"twitter_card":"summary_large_image","schema":{"@context":"https:\/\/schema.org","@graph":[{"@type":"WebPage","@id":"https:\/\/amy.com.pl\/produkt\/poduszka-motylek-amy-bamboo-chmurkowe-podroze\/","url":"https:\/\/amy.com.pl\/produkt\/poduszka-motylek-amy-bamboo-chmurkowe-podroze\/","name":"Poduszka-motylek Amy Bamboo to niezb\u0119dny element ka\u017cdej wyprawki","isPartOf":{"@id":"https:\/\/amy.com.pl\/en\/#website"},"datePublished":"2022-02-08T13:20:49+00:00","dateModified":"2023-06-26T08:39:39+00:00","description":"Poduszka-motylek Amy Bamboo jest uszyta z naturalnych, najwy\u017cszej jako\u015bci tkanin 100% CV bambus. Dzi\u0119ki temu jest mi\u0119ciutka i bezpieczna.","breadcrumb":{"@id":"https:\/\/amy.com.pl\/produkt\/poduszka-motylek-amy-bamboo-chmurkowe-podroze\/#breadcrumb"},"inLanguage":"zh-CN","potentialAction":[{"@type":"ReadAction","target":["https:\/\/amy.com.pl\/produkt\/poduszka-motylek-amy-bamboo-chmurkowe-podroze\/"]}]},{"@type":"BreadcrumbList","@id":"https:\/\/amy.com.pl\/produkt\/poduszka-motylek-amy-bamboo-chmurkowe-podroze\/#breadcrumb","itemListElement":[{"@type":"ListItem","position":1,"name":"Strona g\u0142\u00f3wna","item":"https:\/\/amy.com.pl\/zh-hans\/"},{"@type":"ListItem","position":2,"name":"\u4ea7\u54c1","item":"https:\/\/amy.com.pl\/zh-hans\/shop-zh\/"},{"@type":"ListItem","position":3,"name":"Poduszka-motylek Amy Bamboo Chmurkowe Podr\u00f3\u017ce"}]},{"@type":"WebSite","@id":"https:\/\/amy.com.pl\/en\/#website","url":"https:\/\/amy.com.pl\/en\/","name":"AMY","description":"\u6211\u5011\u7528\u611b\u64c1\u62b1","publisher":{"@id":"https:\/\/amy.com.pl\/en\/#organization"},"potentialAction":[{"@type":"SearchAction","target":{"@type":"EntryPoint","urlTemplate":"https:\/\/amy.com.pl\/en\/?s={search_term_string}"},"query-input":"required name=search_term_string"}],"inLanguage":"zh-CN"},{"@type":"Organization","@id":"https:\/\/amy.com.pl\/en\/#organization","name":"Amy Sp. z o.o. Sp.K.","url":"https:\/\/amy.com.pl\/en\/","logo":{"@type":"ImageObject","inLanguage":"zh-CN","@id":"https:\/\/amy.com.pl\/en\/#\/schema\/logo\/image\/","url":"https:\/\/amy.com.pl\/wp-content\/uploads\/2021\/09\/amy_logo.webp","contentUrl":"https:\/\/amy.com.pl\/wp-content\/uploads\/2021\/09\/amy_logo.webp","width":130,"height":56,"caption":"Amy Sp. z o.o. Sp.K."},"image":{"@id":"https:\/\/amy.com.pl\/en\/#\/schema\/logo\/image\/"},"sameAs":["https:\/\/www.facebook.com\/poscielAMY","https:\/\/www.instagram.com\/amy_baby_bedding\/","https:\/\/pl.pinterest.com\/poscielAMY\/","https:\/\/www.youtube.com\/channel\/UC66RGd_7QHa8wV3rbkpjqrQ"]}]},"product_price_amount":"74.00","product_price_currency":"PLN","og_availability":"instock","product_availability":"instock","product_retailer_item_id":"82842","product_condition":"new"},"_links":{"self":[{"href":"https:\/\/amy.com.pl\/zh-hans\/wp-json\/wp\/v2\/product\/26844"}],"collection":[{"href":"https:\/\/amy.com.pl\/zh-hans\/wp-json\/wp\/v2\/product"}],"about":[{"href":"https:\/\/amy.com.pl\/zh-hans\/wp-json\/wp\/v2\/types\/product"}],"wp:featuredmedia":[{"embeddable":true,"href":"https:\/\/amy.com.pl\/zh-hans\/wp-json\/wp\/v2\/media\/26318"}],"wp:attachment":[{"href":"https:\/\/amy.com.pl\/zh-hans\/wp-json\/wp\/v2\/media?parent=26844"}],"wp:term":[{"taxonomy":"product_cat","embeddable":true,"href":"https:\/\/amy.com.pl\/zh-hans\/wp-json\/wp\/v2\/product_cat?post=26844"},{"taxonomy":"product_tag","embeddable":true,"href":"https:\/\/amy.com.pl\/zh-hans\/wp-json\/wp\/v2\/product_tag?post=26844"}],"curies":[{"name":"wp","href":"https:\/\/api.w.org\/{rel}","templated":true}]}}