{"id":25916,"date":"2022-02-06T16:05:21","date_gmt":"2022-02-06T15:05:21","guid":{"rendered":"https:\/\/amy.com.pl\/produkt\/poduszka-amy-bamboo-laka-szara\/"},"modified":"2023-06-26T10:44:29","modified_gmt":"2023-06-26T08:44:29","slug":"poduszka-amy-bamboo-laka-szara","status":"publish","type":"product","link":"https:\/\/amy.com.pl\/zh-hans\/produkt\/poduszka-amy-bamboo-laka-szara\/","title":{"rendered":"Poduszka Amy Bamboo \u0141\u0105ka Szara"},"content":{"rendered":"<h1><strong>Poduszka bambusowa<\/strong><\/h1>\n<p>Poduszka bambusowa z kolekcji Nature Bamboo by Amy to gwarancja spokojnego i bezpiecznego snu Twojego maluszka. Poduszka jest delikatna, lekka i mi\u0119ciutka. Sprawdzi si\u0119 idealnie w \u0142\u00f3\u017ceczku, podczas spacer\u00f3w w w\u00f3zku i podr\u00f3\u017cy w foteliku samochodowym. Poduszka b\u0119dzie tak\u017ce doskona\u0142ym dope\u0142nieniem do namiotu tipi lub wisz\u0105cego baldachimu, dziecko mo\u017ce na niej odpocz\u0105\u0107 lub wykorzysta\u0107 do weso\u0142ych zabaw. Zosta\u0142a uszyta z naturalnej tkaniny, jak\u0105 jest bambus, kt\u00f3ry doskonale absorbuje wilgo\u0107, dlatego g\u0142\u00f3wka dziecka nie b\u0119dzie si\u0119 poci\u0107. Bambusowa poduszka tworzy zgrany duet z innymi produktami z tej kolekcji.<\/p>\n<h2><strong>Kolekcja<\/strong><\/h2>\n<p>Ta niezwyk\u0142a kolekcja inspirowana otaczaj\u0105c\u0105 nas natur\u0105 powsta\u0142a we wsp\u00f3\u0142pracy z polsk\u0105 ilustratork\u0105 i projektantk\u0105 Ag\u0105 Kobyli\u0144sk\u0105. R\u0119cznie malowane wzory wprowadz\u0105 do pokoiku dziecka wyj\u0105tkowy klimat. Od pierwszych dni \u017cycia maluszek b\u0119dzie otoczony naturaln\u0105 tkanin\u0105 ukazuj\u0105c\u0105 cudown\u0105, polsk\u0105 przyrod\u0119.<\/p>\n<h2><strong>Tkanina bambusowa<\/strong><\/h2>\n<p>Wybrali\u015bmy najwy\u017cszej jako\u015bci bambus, kt\u00f3ry ma wa\u017cne w\u0142a\u015bciwo\u015bci:<br \/>\n\u2022\tjest delikatny i mi\u0119kki jak jedwab<br \/>\n\u2022\tjest hipoalergiczny, idealny dla wra\u017cliwej sk\u00f3ry maluszka<br \/>\n\u2022\tjest antybakteryjny i przeciwgrzybiczny<br \/>\n\u2022\tneutralizuje nieprzyjemne zapachy<br \/>\n\u2022\tdoskonale absorbuje wilgo\u0107<br \/>\n\u2022\tchroni przed szkodliwymi promieniami UV <\/p>\n<h2><strong>Wype\u0142nienie BabySoft<\/strong><\/h2>\n<p>Wype\u0142nienie poduszki to ocieplina silikonowana BabySoft, czyli gwarancja odpowiedniej grubo\u015bci i mi\u0119kko\u015bci, daj\u0105ca pewno\u015b\u0107, \u017ce dziecko nie zmarznie i si\u0119 nie przegrzeje. Odpowiednio dobrana struktura w\u0142\u00f3kien sprawia, \u017ce jest idealna dla wra\u017cliwej sk\u00f3ry maluszka.<br \/>\nNasza bambusowa poduszka b\u0119dzie Wam towarzyszy\u0107 od pierwszych chwil \u017cycia, a\u017c do wieku przedszkolnego.<br \/>\nProdukt sprawdzi si\u0119 jako wyj\u0105tkowy prezent dla wyj\u0105tkowego Maluszka.<div style=\"width: 1144px;\" class=\"wp-video\"><!--[if lt IE 9]><script>document.createElement('video');<\/script><![endif]-->\n<video class=\"wp-video-shortcode\" id=\"video-25916-1\" width=\"1144\" height=\"644\" loop=\"1\" preload=\"auto\" controls=\"controls\"><source type=\"video\/mp4\" src=\"https:\/\/amy.com.pl\/wp-content\/uploads\/2021\/09\/Jesien_Spot01_Nature_2_laka-bez-szara.mp4?_=1\" \/><a href=\"https:\/\/amy.com.pl\/wp-content\/uploads\/2021\/09\/Jesien_Spot01_Nature_2_laka-bez-szara.mp4\">https:\/\/amy.com.pl\/wp-content\/uploads\/2021\/09\/Jesien_Spot01_Nature_2_laka-bez-szara.mp4<\/a><\/video><\/div><\/p>\n","protected":false},"excerpt":{"rendered":"<p>Poduszka bambusowa Poduszka bambusowa z kolekcji Nature&#8230;<\/p>\n","protected":false},"featured_media":25777,"template":"","meta":{"_kad_post_transparent":"","_kad_post_title":"","_kad_post_layout":"","_kad_post_sidebar_id":"","_kad_post_content_style":"","_kad_post_vertical_padding":"","_kad_post_feature":"","_kad_post_feature_position":"","_kad_post_header":false,"_kad_post_footer":false,"_links_to":"","_links_to_target":""},"product_cat":[108,107,250],"product_tag":[],"yoast_head":"<!-- This site is optimized with the Yoast SEO Premium plugin v20.7 (Yoast SEO v20.7) - https:\/\/yoast.com\/wordpress\/plugins\/seo\/ -->\n<title>Poduszka bambusowa Amy jest niezb\u0119dnym elementem ka\u017cdej wyprawki.<\/title>\n<meta name=\"description\" content=\"Poduszka bambusowa Amy jest uszyta z naturalnych tkanin 100% CV bambus. Dzi\u0119ki temu jest mi\u0119ciutka i nie przegrzewa, cudownie otula w dzie\u0144 i nocy.\" \/>\n<meta name=\"robots\" content=\"index, follow, max-snippet:-1, max-image-preview:large, max-video-preview:-1\" \/>\n<link rel=\"canonical\" href=\"https:\/\/amy.com.pl\/produkt\/poduszka-amy-bamboo-laka-szara\/\" \/>\n<meta property=\"og:locale\" content=\"zh_CN\" \/>\n<meta property=\"og:type\" content=\"article\" \/>\n<meta property=\"og:title\" content=\"Poduszka Amy Bamboo \u0141\u0105ka Szara\" \/>\n<meta property=\"og:description\" content=\"Poduszka bambusowa Amy jest uszyta z naturalnych tkanin 100% CV bambus. Dzi\u0119ki temu jest mi\u0119ciutka i nie przegrzewa, cudownie otula w dzie\u0144 i nocy.\" \/>\n<meta property=\"og:url\" content=\"https:\/\/amy.com.pl\/produkt\/poduszka-amy-bamboo-laka-szara\/\" \/>\n<meta property=\"og:site_name\" content=\"AMY\" \/>\n<meta property=\"article:publisher\" content=\"https:\/\/www.facebook.com\/poscielAMY\" \/>\n<meta property=\"article:modified_time\" content=\"2023-06-26T08:44:29+00:00\" \/>\n<meta property=\"og:image\" content=\"https:\/\/amy.com.pl\/wp-content\/uploads\/2022\/02\/AMY_pod_25_30_Nature_Bamboo_Laka_Szara.webp\" \/>\n\t<meta property=\"og:image:width\" content=\"1500\" \/>\n\t<meta property=\"og:image:height\" content=\"1030\" \/>\n\t<meta property=\"og:image:type\" content=\"image\/webp\" \/>\n<meta name=\"twitter:card\" content=\"summary_large_image\" \/>\n<script type=\"application\/ld+json\" class=\"yoast-schema-graph\">{\"@context\":\"https:\/\/schema.org\",\"@graph\":[{\"@type\":\"WebPage\",\"@id\":\"https:\/\/amy.com.pl\/produkt\/poduszka-amy-bamboo-laka-szara\/\",\"url\":\"https:\/\/amy.com.pl\/produkt\/poduszka-amy-bamboo-laka-szara\/\",\"name\":\"Poduszka bambusowa Amy jest niezb\u0119dnym elementem ka\u017cdej wyprawki.\",\"isPartOf\":{\"@id\":\"https:\/\/amy.com.pl\/en\/#website\"},\"datePublished\":\"2022-02-06T15:05:21+00:00\",\"dateModified\":\"2023-06-26T08:44:29+00:00\",\"description\":\"Poduszka bambusowa Amy jest uszyta z naturalnych tkanin 100% CV bambus. Dzi\u0119ki temu jest mi\u0119ciutka i nie przegrzewa, cudownie otula w dzie\u0144 i nocy.\",\"breadcrumb\":{\"@id\":\"https:\/\/amy.com.pl\/produkt\/poduszka-amy-bamboo-laka-szara\/#breadcrumb\"},\"inLanguage\":\"zh-CN\",\"potentialAction\":[{\"@type\":\"ReadAction\",\"target\":[\"https:\/\/amy.com.pl\/produkt\/poduszka-amy-bamboo-laka-szara\/\"]}]},{\"@type\":\"BreadcrumbList\",\"@id\":\"https:\/\/amy.com.pl\/produkt\/poduszka-amy-bamboo-laka-szara\/#breadcrumb\",\"itemListElement\":[{\"@type\":\"ListItem\",\"position\":1,\"name\":\"Strona g\u0142\u00f3wna\",\"item\":\"https:\/\/amy.com.pl\/zh-hans\/\"},{\"@type\":\"ListItem\",\"position\":2,\"name\":\"\u4ea7\u54c1\",\"item\":\"https:\/\/amy.com.pl\/zh-hans\/shop-zh\/\"},{\"@type\":\"ListItem\",\"position\":3,\"name\":\"Poduszka Amy Bamboo \u0141\u0105ka Szara\"}]},{\"@type\":\"WebSite\",\"@id\":\"https:\/\/amy.com.pl\/en\/#website\",\"url\":\"https:\/\/amy.com.pl\/en\/\",\"name\":\"AMY\",\"description\":\"\u6211\u5011\u7528\u611b\u64c1\u62b1\",\"publisher\":{\"@id\":\"https:\/\/amy.com.pl\/en\/#organization\"},\"potentialAction\":[{\"@type\":\"SearchAction\",\"target\":{\"@type\":\"EntryPoint\",\"urlTemplate\":\"https:\/\/amy.com.pl\/en\/?s={search_term_string}\"},\"query-input\":\"required name=search_term_string\"}],\"inLanguage\":\"zh-CN\"},{\"@type\":\"Organization\",\"@id\":\"https:\/\/amy.com.pl\/en\/#organization\",\"name\":\"Amy Sp. z o.o. Sp.K.\",\"url\":\"https:\/\/amy.com.pl\/en\/\",\"logo\":{\"@type\":\"ImageObject\",\"inLanguage\":\"zh-CN\",\"@id\":\"https:\/\/amy.com.pl\/en\/#\/schema\/logo\/image\/\",\"url\":\"https:\/\/amy.com.pl\/wp-content\/uploads\/2021\/09\/amy_logo.webp\",\"contentUrl\":\"https:\/\/amy.com.pl\/wp-content\/uploads\/2021\/09\/amy_logo.webp\",\"width\":130,\"height\":56,\"caption\":\"Amy Sp. z o.o. Sp.K.\"},\"image\":{\"@id\":\"https:\/\/amy.com.pl\/en\/#\/schema\/logo\/image\/\"},\"sameAs\":[\"https:\/\/www.facebook.com\/poscielAMY\",\"https:\/\/www.instagram.com\/amy_baby_bedding\/\",\"https:\/\/pl.pinterest.com\/poscielAMY\/\",\"https:\/\/www.youtube.com\/channel\/UC66RGd_7QHa8wV3rbkpjqrQ\"]}]}<\/script>\n<meta property=\"og:availability\" content=\"instock\" \/>\n<meta property=\"product:availability\" content=\"instock\" \/>\n<meta property=\"product:retailer_item_id\" content=\"1452\" \/>\n<meta property=\"product:condition\" content=\"new\" \/>\n<!-- \/ Yoast SEO Premium plugin. -->","yoast_head_json":{"title":"Poduszka bambusowa Amy jest niezb\u0119dnym elementem ka\u017cdej wyprawki.","description":"Poduszka bambusowa Amy jest uszyta z naturalnych tkanin 100% CV bambus. Dzi\u0119ki temu jest mi\u0119ciutka i nie przegrzewa, cudownie otula w dzie\u0144 i nocy.","robots":{"index":"index","follow":"follow","max-snippet":"max-snippet:-1","max-image-preview":"max-image-preview:large","max-video-preview":"max-video-preview:-1"},"canonical":"https:\/\/amy.com.pl\/produkt\/poduszka-amy-bamboo-laka-szara\/","og_locale":"zh_CN","og_type":"article","og_title":"Poduszka Amy Bamboo \u0141\u0105ka Szara","og_description":"Poduszka bambusowa Amy jest uszyta z naturalnych tkanin 100% CV bambus. Dzi\u0119ki temu jest mi\u0119ciutka i nie przegrzewa, cudownie otula w dzie\u0144 i nocy.","og_url":"https:\/\/amy.com.pl\/produkt\/poduszka-amy-bamboo-laka-szara\/","og_site_name":"AMY","article_publisher":"https:\/\/www.facebook.com\/poscielAMY","article_modified_time":"2023-06-26T08:44:29+00:00","og_image":[{"width":1500,"height":1030,"url":"https:\/\/amy.com.pl\/wp-content\/uploads\/2022\/02\/AMY_pod_25_30_Nature_Bamboo_Laka_Szara.webp","type":"image\/webp"}],"twitter_card":"summary_large_image","schema":{"@context":"https:\/\/schema.org","@graph":[{"@type":"WebPage","@id":"https:\/\/amy.com.pl\/produkt\/poduszka-amy-bamboo-laka-szara\/","url":"https:\/\/amy.com.pl\/produkt\/poduszka-amy-bamboo-laka-szara\/","name":"Poduszka bambusowa Amy jest niezb\u0119dnym elementem ka\u017cdej wyprawki.","isPartOf":{"@id":"https:\/\/amy.com.pl\/en\/#website"},"datePublished":"2022-02-06T15:05:21+00:00","dateModified":"2023-06-26T08:44:29+00:00","description":"Poduszka bambusowa Amy jest uszyta z naturalnych tkanin 100% CV bambus. Dzi\u0119ki temu jest mi\u0119ciutka i nie przegrzewa, cudownie otula w dzie\u0144 i nocy.","breadcrumb":{"@id":"https:\/\/amy.com.pl\/produkt\/poduszka-amy-bamboo-laka-szara\/#breadcrumb"},"inLanguage":"zh-CN","potentialAction":[{"@type":"ReadAction","target":["https:\/\/amy.com.pl\/produkt\/poduszka-amy-bamboo-laka-szara\/"]}]},{"@type":"BreadcrumbList","@id":"https:\/\/amy.com.pl\/produkt\/poduszka-amy-bamboo-laka-szara\/#breadcrumb","itemListElement":[{"@type":"ListItem","position":1,"name":"Strona g\u0142\u00f3wna","item":"https:\/\/amy.com.pl\/zh-hans\/"},{"@type":"ListItem","position":2,"name":"\u4ea7\u54c1","item":"https:\/\/amy.com.pl\/zh-hans\/shop-zh\/"},{"@type":"ListItem","position":3,"name":"Poduszka Amy Bamboo \u0141\u0105ka Szara"}]},{"@type":"WebSite","@id":"https:\/\/amy.com.pl\/en\/#website","url":"https:\/\/amy.com.pl\/en\/","name":"AMY","description":"\u6211\u5011\u7528\u611b\u64c1\u62b1","publisher":{"@id":"https:\/\/amy.com.pl\/en\/#organization"},"potentialAction":[{"@type":"SearchAction","target":{"@type":"EntryPoint","urlTemplate":"https:\/\/amy.com.pl\/en\/?s={search_term_string}"},"query-input":"required name=search_term_string"}],"inLanguage":"zh-CN"},{"@type":"Organization","@id":"https:\/\/amy.com.pl\/en\/#organization","name":"Amy Sp. z o.o. Sp.K.","url":"https:\/\/amy.com.pl\/en\/","logo":{"@type":"ImageObject","inLanguage":"zh-CN","@id":"https:\/\/amy.com.pl\/en\/#\/schema\/logo\/image\/","url":"https:\/\/amy.com.pl\/wp-content\/uploads\/2021\/09\/amy_logo.webp","contentUrl":"https:\/\/amy.com.pl\/wp-content\/uploads\/2021\/09\/amy_logo.webp","width":130,"height":56,"caption":"Amy Sp. z o.o. Sp.K."},"image":{"@id":"https:\/\/amy.com.pl\/en\/#\/schema\/logo\/image\/"},"sameAs":["https:\/\/www.facebook.com\/poscielAMY","https:\/\/www.instagram.com\/amy_baby_bedding\/","https:\/\/pl.pinterest.com\/poscielAMY\/","https:\/\/www.youtube.com\/channel\/UC66RGd_7QHa8wV3rbkpjqrQ"]}]},"og_availability":"instock","product_availability":"instock","product_retailer_item_id":"1452","product_condition":"new"},"_links":{"self":[{"href":"https:\/\/amy.com.pl\/zh-hans\/wp-json\/wp\/v2\/product\/25916"}],"collection":[{"href":"https:\/\/amy.com.pl\/zh-hans\/wp-json\/wp\/v2\/product"}],"about":[{"href":"https:\/\/amy.com.pl\/zh-hans\/wp-json\/wp\/v2\/types\/product"}],"wp:featuredmedia":[{"embeddable":true,"href":"https:\/\/amy.com.pl\/zh-hans\/wp-json\/wp\/v2\/media\/25777"}],"wp:attachment":[{"href":"https:\/\/amy.com.pl\/zh-hans\/wp-json\/wp\/v2\/media?parent=25916"}],"wp:term":[{"taxonomy":"product_cat","embeddable":true,"href":"https:\/\/amy.com.pl\/zh-hans\/wp-json\/wp\/v2\/product_cat?post=25916"},{"taxonomy":"product_tag","embeddable":true,"href":"https:\/\/amy.com.pl\/zh-hans\/wp-json\/wp\/v2\/product_tag?post=25916"}],"curies":[{"name":"wp","href":"https:\/\/api.w.org\/{rel}","templated":true}]}}