{"id":25847,"date":"2022-02-06T15:46:35","date_gmt":"2022-02-06T14:46:35","guid":{"rendered":"https:\/\/amy.com.pl\/produkt\/owijak-amy-bamboo-morskie-opowiesci\/"},"modified":"2023-06-26T10:20:50","modified_gmt":"2023-06-26T08:20:50","slug":"owijak-amy-bamboo-morskie-opowiesci","status":"publish","type":"product","link":"https:\/\/amy.com.pl\/zh-hans\/produkt\/owijak-amy-bamboo-morskie-opowiesci\/","title":{"rendered":"Owijak Amy Bamboo Morskie Opowie\u015bci"},"content":{"rendered":"<h1><strong>Owijak bambusowy<\/strong><\/h1>\n<p>Owijak bambusowy z kolekcji Nature Bamboo by Amy to gwarancja spokojnego i bezpiecznego snu Twojego maluszka. Owijak jest lekki, delikatny, mi\u0119ciutki i spe\u0142nia wiele funkcji. Mo\u017cna go wykorzysta\u0107 jako otulacz i zapewni\u0107 dziecku poczucie bezpiecze\u0144stwa, kt\u00f3re pami\u0119ta jeszcze z brzuszka mamy. Mo\u017ce by\u0107 prze\u015bcierad\u0142em lub kocykiem w ciep\u0142e dni. Sprawdzi si\u0119 r\u00f3wnie\u017c jako os\u0142ona przed s\u0142o\u0144cem i owadami lub jako ulubiony przytulak, kt\u00f3ry mo\u017cna dotyka\u0107 r\u0105czkami, buzi\u0105 i kt\u00f3ry u\u0142atwia zasypianie. Bambusowy owijak otula sk\u00f3r\u0119 dziecka, zapewniaj\u0105c optymaln\u0105 temperatur\u0119 cia\u0142a o ka\u017cdej porze roku. Owijak mo\u017ce towarzyszy\u0107 maluszkowi podczas kr\u00f3tkiej drzemki na \u015bwie\u017cym powietrzu, a tak\u017ce podczas d\u0142ugiego snu po wieczornej k\u0105pieli. Bambusowy produkt mo\u017cna wykorzysta\u0107 w dzieci\u0119cym \u0142\u00f3\u017ceczku, na spacerze w w\u00f3zku, podczas podr\u00f3\u017cy w foteliku samochodowym. Ten wielofunkcyjny, naturalny produkt jest niezb\u0119dnym elementem ka\u017cdej wyprawki.<\/p>\n<h2><strong>Kolekcja<\/strong><\/h2>\n<p>Ta niezwyk\u0142a kolekcja z serii Bajkowe Przygody jest inspirowana ma\u0142ymi odkrywcami \u015bwiata, kt\u00f3rymi s\u0105 wszystkie dzieci. Uroczy, kolorowy wz\u00f3r wprowadza do pokoiku dziecka radosny klimat. Od pierwszych dni \u017cycia maluszek b\u0119dzie otoczony naturaln\u0105 tkanin\u0105 ukazuj\u0105c\u0105 bajkowy, kolorowy \u015bwiat.<\/p>\n<h2><strong>Tkanina bambusowa<\/strong><\/h2>\n<p>Wybrali\u015bmy najwy\u017cszej jako\u015bci bambus, kt\u00f3ry ma wa\u017cne w\u0142a\u015bciwo\u015bci:<br \/>\n\u2022 jest delikatny i mi\u0119kki jak jedwab<br \/>\n\u2022 jest hipoalergiczny, idealny dla wra\u017cliwej sk\u00f3ry maluszka<br \/>\n\u2022 jest antybakteryjny i przeciwgrzybiczny<br \/>\n\u2022 neutralizuje nieprzyjemne zapachy<br \/>\n\u2022 doskonale absorbuje wilgo\u0107<br \/>\n\u2022 chroni przed szkodliwymi promieniami UV<\/p>\n<h2><strong>Gratis!<\/strong><\/h2>\n<p>Do naszego owijaka dodajemy GRATIS plecaczek, do kt\u00f3rego dziecko b\u0119dzie mog\u0142o schowa\u0107 buciki do przedszkola, zabawki na wycieczk\u0119 czy zestaw ulubionych grabek i \u0142opatek do piaskownicy lub na pla\u017c\u0119. Plecaczek jest lekki i por\u0119czny, a do tego wykonany ze 100% naturalnej bawe\u0142ny, wi\u0119c nie b\u0119dzie przegrzewa\u0142 plec\u00f3w dziecka nawet w cieplejsze dni.<br \/>\nNasz bambusowy owijak b\u0119dzie Wam towarzyszy\u0107 od pierwszych chwil \u017cycia, a\u017c do wieku przedszkolnego.<br \/>\nProdukt sprawdzi si\u0119 jako wyj\u0105tkowy prezent dla wyj\u0105tkowego Maluszka.<\/p>\n<div style=\"width: 1144px;\" class=\"wp-video\"><!--[if lt IE 9]><script>document.createElement('video');<\/script><![endif]-->\n<video class=\"wp-video-shortcode\" id=\"video-25847-1\" width=\"1144\" height=\"644\" loop=\"1\" preload=\"auto\" controls=\"controls\"><source type=\"video\/mp4\" src=\"https:\/\/amy.com.pl\/wp-content\/uploads\/2021\/09\/Jesien_Spot03_Nature_2_marine-parki-balony.mp4?_=1\" \/><a href=\"https:\/\/amy.com.pl\/wp-content\/uploads\/2021\/09\/Jesien_Spot03_Nature_2_marine-parki-balony.mp4\">https:\/\/amy.com.pl\/wp-content\/uploads\/2021\/09\/Jesien_Spot03_Nature_2_marine-parki-balony.mp4<\/a><\/video><\/div>\n","protected":false},"excerpt":{"rendered":"<p>Owijak bambusowy Owijak bambusowy z kolekcji Nature Bam&#8230;<\/p>\n","protected":false},"featured_media":25756,"template":"","meta":{"_kad_post_transparent":"default","_kad_post_title":"","_kad_post_layout":"default","_kad_post_sidebar_id":"","_kad_post_content_style":"default","_kad_post_vertical_padding":"default","_kad_post_feature":"","_kad_post_feature_position":"","_kad_post_header":false,"_kad_post_footer":false,"_links_to":"","_links_to_target":""},"product_cat":[1115,682,108,107],"product_tag":[],"yoast_head":"<!-- This site is optimized with the Yoast SEO Premium plugin v20.7 (Yoast SEO v20.7) - https:\/\/yoast.com\/wordpress\/plugins\/seo\/ -->\n<title>Owijak bambusowy Amy jest niezb\u0119dnym elementem ka\u017cdej wyprawki.<\/title>\n<meta name=\"description\" content=\"Owijak bambusowy Amy sprawdza si\u0119 wsz\u0119dzie i o ka\u017cdej porze roku. Dlatego uwielbiaj\u0105 go Maluszki i Mamy. W \u0142\u00f3\u017ceczku otula i pomaga Maluszkowi usn\u0105\u0107.\" \/>\n<meta name=\"robots\" content=\"index, follow, max-snippet:-1, max-image-preview:large, max-video-preview:-1\" \/>\n<link rel=\"canonical\" href=\"https:\/\/amy.com.pl\/produkt\/owijak-amy-bamboo-morskie-opowiesci\/\" \/>\n<meta property=\"og:locale\" content=\"zh_CN\" \/>\n<meta property=\"og:type\" content=\"article\" \/>\n<meta property=\"og:title\" content=\"Owijak Amy Bamboo Morskie Opowie\u015bci\" \/>\n<meta property=\"og:description\" content=\"Owijak bambusowy Amy sprawdza si\u0119 wsz\u0119dzie i o ka\u017cdej porze roku. Dlatego uwielbiaj\u0105 go Maluszki i Mamy. W \u0142\u00f3\u017ceczku otula i pomaga Maluszkowi usn\u0105\u0107.\" \/>\n<meta property=\"og:url\" content=\"https:\/\/amy.com.pl\/produkt\/owijak-amy-bamboo-morskie-opowiesci\/\" \/>\n<meta property=\"og:site_name\" content=\"AMY\" \/>\n<meta property=\"article:publisher\" content=\"https:\/\/www.facebook.com\/poscielAMY\" \/>\n<meta property=\"article:modified_time\" content=\"2023-06-26T08:20:50+00:00\" \/>\n<meta property=\"og:image\" content=\"https:\/\/amy.com.pl\/wp-content\/uploads\/2022\/02\/AMY_owijak_70_70_Nature_Bamboo_Morskie_Opowiesci.webp\" \/>\n\t<meta property=\"og:image:width\" content=\"1500\" \/>\n\t<meta property=\"og:image:height\" content=\"1165\" \/>\n\t<meta property=\"og:image:type\" content=\"image\/webp\" \/>\n<meta name=\"twitter:card\" content=\"summary_large_image\" \/>\n<script type=\"application\/ld+json\" class=\"yoast-schema-graph\">{\"@context\":\"https:\/\/schema.org\",\"@graph\":[{\"@type\":\"WebPage\",\"@id\":\"https:\/\/amy.com.pl\/produkt\/owijak-amy-bamboo-morskie-opowiesci\/\",\"url\":\"https:\/\/amy.com.pl\/produkt\/owijak-amy-bamboo-morskie-opowiesci\/\",\"name\":\"Owijak bambusowy Amy jest niezb\u0119dnym elementem ka\u017cdej wyprawki.\",\"isPartOf\":{\"@id\":\"https:\/\/amy.com.pl\/en\/#website\"},\"datePublished\":\"2022-02-06T14:46:35+00:00\",\"dateModified\":\"2023-06-26T08:20:50+00:00\",\"description\":\"Owijak bambusowy Amy sprawdza si\u0119 wsz\u0119dzie i o ka\u017cdej porze roku. Dlatego uwielbiaj\u0105 go Maluszki i Mamy. W \u0142\u00f3\u017ceczku otula i pomaga Maluszkowi usn\u0105\u0107.\",\"breadcrumb\":{\"@id\":\"https:\/\/amy.com.pl\/produkt\/owijak-amy-bamboo-morskie-opowiesci\/#breadcrumb\"},\"inLanguage\":\"zh-CN\",\"potentialAction\":[{\"@type\":\"ReadAction\",\"target\":[\"https:\/\/amy.com.pl\/produkt\/owijak-amy-bamboo-morskie-opowiesci\/\"]}]},{\"@type\":\"BreadcrumbList\",\"@id\":\"https:\/\/amy.com.pl\/produkt\/owijak-amy-bamboo-morskie-opowiesci\/#breadcrumb\",\"itemListElement\":[{\"@type\":\"ListItem\",\"position\":1,\"name\":\"Strona g\u0142\u00f3wna\",\"item\":\"https:\/\/amy.com.pl\/zh-hans\/\"},{\"@type\":\"ListItem\",\"position\":2,\"name\":\"\u4ea7\u54c1\",\"item\":\"https:\/\/amy.com.pl\/zh-hans\/shop-zh\/\"},{\"@type\":\"ListItem\",\"position\":3,\"name\":\"Owijak Amy Bamboo Morskie Opowie\u015bci\"}]},{\"@type\":\"WebSite\",\"@id\":\"https:\/\/amy.com.pl\/en\/#website\",\"url\":\"https:\/\/amy.com.pl\/en\/\",\"name\":\"AMY\",\"description\":\"\u6211\u5011\u7528\u611b\u64c1\u62b1\",\"publisher\":{\"@id\":\"https:\/\/amy.com.pl\/en\/#organization\"},\"potentialAction\":[{\"@type\":\"SearchAction\",\"target\":{\"@type\":\"EntryPoint\",\"urlTemplate\":\"https:\/\/amy.com.pl\/en\/?s={search_term_string}\"},\"query-input\":\"required name=search_term_string\"}],\"inLanguage\":\"zh-CN\"},{\"@type\":\"Organization\",\"@id\":\"https:\/\/amy.com.pl\/en\/#organization\",\"name\":\"Amy Sp. z o.o. Sp.K.\",\"url\":\"https:\/\/amy.com.pl\/en\/\",\"logo\":{\"@type\":\"ImageObject\",\"inLanguage\":\"zh-CN\",\"@id\":\"https:\/\/amy.com.pl\/en\/#\/schema\/logo\/image\/\",\"url\":\"https:\/\/amy.com.pl\/wp-content\/uploads\/2021\/09\/amy_logo.webp\",\"contentUrl\":\"https:\/\/amy.com.pl\/wp-content\/uploads\/2021\/09\/amy_logo.webp\",\"width\":130,\"height\":56,\"caption\":\"Amy Sp. z o.o. Sp.K.\"},\"image\":{\"@id\":\"https:\/\/amy.com.pl\/en\/#\/schema\/logo\/image\/\"},\"sameAs\":[\"https:\/\/www.facebook.com\/poscielAMY\",\"https:\/\/www.instagram.com\/amy_baby_bedding\/\",\"https:\/\/pl.pinterest.com\/poscielAMY\/\",\"https:\/\/www.youtube.com\/channel\/UC66RGd_7QHa8wV3rbkpjqrQ\"]}]}<\/script>\n<meta property=\"og:availability\" content=\"instock\" \/>\n<meta property=\"product:availability\" content=\"instock\" \/>\n<meta property=\"product:retailer_item_id\" content=\"1446\" \/>\n<meta property=\"product:condition\" content=\"new\" \/>\n<!-- \/ Yoast SEO Premium plugin. -->","yoast_head_json":{"title":"Owijak bambusowy Amy jest niezb\u0119dnym elementem ka\u017cdej wyprawki.","description":"Owijak bambusowy Amy sprawdza si\u0119 wsz\u0119dzie i o ka\u017cdej porze roku. Dlatego uwielbiaj\u0105 go Maluszki i Mamy. W \u0142\u00f3\u017ceczku otula i pomaga Maluszkowi usn\u0105\u0107.","robots":{"index":"index","follow":"follow","max-snippet":"max-snippet:-1","max-image-preview":"max-image-preview:large","max-video-preview":"max-video-preview:-1"},"canonical":"https:\/\/amy.com.pl\/produkt\/owijak-amy-bamboo-morskie-opowiesci\/","og_locale":"zh_CN","og_type":"article","og_title":"Owijak Amy Bamboo Morskie Opowie\u015bci","og_description":"Owijak bambusowy Amy sprawdza si\u0119 wsz\u0119dzie i o ka\u017cdej porze roku. Dlatego uwielbiaj\u0105 go Maluszki i Mamy. W \u0142\u00f3\u017ceczku otula i pomaga Maluszkowi usn\u0105\u0107.","og_url":"https:\/\/amy.com.pl\/produkt\/owijak-amy-bamboo-morskie-opowiesci\/","og_site_name":"AMY","article_publisher":"https:\/\/www.facebook.com\/poscielAMY","article_modified_time":"2023-06-26T08:20:50+00:00","og_image":[{"width":1500,"height":1165,"url":"https:\/\/amy.com.pl\/wp-content\/uploads\/2022\/02\/AMY_owijak_70_70_Nature_Bamboo_Morskie_Opowiesci.webp","type":"image\/webp"}],"twitter_card":"summary_large_image","schema":{"@context":"https:\/\/schema.org","@graph":[{"@type":"WebPage","@id":"https:\/\/amy.com.pl\/produkt\/owijak-amy-bamboo-morskie-opowiesci\/","url":"https:\/\/amy.com.pl\/produkt\/owijak-amy-bamboo-morskie-opowiesci\/","name":"Owijak bambusowy Amy jest niezb\u0119dnym elementem ka\u017cdej wyprawki.","isPartOf":{"@id":"https:\/\/amy.com.pl\/en\/#website"},"datePublished":"2022-02-06T14:46:35+00:00","dateModified":"2023-06-26T08:20:50+00:00","description":"Owijak bambusowy Amy sprawdza si\u0119 wsz\u0119dzie i o ka\u017cdej porze roku. Dlatego uwielbiaj\u0105 go Maluszki i Mamy. W \u0142\u00f3\u017ceczku otula i pomaga Maluszkowi usn\u0105\u0107.","breadcrumb":{"@id":"https:\/\/amy.com.pl\/produkt\/owijak-amy-bamboo-morskie-opowiesci\/#breadcrumb"},"inLanguage":"zh-CN","potentialAction":[{"@type":"ReadAction","target":["https:\/\/amy.com.pl\/produkt\/owijak-amy-bamboo-morskie-opowiesci\/"]}]},{"@type":"BreadcrumbList","@id":"https:\/\/amy.com.pl\/produkt\/owijak-amy-bamboo-morskie-opowiesci\/#breadcrumb","itemListElement":[{"@type":"ListItem","position":1,"name":"Strona g\u0142\u00f3wna","item":"https:\/\/amy.com.pl\/zh-hans\/"},{"@type":"ListItem","position":2,"name":"\u4ea7\u54c1","item":"https:\/\/amy.com.pl\/zh-hans\/shop-zh\/"},{"@type":"ListItem","position":3,"name":"Owijak Amy Bamboo Morskie Opowie\u015bci"}]},{"@type":"WebSite","@id":"https:\/\/amy.com.pl\/en\/#website","url":"https:\/\/amy.com.pl\/en\/","name":"AMY","description":"\u6211\u5011\u7528\u611b\u64c1\u62b1","publisher":{"@id":"https:\/\/amy.com.pl\/en\/#organization"},"potentialAction":[{"@type":"SearchAction","target":{"@type":"EntryPoint","urlTemplate":"https:\/\/amy.com.pl\/en\/?s={search_term_string}"},"query-input":"required name=search_term_string"}],"inLanguage":"zh-CN"},{"@type":"Organization","@id":"https:\/\/amy.com.pl\/en\/#organization","name":"Amy Sp. z o.o. Sp.K.","url":"https:\/\/amy.com.pl\/en\/","logo":{"@type":"ImageObject","inLanguage":"zh-CN","@id":"https:\/\/amy.com.pl\/en\/#\/schema\/logo\/image\/","url":"https:\/\/amy.com.pl\/wp-content\/uploads\/2021\/09\/amy_logo.webp","contentUrl":"https:\/\/amy.com.pl\/wp-content\/uploads\/2021\/09\/amy_logo.webp","width":130,"height":56,"caption":"Amy Sp. z o.o. Sp.K."},"image":{"@id":"https:\/\/amy.com.pl\/en\/#\/schema\/logo\/image\/"},"sameAs":["https:\/\/www.facebook.com\/poscielAMY","https:\/\/www.instagram.com\/amy_baby_bedding\/","https:\/\/pl.pinterest.com\/poscielAMY\/","https:\/\/www.youtube.com\/channel\/UC66RGd_7QHa8wV3rbkpjqrQ"]}]},"og_availability":"instock","product_availability":"instock","product_retailer_item_id":"1446","product_condition":"new"},"_links":{"self":[{"href":"https:\/\/amy.com.pl\/zh-hans\/wp-json\/wp\/v2\/product\/25847"}],"collection":[{"href":"https:\/\/amy.com.pl\/zh-hans\/wp-json\/wp\/v2\/product"}],"about":[{"href":"https:\/\/amy.com.pl\/zh-hans\/wp-json\/wp\/v2\/types\/product"}],"wp:featuredmedia":[{"embeddable":true,"href":"https:\/\/amy.com.pl\/zh-hans\/wp-json\/wp\/v2\/media\/25756"}],"wp:attachment":[{"href":"https:\/\/amy.com.pl\/zh-hans\/wp-json\/wp\/v2\/media?parent=25847"}],"wp:term":[{"taxonomy":"product_cat","embeddable":true,"href":"https:\/\/amy.com.pl\/zh-hans\/wp-json\/wp\/v2\/product_cat?post=25847"},{"taxonomy":"product_tag","embeddable":true,"href":"https:\/\/amy.com.pl\/zh-hans\/wp-json\/wp\/v2\/product_tag?post=25847"}],"curies":[{"name":"wp","href":"https:\/\/api.w.org\/{rel}","templated":true}]}}