{"id":25833,"date":"2022-02-06T15:33:20","date_gmt":"2022-02-06T14:33:20","guid":{"rendered":"https:\/\/amy.com.pl\/produkt\/becik-dla-dziecka-amy-bamboo-laka-bezowa\/"},"modified":"2023-06-26T10:17:05","modified_gmt":"2023-06-26T08:17:05","slug":"becik-dla-dziecka-amy-bamboo-laka-bezowa","status":"publish","type":"product","link":"https:\/\/amy.com.pl\/zh-hans\/produkt\/becik-dla-dziecka-amy-bamboo-laka-bezowa\/","title":{"rendered":"Becik dla dziecka Amy Bamboo \u0141\u0105ka Be\u017cowa"},"content":{"rendered":"<h1><strong>Becik dla dziecka bambusowy AMY<\/strong><\/h1>\n<p>&nbsp;<\/p>\n<p><strong>Becik dla dziecka &#8211; bambusowy<\/strong><strong>\u00a0z kolekcji Nature Bamboo by Amy<\/strong> to gwarancja spokojnego i bezpiecznego snu Twojego maluszka. Becik jest delikatny i mi\u0119ciutki, otula sk\u00f3r\u0119 dziecka, zapewniaj\u0105c optymaln\u0105 temperatur\u0119 cia\u0142a o ka\u017cdej porze roku. Wiemy, \u017ce maluszek najlepiej czu\u0142 si\u0119 w brzuszku mamy, dlatego nasz wyj\u0105tkowy becik dla dziecka bambusowy AMY przypomina mu o tym, co najlepsze. Istnieje mo\u017cliwo\u015b\u0107 regulacji stopnia zwi\u0105zania, dzi\u0119ki szarfom, kt\u00f3re mo\u017cna u\u0142o\u017cy\u0107 w pi\u0119kn\u0105 kokard\u0119.<\/p>\n<p>&nbsp;<\/p>\n<h4><strong>Kolekcja<\/strong><\/h4>\n<p>&nbsp;<\/p>\n<p>Istotne jest, \u017ce ta niezwyk\u0142a kolekcja inspirowana otaczaj\u0105c\u0105 nas natur\u0105 powsta\u0142a we wsp\u00f3\u0142pracy z polsk\u0105 ilustratork\u0105 i projektantk\u0105 Ag\u0105 Kobyli\u0144sk\u0105. R\u0119cznie malowane wzory wprowadz\u0105 do pokoiku dziecka wyj\u0105tkowy klimat. Od pierwszych dni \u017cycia maluszek b\u0119dzie otoczony naturaln\u0105 tkanin\u0105 ukazuj\u0105c\u0105 cudown\u0105, polsk\u0105 przyrod\u0119.<\/p>\n<p>&nbsp;<\/p>\n<h4><strong>Tkanina bambusowa<\/strong><\/h4>\n<p>&nbsp;<\/p>\n<p>Wybrali\u015bmy najwy\u017cszej jako\u015bci bambus, kt\u00f3ry ma wa\u017cne w\u0142a\u015bciwo\u015bci:<\/p>\n<ul>\n<li>przede wszystkim jest delikatny i mi\u0119kki jak jedwab<\/li>\n<li>jest hipoalergiczny, idealny dla wra\u017cliwej sk\u00f3ry Maluszka<\/li>\n<li>jest antybakteryjny i przeciwgrzybiczny<\/li>\n<li>neutralizuje nieprzyjemne zapachy<\/li>\n<li>doskonale absorbuje wilgo\u0107<\/li>\n<li>chroni przed szkodliwymi promieniami UV<\/li>\n<\/ul>\n<h4><\/h4>\n<h4><\/h4>\n<h4><strong>Wype\u0142nienie BabySoft<\/strong><\/h4>\n<p>&nbsp;<\/p>\n<p>Wype\u0142nienie\u00a0 to ocieplina silikonowana BabySoft, czyli gwarancja odpowiedniej grubo\u015bci i mi\u0119kko\u015bci,\u00a0 w rezultacie daj\u0105ca pewno\u015b\u0107, \u017ce dziecko nie zmarznie i si\u0119 nie przegrzeje. Odpowiednio dobrali\u015bmy struktur\u0119 w\u0142\u00f3kien, poniewa\u017c jest ona idealna dla wra\u017cliwej sk\u00f3ry Maluszka.<\/p>\n<p>&nbsp;<\/p>\n<h4><strong>Gratis!<\/strong><\/h4>\n<p>&nbsp;<\/p>\n<p>Kupuj\u0105c becik dla dziecka bambusowy marki AMY otrzymasz GRATIS plecaczek, kt\u00f3ry jest bardzo praktyczny, poniewa\u017c dziecko b\u0119dzie mog\u0142o schowa\u0107 buciki do przedszkola, zabawki na wycieczk\u0119 czy zestaw ulubionych grabek i \u0142opatek do piaskownicy lub na pla\u017c\u0119. Plecaczek jest lekki i por\u0119czny, a do tego uszyli\u015bmy go ze 100% naturalnej bawe\u0142ny, wi\u0119c nie b\u0119dzie przegrzewa\u0142 plec\u00f3w dziecka nawet w cieplejsze dni.<\/p>\n<p>Kupuj\u0105c ten produkt otrzymasz: becik ro\u017cek niemowl\u0119cy 70&#215;70 cm z kolekcji Nature Bamboo by Amy. Produkt wykonano z najwy\u017cszej jako\u015bci tkaniny CV bambus 100%. Wype\u0142nienie to ocieplina silikonowana BabySoft \u2013 poliester 100%.<\/p>\n<p>&nbsp;<\/p>\n<div style=\"width: 1144px;\" class=\"wp-video\"><!--[if lt IE 9]><script>document.createElement('video');<\/script><![endif]-->\n<video class=\"wp-video-shortcode\" id=\"video-25833-1\" width=\"1144\" height=\"644\" loop=\"1\" preload=\"auto\" controls=\"controls\"><source type=\"video\/mp4\" src=\"https:\/\/amy.com.pl\/wp-content\/uploads\/2021\/09\/Jesien_Spot01_Nature_2_laka-bez-szara.mp4?_=1\" \/><a href=\"https:\/\/amy.com.pl\/wp-content\/uploads\/2021\/09\/Jesien_Spot01_Nature_2_laka-bez-szara.mp4\">https:\/\/amy.com.pl\/wp-content\/uploads\/2021\/09\/Jesien_Spot01_Nature_2_laka-bez-szara.mp4<\/a><\/video><\/div>\n","protected":false},"excerpt":{"rendered":"<p><strong>Becik niemowl\u0119cy bambusowy marki AMY<\/strong> zosta\u0142 uszyty z najwy\u017cszej jako\u015bci tkaniny bambusowej, kt\u00f3ra jest delikatna i przyjazna dla sk\u00f3ry niemowlaka.<\/p>\n","protected":false},"featured_media":28463,"template":"","meta":{"_kad_post_transparent":"default","_kad_post_title":"","_kad_post_layout":"default","_kad_post_sidebar_id":"","_kad_post_content_style":"default","_kad_post_vertical_padding":"default","_kad_post_feature":"","_kad_post_feature_position":"","_kad_post_header":false,"_kad_post_footer":false,"_links_to":"","_links_to_target":""},"product_cat":[59,108,107],"product_tag":[],"yoast_head":"<!-- This site is optimized with the Yoast SEO Premium plugin v20.7 (Yoast SEO v20.7) - https:\/\/yoast.com\/wordpress\/plugins\/seo\/ -->\n<title>Becik dla dziecka bambusowy - AMY<\/title>\n<meta name=\"description\" content=\"Becik dla dziecka bambusowy marki AMY zosta\u0142 uszyty z najwy\u017cszej jako\u015bci tkaniny bambusowej, kt\u00f3ra jest delikatna i przyjazna dla sk\u00f3ry niemowlaka.\" \/>\n<meta name=\"robots\" content=\"index, follow, max-snippet:-1, max-image-preview:large, max-video-preview:-1\" \/>\n<link rel=\"canonical\" href=\"https:\/\/amy.com.pl\/produkt\/becik-dla-dziecka-amy-bamboo-laka-bezowa\/\" \/>\n<meta property=\"og:locale\" content=\"zh_CN\" \/>\n<meta property=\"og:type\" content=\"article\" \/>\n<meta property=\"og:title\" content=\"Becik dla dziecka Amy Bamboo \u0141\u0105ka Be\u017cowa\" \/>\n<meta property=\"og:description\" content=\"Becik dla dziecka bambusowy marki AMY zosta\u0142 uszyty z najwy\u017cszej jako\u015bci tkaniny bambusowej, kt\u00f3ra jest delikatna i przyjazna dla sk\u00f3ry niemowlaka.\" \/>\n<meta property=\"og:url\" content=\"https:\/\/amy.com.pl\/produkt\/becik-dla-dziecka-amy-bamboo-laka-bezowa\/\" \/>\n<meta property=\"og:site_name\" content=\"AMY\" \/>\n<meta property=\"article:publisher\" content=\"https:\/\/www.facebook.com\/poscielAMY\" \/>\n<meta property=\"article:modified_time\" content=\"2023-06-26T08:17:05+00:00\" \/>\n<meta property=\"og:image\" content=\"https:\/\/amy.com.pl\/wp-content\/uploads\/2022\/06\/AMY_bec_NATURE_BAMBOO_Laka_Bezowa.webp\" \/>\n\t<meta property=\"og:image:width\" content=\"1500\" \/>\n\t<meta property=\"og:image:height\" content=\"1992\" \/>\n\t<meta property=\"og:image:type\" content=\"image\/webp\" \/>\n<meta name=\"twitter:card\" content=\"summary_large_image\" \/>\n<script type=\"application\/ld+json\" class=\"yoast-schema-graph\">{\"@context\":\"https:\/\/schema.org\",\"@graph\":[{\"@type\":\"WebPage\",\"@id\":\"https:\/\/amy.com.pl\/produkt\/becik-dla-dziecka-amy-bamboo-laka-bezowa\/\",\"url\":\"https:\/\/amy.com.pl\/produkt\/becik-dla-dziecka-amy-bamboo-laka-bezowa\/\",\"name\":\"Becik dla dziecka bambusowy - AMY\",\"isPartOf\":{\"@id\":\"https:\/\/amy.com.pl\/en\/#website\"},\"datePublished\":\"2022-02-06T14:33:20+00:00\",\"dateModified\":\"2023-06-26T08:17:05+00:00\",\"description\":\"Becik dla dziecka bambusowy marki AMY zosta\u0142 uszyty z najwy\u017cszej jako\u015bci tkaniny bambusowej, kt\u00f3ra jest delikatna i przyjazna dla sk\u00f3ry niemowlaka.\",\"breadcrumb\":{\"@id\":\"https:\/\/amy.com.pl\/produkt\/becik-dla-dziecka-amy-bamboo-laka-bezowa\/#breadcrumb\"},\"inLanguage\":\"zh-CN\",\"potentialAction\":[{\"@type\":\"ReadAction\",\"target\":[\"https:\/\/amy.com.pl\/produkt\/becik-dla-dziecka-amy-bamboo-laka-bezowa\/\"]}]},{\"@type\":\"BreadcrumbList\",\"@id\":\"https:\/\/amy.com.pl\/produkt\/becik-dla-dziecka-amy-bamboo-laka-bezowa\/#breadcrumb\",\"itemListElement\":[{\"@type\":\"ListItem\",\"position\":1,\"name\":\"Strona g\u0142\u00f3wna\",\"item\":\"https:\/\/amy.com.pl\/zh-hans\/\"},{\"@type\":\"ListItem\",\"position\":2,\"name\":\"\u4ea7\u54c1\",\"item\":\"https:\/\/amy.com.pl\/zh-hans\/shop-zh\/\"},{\"@type\":\"ListItem\",\"position\":3,\"name\":\"Becik dla dziecka Amy Bamboo \u0141\u0105ka Be\u017cowa\"}]},{\"@type\":\"WebSite\",\"@id\":\"https:\/\/amy.com.pl\/en\/#website\",\"url\":\"https:\/\/amy.com.pl\/en\/\",\"name\":\"AMY\",\"description\":\"\u6211\u5011\u7528\u611b\u64c1\u62b1\",\"publisher\":{\"@id\":\"https:\/\/amy.com.pl\/en\/#organization\"},\"potentialAction\":[{\"@type\":\"SearchAction\",\"target\":{\"@type\":\"EntryPoint\",\"urlTemplate\":\"https:\/\/amy.com.pl\/en\/?s={search_term_string}\"},\"query-input\":\"required name=search_term_string\"}],\"inLanguage\":\"zh-CN\"},{\"@type\":\"Organization\",\"@id\":\"https:\/\/amy.com.pl\/en\/#organization\",\"name\":\"Amy Sp. z o.o. Sp.K.\",\"url\":\"https:\/\/amy.com.pl\/en\/\",\"logo\":{\"@type\":\"ImageObject\",\"inLanguage\":\"zh-CN\",\"@id\":\"https:\/\/amy.com.pl\/en\/#\/schema\/logo\/image\/\",\"url\":\"https:\/\/amy.com.pl\/wp-content\/uploads\/2021\/09\/amy_logo.webp\",\"contentUrl\":\"https:\/\/amy.com.pl\/wp-content\/uploads\/2021\/09\/amy_logo.webp\",\"width\":130,\"height\":56,\"caption\":\"Amy Sp. z o.o. Sp.K.\"},\"image\":{\"@id\":\"https:\/\/amy.com.pl\/en\/#\/schema\/logo\/image\/\"},\"sameAs\":[\"https:\/\/www.facebook.com\/poscielAMY\",\"https:\/\/www.instagram.com\/amy_baby_bedding\/\",\"https:\/\/pl.pinterest.com\/poscielAMY\/\",\"https:\/\/www.youtube.com\/channel\/UC66RGd_7QHa8wV3rbkpjqrQ\"]}]}<\/script>\n<meta property=\"product:price:amount\" content=\"185.00\" \/>\n<meta property=\"product:price:currency\" content=\"PLN\" \/>\n<meta property=\"og:availability\" content=\"instock\" \/>\n<meta property=\"product:availability\" content=\"instock\" \/>\n<meta property=\"product:retailer_item_id\" content=\"82422\" \/>\n<meta property=\"product:condition\" content=\"new\" \/>\n<!-- \/ Yoast SEO Premium plugin. -->","yoast_head_json":{"title":"Becik dla dziecka bambusowy - AMY","description":"Becik dla dziecka bambusowy marki AMY zosta\u0142 uszyty z najwy\u017cszej jako\u015bci tkaniny bambusowej, kt\u00f3ra jest delikatna i przyjazna dla sk\u00f3ry niemowlaka.","robots":{"index":"index","follow":"follow","max-snippet":"max-snippet:-1","max-image-preview":"max-image-preview:large","max-video-preview":"max-video-preview:-1"},"canonical":"https:\/\/amy.com.pl\/produkt\/becik-dla-dziecka-amy-bamboo-laka-bezowa\/","og_locale":"zh_CN","og_type":"article","og_title":"Becik dla dziecka Amy Bamboo \u0141\u0105ka Be\u017cowa","og_description":"Becik dla dziecka bambusowy marki AMY zosta\u0142 uszyty z najwy\u017cszej jako\u015bci tkaniny bambusowej, kt\u00f3ra jest delikatna i przyjazna dla sk\u00f3ry niemowlaka.","og_url":"https:\/\/amy.com.pl\/produkt\/becik-dla-dziecka-amy-bamboo-laka-bezowa\/","og_site_name":"AMY","article_publisher":"https:\/\/www.facebook.com\/poscielAMY","article_modified_time":"2023-06-26T08:17:05+00:00","og_image":[{"width":1500,"height":1992,"url":"https:\/\/amy.com.pl\/wp-content\/uploads\/2022\/06\/AMY_bec_NATURE_BAMBOO_Laka_Bezowa.webp","type":"image\/webp"}],"twitter_card":"summary_large_image","schema":{"@context":"https:\/\/schema.org","@graph":[{"@type":"WebPage","@id":"https:\/\/amy.com.pl\/produkt\/becik-dla-dziecka-amy-bamboo-laka-bezowa\/","url":"https:\/\/amy.com.pl\/produkt\/becik-dla-dziecka-amy-bamboo-laka-bezowa\/","name":"Becik dla dziecka bambusowy - AMY","isPartOf":{"@id":"https:\/\/amy.com.pl\/en\/#website"},"datePublished":"2022-02-06T14:33:20+00:00","dateModified":"2023-06-26T08:17:05+00:00","description":"Becik dla dziecka bambusowy marki AMY zosta\u0142 uszyty z najwy\u017cszej jako\u015bci tkaniny bambusowej, kt\u00f3ra jest delikatna i przyjazna dla sk\u00f3ry niemowlaka.","breadcrumb":{"@id":"https:\/\/amy.com.pl\/produkt\/becik-dla-dziecka-amy-bamboo-laka-bezowa\/#breadcrumb"},"inLanguage":"zh-CN","potentialAction":[{"@type":"ReadAction","target":["https:\/\/amy.com.pl\/produkt\/becik-dla-dziecka-amy-bamboo-laka-bezowa\/"]}]},{"@type":"BreadcrumbList","@id":"https:\/\/amy.com.pl\/produkt\/becik-dla-dziecka-amy-bamboo-laka-bezowa\/#breadcrumb","itemListElement":[{"@type":"ListItem","position":1,"name":"Strona g\u0142\u00f3wna","item":"https:\/\/amy.com.pl\/zh-hans\/"},{"@type":"ListItem","position":2,"name":"\u4ea7\u54c1","item":"https:\/\/amy.com.pl\/zh-hans\/shop-zh\/"},{"@type":"ListItem","position":3,"name":"Becik dla dziecka Amy Bamboo \u0141\u0105ka Be\u017cowa"}]},{"@type":"WebSite","@id":"https:\/\/amy.com.pl\/en\/#website","url":"https:\/\/amy.com.pl\/en\/","name":"AMY","description":"\u6211\u5011\u7528\u611b\u64c1\u62b1","publisher":{"@id":"https:\/\/amy.com.pl\/en\/#organization"},"potentialAction":[{"@type":"SearchAction","target":{"@type":"EntryPoint","urlTemplate":"https:\/\/amy.com.pl\/en\/?s={search_term_string}"},"query-input":"required name=search_term_string"}],"inLanguage":"zh-CN"},{"@type":"Organization","@id":"https:\/\/amy.com.pl\/en\/#organization","name":"Amy Sp. z o.o. Sp.K.","url":"https:\/\/amy.com.pl\/en\/","logo":{"@type":"ImageObject","inLanguage":"zh-CN","@id":"https:\/\/amy.com.pl\/en\/#\/schema\/logo\/image\/","url":"https:\/\/amy.com.pl\/wp-content\/uploads\/2021\/09\/amy_logo.webp","contentUrl":"https:\/\/amy.com.pl\/wp-content\/uploads\/2021\/09\/amy_logo.webp","width":130,"height":56,"caption":"Amy Sp. z o.o. Sp.K."},"image":{"@id":"https:\/\/amy.com.pl\/en\/#\/schema\/logo\/image\/"},"sameAs":["https:\/\/www.facebook.com\/poscielAMY","https:\/\/www.instagram.com\/amy_baby_bedding\/","https:\/\/pl.pinterest.com\/poscielAMY\/","https:\/\/www.youtube.com\/channel\/UC66RGd_7QHa8wV3rbkpjqrQ"]}]},"product_price_amount":"185.00","product_price_currency":"PLN","og_availability":"instock","product_availability":"instock","product_retailer_item_id":"82422","product_condition":"new"},"_links":{"self":[{"href":"https:\/\/amy.com.pl\/zh-hans\/wp-json\/wp\/v2\/product\/25833"}],"collection":[{"href":"https:\/\/amy.com.pl\/zh-hans\/wp-json\/wp\/v2\/product"}],"about":[{"href":"https:\/\/amy.com.pl\/zh-hans\/wp-json\/wp\/v2\/types\/product"}],"wp:featuredmedia":[{"embeddable":true,"href":"https:\/\/amy.com.pl\/zh-hans\/wp-json\/wp\/v2\/media\/28463"}],"wp:attachment":[{"href":"https:\/\/amy.com.pl\/zh-hans\/wp-json\/wp\/v2\/media?parent=25833"}],"wp:term":[{"taxonomy":"product_cat","embeddable":true,"href":"https:\/\/amy.com.pl\/zh-hans\/wp-json\/wp\/v2\/product_cat?post=25833"},{"taxonomy":"product_tag","embeddable":true,"href":"https:\/\/amy.com.pl\/zh-hans\/wp-json\/wp\/v2\/product_tag?post=25833"}],"curies":[{"name":"wp","href":"https:\/\/api.w.org\/{rel}","templated":true}]}}