{"id":25515,"date":"2022-02-03T17:13:51","date_gmt":"2022-02-03T16:13:51","guid":{"rendered":"https:\/\/amy.com.pl\/produkt\/poduszka-do-karmienia-110cm-amy-bamboo-podniebne-przygody\/"},"modified":"2023-06-26T10:43:11","modified_gmt":"2023-06-26T08:43:11","slug":"poduszka-do-karmienia-110cm-amy-bamboo-podniebne-przygody","status":"publish","type":"product","link":"https:\/\/amy.com.pl\/zh-hans\/produkt\/poduszka-do-karmienia-110cm-amy-bamboo-podniebne-przygody\/","title":{"rendered":"Poduszka do karmienia 110cm Amy Bamboo Podniebne Przygody"},"content":{"rendered":"<h1><strong>Bambusowa poduszka do karmienia<\/strong><\/h1>\n<p>Bambusowa poduszka do karmienia Amy towarzyszy mamom, kiedy Maluszek jest jeszcze w brzuszku. Dzi\u0119ki niej mo\u017cna przyj\u0105\u0107 wygodn\u0105 pozycj\u0119 podczas le\u017cenia i siedzenia, podpieraj\u0105c nogi lub brzuszek. Kiedy Maluszek pojawi si\u0119 na \u015bwiecie poduszka jest niezast\u0105pionym kompanem podczas karmienia piersi\u0105 i butelk\u0105. Jest du\u017ca, mi\u0119ciutka, zapewnia stabilne podparcie. Dzi\u0119ki temu gwarantuje Maluszkowi wygod\u0119 i bezpiecze\u0144stwo, a mamie spok\u00f3j i komfort. Nasza poduszka do karmienia idealnie sprawdza si\u0119 r\u00f3wnie\u017c podczas le\u017cakowania na brzuszku, jako podparcie w trakcie nauki siadania i podczas zabaw.<\/p>\n<h2><strong>Kolekcja<\/strong><\/h2>\n<p>Ta niezwyk\u0142a kolekcja z serii Bajkowe Przygody jest inspirowana ma\u0142ymi odkrywcami \u015bwiata, kt\u00f3rymi s\u0105 wszystkie dzieci. Uroczy, kolorowy wz\u00f3r wprowadza do pokoiku dziecka radosny klimat. Od pierwszych dni \u017cycia maluszek b\u0119dzie otoczony naturaln\u0105 tkanin\u0105 ukazuj\u0105c\u0105 bajkowy, kolorowy \u015bwiat.<\/p>\n<h2><strong>Tkanina bambusowa<\/strong><\/h2>\n<p>Wybrali\u015bmy najwy\u017cszej jako\u015bci bambus, kt\u00f3ry ma wa\u017cne w\u0142a\u015bciwo\u015bci:<br \/>\n\u2022\tjest delikatny i mi\u0119kki jak jedwab<br \/>\n\u2022\tjest hipoalergiczny, idealny dla wra\u017cliwej sk\u00f3ry maluszka<br \/>\n\u2022\tjest antybakteryjny i przeciwgrzybiczny<br \/>\n\u2022\tneutralizuje nieprzyjemne zapachy<br \/>\n\u2022\tdoskonale absorbuje wilgo\u0107<br \/>\n\u2022\tchroni przed szkodliwymi promieniami UV <\/p>\n<h2><strong>Wype\u0142nienie BabySoft<\/strong><\/h2>\n<p>Wype\u0142nienie poduszki to ocieplina silikonowana BabySoft, czyli gwarancja odpowiedniej grubo\u015bci i mi\u0119kko\u015bci, daj\u0105ca pewno\u015b\u0107, \u017ce dziecko nie zmarznie i si\u0119 nie przegrzeje. Odpowiednio dobrana struktura w\u0142\u00f3kien sprawia, \u017ce jest idealna dla wra\u017cliwej sk\u00f3ry maluszka.<\/p>\n<h2><strong>Gratis!<\/strong><\/h2>\n<p>Do naszej poduszki dodajemy GRATIS haftowan\u0105 torb\u0119 wielokrotnego u\u017cytku, wykonan\u0105 z bawe\u0142ny 100%. Mo\u017cna j\u0105 zabra\u0107 na zakupy, na pla\u017c\u0119 lub na spacer po parku. Jest ciekawym gad\u017cetem, kt\u00f3ry pasuje do r\u00f3\u017cnych stylizacji.<br \/>\nNasza bambusowa poduszka do karmienia b\u0119dzie Wam towarzyszy\u0107 od pierwszych chwil \u017cycia, a\u017c do wieku przedszkolnego.<br \/>\nProdukt sprawdzi si\u0119 jako wyj\u0105tkowy prezent dla wyj\u0105tkowego Maluszka.<\/p>\n<p>Kupuj\u0105c ten produkt otrzymasz w zestawie: poduszk\u0119 do karmienia o d\u0142ugo\u015bci 110cm w obwodzie. Poszewki wykonano z najwy\u017cszej jako\u015bci tkanin 100% bambusowych. Wype\u0142nienie to 100% antyalergiczny poliester BabySoft\u00ae.<div style=\"width: 1144px;\" class=\"wp-video\"><!--[if lt IE 9]><script>document.createElement('video');<\/script><![endif]-->\n<video class=\"wp-video-shortcode\" id=\"video-25515-1\" width=\"1144\" height=\"644\" loop=\"1\" preload=\"auto\" controls=\"controls\"><source type=\"video\/mp4\" src=\"https:\/\/amy.com.pl\/wp-content\/uploads\/2021\/09\/Jesien_Spot03_Nature_2_marine-parki-balony.mp4?_=1\" \/><a href=\"https:\/\/amy.com.pl\/wp-content\/uploads\/2021\/09\/Jesien_Spot03_Nature_2_marine-parki-balony.mp4\">https:\/\/amy.com.pl\/wp-content\/uploads\/2021\/09\/Jesien_Spot03_Nature_2_marine-parki-balony.mp4<\/a><\/video><\/div><\/p>\n","protected":false},"excerpt":{"rendered":"<p>Bambusowa poduszka do karmienia Bambusowa poduszka do k&#8230;<\/p>\n","protected":false},"featured_media":24996,"template":"","meta":{"_kad_post_transparent":"","_kad_post_title":"","_kad_post_layout":"","_kad_post_sidebar_id":"","_kad_post_content_style":"","_kad_post_vertical_padding":"","_kad_post_feature":"","_kad_post_feature_position":"","_kad_post_header":false,"_kad_post_footer":false,"_links_to":"","_links_to_target":""},"product_cat":[108,107,676],"product_tag":[],"yoast_head":"<!-- This site is optimized with the Yoast SEO Premium plugin v20.7 (Yoast SEO v20.7) - https:\/\/yoast.com\/wordpress\/plugins\/seo\/ -->\n<title>Poduszka do karmienia Amy to wyj\u0105tkowy komfort dla mamy i Maluszka<\/title>\n<meta name=\"description\" content=\"Poduszka do karmienia Amy towarzyszy Wam w wyj\u0105tkowych chwilach blisko\u015bci \u2013 podczas karmienia. Poduszka jest du\u017ca, mi\u0119ciutka i zapewnia stabilne podparcie.\" \/>\n<meta name=\"robots\" content=\"index, follow, max-snippet:-1, max-image-preview:large, max-video-preview:-1\" \/>\n<link rel=\"canonical\" href=\"https:\/\/amy.com.pl\/produkt\/poduszka-do-karmienia-110cm-amy-bamboo-podniebne-przygody\/\" \/>\n<meta property=\"og:locale\" content=\"zh_CN\" \/>\n<meta property=\"og:type\" content=\"article\" \/>\n<meta property=\"og:title\" content=\"Poduszka do karmienia 110cm Amy Bamboo Podniebne Przygody\" \/>\n<meta property=\"og:description\" content=\"Poduszka do karmienia Amy towarzyszy Wam w wyj\u0105tkowych chwilach blisko\u015bci \u2013 podczas karmienia. Poduszka jest du\u017ca, mi\u0119ciutka i zapewnia stabilne podparcie.\" \/>\n<meta property=\"og:url\" content=\"https:\/\/amy.com.pl\/produkt\/poduszka-do-karmienia-110cm-amy-bamboo-podniebne-przygody\/\" \/>\n<meta property=\"og:site_name\" content=\"AMY\" \/>\n<meta property=\"article:publisher\" content=\"https:\/\/www.facebook.com\/poscielAMY\" \/>\n<meta property=\"article:modified_time\" content=\"2023-06-26T08:43:11+00:00\" \/>\n<meta property=\"og:image\" content=\"https:\/\/amy.com.pl\/wp-content\/uploads\/2022\/01\/AMY_pod_kar_110_Nature_Bamboo_Podniebne_Przygody.webp\" \/>\n\t<meta property=\"og:image:width\" content=\"1500\" \/>\n\t<meta property=\"og:image:height\" content=\"1366\" \/>\n\t<meta property=\"og:image:type\" content=\"image\/webp\" \/>\n<meta name=\"twitter:card\" content=\"summary_large_image\" \/>\n<script type=\"application\/ld+json\" class=\"yoast-schema-graph\">{\"@context\":\"https:\/\/schema.org\",\"@graph\":[{\"@type\":\"WebPage\",\"@id\":\"https:\/\/amy.com.pl\/produkt\/poduszka-do-karmienia-110cm-amy-bamboo-podniebne-przygody\/\",\"url\":\"https:\/\/amy.com.pl\/produkt\/poduszka-do-karmienia-110cm-amy-bamboo-podniebne-przygody\/\",\"name\":\"Poduszka do karmienia Amy to wyj\u0105tkowy komfort dla mamy i Maluszka\",\"isPartOf\":{\"@id\":\"https:\/\/amy.com.pl\/en\/#website\"},\"datePublished\":\"2022-02-03T16:13:51+00:00\",\"dateModified\":\"2023-06-26T08:43:11+00:00\",\"description\":\"Poduszka do karmienia Amy towarzyszy Wam w wyj\u0105tkowych chwilach blisko\u015bci \u2013 podczas karmienia. Poduszka jest du\u017ca, mi\u0119ciutka i zapewnia stabilne podparcie.\",\"breadcrumb\":{\"@id\":\"https:\/\/amy.com.pl\/produkt\/poduszka-do-karmienia-110cm-amy-bamboo-podniebne-przygody\/#breadcrumb\"},\"inLanguage\":\"zh-CN\",\"potentialAction\":[{\"@type\":\"ReadAction\",\"target\":[\"https:\/\/amy.com.pl\/produkt\/poduszka-do-karmienia-110cm-amy-bamboo-podniebne-przygody\/\"]}]},{\"@type\":\"BreadcrumbList\",\"@id\":\"https:\/\/amy.com.pl\/produkt\/poduszka-do-karmienia-110cm-amy-bamboo-podniebne-przygody\/#breadcrumb\",\"itemListElement\":[{\"@type\":\"ListItem\",\"position\":1,\"name\":\"Strona g\u0142\u00f3wna\",\"item\":\"https:\/\/amy.com.pl\/zh-hans\/\"},{\"@type\":\"ListItem\",\"position\":2,\"name\":\"\u4ea7\u54c1\",\"item\":\"https:\/\/amy.com.pl\/zh-hans\/shop-zh\/\"},{\"@type\":\"ListItem\",\"position\":3,\"name\":\"Poduszka do karmienia 110cm Amy Bamboo Podniebne Przygody\"}]},{\"@type\":\"WebSite\",\"@id\":\"https:\/\/amy.com.pl\/en\/#website\",\"url\":\"https:\/\/amy.com.pl\/en\/\",\"name\":\"AMY\",\"description\":\"\u6211\u5011\u7528\u611b\u64c1\u62b1\",\"publisher\":{\"@id\":\"https:\/\/amy.com.pl\/en\/#organization\"},\"potentialAction\":[{\"@type\":\"SearchAction\",\"target\":{\"@type\":\"EntryPoint\",\"urlTemplate\":\"https:\/\/amy.com.pl\/en\/?s={search_term_string}\"},\"query-input\":\"required name=search_term_string\"}],\"inLanguage\":\"zh-CN\"},{\"@type\":\"Organization\",\"@id\":\"https:\/\/amy.com.pl\/en\/#organization\",\"name\":\"Amy Sp. z o.o. Sp.K.\",\"url\":\"https:\/\/amy.com.pl\/en\/\",\"logo\":{\"@type\":\"ImageObject\",\"inLanguage\":\"zh-CN\",\"@id\":\"https:\/\/amy.com.pl\/en\/#\/schema\/logo\/image\/\",\"url\":\"https:\/\/amy.com.pl\/wp-content\/uploads\/2021\/09\/amy_logo.webp\",\"contentUrl\":\"https:\/\/amy.com.pl\/wp-content\/uploads\/2021\/09\/amy_logo.webp\",\"width\":130,\"height\":56,\"caption\":\"Amy Sp. z o.o. Sp.K.\"},\"image\":{\"@id\":\"https:\/\/amy.com.pl\/en\/#\/schema\/logo\/image\/\"},\"sameAs\":[\"https:\/\/www.facebook.com\/poscielAMY\",\"https:\/\/www.instagram.com\/amy_baby_bedding\/\",\"https:\/\/pl.pinterest.com\/poscielAMY\/\",\"https:\/\/www.youtube.com\/channel\/UC66RGd_7QHa8wV3rbkpjqrQ\"]}]}<\/script>\n<meta property=\"product:price:amount\" content=\"134.00\" \/>\n<meta property=\"product:price:currency\" content=\"PLN\" \/>\n<meta property=\"og:availability\" content=\"instock\" \/>\n<meta property=\"product:availability\" content=\"instock\" \/>\n<meta property=\"product:retailer_item_id\" content=\"82579\" \/>\n<meta property=\"product:condition\" content=\"new\" \/>\n<!-- \/ Yoast SEO Premium plugin. -->","yoast_head_json":{"title":"Poduszka do karmienia Amy to wyj\u0105tkowy komfort dla mamy i Maluszka","description":"Poduszka do karmienia Amy towarzyszy Wam w wyj\u0105tkowych chwilach blisko\u015bci \u2013 podczas karmienia. Poduszka jest du\u017ca, mi\u0119ciutka i zapewnia stabilne podparcie.","robots":{"index":"index","follow":"follow","max-snippet":"max-snippet:-1","max-image-preview":"max-image-preview:large","max-video-preview":"max-video-preview:-1"},"canonical":"https:\/\/amy.com.pl\/produkt\/poduszka-do-karmienia-110cm-amy-bamboo-podniebne-przygody\/","og_locale":"zh_CN","og_type":"article","og_title":"Poduszka do karmienia 110cm Amy Bamboo Podniebne Przygody","og_description":"Poduszka do karmienia Amy towarzyszy Wam w wyj\u0105tkowych chwilach blisko\u015bci \u2013 podczas karmienia. Poduszka jest du\u017ca, mi\u0119ciutka i zapewnia stabilne podparcie.","og_url":"https:\/\/amy.com.pl\/produkt\/poduszka-do-karmienia-110cm-amy-bamboo-podniebne-przygody\/","og_site_name":"AMY","article_publisher":"https:\/\/www.facebook.com\/poscielAMY","article_modified_time":"2023-06-26T08:43:11+00:00","og_image":[{"width":1500,"height":1366,"url":"https:\/\/amy.com.pl\/wp-content\/uploads\/2022\/01\/AMY_pod_kar_110_Nature_Bamboo_Podniebne_Przygody.webp","type":"image\/webp"}],"twitter_card":"summary_large_image","schema":{"@context":"https:\/\/schema.org","@graph":[{"@type":"WebPage","@id":"https:\/\/amy.com.pl\/produkt\/poduszka-do-karmienia-110cm-amy-bamboo-podniebne-przygody\/","url":"https:\/\/amy.com.pl\/produkt\/poduszka-do-karmienia-110cm-amy-bamboo-podniebne-przygody\/","name":"Poduszka do karmienia Amy to wyj\u0105tkowy komfort dla mamy i Maluszka","isPartOf":{"@id":"https:\/\/amy.com.pl\/en\/#website"},"datePublished":"2022-02-03T16:13:51+00:00","dateModified":"2023-06-26T08:43:11+00:00","description":"Poduszka do karmienia Amy towarzyszy Wam w wyj\u0105tkowych chwilach blisko\u015bci \u2013 podczas karmienia. Poduszka jest du\u017ca, mi\u0119ciutka i zapewnia stabilne podparcie.","breadcrumb":{"@id":"https:\/\/amy.com.pl\/produkt\/poduszka-do-karmienia-110cm-amy-bamboo-podniebne-przygody\/#breadcrumb"},"inLanguage":"zh-CN","potentialAction":[{"@type":"ReadAction","target":["https:\/\/amy.com.pl\/produkt\/poduszka-do-karmienia-110cm-amy-bamboo-podniebne-przygody\/"]}]},{"@type":"BreadcrumbList","@id":"https:\/\/amy.com.pl\/produkt\/poduszka-do-karmienia-110cm-amy-bamboo-podniebne-przygody\/#breadcrumb","itemListElement":[{"@type":"ListItem","position":1,"name":"Strona g\u0142\u00f3wna","item":"https:\/\/amy.com.pl\/zh-hans\/"},{"@type":"ListItem","position":2,"name":"\u4ea7\u54c1","item":"https:\/\/amy.com.pl\/zh-hans\/shop-zh\/"},{"@type":"ListItem","position":3,"name":"Poduszka do karmienia 110cm Amy Bamboo Podniebne Przygody"}]},{"@type":"WebSite","@id":"https:\/\/amy.com.pl\/en\/#website","url":"https:\/\/amy.com.pl\/en\/","name":"AMY","description":"\u6211\u5011\u7528\u611b\u64c1\u62b1","publisher":{"@id":"https:\/\/amy.com.pl\/en\/#organization"},"potentialAction":[{"@type":"SearchAction","target":{"@type":"EntryPoint","urlTemplate":"https:\/\/amy.com.pl\/en\/?s={search_term_string}"},"query-input":"required name=search_term_string"}],"inLanguage":"zh-CN"},{"@type":"Organization","@id":"https:\/\/amy.com.pl\/en\/#organization","name":"Amy Sp. z o.o. Sp.K.","url":"https:\/\/amy.com.pl\/en\/","logo":{"@type":"ImageObject","inLanguage":"zh-CN","@id":"https:\/\/amy.com.pl\/en\/#\/schema\/logo\/image\/","url":"https:\/\/amy.com.pl\/wp-content\/uploads\/2021\/09\/amy_logo.webp","contentUrl":"https:\/\/amy.com.pl\/wp-content\/uploads\/2021\/09\/amy_logo.webp","width":130,"height":56,"caption":"Amy Sp. z o.o. Sp.K."},"image":{"@id":"https:\/\/amy.com.pl\/en\/#\/schema\/logo\/image\/"},"sameAs":["https:\/\/www.facebook.com\/poscielAMY","https:\/\/www.instagram.com\/amy_baby_bedding\/","https:\/\/pl.pinterest.com\/poscielAMY\/","https:\/\/www.youtube.com\/channel\/UC66RGd_7QHa8wV3rbkpjqrQ"]}]},"product_price_amount":"134.00","product_price_currency":"PLN","og_availability":"instock","product_availability":"instock","product_retailer_item_id":"82579","product_condition":"new"},"_links":{"self":[{"href":"https:\/\/amy.com.pl\/zh-hans\/wp-json\/wp\/v2\/product\/25515"}],"collection":[{"href":"https:\/\/amy.com.pl\/zh-hans\/wp-json\/wp\/v2\/product"}],"about":[{"href":"https:\/\/amy.com.pl\/zh-hans\/wp-json\/wp\/v2\/types\/product"}],"wp:featuredmedia":[{"embeddable":true,"href":"https:\/\/amy.com.pl\/zh-hans\/wp-json\/wp\/v2\/media\/24996"}],"wp:attachment":[{"href":"https:\/\/amy.com.pl\/zh-hans\/wp-json\/wp\/v2\/media?parent=25515"}],"wp:term":[{"taxonomy":"product_cat","embeddable":true,"href":"https:\/\/amy.com.pl\/zh-hans\/wp-json\/wp\/v2\/product_cat?post=25515"},{"taxonomy":"product_tag","embeddable":true,"href":"https:\/\/amy.com.pl\/zh-hans\/wp-json\/wp\/v2\/product_tag?post=25515"}],"curies":[{"name":"wp","href":"https:\/\/api.w.org\/{rel}","templated":true}]}}