{"id":31311,"date":"2022-10-07T09:48:41","date_gmt":"2023-01-04T21:28:10","guid":{"rendered":"https:\/\/amy.com.pl\/produkt\/bedding-for-cot-3-piece-amy-unicorn-grey\/"},"modified":"2023-01-04T22:28:10","modified_gmt":"2023-01-04T21:28:10","slug":"bedding-for-cot-3-piece-amy-unicorn-gray","status":"publish","type":"product","link":"https:\/\/amy.com.pl\/en\/product\/bedding-for-cot-3-piece-amy-unicorn-gray\/","title":{"rendered":"Bedding for cot 3-piece Amy UNICORN &#8211; GREY"},"content":{"rendered":"<p>Natural and delicate bedding for a 3-piece cot from the UNICORN collection is a guarantee of a peaceful and safe sleep of your baby. Bed linen ensures optimal body temperature at any time of the year. The delicate motif of the ballerina gives it subtlety and elegance. Beautiful colors will decorate a child&#8217;s room and bring the baby to a fairy-tale world. We have sewn the product with the highest accuracy and attention to every detail. The bumper fits beautifully with 3-element bedding, and the bows tied to the rungs of the bed give it a charm.<br \/>\nWe chose the highest quality cotton, so the bedding is extremely soft and cuddles wonderfully during an afternoon nap and evening sleep. Natural fabric is safe for baby&#8217;s sensitive skin. It is also worth emphasizing its durability, repeatedly washed will not change its shape and color. Our bedding will accompany you from the first moments of life until preschool age.<br \/>\nThe product will be a unique gift for an exceptional baby.<\/p>\n<p>THE LOWEST PRICE FROM THE LAST 30 DAYS: 59PLN<\/p>\n","protected":false},"excerpt":{"rendered":"<p>Bedding for the crib 3-piece UNICORN &#8211; GRAY is an excellent choice. When you buy this set, you will receive: cot covers for a quilt and a pillow [135 \u00d7 100, 60 \u00d7 40 cm], a cot bumper with a removable insert .[155\u00d730 cm] Pillowcases are made of the highest quality 100% cotton fabrics. The filling is 100% antiallergic BabySoft\u00ae polyester.<\/p>\n","protected":false},"featured_media":29491,"template":"","meta":{"_kad_post_transparent":"","_kad_post_title":"","_kad_post_layout":"","_kad_post_sidebar_id":"","_kad_post_content_style":"","_kad_post_vertical_padding":"","_kad_post_feature":"","_kad_post_feature_position":"","_kad_post_header":false,"_kad_post_footer":false,"_links_to":"","_links_to_target":""},"product_cat":[414,843],"product_tag":[],"yoast_head":"<!-- This site is optimized with the Yoast SEO Premium plugin v20.7 (Yoast SEO v20.7) - https:\/\/yoast.com\/wordpress\/plugins\/seo\/ -->\n<title>Bedding for cot 3-piece Amy UNICORN - GREY - AMY<\/title>\n<meta name=\"robots\" content=\"index, follow, max-snippet:-1, max-image-preview:large, max-video-preview:-1\" \/>\n<link rel=\"canonical\" href=\"https:\/\/amy.com.pl\/en\/product\/bedding-for-cot-3-piece-amy-unicorn-grey\/\" \/>\n<meta property=\"og:locale\" content=\"en_US\" \/>\n<meta property=\"og:type\" content=\"article\" \/>\n<meta property=\"og:title\" content=\"Bedding for cot 3-piece Amy UNICORN - GREY\" \/>\n<meta property=\"og:description\" content=\"Bedding for the crib 3-piece UNICORN - GRAY is an excellent choice. When you buy this set, you will receive: cot covers for a quilt and a pillow [135 \u00d7 100, 60 \u00d7 40 cm], a cot bumper with a removable insert .[155\u00d730 cm] Pillowcases are made of the highest quality 100% cotton fabrics. The filling is 100% antiallergic BabySoft\u00ae polyester.\" \/>\n<meta property=\"og:url\" content=\"https:\/\/amy.com.pl\/en\/product\/bedding-for-cot-3-piece-amy-unicorn-grey\/\" \/>\n<meta property=\"og:site_name\" content=\"AMY\" \/>\n<meta property=\"article:publisher\" content=\"https:\/\/www.facebook.com\/poscielAMY\" \/>\n<meta property=\"og:image\" content=\"https:\/\/amy.com.pl\/wp-content\/uploads\/2022\/10\/AMY_k3_180_TRADYCJA_IV_D85-scaled.jpg\" \/>\n\t<meta property=\"og:image:width\" content=\"2560\" \/>\n\t<meta property=\"og:image:height\" content=\"1860\" \/>\n\t<meta property=\"og:image:type\" content=\"image\/jpeg\" \/>\n<meta name=\"twitter:card\" content=\"summary_large_image\" \/>\n<script type=\"application\/ld+json\" class=\"yoast-schema-graph\">{\"@context\":\"https:\/\/schema.org\",\"@graph\":[{\"@type\":\"WebPage\",\"@id\":\"https:\/\/amy.com.pl\/en\/product\/bedding-for-cot-3-piece-amy-unicorn-grey\/\",\"url\":\"https:\/\/amy.com.pl\/en\/product\/bedding-for-cot-3-piece-amy-unicorn-grey\/\",\"name\":\"Bedding for cot 3-piece Amy UNICORN - GREY - AMY\",\"isPartOf\":{\"@id\":\"https:\/\/amy.com.pl\/en\/#website\"},\"datePublished\":\"2023-01-04T21:28:10+00:00\",\"dateModified\":\"2023-01-04T21:28:10+00:00\",\"breadcrumb\":{\"@id\":\"https:\/\/amy.com.pl\/en\/product\/bedding-for-cot-3-piece-amy-unicorn-grey\/#breadcrumb\"},\"inLanguage\":\"en-US\",\"potentialAction\":[{\"@type\":\"ReadAction\",\"target\":[\"https:\/\/amy.com.pl\/en\/product\/bedding-for-cot-3-piece-amy-unicorn-grey\/\"]}]},{\"@type\":\"BreadcrumbList\",\"@id\":\"https:\/\/amy.com.pl\/en\/product\/bedding-for-cot-3-piece-amy-unicorn-grey\/#breadcrumb\",\"itemListElement\":[{\"@type\":\"ListItem\",\"position\":1,\"name\":\"Strona g\u0142\u00f3wna\",\"item\":\"https:\/\/amy.com.pl\/en\/\"},{\"@type\":\"ListItem\",\"position\":2,\"name\":\"Products\",\"item\":\"https:\/\/amy.com.pl\/en\/shop\/\"},{\"@type\":\"ListItem\",\"position\":3,\"name\":\"Bedding for cot 3-piece Amy UNICORN &#8211; GREY\"}]},{\"@type\":\"WebSite\",\"@id\":\"https:\/\/amy.com.pl\/en\/#website\",\"url\":\"https:\/\/amy.com.pl\/en\/\",\"name\":\"AMY\",\"description\":\"We wrap with love\",\"publisher\":{\"@id\":\"https:\/\/amy.com.pl\/en\/#organization\"},\"potentialAction\":[{\"@type\":\"SearchAction\",\"target\":{\"@type\":\"EntryPoint\",\"urlTemplate\":\"https:\/\/amy.com.pl\/en\/?s={search_term_string}\"},\"query-input\":\"required name=search_term_string\"}],\"inLanguage\":\"en-US\"},{\"@type\":\"Organization\",\"@id\":\"https:\/\/amy.com.pl\/en\/#organization\",\"name\":\"Amy Sp. z o.o. Sp.K.\",\"url\":\"https:\/\/amy.com.pl\/en\/\",\"logo\":{\"@type\":\"ImageObject\",\"inLanguage\":\"en-US\",\"@id\":\"https:\/\/amy.com.pl\/en\/#\/schema\/logo\/image\/\",\"url\":\"https:\/\/amy.com.pl\/wp-content\/uploads\/2021\/09\/amy_logo.webp\",\"contentUrl\":\"https:\/\/amy.com.pl\/wp-content\/uploads\/2021\/09\/amy_logo.webp\",\"width\":130,\"height\":56,\"caption\":\"Amy Sp. z o.o. Sp.K.\"},\"image\":{\"@id\":\"https:\/\/amy.com.pl\/en\/#\/schema\/logo\/image\/\"},\"sameAs\":[\"https:\/\/www.facebook.com\/poscielAMY\",\"https:\/\/www.instagram.com\/amy_baby_bedding\/\",\"https:\/\/pl.pinterest.com\/poscielAMY\/\",\"https:\/\/www.youtube.com\/channel\/UC66RGd_7QHa8wV3rbkpjqrQ\"]}]}<\/script>\n<meta property=\"product:price:amount\" content=\"59.00\" \/>\n<meta property=\"product:price:currency\" content=\"PLN\" \/>\n<meta property=\"og:availability\" content=\"instock\" \/>\n<meta property=\"product:availability\" content=\"instock\" \/>\n<meta property=\"product:retailer_item_id\" content=\"68970-1-1-1-1-1-1-1-1\" \/>\n<meta property=\"product:condition\" content=\"new\" \/>\n<!-- \/ Yoast SEO Premium plugin. -->","yoast_head_json":{"title":"Bedding for cot 3-piece Amy UNICORN - GREY - AMY","robots":{"index":"index","follow":"follow","max-snippet":"max-snippet:-1","max-image-preview":"max-image-preview:large","max-video-preview":"max-video-preview:-1"},"canonical":"https:\/\/amy.com.pl\/en\/product\/bedding-for-cot-3-piece-amy-unicorn-grey\/","og_locale":"en_US","og_type":"article","og_title":"Bedding for cot 3-piece Amy UNICORN - GREY","og_description":"Bedding for the crib 3-piece UNICORN - GRAY is an excellent choice. When you buy this set, you will receive: cot covers for a quilt and a pillow [135 \u00d7 100, 60 \u00d7 40 cm], a cot bumper with a removable insert .[155\u00d730 cm] Pillowcases are made of the highest quality 100% cotton fabrics. The filling is 100% antiallergic BabySoft\u00ae polyester.","og_url":"https:\/\/amy.com.pl\/en\/product\/bedding-for-cot-3-piece-amy-unicorn-grey\/","og_site_name":"AMY","article_publisher":"https:\/\/www.facebook.com\/poscielAMY","og_image":[{"width":2560,"height":1860,"url":"https:\/\/amy.com.pl\/wp-content\/uploads\/2022\/10\/AMY_k3_180_TRADYCJA_IV_D85-scaled.jpg","type":"image\/jpeg"}],"twitter_card":"summary_large_image","schema":{"@context":"https:\/\/schema.org","@graph":[{"@type":"WebPage","@id":"https:\/\/amy.com.pl\/en\/product\/bedding-for-cot-3-piece-amy-unicorn-grey\/","url":"https:\/\/amy.com.pl\/en\/product\/bedding-for-cot-3-piece-amy-unicorn-grey\/","name":"Bedding for cot 3-piece Amy UNICORN - GREY - AMY","isPartOf":{"@id":"https:\/\/amy.com.pl\/en\/#website"},"datePublished":"2023-01-04T21:28:10+00:00","dateModified":"2023-01-04T21:28:10+00:00","breadcrumb":{"@id":"https:\/\/amy.com.pl\/en\/product\/bedding-for-cot-3-piece-amy-unicorn-grey\/#breadcrumb"},"inLanguage":"en-US","potentialAction":[{"@type":"ReadAction","target":["https:\/\/amy.com.pl\/en\/product\/bedding-for-cot-3-piece-amy-unicorn-grey\/"]}]},{"@type":"BreadcrumbList","@id":"https:\/\/amy.com.pl\/en\/product\/bedding-for-cot-3-piece-amy-unicorn-grey\/#breadcrumb","itemListElement":[{"@type":"ListItem","position":1,"name":"Strona g\u0142\u00f3wna","item":"https:\/\/amy.com.pl\/en\/"},{"@type":"ListItem","position":2,"name":"Products","item":"https:\/\/amy.com.pl\/en\/shop\/"},{"@type":"ListItem","position":3,"name":"Bedding for cot 3-piece Amy UNICORN &#8211; GREY"}]},{"@type":"WebSite","@id":"https:\/\/amy.com.pl\/en\/#website","url":"https:\/\/amy.com.pl\/en\/","name":"AMY","description":"We wrap with love","publisher":{"@id":"https:\/\/amy.com.pl\/en\/#organization"},"potentialAction":[{"@type":"SearchAction","target":{"@type":"EntryPoint","urlTemplate":"https:\/\/amy.com.pl\/en\/?s={search_term_string}"},"query-input":"required name=search_term_string"}],"inLanguage":"en-US"},{"@type":"Organization","@id":"https:\/\/amy.com.pl\/en\/#organization","name":"Amy Sp. z o.o. Sp.K.","url":"https:\/\/amy.com.pl\/en\/","logo":{"@type":"ImageObject","inLanguage":"en-US","@id":"https:\/\/amy.com.pl\/en\/#\/schema\/logo\/image\/","url":"https:\/\/amy.com.pl\/wp-content\/uploads\/2021\/09\/amy_logo.webp","contentUrl":"https:\/\/amy.com.pl\/wp-content\/uploads\/2021\/09\/amy_logo.webp","width":130,"height":56,"caption":"Amy Sp. z o.o. Sp.K."},"image":{"@id":"https:\/\/amy.com.pl\/en\/#\/schema\/logo\/image\/"},"sameAs":["https:\/\/www.facebook.com\/poscielAMY","https:\/\/www.instagram.com\/amy_baby_bedding\/","https:\/\/pl.pinterest.com\/poscielAMY\/","https:\/\/www.youtube.com\/channel\/UC66RGd_7QHa8wV3rbkpjqrQ"]}]},"product_price_amount":"59.00","product_price_currency":"PLN","og_availability":"instock","product_availability":"instock","product_retailer_item_id":"68970-1-1-1-1-1-1-1-1","product_condition":"new"},"_links":{"self":[{"href":"https:\/\/amy.com.pl\/en\/wp-json\/wp\/v2\/product\/31311"}],"collection":[{"href":"https:\/\/amy.com.pl\/en\/wp-json\/wp\/v2\/product"}],"about":[{"href":"https:\/\/amy.com.pl\/en\/wp-json\/wp\/v2\/types\/product"}],"wp:featuredmedia":[{"embeddable":true,"href":"https:\/\/amy.com.pl\/en\/wp-json\/wp\/v2\/media\/29491"}],"wp:attachment":[{"href":"https:\/\/amy.com.pl\/en\/wp-json\/wp\/v2\/media?parent=31311"}],"wp:term":[{"taxonomy":"product_cat","embeddable":true,"href":"https:\/\/amy.com.pl\/en\/wp-json\/wp\/v2\/product_cat?post=31311"},{"taxonomy":"product_tag","embeddable":true,"href":"https:\/\/amy.com.pl\/en\/wp-json\/wp\/v2\/product_tag?post=31311"}],"curies":[{"name":"wp","href":"https:\/\/api.w.org\/{rel}","templated":true}]}}